{"id":46024,"date":"2025-08-28T18:36:07","date_gmt":"2025-08-28T15:36:07","guid":{"rendered":"https:\/\/stikily.ee\/toode\/zestaw-diy-soap-look\/"},"modified":"2026-03-24T13:09:03","modified_gmt":"2026-03-24T11:09:03","slug":"zestaw-diy-soap-look","status":"publish","type":"product","link":"https:\/\/stikily.ee\/pl\/toode\/zestaw-diy-soap-look\/","title":{"rendered":"Zestaw DIY \u2013 \u201eSoap look\u201d"},"content":{"rendered":"","protected":false},"excerpt":{"rendered":"<p>Czy Ty te\u017c t\u0119sknisz czasem za paznokciami, kt\u00f3re s\u0105 po prostu czyste, zadbane i naturalne? Zestaw DIY Soap look zawiera 3 produkty, kt\u00f3rych potrzebujesz, aby uzyska\u0107 pi\u0119kny i elegancki wygl\u0105d paznokci. <\/p>\n<p>Idealnym rozwi\u0105zaniem mi\u0119dzy naklejkami jest baza Wild&amp;Mild Base Shield, kt\u00f3ra wyr\u00f3wnuje powierzchni\u0119 paznokcia i nadaje mu subtelny efekt \u201esoap look\u201d.<\/p>\n<p>Jak go uzyska\u0107?<br \/>1. Pomaluj paznokcie 2x baz\u0105 Base Shield<br \/>2. Na\u0142\u00f3\u017c 1x top Extreme Shine<br \/>3. Pozw\u00f3l ka\u017cdej warstwie spokojnie wyschn\u0105\u0107<br \/>4. Nie zapomnij o nawil\u017ceniu sk\u00f3rek oliwk\u0105!<\/p>\n<p>Efektem jest naturalny i czysty manicure, kt\u00f3ry wygl\u0105da szykownie nawet bez koloru.<\/p>\n<p>Tak, zajmuje to wi\u0119cej czasu ni\u017c naklejanie lakieru w naklejkach czy \u017celu\u2026 Robi\u0119 ten manicure mimochodem w ci\u0105gu dnia pracy przy komputerze \ud83e\udd2a<\/p>\n","protected":false},"featured_media":46025,"comment_status":"open","ping_status":"closed","template":"","meta":{"site-sidebar-layout":"default","site-content-layout":"","ast-site-content-layout":"default","site-content-style":"default","site-sidebar-style":"default","ast-global-header-display":"","ast-banner-title-visibility":"","ast-main-header-display":"","ast-hfb-above-header-display":"","ast-hfb-below-header-display":"","ast-hfb-mobile-header-display":"","site-post-title":"","ast-breadcrumbs-content":"","ast-featured-img":"","footer-sml-layout":"","ast-disable-related-posts":"","theme-transparent-header-meta":"default","adv-header-id-meta":"","stick-header-meta":"","header-above-stick-meta":"","header-main-stick-meta":"","header-below-stick-meta":"","astra-migrate-meta-layouts":"default","ast-page-background-enabled":"default","ast-page-background-meta":{"desktop":{"background-color":"","background-image":"","background-repeat":"repeat","background-position":"center center","background-size":"auto","background-attachment":"scroll","background-type":"","background-media":"","overlay-type":"","overlay-color":"","overlay-opacity":"","overlay-gradient":""},"tablet":{"background-color":"","background-image":"","background-repeat":"repeat","background-position":"center center","background-size":"auto","background-attachment":"scroll","background-type":"","background-media":"","overlay-type":"","overlay-color":"","overlay-opacity":"","overlay-gradient":""},"mobile":{"background-color":"","background-image":"","background-repeat":"repeat","background-position":"center center","background-size":"auto","background-attachment":"scroll","background-type":"","background-media":"","overlay-type":"","overlay-color":"","overlay-opacity":"","overlay-gradient":""}},"ast-content-background-meta":{"desktop":{"background-color":"var(--ast-global-color-5)","background-image":"","background-repeat":"repeat","background-position":"center center","background-size":"auto","background-attachment":"scroll","background-type":"","background-media":"","overlay-type":"","overlay-color":"","overlay-opacity":"","overlay-gradient":""},"tablet":{"background-color":"var(--ast-global-color-5)","background-image":"","background-repeat":"repeat","background-position":"center center","background-size":"auto","background-attachment":"scroll","background-type":"","background-media":"","overlay-type":"","overlay-color":"","overlay-opacity":"","overlay-gradient":""},"mobile":{"background-color":"var(--ast-global-color-5)","background-image":"","background-repeat":"repeat","background-position":"center center","background-size":"auto","background-attachment":"scroll","background-type":"","background-media":"","overlay-type":"","overlay-color":"","overlay-opacity":"","overlay-gradient":""}}},"product_brand":[],"product_cat":[900],"product_tag":[],"class_list":{"0":"post-46024","1":"product","2":"type-product","3":"status-publish","4":"has-post-thumbnail","6":"product_cat-zestawy","7":"desktop-align-center","8":"tablet-align-center","9":"mobile-align-center","10":"ast-product-gallery-layout-vertical","11":"ast-product-gallery-with-no-image","12":"ast-magnify-disabled","13":"ast-product-tabs-layout-distributed","15":"first","16":"instock","17":"sale","18":"taxable","19":"shipping-taxable","20":"purchasable","21":"product-type-composite"},"composite_virtual":false,"composite_layout":"paged-componentized","composite_add_to_cart_form_location":"default","composite_editable_in_cart":false,"composite_sold_individually_context":"product","composite_shop_price_calc":"min_max","composite_components":[{"id":"1756122474","title":"Baza Wild&amp;Mild Base Shield","description":"","query_type":"product_ids","query_ids":[34546],"default_option_id":34546,"thumbnail_id":"","thumbnail_src":"","quantity_min":1,"quantity_max":1,"priced_individually":false,"shipped_individually":false,"optional":false,"discount":15,"options_style":"dropdowns","pagination_style":"classic","display_prices":"hidden","show_sorting_options":false,"show_filtering_options":false,"attribute_filter_ids":[],"select_action":"view","product_title_visible":true,"product_descr_visible":false,"product_price_visible":true,"product_thumb_visible":true,"subtotal_visible_product":true,"subtotal_visible_cart":true,"subtotal_visible_orders":true},{"id":"1756122475","title":"Top Wild&amp;Mild Extreme Shine","description":"","query_type":"product_ids","query_ids":[34538],"default_option_id":34538,"thumbnail_id":"","thumbnail_src":"","quantity_min":1,"quantity_max":1,"priced_individually":false,"shipped_individually":false,"optional":false,"discount":15,"options_style":"dropdowns","pagination_style":"classic","display_prices":"relative","show_sorting_options":false,"show_filtering_options":false,"attribute_filter_ids":[],"select_action":"view","product_title_visible":true,"product_descr_visible":false,"product_price_visible":true,"product_thumb_visible":true,"subtotal_visible_product":true,"subtotal_visible_cart":true,"subtotal_visible_orders":true},{"id":"1756122531","title":"Oliwka do paznokci Wild&amp;Mild Nail Beauty Oil","description":"","query_type":"product_ids","query_ids":[34534],"default_option_id":34534,"thumbnail_id":"","thumbnail_src":"","quantity_min":1,"quantity_max":1,"priced_individually":false,"shipped_individually":false,"optional":false,"discount":15,"options_style":"dropdowns","pagination_style":"classic","display_prices":"relative","show_sorting_options":false,"show_filtering_options":false,"attribute_filter_ids":[],"select_action":"view","product_title_visible":true,"product_descr_visible":false,"product_price_visible":true,"product_thumb_visible":true,"subtotal_visible_product":true,"subtotal_visible_cart":true,"subtotal_visible_orders":true}],"composite_scenarios":[],"jetpack_sharing_enabled":true,"_links":{"self":[{"href":"https:\/\/stikily.ee\/pl\/wp-json\/wp\/v2\/product\/46024","targetHints":{"allow":["GET"]}}],"collection":[{"href":"https:\/\/stikily.ee\/pl\/wp-json\/wp\/v2\/product"}],"about":[{"href":"https:\/\/stikily.ee\/pl\/wp-json\/wp\/v2\/types\/product"}],"replies":[{"embeddable":true,"href":"https:\/\/stikily.ee\/pl\/wp-json\/wp\/v2\/comments?post=46024"}],"wp:featuredmedia":[{"embeddable":true,"href":"https:\/\/stikily.ee\/pl\/wp-json\/wp\/v2\/media\/46025"}],"wp:attachment":[{"href":"https:\/\/stikily.ee\/pl\/wp-json\/wp\/v2\/media?parent=46024"}],"wp:term":[{"taxonomy":"product_brand","embeddable":true,"href":"https:\/\/stikily.ee\/pl\/wp-json\/wp\/v2\/product_brand?post=46024"},{"taxonomy":"product_cat","embeddable":true,"href":"https:\/\/stikily.ee\/pl\/wp-json\/wp\/v2\/product_cat?post=46024"},{"taxonomy":"product_tag","embeddable":true,"href":"https:\/\/stikily.ee\/pl\/wp-json\/wp\/v2\/product_tag?post=46024"}],"curies":[{"name":"wp","href":"https:\/\/api.w.org\/{rel}","templated":true}]}}