{"id":34962,"date":"2024-08-26T14:37:32","date_gmt":"2024-08-26T11:37:32","guid":{"rendered":""},"modified":"2026-03-24T13:07:04","modified_gmt":"2026-03-24T11:07:04","slug":"bite-blocker-kuunte-narimisvastase-hooldusega-pliiats-wildmild-5ml","status":"publish","type":"product","link":"https:\/\/stikily.ee\/pl\/toode\/bite-blocker-kuunte-narimisvastase-hooldusega-pliiats-wildmild-5ml\/","title":{"rendered":"Bite Blocker \u2013 pisak przeciw obgryzaniu paznokci Wild&amp;Mild 5 ml"},"content":{"rendered":"<p>SPOS\u00d3B U\u017bYCIA:<\/p>\n<p>Przekr\u0119\u0107 pisak w prawo, aby wydoby\u0107 produkt.<br \/>\nNak\u0142adaj produkt na czyste paznokcie, maluj\u0105c jedn\u0105 lub dwie warstwy codziennie, a\u017c przestaniesz obgryza\u0107 paznokcie.<br \/>\nMo\u017cna stosowa\u0107 r\u00f3wnie\u017c jako top coat. Nak\u0142adaj jedn\u0105 warstw\u0119 na kolorowy lakier ka\u017cdego dnia, a\u017c nawyk ust\u0105pi.<br \/>\nStosuj regularnie, aby uzyska\u0107 najlepsze efekty. <\/p>\n<p>PRZECHOWYWANIE: Przechowuj w ch\u0142odnym, suchym miejscu, z dala od \u015bwiat\u0142a s\u0142onecznego.<\/p>\n","protected":false},"excerpt":{"rendered":"<p>Wild&amp;Mild \u201eBite Blocker\u201d \u2013 ochrona przed obgryzaniem paznokci!<\/p>\n<p>Przedstawiamy Wild&amp;Mild \u201eBite Blocker\u201d \u2013 idealne rozwi\u0105zanie, kt\u00f3re pomo\u017ce Ci zerwa\u0107 z nawykiem obgryzania paznokci i sk\u00f3rek. Ten innowacyjny produkt 2 w 1 nie tylko wspomaga wzrost paznokci, ale tak\u017ce zniech\u0119ca do ich obgryzania dzi\u0119ki intensywnie gorzkiemu smakowi, sprawiaj\u0105c, \u017ce Twoje paznokcie pozostaj\u0105 zdrowe i mocne. <\/p>\n<p><strong>G\u0142\u00f3wne cechy:<\/strong><\/p>\n<ul>\n<li><strong>Gorzki smak, kt\u00f3ry odstrasza:<\/strong> \u201eBite Blocker\u201d zawiera benzoesan denatonium, znany ze swojego bezpiecznego, ale intensywnie gorzkiego smaku, kt\u00f3ry skutecznie powstrzymuje przed obgryzaniem paznokci i sk\u00f3rek.<\/li>\n<li><strong>Ochrona antyseptyczna<\/strong>: dodatek bezzapachowego ekstraktu z czosnku zapewnia w\u0142a\u015bciwo\u015bci antyseptyczne, chroni\u0105c paznokcie bez nieprzyjemnego zapachu.<\/li>\n<li><strong>Od\u017cywienie i regeneracja<\/strong>: wzbogacony witamin\u0105 E i pantotenianem wapnia, produkt koi i nawil\u017ca paznokcie, przywracaj\u0105c im elastyczno\u015b\u0107 oraz dbaj\u0105c o ich zdrowie i si\u0142\u0119.<\/li>\n<li><strong>Zaawansowana piel\u0119gnacja paznokci<\/strong>: formu\u0142a bez nitrocelulozy poprawia twardo\u015b\u0107 paznokci i przyspiesza wysychanie, zapewniaj\u0105c g\u0142adk\u0105 i skuteczn\u0105 aplikacj\u0119 za ka\u017cdym razem.<\/li>\n<li><strong>Przezroczysta formu\u0142a<\/strong>: bezbarwna formu\u0142a na bazie rozpuszczalnika pozwala na wszechstronne zastosowanie \u2013 zar\u00f3wno na czyste paznokcie, jak i jako top coat na Tw\u00f3j ulubiony kolorowy lakier.<\/li>\n<li><strong>Etyczne pi\u0119kno<\/strong>: podobnie jak wszystkie nasze produkty, \u201eBite Blocker\u201d jest wega\u0144ski i wolny od okrucie\u0144stwa, co odzwierciedla nasze zaanga\u017cowanie w etyczne podej\u015bcie do pi\u0119kna.<\/li>\n<\/ul>\n<p>Dzi\u0119ki Wild&amp;Mild \u201eBite Blocker\u201d mo\u017cesz pewnie walczy\u0107 z nawykiem obgryzania paznokci, jednocze\u015bnie wspieraj\u0105c ich wzrost i zdrowie. Wznie\u015b swoj\u0105 rutyn\u0119 piel\u0119gnacyjn\u0105 na wy\u017cszy poziom i ciesz si\u0119 paznokciami, kt\u00f3re s\u0105 nie tylko pi\u0119kne, ale i wolne od szkodliwych nawyk\u00f3w. <\/p>\n<p>&nbsp;<\/p>\n","protected":false},"featured_media":45627,"comment_status":"open","ping_status":"closed","template":"","meta":{"site-sidebar-layout":"default","site-content-layout":"","ast-site-content-layout":"default","site-content-style":"default","site-sidebar-style":"default","ast-global-header-display":"","ast-banner-title-visibility":"","ast-main-header-display":"","ast-hfb-above-header-display":"","ast-hfb-below-header-display":"","ast-hfb-mobile-header-display":"","site-post-title":"","ast-breadcrumbs-content":"","ast-featured-img":"","footer-sml-layout":"","ast-disable-related-posts":"","theme-transparent-header-meta":"default","adv-header-id-meta":"","stick-header-meta":"","header-above-stick-meta":"","header-main-stick-meta":"","header-below-stick-meta":"","astra-migrate-meta-layouts":"default","ast-page-background-enabled":"default","ast-page-background-meta":{"desktop":{"background-color":"","background-image":"","background-repeat":"repeat","background-position":"center center","background-size":"auto","background-attachment":"scroll","background-type":"","background-media":"","overlay-type":"","overlay-color":"","overlay-opacity":"","overlay-gradient":""},"tablet":{"background-color":"","background-image":"","background-repeat":"repeat","background-position":"center center","background-size":"auto","background-attachment":"scroll","background-type":"","background-media":"","overlay-type":"","overlay-color":"","overlay-opacity":"","overlay-gradient":""},"mobile":{"background-color":"","background-image":"","background-repeat":"repeat","background-position":"center center","background-size":"auto","background-attachment":"scroll","background-type":"","background-media":"","overlay-type":"","overlay-color":"","overlay-opacity":"","overlay-gradient":""}},"ast-content-background-meta":{"desktop":{"background-color":"var(--ast-global-color-5)","background-image":"","background-repeat":"repeat","background-position":"center center","background-size":"auto","background-attachment":"scroll","background-type":"","background-media":"","overlay-type":"","overlay-color":"","overlay-opacity":"","overlay-gradient":""},"tablet":{"background-color":"var(--ast-global-color-5)","background-image":"","background-repeat":"repeat","background-position":"center center","background-size":"auto","background-attachment":"scroll","background-type":"","background-media":"","overlay-type":"","overlay-color":"","overlay-opacity":"","overlay-gradient":""},"mobile":{"background-color":"var(--ast-global-color-5)","background-image":"","background-repeat":"repeat","background-position":"center center","background-size":"auto","background-attachment":"scroll","background-type":"","background-media":"","overlay-type":"","overlay-color":"","overlay-opacity":"","overlay-gradient":""}}},"product_brand":[],"product_cat":[890],"product_tag":[],"class_list":{"0":"post-34962","1":"product","2":"type-product","3":"status-publish","4":"has-post-thumbnail","6":"product_cat-pielegnacja-paznokci","7":"desktop-align-center","8":"tablet-align-center","9":"mobile-align-center","10":"ast-product-gallery-layout-vertical","11":"ast-magnify-disabled","12":"ast-product-tabs-layout-distributed","14":"first","15":"outofstock","16":"taxable","17":"shipping-taxable","18":"purchasable","19":"product-type-simple"},"composite_virtual":false,"composite_layout":"","composite_add_to_cart_form_location":"","composite_editable_in_cart":false,"composite_sold_individually_context":"","composite_shop_price_calc":"","composite_components":[],"composite_scenarios":[],"jetpack_sharing_enabled":true,"_links":{"self":[{"href":"https:\/\/stikily.ee\/pl\/wp-json\/wp\/v2\/product\/34962","targetHints":{"allow":["GET"]}}],"collection":[{"href":"https:\/\/stikily.ee\/pl\/wp-json\/wp\/v2\/product"}],"about":[{"href":"https:\/\/stikily.ee\/pl\/wp-json\/wp\/v2\/types\/product"}],"replies":[{"embeddable":true,"href":"https:\/\/stikily.ee\/pl\/wp-json\/wp\/v2\/comments?post=34962"}],"wp:featuredmedia":[{"embeddable":true,"href":"https:\/\/stikily.ee\/pl\/wp-json\/wp\/v2\/media\/45627"}],"wp:attachment":[{"href":"https:\/\/stikily.ee\/pl\/wp-json\/wp\/v2\/media?parent=34962"}],"wp:term":[{"taxonomy":"product_brand","embeddable":true,"href":"https:\/\/stikily.ee\/pl\/wp-json\/wp\/v2\/product_brand?post=34962"},{"taxonomy":"product_cat","embeddable":true,"href":"https:\/\/stikily.ee\/pl\/wp-json\/wp\/v2\/product_cat?post=34962"},{"taxonomy":"product_tag","embeddable":true,"href":"https:\/\/stikily.ee\/pl\/wp-json\/wp\/v2\/product_tag?post=34962"}],"curies":[{"name":"wp","href":"https:\/\/api.w.org\/{rel}","templated":true}]}}