{"id":34958,"date":"2024-08-26T14:31:02","date_gmt":"2024-08-26T11:31:02","guid":{"rendered":""},"modified":"2026-03-24T13:07:11","modified_gmt":"2026-03-24T11:07:11","slug":"probiotic-shield-kuune-mikrofloorat-kaitseva-hoolduse-pliiats-wildmild-5ml","status":"publish","type":"product","link":"https:\/\/stikily.ee\/pl\/toode\/probiotic-shield-kuune-mikrofloorat-kaitseva-hoolduse-pliiats-wildmild-5ml\/","title":{"rendered":"Probiotic Shield \u2013 pisak do piel\u0119gnacji chroni\u0105cy mikroflor\u0119 paznokcia Wild&amp;Mild 5 ml"},"content":{"rendered":"","protected":false},"excerpt":{"rendered":"<p>Przedstawiamy Wild&amp;Mild \u201eProbiotic Shield\u201d \u2013 Tw\u00f3j spos\u00f3b na ochron\u0119 i od\u017cywienie paznokci! Ten innowacyjny produkt do piel\u0119gnacji zosta\u0142 wzbogacony o fermentowane probiotyki, dzi\u0119ki czemu Twoje paznokcie zyskuj\u0105 nale\u017cyt\u0105 opiek\u0119, staj\u0105c si\u0119 mocniejsze i bardziej odporne. <\/p>\n<p><strong>G\u0142\u00f3wne cechy:<\/strong><\/p>\n<ul>\n<li><strong>Moc probiotyk\u00f3w:<\/strong> \u201eProbiotic Shield\u201d wzbogacono o silny kompleks probiotyczny, w tym kefir i probiotyki z grupy Lactobacillus, kt\u00f3re wspieraj\u0105 i utrzymuj\u0105 naturalne zdrowie Twoich paznokci.<\/li>\n<li><strong>Odnowa powierzchni i nawil\u017cenie:<\/strong> Eliksir z kwasem AHA (alfa-hydroksykwas) i dwoma kwasami PHA (polihydroksykwas) nie tylko odnawia i wzmacnia paznokcie, ale tak\u017ce g\u0142\u0119boko je nawil\u017ca, pozostawiaj\u0105c je g\u0142adkie, mocne i dobrze od\u017cywione.<\/li>\n<li><strong>Zatrzymywanie wilgoci:<\/strong> Wzbogacony o pantenol i gliceryn\u0119 \u201eProbiotic Shield\u201d zatrzymuje wilgo\u0107, dbaj\u0105c o nawil\u017cenie i zdrowie Twoich paznokci przy ka\u017cdym u\u017cyciu.<\/li>\n<li><strong>Wyj\u0105tkowa tekstura i zapach:<\/strong> Ciesz si\u0119 jasnopomara\u0144czow\u0105, \u017celow\u0105 konsystencj\u0105 na bazie wody, kt\u00f3ra zachwyca wygl\u0105dem, oraz delikatnym zapachem moreli, kt\u00f3ry rozpie\u015bci Twoje zmys\u0142y.<\/li>\n<li><strong>Etyczne pi\u0119kno:<\/strong> Jeste\u015bmy dumni z naszej wega\u0144skiej i wolnej od okrucie\u0144stwa receptury, kt\u00f3ra odzwierciedla nasze zaanga\u017cowanie w etyczn\u0105 piel\u0119gnacj\u0119 zgodn\u0105 z Twoimi warto\u015bciami.<\/li>\n<\/ul>\n<p>Dzi\u0119ki Wild&amp;Mild \u201eProbiotic Shield\u201d odkryjesz rewolucyjn\u0105 rutyn\u0119 piel\u0119gnacyjn\u0105, kt\u00f3ra wzmocni i od\u017cywi Twoje paznokcie, wydobywaj\u0105c ich naturaln\u0105 si\u0142\u0119 i pi\u0119kno. Wnie\u015b swoj\u0105 piel\u0119gnacj\u0119 na wy\u017cszy poziom i ciesz si\u0119 zdrowymi, odpornymi paznokciami ka\u017cdego dnia. <\/p>\n","protected":false},"featured_media":45647,"comment_status":"open","ping_status":"closed","template":"","meta":{"site-sidebar-layout":"default","site-content-layout":"","ast-site-content-layout":"default","site-content-style":"default","site-sidebar-style":"default","ast-global-header-display":"","ast-banner-title-visibility":"","ast-main-header-display":"","ast-hfb-above-header-display":"","ast-hfb-below-header-display":"","ast-hfb-mobile-header-display":"","site-post-title":"","ast-breadcrumbs-content":"","ast-featured-img":"","footer-sml-layout":"","ast-disable-related-posts":"","theme-transparent-header-meta":"default","adv-header-id-meta":"","stick-header-meta":"","header-above-stick-meta":"","header-main-stick-meta":"","header-below-stick-meta":"","astra-migrate-meta-layouts":"default","ast-page-background-enabled":"default","ast-page-background-meta":{"desktop":{"background-color":"","background-image":"","background-repeat":"repeat","background-position":"center center","background-size":"auto","background-attachment":"scroll","background-type":"","background-media":"","overlay-type":"","overlay-color":"","overlay-opacity":"","overlay-gradient":""},"tablet":{"background-color":"","background-image":"","background-repeat":"repeat","background-position":"center center","background-size":"auto","background-attachment":"scroll","background-type":"","background-media":"","overlay-type":"","overlay-color":"","overlay-opacity":"","overlay-gradient":""},"mobile":{"background-color":"","background-image":"","background-repeat":"repeat","background-position":"center center","background-size":"auto","background-attachment":"scroll","background-type":"","background-media":"","overlay-type":"","overlay-color":"","overlay-opacity":"","overlay-gradient":""}},"ast-content-background-meta":{"desktop":{"background-color":"var(--ast-global-color-5)","background-image":"","background-repeat":"repeat","background-position":"center center","background-size":"auto","background-attachment":"scroll","background-type":"","background-media":"","overlay-type":"","overlay-color":"","overlay-opacity":"","overlay-gradient":""},"tablet":{"background-color":"var(--ast-global-color-5)","background-image":"","background-repeat":"repeat","background-position":"center center","background-size":"auto","background-attachment":"scroll","background-type":"","background-media":"","overlay-type":"","overlay-color":"","overlay-opacity":"","overlay-gradient":""},"mobile":{"background-color":"var(--ast-global-color-5)","background-image":"","background-repeat":"repeat","background-position":"center center","background-size":"auto","background-attachment":"scroll","background-type":"","background-media":"","overlay-type":"","overlay-color":"","overlay-opacity":"","overlay-gradient":""}}},"product_brand":[],"product_cat":[890],"product_tag":[],"class_list":{"0":"post-34958","1":"product","2":"type-product","3":"status-publish","4":"has-post-thumbnail","6":"product_cat-pielegnacja-paznokci","7":"desktop-align-center","8":"tablet-align-center","9":"mobile-align-center","10":"ast-product-gallery-layout-vertical","11":"ast-magnify-disabled","12":"ast-product-tabs-layout-distributed","14":"first","15":"instock","16":"taxable","17":"shipping-taxable","18":"purchasable","19":"product-type-simple"},"composite_virtual":false,"composite_layout":"","composite_add_to_cart_form_location":"","composite_editable_in_cart":false,"composite_sold_individually_context":"","composite_shop_price_calc":"","composite_components":[],"composite_scenarios":[],"jetpack_sharing_enabled":true,"_links":{"self":[{"href":"https:\/\/stikily.ee\/pl\/wp-json\/wp\/v2\/product\/34958","targetHints":{"allow":["GET"]}}],"collection":[{"href":"https:\/\/stikily.ee\/pl\/wp-json\/wp\/v2\/product"}],"about":[{"href":"https:\/\/stikily.ee\/pl\/wp-json\/wp\/v2\/types\/product"}],"replies":[{"embeddable":true,"href":"https:\/\/stikily.ee\/pl\/wp-json\/wp\/v2\/comments?post=34958"}],"wp:featuredmedia":[{"embeddable":true,"href":"https:\/\/stikily.ee\/pl\/wp-json\/wp\/v2\/media\/45647"}],"wp:attachment":[{"href":"https:\/\/stikily.ee\/pl\/wp-json\/wp\/v2\/media?parent=34958"}],"wp:term":[{"taxonomy":"product_brand","embeddable":true,"href":"https:\/\/stikily.ee\/pl\/wp-json\/wp\/v2\/product_brand?post=34958"},{"taxonomy":"product_cat","embeddable":true,"href":"https:\/\/stikily.ee\/pl\/wp-json\/wp\/v2\/product_cat?post=34958"},{"taxonomy":"product_tag","embeddable":true,"href":"https:\/\/stikily.ee\/pl\/wp-json\/wp\/v2\/product_tag?post=34958"}],"curies":[{"name":"wp","href":"https:\/\/api.w.org\/{rel}","templated":true}]}}