{"id":34950,"date":"2024-08-26T14:18:07","date_gmt":"2024-08-26T11:18:07","guid":{"rendered":""},"modified":"2026-03-24T13:07:11","modified_gmt":"2026-03-24T11:07:11","slug":"nail-growth-spa-kuunekasvu-kiirendav-pliiats-wildmild-5ml","status":"publish","type":"product","link":"https:\/\/stikily.ee\/pl\/toode\/nail-growth-spa-kuunekasvu-kiirendav-pliiats-wildmild-5ml\/","title":{"rendered":"Nail Growth Spa \u2013 pisak przyspieszaj\u0105cy wzrost paznokci Wild&amp;Mild 5 ml"},"content":{"rendered":"<p><strong>INSTRUKCJA U\u017bYCIA:<\/strong><\/p>\n<ol>\n<li>Przekr\u0119\u0107 pisak w prawo, aby wydoby\u0107 produkt.<\/li>\n<li>Na\u0142\u00f3\u017c produkt p\u0119dzelkiem bezpo\u015brednio na czyste paznokcie i pod ich kraw\u0119dzie.<\/li>\n<li>Wmasuj delikatnie, aby zapewni\u0107 lepsze wch\u0142anianie. Powt\u00f3rz w razie potrzeby. <\/li>\n<li>Stosuj regularnie, aby uzyska\u0107 najlepsze efekty.<\/li>\n<\/ol>\n<p><strong>PRZECHOWYWANIE:<\/strong> Przechowuj w ch\u0142odnym, suchym miejscu, z dala od \u015bwiat\u0142a s\u0142onecznego.<\/p>\n<p><strong>POJEMNO\u015a\u0106:<\/strong> 5 ml<\/p>\n<p><strong>OSTRZE\u017bENIE:<\/strong> Unikaj malowania paznokci bezpo\u015brednio po u\u017cyciu. Przed na\u0142o\u017ceniem lakieru upewnij si\u0119, \u017ce d\u0142onie s\u0105 czyste. Przechowuj w miejscu niedost\u0119pnym dla dzieci.  <\/p>\n","protected":false},"excerpt":{"rendered":"<p>Wild&amp;Mild \u201eNail Growth Spa\u201d \u2013 sekret mocniejszych i zdrowszych paznokci!<\/p>\n<p>Przedstawiamy Wild&amp;Mild \u201eNail Growth Spa\u201d \u2013 serum stworzone do piel\u0119gnacji i wzmocnienia kr\u00f3tkich oraz s\u0142abych paznokci. Ta innowacyjna, wolna od paraben\u00f3w mieszanka na bazie naturalnych sk\u0142adnik\u00f3w wspomaga wzrost i rewitalizuje paznokcie, zapewniaj\u0105c im najlepsz\u0105 opiek\u0119. <\/p>\n<p><strong>G\u0142\u00f3wne cechy:<\/strong><\/p>\n<ul>\n<li><strong>Wzmocnienie paznokci:<\/strong> Serum \u201eNail Growth Spa\u201d zosta\u0142o opracowane specjalnie z my\u015bl\u0105 o wzmocnieniu s\u0142abych paznokci, pomagaj\u0105c im z czasem sta\u0107 si\u0119 mocniejszymi i zdrowszymi.<\/li>\n<li><strong>Szybko wch\u0142aniaj\u0105cy si\u0119 \u017cel:<\/strong> \u017bel na bazie wody b\u0142yskawicznie piel\u0119gnuje paznokcie, pozostawiaj\u0105c je od\u017cywione i bez t\u0142ustej warstwy.<\/li>\n<li><strong>Nawil\u017caj\u0105ce sk\u0142adniki mikrokapsu\u0142kowane:<\/strong> Serum wzbogacone o mikrokapsu\u0142kowane sk\u0142adniki aktywne uwalnia nawil\u017caj\u0105ce witaminy, kt\u00f3re g\u0142\u0119boko nawadniaj\u0105 paznokcie i sk\u00f3rki, dostarczaj\u0105c niezb\u0119dnych sk\u0142adnik\u00f3w od\u017cywczych dla ich zdrowia.<\/li>\n<li><strong>Ochrona antyoksydacyjna:<\/strong> Bogata w sk\u0142adniki od\u017cywcze formu\u0142a zapewnia ochron\u0119 antyoksydacyjn\u0105, sprawiaj\u0105c, \u017ce Twoje paznokcie i sk\u00f3rki pozostaj\u0105 mi\u0119kkie, g\u0142adkie i chronione przed czynnikami zewn\u0119trznymi.<\/li>\n<li><strong>Delikatny zapach:<\/strong> Subtelny kwiatowy aromat sprawia, \u017ce piel\u0119gnacja paznokci staje si\u0119 przyjemnym rytua\u0142em, dodaj\u0105c mi\u0142y akcent przy ka\u017cdym u\u017cyciu.<\/li>\n<li><strong>Etyczne pi\u0119kno:<\/strong> Zgodnie z naszymi warto\u015bciami, \u201eNail Growth Spa\u201d jest produktem wega\u0144skim i nietestowanym na zwierz\u0119tach, oferuj\u0105c skuteczne i etyczne rozwi\u0105zanie kosmetyczne.<\/li>\n<\/ul>\n<p>Wild&amp;Mild \u201eNail Growth Spa\u201d zaprasza Ci\u0119 do odkrycia odmieniaj\u0105cej rutyny piel\u0119gnacyjnej, kt\u00f3ra wzmacnia i od\u017cywia Twoje paznokcie, wydobywaj\u0105c ich naturalne pi\u0119kno i odporno\u015b\u0107. Wnie\u015b swoj\u0105 piel\u0119gnacj\u0119 na wy\u017cszy poziom i ciesz si\u0119 paznokciami, kt\u00f3re s\u0105 nie tylko mocniejsze, ale tak\u017ce zdrowsze i pe\u0142ne blasku. <\/p>\n","protected":false},"featured_media":45646,"comment_status":"open","ping_status":"closed","template":"","meta":{"site-sidebar-layout":"default","site-content-layout":"","ast-site-content-layout":"default","site-content-style":"default","site-sidebar-style":"default","ast-global-header-display":"","ast-banner-title-visibility":"","ast-main-header-display":"","ast-hfb-above-header-display":"","ast-hfb-below-header-display":"","ast-hfb-mobile-header-display":"","site-post-title":"","ast-breadcrumbs-content":"","ast-featured-img":"","footer-sml-layout":"","ast-disable-related-posts":"","theme-transparent-header-meta":"default","adv-header-id-meta":"","stick-header-meta":"","header-above-stick-meta":"","header-main-stick-meta":"","header-below-stick-meta":"","astra-migrate-meta-layouts":"default","ast-page-background-enabled":"default","ast-page-background-meta":{"desktop":{"background-color":"","background-image":"","background-repeat":"repeat","background-position":"center center","background-size":"auto","background-attachment":"scroll","background-type":"","background-media":"","overlay-type":"","overlay-color":"","overlay-opacity":"","overlay-gradient":""},"tablet":{"background-color":"","background-image":"","background-repeat":"repeat","background-position":"center center","background-size":"auto","background-attachment":"scroll","background-type":"","background-media":"","overlay-type":"","overlay-color":"","overlay-opacity":"","overlay-gradient":""},"mobile":{"background-color":"","background-image":"","background-repeat":"repeat","background-position":"center center","background-size":"auto","background-attachment":"scroll","background-type":"","background-media":"","overlay-type":"","overlay-color":"","overlay-opacity":"","overlay-gradient":""}},"ast-content-background-meta":{"desktop":{"background-color":"var(--ast-global-color-5)","background-image":"","background-repeat":"repeat","background-position":"center center","background-size":"auto","background-attachment":"scroll","background-type":"","background-media":"","overlay-type":"","overlay-color":"","overlay-opacity":"","overlay-gradient":""},"tablet":{"background-color":"var(--ast-global-color-5)","background-image":"","background-repeat":"repeat","background-position":"center center","background-size":"auto","background-attachment":"scroll","background-type":"","background-media":"","overlay-type":"","overlay-color":"","overlay-opacity":"","overlay-gradient":""},"mobile":{"background-color":"var(--ast-global-color-5)","background-image":"","background-repeat":"repeat","background-position":"center center","background-size":"auto","background-attachment":"scroll","background-type":"","background-media":"","overlay-type":"","overlay-color":"","overlay-opacity":"","overlay-gradient":""}}},"product_brand":[],"product_cat":[890],"product_tag":[],"class_list":{"0":"post-34950","1":"product","2":"type-product","3":"status-publish","4":"has-post-thumbnail","6":"product_cat-pielegnacja-paznokci","7":"desktop-align-center","8":"tablet-align-center","9":"mobile-align-center","10":"ast-product-gallery-layout-vertical","11":"ast-magnify-disabled","12":"ast-product-tabs-layout-distributed","14":"first","15":"instock","16":"taxable","17":"shipping-taxable","18":"purchasable","19":"product-type-simple"},"composite_virtual":false,"composite_layout":"","composite_add_to_cart_form_location":"","composite_editable_in_cart":false,"composite_sold_individually_context":"","composite_shop_price_calc":"","composite_components":[],"composite_scenarios":[],"jetpack_sharing_enabled":true,"_links":{"self":[{"href":"https:\/\/stikily.ee\/pl\/wp-json\/wp\/v2\/product\/34950","targetHints":{"allow":["GET"]}}],"collection":[{"href":"https:\/\/stikily.ee\/pl\/wp-json\/wp\/v2\/product"}],"about":[{"href":"https:\/\/stikily.ee\/pl\/wp-json\/wp\/v2\/types\/product"}],"replies":[{"embeddable":true,"href":"https:\/\/stikily.ee\/pl\/wp-json\/wp\/v2\/comments?post=34950"}],"wp:featuredmedia":[{"embeddable":true,"href":"https:\/\/stikily.ee\/pl\/wp-json\/wp\/v2\/media\/45646"}],"wp:attachment":[{"href":"https:\/\/stikily.ee\/pl\/wp-json\/wp\/v2\/media?parent=34950"}],"wp:term":[{"taxonomy":"product_brand","embeddable":true,"href":"https:\/\/stikily.ee\/pl\/wp-json\/wp\/v2\/product_brand?post=34950"},{"taxonomy":"product_cat","embeddable":true,"href":"https:\/\/stikily.ee\/pl\/wp-json\/wp\/v2\/product_cat?post=34950"},{"taxonomy":"product_tag","embeddable":true,"href":"https:\/\/stikily.ee\/pl\/wp-json\/wp\/v2\/product_tag?post=34950"}],"curies":[{"name":"wp","href":"https:\/\/api.w.org\/{rel}","templated":true}]}}