{"id":34942,"date":"2024-08-26T14:02:31","date_gmt":"2024-08-26T11:02:31","guid":{"rendered":""},"modified":"2026-03-24T13:07:19","modified_gmt":"2026-03-24T11:07:19","slug":"perfecto-kuunelaki-korrektuurpliiats-wildmild-5ml","status":"publish","type":"product","link":"https:\/\/stikily.ee\/pl\/toode\/perfecto-kuunelaki-korrektuurpliiats-wildmild-5ml\/","title":{"rendered":"Korektor w pisaku do lakieru do paznokci Perfecto Wild&amp;Mild 5 ml"},"content":{"rendered":"","protected":false},"excerpt":{"rendered":"<p>Przedstawiamy Wild&amp;Mild \u201ePerfecto\u201d \u2013 niezast\u0105pione narz\u0119dzie do precyzyjnej i \u0142atwej korekty lakieru do paznokci. Innowacyjna forma pisaka sprawia, \u017ce usuwanie b\u0142\u0119d\u00f3w staje si\u0119 proste i przyjemne, a Twoje paznokcie zawsze wygl\u0105daj\u0105 nienagannie. <\/p>\n<p>G\u0142\u00f3wne cechy:<\/p>\n<ul>\n<li>Precyzyjna korekta: Pisak \u201ePerfecto\u201d pozwala usuwa\u0107 b\u0142\u0119dy z niespotykan\u0105 dok\u0142adno\u015bci\u0105, zapewniaj\u0105c nieskazitelny efekt za ka\u017cdym razem.<\/li>\n<li>Delikatna formu\u0142a: Bezoctanowa formu\u0142a jest \u0142agodna dla paznokci, nie niszczy ich i skutecznie koryguje wszelkie niedoci\u0105gni\u0119cia.<\/li>\n<li>Trwa\u0142y efekt: Ciesz si\u0119 d\u0142ugotrwa\u0142\u0105 korekt\u0105 bez smug dzi\u0119ki \u201ePerfecto\u201d \u2013 to niezawodny towarzysz Twojej codziennej piel\u0119gnacji paznokci.<\/li>\n<li>Delikatny zapach: Pisak wzbogacono subtelnym aromatem konwalii, kt\u00f3ry uprzyjemnia stosowanie i pozostawia mi\u0142y zapach.<\/li>\n<li>Etyczne pi\u0119kno: Tak jak wszystkie nasze produkty, \u201ePerfecto\u201d jest wega\u0144ski i wolny od okrucie\u0144stwa, zgodnie z naszym zaanga\u017cowaniem w etyczne podej\u015bcie do urody.<\/li>\n<\/ul>\n<p>Dzi\u0119ki Wild&amp;Mild \u201ePerfecto\u201d mo\u017cesz cieszy\u0107 si\u0119 bezproblemow\u0105 piel\u0119gnacj\u0105, kt\u00f3ra gwarantuje perfekcyjny wygl\u0105d przy ka\u017cdym malowaniu.<\/p>\n","protected":false},"featured_media":45666,"comment_status":"open","ping_status":"closed","template":"","meta":{"site-sidebar-layout":"default","site-content-layout":"","ast-site-content-layout":"default","site-content-style":"default","site-sidebar-style":"default","ast-global-header-display":"","ast-banner-title-visibility":"","ast-main-header-display":"","ast-hfb-above-header-display":"","ast-hfb-below-header-display":"","ast-hfb-mobile-header-display":"","site-post-title":"","ast-breadcrumbs-content":"","ast-featured-img":"","footer-sml-layout":"","ast-disable-related-posts":"","theme-transparent-header-meta":"default","adv-header-id-meta":"","stick-header-meta":"","header-above-stick-meta":"","header-main-stick-meta":"","header-below-stick-meta":"","astra-migrate-meta-layouts":"default","ast-page-background-enabled":"default","ast-page-background-meta":{"desktop":{"background-color":"","background-image":"","background-repeat":"repeat","background-position":"center center","background-size":"auto","background-attachment":"scroll","background-type":"","background-media":"","overlay-type":"","overlay-color":"","overlay-opacity":"","overlay-gradient":""},"tablet":{"background-color":"","background-image":"","background-repeat":"repeat","background-position":"center center","background-size":"auto","background-attachment":"scroll","background-type":"","background-media":"","overlay-type":"","overlay-color":"","overlay-opacity":"","overlay-gradient":""},"mobile":{"background-color":"","background-image":"","background-repeat":"repeat","background-position":"center center","background-size":"auto","background-attachment":"scroll","background-type":"","background-media":"","overlay-type":"","overlay-color":"","overlay-opacity":"","overlay-gradient":""}},"ast-content-background-meta":{"desktop":{"background-color":"var(--ast-global-color-5)","background-image":"","background-repeat":"repeat","background-position":"center center","background-size":"auto","background-attachment":"scroll","background-type":"","background-media":"","overlay-type":"","overlay-color":"","overlay-opacity":"","overlay-gradient":""},"tablet":{"background-color":"var(--ast-global-color-5)","background-image":"","background-repeat":"repeat","background-position":"center center","background-size":"auto","background-attachment":"scroll","background-type":"","background-media":"","overlay-type":"","overlay-color":"","overlay-opacity":"","overlay-gradient":""},"mobile":{"background-color":"var(--ast-global-color-5)","background-image":"","background-repeat":"repeat","background-position":"center center","background-size":"auto","background-attachment":"scroll","background-type":"","background-media":"","overlay-type":"","overlay-color":"","overlay-opacity":"","overlay-gradient":""}}},"product_brand":[],"product_cat":[890],"product_tag":[],"class_list":{"0":"post-34942","1":"product","2":"type-product","3":"status-publish","4":"has-post-thumbnail","6":"product_cat-pielegnacja-paznokci","7":"desktop-align-center","8":"tablet-align-center","9":"mobile-align-center","10":"ast-product-gallery-layout-vertical","11":"ast-magnify-disabled","12":"ast-product-tabs-layout-distributed","14":"first","15":"outofstock","16":"taxable","17":"shipping-taxable","18":"purchasable","19":"product-type-simple"},"composite_virtual":false,"composite_layout":"","composite_add_to_cart_form_location":"","composite_editable_in_cart":false,"composite_sold_individually_context":"","composite_shop_price_calc":"","composite_components":[],"composite_scenarios":[],"jetpack_sharing_enabled":true,"_links":{"self":[{"href":"https:\/\/stikily.ee\/pl\/wp-json\/wp\/v2\/product\/34942","targetHints":{"allow":["GET"]}}],"collection":[{"href":"https:\/\/stikily.ee\/pl\/wp-json\/wp\/v2\/product"}],"about":[{"href":"https:\/\/stikily.ee\/pl\/wp-json\/wp\/v2\/types\/product"}],"replies":[{"embeddable":true,"href":"https:\/\/stikily.ee\/pl\/wp-json\/wp\/v2\/comments?post=34942"}],"wp:featuredmedia":[{"embeddable":true,"href":"https:\/\/stikily.ee\/pl\/wp-json\/wp\/v2\/media\/45666"}],"wp:attachment":[{"href":"https:\/\/stikily.ee\/pl\/wp-json\/wp\/v2\/media?parent=34942"}],"wp:term":[{"taxonomy":"product_brand","embeddable":true,"href":"https:\/\/stikily.ee\/pl\/wp-json\/wp\/v2\/product_brand?post=34942"},{"taxonomy":"product_cat","embeddable":true,"href":"https:\/\/stikily.ee\/pl\/wp-json\/wp\/v2\/product_cat?post=34942"},{"taxonomy":"product_tag","embeddable":true,"href":"https:\/\/stikily.ee\/pl\/wp-json\/wp\/v2\/product_tag?post=34942"}],"curies":[{"name":"wp","href":"https:\/\/api.w.org\/{rel}","templated":true}]}}