{"id":34902,"date":"2024-06-06T20:40:55","date_gmt":"2024-06-06T17:40:55","guid":{"rendered":""},"modified":"2026-03-24T12:00:23","modified_gmt":"2026-03-24T10:00:23","slug":"pronx","status":"publish","type":"product","link":"https:\/\/stikily.ee\/pl\/toode\/pronx\/","title":{"rendered":"Br\u0105z"},"content":{"rendered":"","protected":false},"excerpt":{"rendered":"<p>Naklejki lakierowe to wygodna alternatywa dla tradycyjnego lakieru!<\/p>\n<p>Naklejki s\u0105 wykonane z klasycznego lakieru do paznokci i z \u0142atwo\u015bci\u0105 nakleisz je na paznokcie. Aplikacja jest dziecinnie prosta \u2013 potrzebujesz tylko pilniczka i chwili skupienia!<\/p>\n","protected":false},"featured_media":45435,"comment_status":"open","ping_status":"closed","template":"","meta":{"site-sidebar-layout":"default","site-content-layout":"","ast-site-content-layout":"default","site-content-style":"default","site-sidebar-style":"default","ast-global-header-display":"","ast-banner-title-visibility":"","ast-main-header-display":"","ast-hfb-above-header-display":"","ast-hfb-below-header-display":"","ast-hfb-mobile-header-display":"","site-post-title":"","ast-breadcrumbs-content":"","ast-featured-img":"","footer-sml-layout":"","ast-disable-related-posts":"","theme-transparent-header-meta":"default","adv-header-id-meta":"","stick-header-meta":"","header-above-stick-meta":"","header-main-stick-meta":"","header-below-stick-meta":"","astra-migrate-meta-layouts":"default","ast-page-background-enabled":"default","ast-page-background-meta":{"desktop":{"background-color":"","background-image":"","background-repeat":"repeat","background-position":"center center","background-size":"auto","background-attachment":"scroll","background-type":"","background-media":"","overlay-type":"","overlay-color":"","overlay-opacity":"","overlay-gradient":""},"tablet":{"background-color":"","background-image":"","background-repeat":"repeat","background-position":"center center","background-size":"auto","background-attachment":"scroll","background-type":"","background-media":"","overlay-type":"","overlay-color":"","overlay-opacity":"","overlay-gradient":""},"mobile":{"background-color":"","background-image":"","background-repeat":"repeat","background-position":"center center","background-size":"auto","background-attachment":"scroll","background-type":"","background-media":"","overlay-type":"","overlay-color":"","overlay-opacity":"","overlay-gradient":""}},"ast-content-background-meta":{"desktop":{"background-color":"var(--ast-global-color-5)","background-image":"","background-repeat":"repeat","background-position":"center center","background-size":"auto","background-attachment":"scroll","background-type":"","background-media":"","overlay-type":"","overlay-color":"","overlay-opacity":"","overlay-gradient":""},"tablet":{"background-color":"var(--ast-global-color-5)","background-image":"","background-repeat":"repeat","background-position":"center center","background-size":"auto","background-attachment":"scroll","background-type":"","background-media":"","overlay-type":"","overlay-color":"","overlay-opacity":"","overlay-gradient":""},"mobile":{"background-color":"var(--ast-global-color-5)","background-image":"","background-repeat":"repeat","background-position":"center center","background-size":"auto","background-attachment":"scroll","background-type":"","background-media":"","overlay-type":"","overlay-color":"","overlay-opacity":"","overlay-gradient":""}}},"product_brand":[],"product_cat":[679,743],"product_tag":[],"class_list":{"0":"post-34902","1":"product","2":"type-product","3":"status-publish","4":"has-post-thumbnail","6":"product_cat-naklejki-lakierowe","7":"product_cat-jednokolorowe","8":"desktop-align-center","9":"tablet-align-center","10":"mobile-align-center","11":"ast-product-gallery-layout-vertical","12":"ast-magnify-disabled","13":"ast-product-tabs-layout-distributed","15":"first","16":"instock","17":"taxable","18":"shipping-taxable","19":"purchasable","20":"product-type-simple"},"composite_virtual":false,"composite_layout":"","composite_add_to_cart_form_location":"","composite_editable_in_cart":false,"composite_sold_individually_context":"","composite_shop_price_calc":"","composite_components":[],"composite_scenarios":[],"jetpack_sharing_enabled":true,"_links":{"self":[{"href":"https:\/\/stikily.ee\/pl\/wp-json\/wp\/v2\/product\/34902","targetHints":{"allow":["GET"]}}],"collection":[{"href":"https:\/\/stikily.ee\/pl\/wp-json\/wp\/v2\/product"}],"about":[{"href":"https:\/\/stikily.ee\/pl\/wp-json\/wp\/v2\/types\/product"}],"replies":[{"embeddable":true,"href":"https:\/\/stikily.ee\/pl\/wp-json\/wp\/v2\/comments?post=34902"}],"wp:featuredmedia":[{"embeddable":true,"href":"https:\/\/stikily.ee\/pl\/wp-json\/wp\/v2\/media\/45435"}],"wp:attachment":[{"href":"https:\/\/stikily.ee\/pl\/wp-json\/wp\/v2\/media?parent=34902"}],"wp:term":[{"taxonomy":"product_brand","embeddable":true,"href":"https:\/\/stikily.ee\/pl\/wp-json\/wp\/v2\/product_brand?post=34902"},{"taxonomy":"product_cat","embeddable":true,"href":"https:\/\/stikily.ee\/pl\/wp-json\/wp\/v2\/product_cat?post=34902"},{"taxonomy":"product_tag","embeddable":true,"href":"https:\/\/stikily.ee\/pl\/wp-json\/wp\/v2\/product_tag?post=34902"}],"curies":[{"name":"wp","href":"https:\/\/api.w.org\/{rel}","templated":true}]}}