{"id":34142,"date":"2023-01-30T09:01:51","date_gmt":"2023-01-30T07:01:51","guid":{"rendered":""},"modified":"2026-03-24T11:05:30","modified_gmt":"2026-03-24T09:05:30","slug":"clochee-organic-taastav-katekreem-100-ml","status":"publish","type":"product","link":"https:\/\/stikily.ee\/pl\/toode\/clochee-organic-taastav-katekreem-100-ml\/","title":{"rendered":"Regeneruj\u0105cy krem do r\u0105k Clochee Organic, 100 ml"},"content":{"rendered":"","protected":false},"excerpt":{"rendered":"<p><strong>Nawil\u017caj\u0105cy, regeneruj\u0105cy, antybakteryjny<\/strong><\/p>\n<p>Krem wyg\u0142adza i tworzy na powierzchni sk\u00f3ry delikatn\u0105 warstw\u0119 ochronn\u0105, kt\u00f3ra chroni przed wysuszeniem i negatywnym wp\u0142ywem czynnik\u00f3w zewn\u0119trznych. Dobroczynne dzia\u0142anie regeneruj\u0105cego kremu do r\u0105k wynika z naturalnych ekstrakt\u00f3w z zielonej herbaty i sza\u0142wii. Ekstrakt z zielonej herbaty zawiera mn\u00f3stwo garbnik\u00f3w, alkaloid\u00f3w, witamin B, K, C, P oraz soli mineralnych. Ekstrakt regeneruje, odnawia, \u0142agodzi stany zapalne, pomaga zachowa\u0107 elastyczno\u015b\u0107 sk\u00f3ry, op\u00f3\u017ania procesy starzenia oraz chroni przed szkodliwymi czynnikami zewn\u0119trznymi i promieniowaniem s\u0142onecznym. Sza\u0142wia jest \u017ar\u00f3d\u0142em kwas\u00f3w organicznych, karotenu i zwi\u0105zk\u00f3w \u017cywicznych, a tak\u017ce witamin (A, C, B) i minera\u0142\u00f3w (wapnia, magnezu, potasu, sodu, cynku, \u017celaza). Naturalny ekstrakt z sza\u0142wii jest ceniony za silne w\u0142a\u015bciwo\u015bci przeciwzapalne, antybakteryjne i redukuj\u0105ce zaczerwienienia. Lekka formu\u0142a regeneruj\u0105cego kremu do r\u0105k sprawia, \u017ce szybko si\u0119 wch\u0142ania, dzi\u0119ki czemu mo\u017cesz wr\u00f3ci\u0107 do codziennych zaj\u0119\u0107 natychmiast po jego u\u017cyciu. Dzi\u0119ki praktycznemu opakowaniu zawsze wygodnie go zabra\u0107 ze sob\u0105.       <\/p>\n<p>Opakowanie: 100 ml, plastik z recyklingu<br \/>\n#VEGANFRIENDLY #CRUELTYFREE<\/p>\n<p>97% respondentek potwierdza, \u017ce krem nawil\u017ca sk\u00f3r\u0119 i chroni przed wysuszeniem<br \/>\n97% respondentek zauwa\u017cy\u0142o od\u017cywcze dzia\u0142anie kremu<br \/>\n97% respondentek nie mia\u0142o lepkich d\u0142oni po u\u017cyciu kremu<\/p>\n<p>* Certyfikowany sk\u0142ad,<br \/>\n** Surowce pochodzenia naturalnego,<br \/>\n*** Zatwierdzony jako kosmetyk naturalny<\/p>\n","protected":false},"featured_media":42324,"comment_status":"open","ping_status":"closed","template":"","meta":{"site-sidebar-layout":"default","site-content-layout":"default","ast-site-content-layout":"default","site-content-style":"default","site-sidebar-style":"default","ast-global-header-display":"","ast-banner-title-visibility":"","ast-main-header-display":"","ast-hfb-above-header-display":"","ast-hfb-below-header-display":"","ast-hfb-mobile-header-display":"","site-post-title":"","ast-breadcrumbs-content":"","ast-featured-img":"","footer-sml-layout":"","ast-disable-related-posts":"","theme-transparent-header-meta":"default","adv-header-id-meta":"","stick-header-meta":"default","header-above-stick-meta":"","header-main-stick-meta":"","header-below-stick-meta":"","astra-migrate-meta-layouts":"default","ast-page-background-enabled":"default","ast-page-background-meta":{"desktop":{"background-color":"","background-image":"","background-repeat":"repeat","background-position":"center center","background-size":"auto","background-attachment":"scroll","background-type":"","background-media":"","overlay-type":"","overlay-color":"","overlay-opacity":"","overlay-gradient":""},"tablet":{"background-color":"","background-image":"","background-repeat":"repeat","background-position":"center center","background-size":"auto","background-attachment":"scroll","background-type":"","background-media":"","overlay-type":"","overlay-color":"","overlay-opacity":"","overlay-gradient":""},"mobile":{"background-color":"","background-image":"","background-repeat":"repeat","background-position":"center center","background-size":"auto","background-attachment":"scroll","background-type":"","background-media":"","overlay-type":"","overlay-color":"","overlay-opacity":"","overlay-gradient":""}},"ast-content-background-meta":{"desktop":{"background-color":"var(--ast-global-color-5)","background-image":"","background-repeat":"repeat","background-position":"center center","background-size":"auto","background-attachment":"scroll","background-type":"","background-media":"","overlay-type":"","overlay-color":"","overlay-opacity":"","overlay-gradient":""},"tablet":{"background-color":"var(--ast-global-color-5)","background-image":"","background-repeat":"repeat","background-position":"center center","background-size":"auto","background-attachment":"scroll","background-type":"","background-media":"","overlay-type":"","overlay-color":"","overlay-opacity":"","overlay-gradient":""},"mobile":{"background-color":"var(--ast-global-color-5)","background-image":"","background-repeat":"repeat","background-position":"center center","background-size":"auto","background-attachment":"scroll","background-type":"","background-media":"","overlay-type":"","overlay-color":"","overlay-opacity":"","overlay-gradient":""}}},"product_brand":[],"product_cat":[890],"product_tag":[],"class_list":{"0":"post-34142","1":"product","2":"type-product","3":"status-publish","4":"has-post-thumbnail","6":"product_cat-pielegnacja-paznokci","7":"desktop-align-center","8":"tablet-align-center","9":"mobile-align-center","10":"ast-product-gallery-layout-vertical","11":"ast-magnify-disabled","12":"ast-product-tabs-layout-distributed","14":"first","15":"outofstock","16":"taxable","17":"shipping-taxable","18":"purchasable","19":"product-type-simple"},"composite_virtual":false,"composite_layout":"","composite_add_to_cart_form_location":"","composite_editable_in_cart":false,"composite_sold_individually_context":"","composite_shop_price_calc":"","composite_components":[],"composite_scenarios":[],"jetpack_sharing_enabled":true,"_links":{"self":[{"href":"https:\/\/stikily.ee\/pl\/wp-json\/wp\/v2\/product\/34142","targetHints":{"allow":["GET"]}}],"collection":[{"href":"https:\/\/stikily.ee\/pl\/wp-json\/wp\/v2\/product"}],"about":[{"href":"https:\/\/stikily.ee\/pl\/wp-json\/wp\/v2\/types\/product"}],"replies":[{"embeddable":true,"href":"https:\/\/stikily.ee\/pl\/wp-json\/wp\/v2\/comments?post=34142"}],"wp:featuredmedia":[{"embeddable":true,"href":"https:\/\/stikily.ee\/pl\/wp-json\/wp\/v2\/media\/42324"}],"wp:attachment":[{"href":"https:\/\/stikily.ee\/pl\/wp-json\/wp\/v2\/media?parent=34142"}],"wp:term":[{"taxonomy":"product_brand","embeddable":true,"href":"https:\/\/stikily.ee\/pl\/wp-json\/wp\/v2\/product_brand?post=34142"},{"taxonomy":"product_cat","embeddable":true,"href":"https:\/\/stikily.ee\/pl\/wp-json\/wp\/v2\/product_cat?post=34142"},{"taxonomy":"product_tag","embeddable":true,"href":"https:\/\/stikily.ee\/pl\/wp-json\/wp\/v2\/product_tag?post=34142"}],"curies":[{"name":"wp","href":"https:\/\/api.w.org\/{rel}","templated":true}]}}