{"id":34078,"date":"2022-12-08T20:52:38","date_gmt":"2022-12-08T18:52:38","guid":{"rendered":""},"modified":"2026-03-24T11:06:37","modified_gmt":"2026-03-24T09:06:37","slug":"geellakikleebiste-stardikas","status":"publish","type":"product","link":"https:\/\/stikily.ee\/pl\/toode\/geellakikleebiste-stardikas\/","title":{"rendered":"Zestaw startowy naklejek hybrydowych"},"content":{"rendered":"","protected":false},"excerpt":{"rendered":"<p>Zestaw startowy naklejek hybrydowych Stikily to super rozwi\u0105zanie zar\u00f3wno dla pocz\u0105tkuj\u0105cych u\u017cytkowniczek, jak i sta\u0142ych fanek. Najwi\u0119ksz\u0105 zalet\u0105 Startera jest to, \u017ce wszystkie produkty s\u0105 <strong>o 25% ta\u0144sze,<\/strong> a <strong><a href=\"https:\/\/stikily-ee.vserver.zonevs.eu\/toode\/uv-lamp\/\">lamp\u0119 UV<\/a> dostajesz w prezencie!<\/strong> <\/p>\n<p>Starter zawiera dwa zestawy naklejek hybrydowych, lamp\u0119 UV, a wszystko to jest pi\u0119knie zapakowane w <a href=\"https:\/\/stikily-ee.vserver.zonevs.eu\/toode\/stikily-kosmeetikakott\/\" target=\"_blank\" rel=\"noopener\">przezroczyst\u0105 kosmetyczk\u0119 Stikily.<\/a> W przysz\u0142o\u015bci kosmetyczka \u015bwietnie sprawdzi si\u0119 do przechowywania naklejek \u2013 dzi\u0119ki wytrzyma\u0142emu materia\u0142owi PVC i przezroczysto\u015bci szybko znajdziesz te odpowiednie.<\/p>\n","protected":false},"featured_media":42583,"comment_status":"open","ping_status":"closed","template":"","meta":{"site-sidebar-layout":"default","site-content-layout":"default","ast-site-content-layout":"default","site-content-style":"default","site-sidebar-style":"default","ast-global-header-display":"","ast-banner-title-visibility":"","ast-main-header-display":"","ast-hfb-above-header-display":"","ast-hfb-below-header-display":"","ast-hfb-mobile-header-display":"","site-post-title":"","ast-breadcrumbs-content":"","ast-featured-img":"","footer-sml-layout":"","ast-disable-related-posts":"","theme-transparent-header-meta":"default","adv-header-id-meta":"","stick-header-meta":"default","header-above-stick-meta":"","header-main-stick-meta":"","header-below-stick-meta":"","astra-migrate-meta-layouts":"default","ast-page-background-enabled":"default","ast-page-background-meta":{"desktop":{"background-color":"","background-image":"","background-repeat":"repeat","background-position":"center center","background-size":"auto","background-attachment":"scroll","background-type":"","background-media":"","overlay-type":"","overlay-color":"","overlay-opacity":"","overlay-gradient":""},"tablet":{"background-color":"","background-image":"","background-repeat":"repeat","background-position":"center center","background-size":"auto","background-attachment":"scroll","background-type":"","background-media":"","overlay-type":"","overlay-color":"","overlay-opacity":"","overlay-gradient":""},"mobile":{"background-color":"","background-image":"","background-repeat":"repeat","background-position":"center center","background-size":"auto","background-attachment":"scroll","background-type":"","background-media":"","overlay-type":"","overlay-color":"","overlay-opacity":"","overlay-gradient":""}},"ast-content-background-meta":{"desktop":{"background-color":"var(--ast-global-color-5)","background-image":"","background-repeat":"repeat","background-position":"center center","background-size":"auto","background-attachment":"scroll","background-type":"","background-media":"","overlay-type":"","overlay-color":"","overlay-opacity":"","overlay-gradient":""},"tablet":{"background-color":"var(--ast-global-color-5)","background-image":"","background-repeat":"repeat","background-position":"center center","background-size":"auto","background-attachment":"scroll","background-type":"","background-media":"","overlay-type":"","overlay-color":"","overlay-opacity":"","overlay-gradient":""},"mobile":{"background-color":"var(--ast-global-color-5)","background-image":"","background-repeat":"repeat","background-position":"center center","background-size":"auto","background-attachment":"scroll","background-type":"","background-media":"","overlay-type":"","overlay-color":"","overlay-opacity":"","overlay-gradient":""}}},"product_brand":[],"product_cat":[900],"product_tag":[],"class_list":{"0":"post-34078","1":"product","2":"type-product","3":"status-publish","4":"has-post-thumbnail","6":"product_cat-zestawy","7":"desktop-align-center","8":"tablet-align-center","9":"mobile-align-center","10":"ast-product-gallery-layout-vertical","11":"ast-product-gallery-with-no-image","12":"ast-magnify-disabled","13":"ast-product-tabs-layout-distributed","15":"first","16":"instock","17":"sale","18":"taxable","19":"shipping-taxable","20":"purchasable","21":"product-type-composite"},"composite_virtual":false,"composite_layout":"paged-componentized","composite_add_to_cart_form_location":"default","composite_editable_in_cart":false,"composite_sold_individually_context":"product","composite_shop_price_calc":"min_max","composite_components":[{"id":"1693828512","title":"Wybierz I naklejk\u0119 hybrydow\u0105","description":"","query_type":"category_ids","query_ids":[558,306],"default_option_id":"","thumbnail_id":"","thumbnail_src":"","quantity_min":1,"quantity_max":1,"priced_individually":false,"shipped_individually":false,"optional":false,"discount":25,"options_style":"thumbnails","pagination_style":"load-more","display_prices":"absolute","show_sorting_options":false,"show_filtering_options":false,"attribute_filter_ids":[],"select_action":"transition","product_title_visible":true,"product_descr_visible":false,"product_price_visible":false,"product_thumb_visible":true,"subtotal_visible_product":true,"subtotal_visible_cart":true,"subtotal_visible_orders":true},{"id":"1693828513","title":"Wybierz II naklejk\u0119 hybrydow\u0105","description":"","query_type":"category_ids","query_ids":[558,306],"default_option_id":"","thumbnail_id":"","thumbnail_src":"","quantity_min":1,"quantity_max":1,"priced_individually":false,"shipped_individually":false,"optional":false,"discount":25,"options_style":"thumbnails","pagination_style":"load-more","display_prices":"absolute","show_sorting_options":false,"show_filtering_options":false,"attribute_filter_ids":[],"select_action":"transition","product_title_visible":true,"product_descr_visible":false,"product_price_visible":false,"product_thumb_visible":true,"subtotal_visible_product":true,"subtotal_visible_cart":true,"subtotal_visible_orders":true},{"id":"1693828514","title":"Lampa UV","description":"","query_type":"product_ids","query_ids":[33970],"default_option_id":33970,"thumbnail_id":"","thumbnail_src":"","quantity_min":1,"quantity_max":1,"priced_individually":false,"shipped_individually":false,"optional":false,"discount":25,"options_style":"dropdowns","pagination_style":"classic","display_prices":"absolute","show_sorting_options":false,"show_filtering_options":false,"attribute_filter_ids":[],"select_action":"transition","product_title_visible":true,"product_descr_visible":true,"product_price_visible":false,"product_thumb_visible":true,"subtotal_visible_product":true,"subtotal_visible_cart":true,"subtotal_visible_orders":true},{"id":"1693828515","title":"Kosmetyczka Stikily ","description":"","query_type":"product_ids","query_ids":[33990],"default_option_id":33990,"thumbnail_id":"","thumbnail_src":"","quantity_min":1,"quantity_max":1,"priced_individually":false,"shipped_individually":false,"optional":false,"discount":25,"options_style":"dropdowns","pagination_style":"classic","display_prices":"absolute","show_sorting_options":false,"show_filtering_options":false,"attribute_filter_ids":[],"select_action":"transition","product_title_visible":true,"product_descr_visible":true,"product_price_visible":false,"product_thumb_visible":true,"subtotal_visible_product":true,"subtotal_visible_cart":true,"subtotal_visible_orders":true}],"composite_scenarios":[],"jetpack_sharing_enabled":true,"_links":{"self":[{"href":"https:\/\/stikily.ee\/pl\/wp-json\/wp\/v2\/product\/34078","targetHints":{"allow":["GET"]}}],"collection":[{"href":"https:\/\/stikily.ee\/pl\/wp-json\/wp\/v2\/product"}],"about":[{"href":"https:\/\/stikily.ee\/pl\/wp-json\/wp\/v2\/types\/product"}],"replies":[{"embeddable":true,"href":"https:\/\/stikily.ee\/pl\/wp-json\/wp\/v2\/comments?post=34078"}],"wp:featuredmedia":[{"embeddable":true,"href":"https:\/\/stikily.ee\/pl\/wp-json\/wp\/v2\/media\/42583"}],"wp:attachment":[{"href":"https:\/\/stikily.ee\/pl\/wp-json\/wp\/v2\/media?parent=34078"}],"wp:term":[{"taxonomy":"product_brand","embeddable":true,"href":"https:\/\/stikily.ee\/pl\/wp-json\/wp\/v2\/product_brand?post=34078"},{"taxonomy":"product_cat","embeddable":true,"href":"https:\/\/stikily.ee\/pl\/wp-json\/wp\/v2\/product_cat?post=34078"},{"taxonomy":"product_tag","embeddable":true,"href":"https:\/\/stikily.ee\/pl\/wp-json\/wp\/v2\/product_tag?post=34078"}],"curies":[{"name":"wp","href":"https:\/\/api.w.org\/{rel}","templated":true}]}}