{"id":33734,"date":"2022-04-08T11:20:48","date_gmt":"2022-04-08T08:20:48","guid":{"rendered":""},"modified":"2026-03-24T10:56:06","modified_gmt":"2026-03-24T08:56:06","slug":"pinkki","status":"publish","type":"product","link":"https:\/\/stikily.ee\/pl\/toode\/pinkki\/","title":{"rendered":"R\u00f3\u017cowy"},"content":{"rendered":"<p>Naklejki lakierowe Stikily to wygodna alternatywa dla lakieru do paznokci! Naklejki s\u0105 wykonane z prawdziwego lakieru i \u0142atwo si\u0119 je nak\u0142ada. <\/p>\n<p>Aplikacja jest dziecinnie prosta \u2013 potrzebujesz tylko pilniczka i chwili skupienia!<\/p>\n<ul>\n<li>Oczy\u015b\u0107 paznokcie z t\u0142uszczu i zanieczyszcze\u0144. To wa\u017cne, aby powierzchnia paznokcia by\u0142a czysta \u2013 dzi\u0119ki temu klej pod naklejk\u0105 lepiej zwi\u0105\u017ce si\u0119 z p\u0142ytk\u0105. Delikatnie odsu\u0144 sk\u00f3rki, aby m\u00f3c umie\u015bci\u0107 naklejk\u0119 jak najbli\u017cej nasady.  <\/li>\n<li>Aby na\u0142o\u017cy\u0107 naklejk\u0119 na paznokie\u0107, najpierw dobierz odpowiedni rozmiar naklejki z lakierem. Je\u015bli wahasz si\u0119 mi\u0119dzy dwoma rozmiarami, zawsze wybieraj mniejszy. Wa\u017cne jest, aby naklejka przylega\u0142a tylko do paznokcia, a nie do sk\u00f3rek. W razie potrzeby przytnij naklejk\u0119 no\u017cyczkami.   <\/li>\n<li>Zdejmij foli\u0119 ochronn\u0105 z naklejki<\/li>\n<li>Odklej naklejk\u0119 z podk\u0142adu<\/li>\n<li>Przy\u0142\u00f3\u017c naklejk\u0119 do paznokcia i mocno doci\u015bnij, aby pokry\u0142a ca\u0142\u0105 p\u0142ytk\u0119. Dociskaj\u0105c naklejk\u0119 na ca\u0142ej powierzchni, upewnij si\u0119, \u017ce prawid\u0142owo przylega. <\/li>\n<li>Odetnij nadmiar naklejki no\u017cyczkami jak najbli\u017cej kraw\u0119dzi paznokcia. Spi\u0142uj reszt\u0119 naklejki d\u0142ugimi poci\u0105gni\u0119ciami w jednym kierunku. Je\u015bli chcesz, pomaluj paznokcie bezbarwnym topem, aby naklejki Stikily by\u0142y jeszcze trwalsze.<\/li>\n<\/ul>\n<p><strong>Unikaj kontaktu z wod\u0105 przez 2 godziny po aplikacji. Mycie r\u0105k jest OK, ale zmywanie naczy\u0144 mo\u017ce poczeka\u0107 \ud83d\ude09 To samo dotyczy ciep\u0142a \u2013 unikaj np. suszenia w\u0142os\u00f3w przez ok. 2 godziny po na\u0142o\u017ceniu.  <\/strong><\/p>\n<p>Usuwanie naklejek lakierowych za pomoc\u0105 oliwki do paznokci:<\/p>\n<ul>\n<li>Na\u0142\u00f3\u017c odrobin\u0119 oliwki u nasady paznokcia i pozw\u00f3l jej chwil\u0119 zadzia\u0142a\u0107. Nast\u0119pnie zacznij podwa\u017ca\u0107 naklejk\u0119 drewnianym patyczkiem \u2013 olej rozpu\u015bci klej, a Ty w tym samym czasie wygodnie zdejmiesz naklejk\u0119 patyczkiem. <\/li>\n<li>Je\u015bli chcesz, wymocz naklejki przez ok. 10 minut w ciep\u0142ej wodzie. Dzi\u0119ki temu klej zmi\u0119knie i b\u0119dzie jeszcze \u0142atwiejszy do usuni\u0119cia. <\/li>\n<li><strong>NB! Nigdy nie usuwaj naklejek, po prostu je zrywaj\u0105c \u2013 mo\u017ce to uszkodzi\u0107 powierzchni\u0119 paznokcia. <\/strong><\/li>\n<\/ul>\n<h3>Wskaz\u00f3wki!<\/h3>\n<ul>\n<li>Przy kr\u00f3tszych paznokciach mo\u017cesz przeci\u0105\u0107 naklejk\u0119 na p\u00f3\u0142 \u2013 w ten spos\u00f3b wykorzystasz zestaw dwukrotnie.<\/li>\n<li>Delikatnie odsu\u0144 sk\u00f3rki, aby m\u00f3c umie\u015bci\u0107 naklejk\u0119 jak najbli\u017cej nasady paznokcia.<\/li>\n<li>W razie potrzeby mo\u017cesz doci\u0105\u0107 naklejki no\u017cyczkami, aby idealnie pasowa\u0142y do Twoich paznokci.<\/li>\n<li>Zacznij nak\u0142adanie od ma\u0142ego palca i kieruj si\u0119 w stron\u0119 kciuka.<\/li>\n<\/ul>\n<p>&nbsp;<\/p>\n<h3>Sk\u0142adniki<\/h3>\n<ul class=\"elementor-icon-list-items\">\n<li class=\"elementor-icon-list-item\"><span class=\"elementor-icon-list-text\">58,3% kwas poliakrylowy<\/span><\/li>\n<li class=\"elementor-icon-list-item\"><i class=\"fas fa-heart\" aria-hidden=\"true\"><\/i><span class=\"elementor-icon-list-text\">31,0% poliuretan<\/span><\/li>\n<li class=\"elementor-icon-list-item\"><i class=\"fas fa-heart\" aria-hidden=\"true\"><\/i><span class=\"elementor-icon-list-text\">7,8% octanoma\u015blan celulozy <\/span><\/li>\n<li class=\"elementor-icon-list-item\"><i class=\"fas fa-heart\" aria-hidden=\"true\"><\/i><span class=\"elementor-icon-list-text\">1,8% kwas adypinowy<\/span><\/li>\n<li class=\"elementor-icon-list-item\"><i class=\"fas fa-heart\" aria-hidden=\"true\"><\/i><span class=\"elementor-icon-list-text\">0,3% cytrynian trietylu<\/span><\/li>\n<li class=\"elementor-icon-list-item\"><i class=\"fas fa-heart\" aria-hidden=\"true\"><\/i><span class=\"elementor-icon-list-text\">0,5% octan butylu<\/span><\/li>\n<li class=\"elementor-icon-list-item\"><i class=\"fas fa-heart\" aria-hidden=\"true\"><\/i><span class=\"elementor-icon-list-text\">0,3% octan etylu <\/span><\/li>\n<\/ul>\n<p>&nbsp;<\/p>\n<h3>Opakowanie zawiera:<\/h3>\n<p>Opakowanie zawiera jeden zestaw naklejek lakierowych. W zestawie znajduje si\u0119 16 naklejek w r\u00f3\u017cnych rozmiarach <br \/><a href=\"https:\/\/stikily.ee\/?attachment_id=741\"><img fetchpriority=\"high\" decoding=\"async\" class=\"alignnone wp-image-741 size-full\" src=\"https:\/\/stikily.ee\/wp-content\/uploads\/2021\/04\/moodud.jpg\" alt=\"\" width=\"500\" height=\"500\" srcset=\"https:\/\/stikily.ee\/wp-content\/uploads\/2021\/04\/moodud.jpg 500w, https:\/\/stikily.ee\/wp-content\/uploads\/2021\/04\/moodud-300x300.jpg 300w, https:\/\/stikily.ee\/wp-content\/uploads\/2021\/04\/moodud-150x150.jpg 150w, https:\/\/stikily.ee\/wp-content\/uploads\/2021\/04\/moodud-100x100.jpg 100w\" sizes=\"(max-width: 500px) 100vw, 500px\" \/><\/a><\/p>\n","protected":false},"excerpt":{"rendered":"<p>Naklejki lakierowe to wygodna alternatywa dla lakieru do paznokci! <\/p>\n<p>Naklejki s\u0105 wykonane z prawdziwego lakieru i \u0142atwo si\u0119 je nak\u0142ada. Aplikacja jest banalnie prosta \u2013 potrzebujesz tylko pilniczka i odrobiny skupienia! <\/p>\n","protected":false},"featured_media":40514,"comment_status":"open","ping_status":"closed","template":"","meta":{"site-sidebar-layout":"default","site-content-layout":"default","ast-site-content-layout":"default","site-content-style":"default","site-sidebar-style":"default","ast-global-header-display":"","ast-banner-title-visibility":"","ast-main-header-display":"","ast-hfb-above-header-display":"","ast-hfb-below-header-display":"","ast-hfb-mobile-header-display":"","site-post-title":"","ast-breadcrumbs-content":"","ast-featured-img":"","footer-sml-layout":"","ast-disable-related-posts":"","theme-transparent-header-meta":"default","adv-header-id-meta":"","stick-header-meta":"default","header-above-stick-meta":"","header-main-stick-meta":"","header-below-stick-meta":"","astra-migrate-meta-layouts":"default","ast-page-background-enabled":"default","ast-page-background-meta":{"desktop":{"background-color":"","background-image":"","background-repeat":"repeat","background-position":"center center","background-size":"auto","background-attachment":"scroll","background-type":"","background-media":"","overlay-type":"","overlay-color":"","overlay-opacity":"","overlay-gradient":""},"tablet":{"background-color":"","background-image":"","background-repeat":"repeat","background-position":"center center","background-size":"auto","background-attachment":"scroll","background-type":"","background-media":"","overlay-type":"","overlay-color":"","overlay-opacity":"","overlay-gradient":""},"mobile":{"background-color":"","background-image":"","background-repeat":"repeat","background-position":"center center","background-size":"auto","background-attachment":"scroll","background-type":"","background-media":"","overlay-type":"","overlay-color":"","overlay-opacity":"","overlay-gradient":""}},"ast-content-background-meta":{"desktop":{"background-color":"var(--ast-global-color-5)","background-image":"","background-repeat":"repeat","background-position":"center center","background-size":"auto","background-attachment":"scroll","background-type":"","background-media":"","overlay-type":"","overlay-color":"","overlay-opacity":"","overlay-gradient":""},"tablet":{"background-color":"var(--ast-global-color-5)","background-image":"","background-repeat":"repeat","background-position":"center center","background-size":"auto","background-attachment":"scroll","background-type":"","background-media":"","overlay-type":"","overlay-color":"","overlay-opacity":"","overlay-gradient":""},"mobile":{"background-color":"var(--ast-global-color-5)","background-image":"","background-repeat":"repeat","background-position":"center center","background-size":"auto","background-attachment":"scroll","background-type":"","background-media":"","overlay-type":"","overlay-color":"","overlay-opacity":"","overlay-gradient":""}}},"product_brand":[],"product_cat":[679,722,743],"product_tag":[],"class_list":{"0":"post-33734","1":"product","2":"type-product","3":"status-publish","4":"has-post-thumbnail","6":"product_cat-naklejki-lakierowe","7":"product_cat-brokat","8":"product_cat-jednokolorowe","9":"desktop-align-center","10":"tablet-align-center","11":"mobile-align-center","12":"ast-product-gallery-layout-vertical","13":"ast-magnify-disabled","14":"ast-product-tabs-layout-distributed","16":"first","17":"instock","18":"taxable","19":"shipping-taxable","20":"purchasable","21":"product-type-simple"},"composite_virtual":false,"composite_layout":"","composite_add_to_cart_form_location":"","composite_editable_in_cart":false,"composite_sold_individually_context":"","composite_shop_price_calc":"","composite_components":[],"composite_scenarios":[],"jetpack_sharing_enabled":true,"_links":{"self":[{"href":"https:\/\/stikily.ee\/pl\/wp-json\/wp\/v2\/product\/33734","targetHints":{"allow":["GET"]}}],"collection":[{"href":"https:\/\/stikily.ee\/pl\/wp-json\/wp\/v2\/product"}],"about":[{"href":"https:\/\/stikily.ee\/pl\/wp-json\/wp\/v2\/types\/product"}],"replies":[{"embeddable":true,"href":"https:\/\/stikily.ee\/pl\/wp-json\/wp\/v2\/comments?post=33734"}],"wp:featuredmedia":[{"embeddable":true,"href":"https:\/\/stikily.ee\/pl\/wp-json\/wp\/v2\/media\/40514"}],"wp:attachment":[{"href":"https:\/\/stikily.ee\/pl\/wp-json\/wp\/v2\/media?parent=33734"}],"wp:term":[{"taxonomy":"product_brand","embeddable":true,"href":"https:\/\/stikily.ee\/pl\/wp-json\/wp\/v2\/product_brand?post=33734"},{"taxonomy":"product_cat","embeddable":true,"href":"https:\/\/stikily.ee\/pl\/wp-json\/wp\/v2\/product_cat?post=33734"},{"taxonomy":"product_tag","embeddable":true,"href":"https:\/\/stikily.ee\/pl\/wp-json\/wp\/v2\/product_tag?post=33734"}],"curies":[{"name":"wp","href":"https:\/\/api.w.org\/{rel}","templated":true}]}}