{"id":33286,"date":"2021-07-05T18:24:39","date_gmt":"2021-07-05T15:24:39","guid":{"rendered":""},"modified":"2026-03-24T10:54:58","modified_gmt":"2026-03-24T08:54:58","slug":"lisette","status":"publish","type":"product","link":"https:\/\/stikily.ee\/pl\/toode\/lisette\/","title":{"rendered":"Lisette"},"content":{"rendered":"","protected":false},"excerpt":{"rendered":"<p>Naklejki lakierowe to wygodna alternatywa dla tradycyjnego lakieru! <\/p>\n<p>Naklejki s\u0105 wykonane z prawdziwego lakieru i \u0142atwo si\u0119 je nak\u0142ada. Aplikacja jest banalnie prosta \u2013 potrzebujesz tylko pilniczka i chwili skupienia! <\/p>\n","protected":false},"featured_media":40316,"comment_status":"open","ping_status":"closed","template":"","meta":{"site-sidebar-layout":"default","site-content-layout":"default","ast-site-content-layout":"default","site-content-style":"default","site-sidebar-style":"default","ast-global-header-display":"","ast-banner-title-visibility":"","ast-main-header-display":"","ast-hfb-above-header-display":"","ast-hfb-below-header-display":"","ast-hfb-mobile-header-display":"","site-post-title":"","ast-breadcrumbs-content":"","ast-featured-img":"","footer-sml-layout":"","ast-disable-related-posts":"","theme-transparent-header-meta":"default","adv-header-id-meta":"","stick-header-meta":"default","header-above-stick-meta":"","header-main-stick-meta":"","header-below-stick-meta":"","astra-migrate-meta-layouts":"default","ast-page-background-enabled":"default","ast-page-background-meta":{"desktop":{"background-color":"","background-image":"","background-repeat":"repeat","background-position":"center center","background-size":"auto","background-attachment":"scroll","background-type":"","background-media":"","overlay-type":"","overlay-color":"","overlay-opacity":"","overlay-gradient":""},"tablet":{"background-color":"","background-image":"","background-repeat":"repeat","background-position":"center center","background-size":"auto","background-attachment":"scroll","background-type":"","background-media":"","overlay-type":"","overlay-color":"","overlay-opacity":"","overlay-gradient":""},"mobile":{"background-color":"","background-image":"","background-repeat":"repeat","background-position":"center center","background-size":"auto","background-attachment":"scroll","background-type":"","background-media":"","overlay-type":"","overlay-color":"","overlay-opacity":"","overlay-gradient":""}},"ast-content-background-meta":{"desktop":{"background-color":"var(--ast-global-color-5)","background-image":"","background-repeat":"repeat","background-position":"center center","background-size":"auto","background-attachment":"scroll","background-type":"","background-media":"","overlay-type":"","overlay-color":"","overlay-opacity":"","overlay-gradient":""},"tablet":{"background-color":"var(--ast-global-color-5)","background-image":"","background-repeat":"repeat","background-position":"center center","background-size":"auto","background-attachment":"scroll","background-type":"","background-media":"","overlay-type":"","overlay-color":"","overlay-opacity":"","overlay-gradient":""},"mobile":{"background-color":"var(--ast-global-color-5)","background-image":"","background-repeat":"repeat","background-position":"center center","background-size":"auto","background-attachment":"scroll","background-type":"","background-media":"","overlay-type":"","overlay-color":"","overlay-opacity":"","overlay-gradient":""}}},"product_brand":[],"product_cat":[679,614,704],"product_tag":[],"class_list":{"0":"post-33286","1":"product","2":"type-product","3":"status-publish","4":"has-post-thumbnail","6":"product_cat-naklejki-lakierowe","7":"product_cat-outlet--2","8":"product_cat-wielokolorowe","9":"desktop-align-center","10":"tablet-align-center","11":"mobile-align-center","12":"ast-product-gallery-layout-vertical","13":"ast-magnify-disabled","14":"ast-product-tabs-layout-distributed","16":"first","17":"outofstock","18":"taxable","19":"shipping-taxable","20":"purchasable","21":"product-type-simple"},"composite_virtual":false,"composite_layout":"","composite_add_to_cart_form_location":"","composite_editable_in_cart":false,"composite_sold_individually_context":"","composite_shop_price_calc":"","composite_components":[],"composite_scenarios":[],"jetpack_sharing_enabled":true,"_links":{"self":[{"href":"https:\/\/stikily.ee\/pl\/wp-json\/wp\/v2\/product\/33286","targetHints":{"allow":["GET"]}}],"collection":[{"href":"https:\/\/stikily.ee\/pl\/wp-json\/wp\/v2\/product"}],"about":[{"href":"https:\/\/stikily.ee\/pl\/wp-json\/wp\/v2\/types\/product"}],"replies":[{"embeddable":true,"href":"https:\/\/stikily.ee\/pl\/wp-json\/wp\/v2\/comments?post=33286"}],"wp:featuredmedia":[{"embeddable":true,"href":"https:\/\/stikily.ee\/pl\/wp-json\/wp\/v2\/media\/40316"}],"wp:attachment":[{"href":"https:\/\/stikily.ee\/pl\/wp-json\/wp\/v2\/media?parent=33286"}],"wp:term":[{"taxonomy":"product_brand","embeddable":true,"href":"https:\/\/stikily.ee\/pl\/wp-json\/wp\/v2\/product_brand?post=33286"},{"taxonomy":"product_cat","embeddable":true,"href":"https:\/\/stikily.ee\/pl\/wp-json\/wp\/v2\/product_cat?post=33286"},{"taxonomy":"product_tag","embeddable":true,"href":"https:\/\/stikily.ee\/pl\/wp-json\/wp\/v2\/product_tag?post=33286"}],"curies":[{"name":"wp","href":"https:\/\/api.w.org\/{rel}","templated":true}]}}