{"id":36943,"date":"2026-03-24T10:27:35","date_gmt":"2026-03-24T08:27:35","guid":{"rendered":"https:\/\/stikily.ee\/dystrybutorzy\/"},"modified":"2026-03-24T10:27:36","modified_gmt":"2026-03-24T08:27:36","slug":"dystrybutorzy","status":"publish","type":"page","link":"https:\/\/stikily.ee\/pl\/dystrybutorzy\/","title":{"rendered":"Dystrybutorzy"},"content":{"rendered":"\t\t<div data-elementor-type=\"wp-page\" data-elementor-id=\"36943\" class=\"elementor elementor-36943 elementor-24274\" data-elementor-post-type=\"page\">\n\t\t\t\t\t\t<section class=\"elementor-section elementor-top-section elementor-element elementor-element-728d368 elementor-section-boxed elementor-section-height-default elementor-section-height-default\" data-id=\"728d368\" data-element_type=\"section\" data-e-type=\"section\" data-settings=\"{&quot;jet_parallax_layout_list&quot;:[]}\">\n\t\t\t\t\t\t<div class=\"elementor-container elementor-column-gap-default\">\n\t\t\t\t\t<div class=\"elementor-column elementor-col-100 elementor-top-column elementor-element elementor-element-7156e55\" data-id=\"7156e55\" data-element_type=\"column\" data-e-type=\"column\">\n\t\t\t<div class=\"elementor-widget-wrap elementor-element-populated\">\n\t\t\t\t\t\t<div class=\"elementor-element elementor-element-d2a9439 elementor-widget elementor-widget-heading\" data-id=\"d2a9439\" data-element_type=\"widget\" data-e-type=\"widget\" data-widget_type=\"heading.default\">\n\t\t\t\t<div class=\"elementor-widget-container\">\n\t\t\t\t\t<h2 class=\"elementor-heading-title elementor-size-default\">Tallinn<\/h2>\t\t\t\t<\/div>\n\t\t\t\t<\/div>\n\t\t\t\t\t<\/div>\n\t\t<\/div>\n\t\t\t\t\t<\/div>\n\t\t<\/section>\n\t\t\t\t<section class=\"elementor-section elementor-top-section elementor-element elementor-element-487ae37 elementor-section-boxed elementor-section-height-default elementor-section-height-default\" data-id=\"487ae37\" data-element_type=\"section\" data-e-type=\"section\" data-settings=\"{&quot;jet_parallax_layout_list&quot;:[]}\">\n\t\t\t\t\t\t<div class=\"elementor-container elementor-column-gap-default\">\n\t\t\t\t\t<div class=\"elementor-column elementor-col-33 elementor-top-column elementor-element elementor-element-8d3d26f\" data-id=\"8d3d26f\" data-element_type=\"column\" data-e-type=\"column\">\n\t\t\t<div class=\"elementor-widget-wrap elementor-element-populated\">\n\t\t\t\t\t\t<div class=\"elementor-element elementor-element-c8d108f elementor-widget elementor-widget-text-editor\" data-id=\"c8d108f\" data-element_type=\"widget\" data-e-type=\"widget\" data-widget_type=\"text-editor.default\">\n\t\t\t\t<div class=\"elementor-widget-container\">\n\t\t\t\t\t\t\t\t\t<h4 id=\"3\" class=\"footer-top__heading footer-top__heading--ilu\">I.L.U. \u00dcLEMISTE<\/h4><div id=\"3-C\" class=\"footer-top__content footer-top__content--child\"><div class=\"clearfix\"><div class=\"footer-top__contact-details footer-top__contact-details--3\"><div class=\"clearfix\"><div class=\"footer-top__contact-item footer-top__contact-item--address\"><div>Centrum handlowe \u00dclemiste<\/div><div><a class=\"footer-top__contact-link\" href=\"https:\/\/www.google.com\/maps\/place\/Suur-S%C3%B5jam%C3%A4e+4,+11415+Tallinn\/@59.4219071,24.7922285,17z\/data=!3m1!4b1!4m5!3m4!1s0x4692eb54f62d7a19:0x678b9ed70c2bdace!8m2!3d59.4219071!4d24.7944225\" target=\"_blank\" rel=\"noopener\">Suur-S\u00f5jam\u00e4e 4, Tallinn<\/a><\/div><\/div><div class=\"clearfix footer-top__contact-item footer-top__opening-hours\">Otwarte pon.\u2013sob. 10\u201321, niedz. 10\u201319<\/div><\/div><div class=\"clearfix\"><p class=\"footer-top__contact-item footer-top__contact-item--telephone\"><a class=\"footer-top__contact-link\" href=\"tel:+3725171120\">Telefon 517 1120<\/a><\/p><\/div><\/div><\/div><\/div>\t\t\t\t\t\t\t\t<\/div>\n\t\t\t\t<\/div>\n\t\t\t\t\t<\/div>\n\t\t<\/div>\n\t\t\t\t<div class=\"elementor-column elementor-col-33 elementor-top-column elementor-element elementor-element-501c4a3\" data-id=\"501c4a3\" data-element_type=\"column\" data-e-type=\"column\">\n\t\t\t<div class=\"elementor-widget-wrap elementor-element-populated\">\n\t\t\t\t\t\t<div class=\"elementor-element elementor-element-a14e993 elementor-widget elementor-widget-text-editor\" data-id=\"a14e993\" data-element_type=\"widget\" data-e-type=\"widget\" data-widget_type=\"text-editor.default\">\n\t\t\t\t<div class=\"elementor-widget-container\">\n\t\t\t\t\t\t\t\t\t<h4 id=\"2\" class=\"footer-top__heading footer-top__heading--ilu\">I.L.U. ROCCA AL MARE<\/h4><div id=\"2-C\" class=\"footer-top__content footer-top__content--child\"><div class=\"clearfix\"><div class=\"footer-top__contact-details footer-top__contact-details--2\"><div class=\"clearfix\"><div class=\"footer-top__contact-item footer-top__contact-item--address\"><div>Centrum handlowe Rocca al Mare<\/div><div><a class=\"footer-top__contact-link\" href=\"https:\/\/www.google.com\/maps\/place\/Paldiski+maantee+102,+13522+Tallinn\/@59.4258089,24.6523308,17z\/data=!3m1!4b1!4m5!3m4!1s0x4692943f7b5c1315:0x7d991667e9d678f4!8m2!3d59.4258089!4d24.6545248\" target=\"_blank\" rel=\"noopener\">Paldiski mnt 102, Tallinn<\/a><\/div><\/div><div class=\"clearfix footer-top__contact-item footer-top__opening-hours\">Otwarte pon.\u2013sob. 10\u201321, niedz. 10\u201319<\/div><\/div><div class=\"clearfix\"><p class=\"footer-top__contact-item footer-top__contact-item--telephone\"><a class=\"footer-top__contact-link\" href=\"tel:+3725170401\">Telefon 517 0401<\/a><\/p><\/div><\/div><\/div><\/div><div id=\"3-C\" class=\"footer-top__content footer-top__content--child\"><div class=\"clearfix\"><div class=\"footer-top__contact-details footer-top__contact-details--3\"><div class=\"clearfix\"> <\/div><\/div><\/div><\/div>\t\t\t\t\t\t\t\t<\/div>\n\t\t\t\t<\/div>\n\t\t\t\t\t<\/div>\n\t\t<\/div>\n\t\t\t\t<div class=\"elementor-column elementor-col-33 elementor-top-column elementor-element elementor-element-2f6fd15\" data-id=\"2f6fd15\" data-element_type=\"column\" data-e-type=\"column\">\n\t\t\t<div class=\"elementor-widget-wrap elementor-element-populated\">\n\t\t\t\t\t\t<div class=\"elementor-element elementor-element-8cae41d elementor-widget elementor-widget-text-editor\" data-id=\"8cae41d\" data-element_type=\"widget\" data-e-type=\"widget\" data-widget_type=\"text-editor.default\">\n\t\t\t\t<div class=\"elementor-widget-container\">\n\t\t\t\t\t\t\t\t\t<h4 id=\"first\" class=\"footer-top__heading footer-top__heading--ilu\">I.L.U. KRISTIINE<\/h4><div id=\"first-C\" class=\"footer-top__content footer-top__content--child\"><div class=\"clearfix\"><div class=\"footer-top__contact-details footer-top__contact-details--first\"><div class=\"clearfix\"><div class=\"footer-top__contact-item footer-top__contact-item--address\"><div>Centrum handlowe Kristiine<\/div><div><a class=\"footer-top__contact-link\" href=\"https:\/\/www.google.com\/maps\/place\/Endla+45,+10615+Tallinn\/@59.4269732,24.7205954,17z\/data=!3m1!4b1!4m5!3m4!1s0x4692948fec7f828b:0x618f7818faa4bf5b!8m2!3d59.4269732!4d24.7227894\" target=\"_blank\" rel=\"noopener\">Endla 45, Tallinn<\/a><\/div><\/div><div class=\"clearfix footer-top__contact-item footer-top__opening-hours\">Otwarte pon.\u2013sob. 10\u201321, niedz. 10\u201319<\/div><\/div><div class=\"clearfix\"><p class=\"footer-top__contact-item footer-top__contact-item--telephone\"><a class=\"footer-top__contact-link\" href=\"tel:+3725171040\">Telefon 517 1040<\/a><\/p><\/div><\/div><\/div><\/div>\t\t\t\t\t\t\t\t<\/div>\n\t\t\t\t<\/div>\n\t\t\t\t\t<\/div>\n\t\t<\/div>\n\t\t\t\t\t<\/div>\n\t\t<\/section>\n\t\t\t\t<section class=\"elementor-section elementor-top-section elementor-element elementor-element-a600a25 elementor-section-boxed elementor-section-height-default elementor-section-height-default\" data-id=\"a600a25\" data-element_type=\"section\" data-e-type=\"section\" data-settings=\"{&quot;jet_parallax_layout_list&quot;:[]}\">\n\t\t\t\t\t\t<div class=\"elementor-container elementor-column-gap-default\">\n\t\t\t\t\t<div class=\"elementor-column elementor-col-50 elementor-top-column elementor-element elementor-element-de3aaee\" data-id=\"de3aaee\" data-element_type=\"column\" data-e-type=\"column\">\n\t\t\t<div class=\"elementor-widget-wrap elementor-element-populated\">\n\t\t\t\t\t\t<div class=\"elementor-element elementor-element-596de8d elementor-widget elementor-widget-heading\" data-id=\"596de8d\" data-element_type=\"widget\" data-e-type=\"widget\" data-widget_type=\"heading.default\">\n\t\t\t\t<div class=\"elementor-widget-container\">\n\t\t\t\t\t<h2 class=\"elementor-heading-title elementor-size-default\">Tartu<\/h2>\t\t\t\t<\/div>\n\t\t\t\t<\/div>\n\t\t\t\t<div class=\"elementor-element elementor-element-99d4b8a elementor-widget elementor-widget-text-editor\" data-id=\"99d4b8a\" data-element_type=\"widget\" data-e-type=\"widget\" data-widget_type=\"text-editor.default\">\n\t\t\t\t<div class=\"elementor-widget-container\">\n\t\t\t\t\t\t\t\t\t<h4 id=\"3\" class=\"footer-top__heading footer-top__heading--ilu\">Sklep z prezentami Kiiks ja Knihv<\/h4><div id=\"3-C\" class=\"footer-top__content footer-top__content--child\"><div class=\"clearfix\"><div class=\"footer-top__contact-details footer-top__contact-details--3\"><div class=\"clearfix\"><div class=\"footer-top__contact-item footer-top__contact-item--address\">R\u00fc\u00fctli 7, Tartu<br><a href=\"https:\/\/kiiksjaknihv.ee\/et\/\" target=\"_blank\" rel=\"noopener\">Kiiksjaknihv.ee<\/a><br>Telefon: <a href=\"tel:+37258879660\">+372 5887 9660<\/a><br>Adres e-mail: <a href=\"mailto:pood@kiiksjaknihv.ee\">pood@kiiksjaknihv.ee<\/a><\/div><\/div><div class=\"clearfix\"> <\/div><\/div><\/div><\/div>\t\t\t\t\t\t\t\t<\/div>\n\t\t\t\t<\/div>\n\t\t\t\t\t<\/div>\n\t\t<\/div>\n\t\t\t\t<div class=\"elementor-column elementor-col-50 elementor-top-column elementor-element elementor-element-5c2f715\" data-id=\"5c2f715\" data-element_type=\"column\" data-e-type=\"column\">\n\t\t\t<div class=\"elementor-widget-wrap elementor-element-populated\">\n\t\t\t\t\t\t<div class=\"elementor-element elementor-element-3ebdeda elementor-widget elementor-widget-heading\" data-id=\"3ebdeda\" data-element_type=\"widget\" data-e-type=\"widget\" data-widget_type=\"heading.default\">\n\t\t\t\t<div class=\"elementor-widget-container\">\n\t\t\t\t\t<h2 class=\"elementor-heading-title elementor-size-default\">Parnawa<\/h2>\t\t\t\t<\/div>\n\t\t\t\t<\/div>\n\t\t\t\t<div class=\"elementor-element elementor-element-8a52e23 elementor-widget elementor-widget-text-editor\" data-id=\"8a52e23\" data-element_type=\"widget\" data-e-type=\"widget\" data-widget_type=\"text-editor.default\">\n\t\t\t\t<div class=\"elementor-widget-container\">\n\t\t\t\t\t\t\t\t\t<h4 id=\"last\" class=\"footer-top__heading footer-top__heading--ilu\">I.L.U. P\u00c4RNU KESKUS<\/h4><div id=\"last-C\" class=\"footer-top__content footer-top__content--child\"><div class=\"clearfix\"><div class=\"footer-top__contact-details footer-top__contact-details--last\"><div class=\"clearfix\"><div class=\"footer-top__contact-item footer-top__contact-item--address\"><div>P\u00e4rnu Keskus<\/div><div><a class=\"footer-top__contact-link\" href=\"https:\/\/www.google.com\/maps\/place\/Aida+7,+P%C3%A4rnu,+80011+P%C3%A4rnu+maakond\/@58.386931,24.4998031,17z\/data=!3m1!4b1!4m5!3m4!1s0x46ecfd3d2664057d:0x769551a0f1b84b7a!8m2!3d58.386931!4d24.5019971\" target=\"_blank\" rel=\"noopener\">Aida 7, Parnawa<\/a><\/div><\/div><div class=\"clearfix footer-top__contact-item footer-top__opening-hours\">Otwarte pon.\u2013sob. 10\u201320, niedz. 10\u201318<\/div><\/div><div class=\"clearfix\"><p class=\"footer-top__contact-item footer-top__contact-item--telephone\"><a class=\"footer-top__contact-link\" href=\"tel:+3725130113\">Telefon 513 0113<\/a><\/p><\/div><\/div><\/div><\/div>\t\t\t\t\t\t\t\t<\/div>\n\t\t\t\t<\/div>\n\t\t\t\t\t<\/div>\n\t\t<\/div>\n\t\t\t\t\t<\/div>\n\t\t<\/section>\n\t\t\t\t<section class=\"elementor-section elementor-top-section elementor-element elementor-element-7864d96 elementor-section-boxed elementor-section-height-default elementor-section-height-default\" data-id=\"7864d96\" data-element_type=\"section\" data-e-type=\"section\" data-settings=\"{&quot;jet_parallax_layout_list&quot;:[]}\">\n\t\t\t\t\t\t<div class=\"elementor-container elementor-column-gap-default\">\n\t\t\t\t\t<div class=\"elementor-column elementor-col-50 elementor-top-column elementor-element elementor-element-60c2de2\" data-id=\"60c2de2\" data-element_type=\"column\" data-e-type=\"column\">\n\t\t\t<div class=\"elementor-widget-wrap elementor-element-populated\">\n\t\t\t\t\t\t<div class=\"elementor-element elementor-element-5dc9090 elementor-widget elementor-widget-heading\" data-id=\"5dc9090\" data-element_type=\"widget\" data-e-type=\"widget\" data-widget_type=\"heading.default\">\n\t\t\t\t<div class=\"elementor-widget-container\">\n\t\t\t\t\t<h2 class=\"elementor-heading-title elementor-size-default\">Chcesz r\u00f3wnie\u017c zosta\u0107 dystrybutorem?<\/h2>\t\t\t\t<\/div>\n\t\t\t\t<\/div>\n\t\t\t\t<div class=\"elementor-element elementor-element-9c7e685 elementor-widget elementor-widget-text-editor\" data-id=\"9c7e685\" data-element_type=\"widget\" data-e-type=\"widget\" data-widget_type=\"text-editor.default\">\n\t\t\t\t<div class=\"elementor-widget-container\">\n\t\t\t\t\t\t\t\t\t<p>Ka\u017cda wsp\u00f3\u0142praca jest dla nas niezwykle wa\u017cna! Je\u015bli Ty r\u00f3wnie\u017c uwa\u017casz, \u017ce mo\u017cesz sprzedawa\u0107 produkty Stikily, skontaktuj si\u0119 z nami pod adresem riin@stikily.ee <\/p>\t\t\t\t\t\t\t\t<\/div>\n\t\t\t\t<\/div>\n\t\t\t\t\t<\/div>\n\t\t<\/div>\n\t\t\t\t<div class=\"elementor-column elementor-col-50 elementor-top-column elementor-element elementor-element-892e7af\" data-id=\"892e7af\" data-element_type=\"column\" data-e-type=\"column\">\n\t\t\t<div class=\"elementor-widget-wrap\">\n\t\t\t\t\t\t\t<\/div>\n\t\t<\/div>\n\t\t\t\t\t<\/div>\n\t\t<\/section>\n\t\t\t\t<\/div>\n\t\t","protected":false},"excerpt":{"rendered":"<p>Tallinn I.L.U. \u00dcLEMISTE Centrum handlowe \u00dclemisteSuur-S\u00f5jam\u00e4e 4, TallinnOtwarte pon.\u2013sob. 10\u201321, niedz. 10\u201319 Telefon 517 1120 I.L.U. ROCCA AL MARE Centrum handlowe Rocca al MarePaldiski mnt 102, TallinnOtwarte pon.\u2013sob. 10\u201321, niedz. 10\u201319 Telefon 517 0401 I.L.U. KRISTIINE Centrum handlowe KristiineEndla 45, TallinnOtwarte pon.\u2013sob. 10\u201321, niedz. 10\u201319 Telefon 517 1040 Tartu Sklep z prezentami Kiiks ja Knihv [&hellip;]<\/p>\n","protected":false},"author":1,"featured_media":0,"parent":0,"menu_order":0,"comment_status":"closed","ping_status":"closed","template":"","meta":{"site-sidebar-layout":"no-sidebar","site-content-layout":"page-builder","ast-site-content-layout":"full-width-container","site-content-style":"default","site-sidebar-style":"default","ast-global-header-display":"","ast-banner-title-visibility":"","ast-main-header-display":"","ast-hfb-above-header-display":"","ast-hfb-below-header-display":"","ast-hfb-mobile-header-display":"","site-post-title":"disabled","ast-breadcrumbs-content":"","ast-featured-img":"disabled","footer-sml-layout":"","ast-disable-related-posts":"","theme-transparent-header-meta":"","adv-header-id-meta":"","stick-header-meta":"","header-above-stick-meta":"","header-main-stick-meta":"","header-below-stick-meta":"","astra-migrate-meta-layouts":"default","ast-page-background-enabled":"default","ast-page-background-meta":{"desktop":{"background-color":"","background-image":"","background-repeat":"repeat","background-position":"center center","background-size":"auto","background-attachment":"scroll","background-type":"","background-media":"","overlay-type":"","overlay-color":"","overlay-opacity":"","overlay-gradient":""},"tablet":{"background-color":"","background-image":"","background-repeat":"repeat","background-position":"center center","background-size":"auto","background-attachment":"scroll","background-type":"","background-media":"","overlay-type":"","overlay-color":"","overlay-opacity":"","overlay-gradient":""},"mobile":{"background-color":"","background-image":"","background-repeat":"repeat","background-position":"center center","background-size":"auto","background-attachment":"scroll","background-type":"","background-media":"","overlay-type":"","overlay-color":"","overlay-opacity":"","overlay-gradient":""}},"ast-content-background-meta":{"desktop":{"background-color":"var(--ast-global-color-5)","background-image":"","background-repeat":"repeat","background-position":"center center","background-size":"auto","background-attachment":"scroll","background-type":"","background-media":"","overlay-type":"","overlay-color":"","overlay-opacity":"","overlay-gradient":""},"tablet":{"background-color":"var(--ast-global-color-5)","background-image":"","background-repeat":"repeat","background-position":"center center","background-size":"auto","background-attachment":"scroll","background-type":"","background-media":"","overlay-type":"","overlay-color":"","overlay-opacity":"","overlay-gradient":""},"mobile":{"background-color":"var(--ast-global-color-5)","background-image":"","background-repeat":"repeat","background-position":"center center","background-size":"auto","background-attachment":"scroll","background-type":"","background-media":"","overlay-type":"","overlay-color":"","overlay-opacity":"","overlay-gradient":""}},"footnotes":""},"class_list":["post-36943","page","type-page","status-publish","hentry"],"jetpack_sharing_enabled":true,"_links":{"self":[{"href":"https:\/\/stikily.ee\/pl\/wp-json\/wp\/v2\/pages\/36943","targetHints":{"allow":["GET"]}}],"collection":[{"href":"https:\/\/stikily.ee\/pl\/wp-json\/wp\/v2\/pages"}],"about":[{"href":"https:\/\/stikily.ee\/pl\/wp-json\/wp\/v2\/types\/page"}],"author":[{"embeddable":true,"href":"https:\/\/stikily.ee\/pl\/wp-json\/wp\/v2\/users\/1"}],"replies":[{"embeddable":true,"href":"https:\/\/stikily.ee\/pl\/wp-json\/wp\/v2\/comments?post=36943"}],"version-history":[{"count":1,"href":"https:\/\/stikily.ee\/pl\/wp-json\/wp\/v2\/pages\/36943\/revisions"}],"predecessor-version":[{"id":36944,"href":"https:\/\/stikily.ee\/pl\/wp-json\/wp\/v2\/pages\/36943\/revisions\/36944"}],"wp:attachment":[{"href":"https:\/\/stikily.ee\/pl\/wp-json\/wp\/v2\/media?parent=36943"}],"curies":[{"name":"wp","href":"https:\/\/api.w.org\/{rel}","templated":true}]}}