{"id":35213,"date":"2026-03-23T16:03:24","date_gmt":"2026-03-23T16:03:24","guid":{"rendered":""},"modified":"2026-03-24T10:24:37","modified_gmt":"2026-03-24T08:24:37","slug":"zasady-i-warunki","status":"publish","type":"page","link":"https:\/\/stikily.ee\/pl\/zasady-i-warunki\/","title":{"rendered":"Regulamin sprzeda\u017cy"},"content":{"rendered":"\n<p>W\u0142a\u015bcicielem sklepu internetowego Stikily.ee (dalej: Sklep Internetowy) jest O\u00dc RA Meedia (kod rejestrowy 11980192) z siedzib\u0105 w Oru, gmina Kose, Harjumaa<\/p>\n\n<p><strong>Obowi\u0105zywanie umowy sprzeda\u017cy, informacje o towarach i cenach<\/strong><\/p>\n\n<ul class=\"wp-block-list\">\n<li>Regulamin sprzeda\u017cy obowi\u0105zuje przy zakupie towar\u00f3w w Sklepie Internetowym.<\/li>\n\n\n\n<li>Ceny produkt\u00f3w sprzedawanych w Sklepie Internetowym s\u0105 podane przy produktach; wszystkie ceny w e-sklepie s\u0105 wyra\u017cone w euro.<\/li>\n\n\n\n<li>Do ceny nie dolicza si\u0119 koszt\u00f3w dostawy, je\u015bli warto\u015b\u0107 koszyka przekracza 35 \u20ac. W przypadku koszyka o warto\u015bci mniejszej ni\u017c 35 \u20ac doliczana jest op\u0142ata pocztowa zale\u017cna od dostawcy <\/li>\n\n\n\n<li>Koszt dostawy towaru zale\u017cy od lokalizacji kupuj\u0105cego oraz wybranego sposobu dostawy. <strong>Produkty wysy\u0142amy \u015brednio w ci\u0105gu 1\u20132 dni roboczych.<\/strong><\/li>\n\n\n\n<li>Koszt dostawy jest wy\u015bwietlany kupuj\u0105cemu podczas sk\u0142adania zam\u00f3wienia.<\/li>\n\n\n\n<li>Informacje o towarze s\u0105 podane w Sklepie Internetowym bezpo\u015brednio przy produkcie.<\/li>\n<\/ul>\n\n<p><strong>Sk\u0142adanie zam\u00f3wienia<\/strong><\/p>\n\n<ul class=\"wp-block-list\">\n<li>Aby zam\u00f3wi\u0107 towar, nale\u017cy doda\u0107 wybrane produkty do koszyka. W celu z\u0142o\u017cenia zam\u00f3wienia nale\u017cy wype\u0142ni\u0107 wymagane pola danych oraz wybra\u0107 odpowiedni spos\u00f3b dostawy. Nast\u0119pnie na ekranie wy\u015bwietli si\u0119 kwota do zap\u0142aty, kt\u00f3r\u0105 mo\u017cna bezpiecznie uregulowa\u0107 za pomoc\u0105 nast\u0119puj\u0105cych metod p\u0142atno\u015bci:  <\/li>\n\n\n\n<li>Esto\u0144skie linki bankowe: Swedbank, SEB, Luminor, LHV, Coop Pank, Pocopay<\/li>\n<\/ul>\n\n<p>Uwaga! P\u0142ac\u0105c przez link bankowy, koniecznie kliknij na stronie banku przycisk \u201ePowr\u00f3t do sprzedawcy\u201d. <\/p>\n\n<ul class=\"wp-block-list\">\n<li>Je\u015bli zam\u00f3wionego towaru nie mo\u017cna dostarczy\u0107 z powodu jego wyczerpania lub z innej przyczyny, kupuj\u0105cy zostanie o tym poinformowany przy najbli\u017cszej okazji, a wp\u0142acone pieni\u0105dze (w tym koszty dostawy) zostan\u0105 zwr\u00f3cone niezw\u0142ocznie, ale nie p\u00f3\u017aniej ni\u017c w ci\u0105gu 5 dni roboczych od wys\u0142ania powiadomienia.<\/li>\n<\/ul>\n\n<p><strong>Kod rabatowy i kupony<\/strong><\/p>\n\n<ul class=\"wp-block-list\">\n<li>Stikily.ee lehel on v\u00f5imalus&nbsp;tellimuse vormistamisel kasutada sooduskoodi. Sooduskood annab soodustuse kindla ostukorvi summa, protsentuaalse ostukorvi summa, kui ka kindla toote summale ja\/v\u00f5i soodustuste tarnele\n<ul class=\"wp-block-list\">\n<li>Kodu rabatowego mo\u017cna u\u017cy\u0107, wpisuj\u0105c go w wyznaczonym polu na stronie \u201ekoszyka\u201d lub \u201ekasy\u201d<\/li>\n\n\n\n<li>Po pomy\u015blnym zastosowaniu kodu rabatowego na stronie wy\u015bwietli si\u0119 komunikat \u201eKod kuponu zosta\u0142 pomy\u015blnie zastosowany\u201d, a klient b\u0119dzie m\u00f3g\u0142 zobaczy\u0107 zni\u017ck\u0119 w podsumowaniu zam\u00f3wienia<\/li>\n\n\n\n<li>Kod rabatowy mo\u017ce podlega\u0107 ograniczeniom (limit daty, minimalna kwota zakupu, zni\u017cka na konkretny produkt lub grup\u0119 produkt\u00f3w)<\/li>\n\n\n\n<li>Kod rabatowy mo\u017ce obejmowa\u0107 dodatkowo lub wy\u0142\u0105cznie darmow\u0105 dostaw\u0119<\/li>\n\n\n\n<li>Kody rabatowe mo\u017cna zazwyczaj otrzyma\u0107 podczas r\u00f3\u017cnych kampanii promocyjnych, w podzi\u0119kowaniu za zapisanie si\u0119 do newslettera, za wystawienie opinii itp.<\/li>\n\n\n\n<li>Wa\u017cno\u015b\u0107 kodu rabatowego oraz inne warunki s\u0105 okre\u015blone na stronie konkretnej kampanii.<\/li>\n<\/ul>\n<\/li>\n\n\n\n<li>Umowa wchodzi w \u017cycie z chwil\u0105 wp\u0142yni\u0119cia nale\u017cnej kwoty na rachunek bie\u017c\u0105cy Sklepu Internetowego.<\/li>\n\n\n\n<li>Je\u015bli zam\u00f3wionego towaru nie mo\u017cna dostarczy\u0107 z powodu jego wyczerpania lub z innej przyczyny, kupuj\u0105cy zostanie o tym poinformowany przy najbli\u017cszej okazji, a wp\u0142acone pieni\u0105dze (w tym koszty dostawy) zostan\u0105 zwr\u00f3cone niezw\u0142ocznie, ale nie p\u00f3\u017aniej ni\u017c w ci\u0105gu 14 dni od wys\u0142ania powiadomienia<\/li>\n<\/ul>\n\n<p><strong>Dostawa<\/strong><\/p>\n\n<ul class=\"wp-block-list\">\n<li>Towary s\u0105 wysy\u0142ane do nast\u0119puj\u0105cych kraj\u00f3w: Estonia, Finlandia, \u0141otwa i Litwa<\/li>\n\n\n\n<li>Towary s\u0105 wysy\u0142ane do klienta za po\u015brednictwem automat\u00f3w paczkowych DPD oraz Itella Smartpost. Na stronie kasy klient okre\u015bla, do kt\u00f3rego automatu maj\u0105 zosta\u0107 dostarczone produkty. <\/li>\n\n\n\n<li>Koszty wysy\u0142ki towaru ponosi kupuj\u0105cy, a odpowiednia informacja o cenie jest wy\u015bwietlana przy wybranym sposobie wysy\u0142ki.<\/li>\n\n\n\n<li>Przesy\u0142ki zazwyczaj docieraj\u0105 do miejsca przeznaczenia wskazanego przez kupuj\u0105cego w ci\u0105gu 3\u201314 dni roboczych.<\/li>\n\n\n\n<li>W wyj\u0105tkowych przypadkach mamy prawo dostarczy\u0107 towar w ci\u0105gu maksymalnie 45 dni kalendarzowych.<\/li>\n\n\n\n<li>Do paczki nie do\u0142\u0105czamy osobnej faktury sprzeda\u017cy. Je\u015bli chcesz otrzyma\u0107 faktur\u0119 w formie papierowej, poinformuj nas o tym, pisz\u0105c po z\u0142o\u017ceniu zam\u00f3wienia na adres kiri@stikily.ee <\/li>\n<\/ul>\n\n<p><strong>Prawo do odst\u0105pienia od umowy<\/strong><\/p>\n\n<ul class=\"wp-block-list\">\n<li>Po otrzymaniu zam\u00f3wienia kupuj\u0105cy ma prawo odst\u0105pi\u0107 od umowy zawartej w e-sklepie w ci\u0105gu 30 dni.<\/li>\n\n\n\n<li>Prawo do odst\u0105pienia od umowy nie przys\u0142uguje, je\u015bli kupuj\u0105cym jest osoba prawna.<\/li>\n\n\n\n<li>Aby skorzysta\u0107 z 30-dniowego prawa do zwrotu, zam\u00f3wiony towar nie mo\u017ce by\u0107 u\u017cywany w spos\u00f3b inny ni\u017c jest to konieczne do stwierdzenia charakteru, cech i funkcjonowania towaru, w taki sam spos\u00f3b, w jaki by\u0142oby to dozwolone przy testowaniu towaru w sklepie stacjonarnym.<\/li>\n\n\n\n<li>Aby zwr\u00f3ci\u0107 towar, nale\u017cy z\u0142o\u017cy\u0107 <strong><a href=\"https:\/\/stikily.ee\/wp-content\/uploads\/2022\/09\/Stikily.ee-taganemise-avaldus.pdf\" target=\"_blank\" rel=\"noreferrer noopener nofollow\">o\u015bwiadczenie o odst\u0105pieniu<\/a><\/strong> od zakupu towaru i wys\u0142a\u0107 je na adres e-mail kiri@stikily.ee najp\u00f3\u017aniej w ci\u0105gu 14 dni od otrzymania towaru.<\/li>\n\n\n\n<li>Koszty zwrotu towaru ponosi kupuj\u0105cy, chyba \u017ce przyczyn\u0105 zwrotu jest fakt, \u017ce zwracana rzecz nie jest zgodna z zam\u00f3wieniem (np. produkt jest b\u0142\u0119dny lub wadliwy).<\/li>\n\n\n\n<li>Kupuj\u0105cy musi zwr\u00f3ci\u0107 towar w ci\u0105gu 14 dni od z\u0142o\u017cenia o\u015bwiadczenia lub przedstawi\u0107 dow\u00f3d, \u017ce w tym terminie przekaza\u0142 towar przewo\u017anikowi.<\/li>\n\n\n\n<li>Sklep Internetowy po otrzymaniu zwracanego towaru niezw\u0142ocznie, ale nie p\u00f3\u017aniej ni\u017c w ci\u0105gu 14 dni od otrzymania o\u015bwiadczenia o odst\u0105pieniu od umowy, zwraca kupuj\u0105cemu wszystkie p\u0142atno\u015bci otrzymane na podstawie umowy.<\/li>\n\n\n\n<li>Sklep Internetowy mo\u017ce wstrzyma\u0107 si\u0119 ze zwrotem p\u0142atno\u015bci do czasu otrzymania rzeczy b\u0119d\u0105cej przedmiotem umowy lub do czasu dostarczenia przez kupuj\u0105cego dowodu jej odes\u0142ania, w zale\u017cno\u015bci od tego, kt\u00f3re zdarzenie nast\u0105pi wcze\u015bniej.<\/li>\n\n\n\n<li>Je\u015bli kupuj\u0105cy wyra\u017anie wybra\u0142 spos\u00f3b dostawy inny ni\u017c najta\u0144szy zwyk\u0142y spos\u00f3b dostawy oferowany przez Sklep Internetowy, Sklep Internetowy nie ma obowi\u0105zku zwrotu konsumentowi koszt\u00f3w przekraczaj\u0105cych koszty zwi\u0105zane ze zwyk\u0142ym sposobem dostawy.<\/li>\n\n\n\n<li>Sklep Internetowy ma prawo odst\u0105pi\u0107 od transakcji sprzeda\u017cy i \u017c\u0105da\u0107 od kupuj\u0105cego zwrotu towaru, je\u015bli cena towaru w sklepie internetowym zosta\u0142a przez pomy\u0142k\u0119 podana znacznie poni\u017cej ceny rynkowej towaru.<\/li>\n<\/ul>\n\n<p><strong>Prawo do z\u0142o\u017cenia reklamacji<\/strong><\/p>\n\n<ul class=\"has-normal-font-size wp-block-list\">\n<li>Sklep Internetowy odpowiada za niezgodno\u015b\u0107 towaru sprzedanego kupuj\u0105cemu z umow\u0105 lub za wady, kt\u00f3re istnia\u0142y ju\u017c w momencie wydania rzeczy i ujawni\u0105 si\u0119 w ci\u0105gu dw\u00f3ch lat od wydania towaru kupuj\u0105cemu. Przyjmuje si\u0119, \u017ce wada istnia\u0142a ju\u017c w momencie wydania rzeczy, je\u015bli ujawni\u0142a si\u0119 w ci\u0105gu roku od wydania towaru kupuj\u0105cemu. Obalenie tego domniemania nale\u017cy do obowi\u0105zk\u00f3w Sklepu Internetowego.  <\/li>\n\n\n\n<li>W przypadku wyst\u0105pienia wady kupuj\u0105cy ma prawo skontaktowa\u0107 si\u0119 ze sklepem internetowym najp\u00f3\u017aniej w ci\u0105gu dw\u00f3ch miesi\u0119cy, wysy\u0142aj\u0105c e-mail na adres kiri@stikily.ee<\/li>\n\n\n\n<li>Sklep Internetowy nie ponosi odpowiedzialno\u015bci za wady powsta\u0142e po wydaniu towaru kupuj\u0105cemu.<\/li>\n\n\n\n<li>Je\u015bli towar zakupiony w Sklepie Internetowym ma wady, za kt\u00f3re Sklep Internetowy ponosi odpowiedzialno\u015b\u0107, Sklep Internetowy naprawi lub wymieni wadliwy towar. Je\u015bli towaru nie mo\u017cna naprawi\u0107 ani wymieni\u0107, Sklep Internetowy zwr\u00f3ci kupuj\u0105cemu wszystkie op\u0142aty poniesione w zwi\u0105zku z umow\u0105 sprzeda\u017cy. <\/li>\n\n\n\n<li>Sklep Internetowy odpowie na reklamacj\u0119 z\u0142o\u017con\u0105 przez konsumenta w formie pisemnej lub w formie umo\u017cliwiaj\u0105cej jej utrwalenie w ci\u0105gu 15 dni.<\/li>\n<\/ul>\n\n<p><strong>Marketing bezpo\u015bredni i przetwarzanie danych osobowych<\/strong><\/p>\n\n<ul class=\"wp-block-list\">\n<li>Sklep Internetowy wykorzystuje dane osobowe wprowadzone przez kupuj\u0105cego (m.in. imi\u0119 i nazwisko, numer telefonu, adres, adres e-mail, dane bankowe) wy\u0142\u0105cznie w celu realizacji zam\u00f3wienia oraz wysy\u0142ki towaru do kupuj\u0105cego.<\/li>\n\n\n\n<li>Sklep Internetowy przekazuje dane osobowe firmom \u015bwiadcz\u0105cym us\u0142ugi transportowe w celu dostarczenia towaru.<\/li>\n\n\n\n<li>Sklep Internetowy wysy\u0142a kupuj\u0105cemu newslettery oraz oferty na jego adres e-mail tylko wtedy, gdy kupuj\u0105cy wyrazi\u0142 na to ch\u0119\u0107, wpisuj\u0105c sw\u00f3j adres e-mail na stronie internetowej i informuj\u0105c o ch\u0119ci otrzymywania wiadomo\u015bci w ramach marketingu bezpo\u015bredniego.<\/li>\n\n\n\n<li>Kupuj\u0105cy mo\u017ce w ka\u017cdej chwili zrezygnowa\u0107 z otrzymywania ofert i newsletter\u00f3w drog\u0105 mailow\u0105, informuj\u0105c nas o tym e-mailem lub post\u0119puj\u0105c zgodnie z instrukcjami zawartymi w e-mailu z ofertami.<\/li>\n<\/ul>\n\n<p><strong>Rozstrzyganie spor\u00f3w<\/strong><\/p>\n\n<ul class=\"wp-block-list\">\n<li>Je\u015bli kupuj\u0105cy ma zastrze\u017cenia do Sklepu Internetowego, nale\u017cy je wys\u0142a\u0107 na adres e-mail kiri@stikily.ee lub zadzwoni\u0107 pod numer: <a href=\"tel:+37255677423\">+37255677423<\/a><\/li>\n\n\n\n<li>Je\u015bli kupuj\u0105cy i Sklep Internetowy nie s\u0105 w stanie rozstrzygn\u0105\u0107 sporu polubownie, kupuj\u0105cy mo\u017ce zwr\u00f3ci\u0107 si\u0119 do Komisji ds. Spor\u00f3w Konsumenckich. Z warunkami post\u0119powania mo\u017cna zapozna\u0107 si\u0119 i z\u0142o\u017cy\u0107 wniosek tutaj: <a rel=\"noreferrer noopener\" href=\"https:\/\/www.komisjon.ee\/\" target=\"_blank\">https:\/\/www.komisjon.ee\/<\/a>. Komisja ds. Spor\u00f3w Konsumenckich jest w\u0142a\u015bciwa do rozstrzygania spor\u00f3w wynikaj\u0105cych z umowy zawartej mi\u0119dzy kupuj\u0105cym a Sklepem Internetowym. Rozpatrzenie skargi kupuj\u0105cego przez komisj\u0119 jest bezp\u0142atne. Kupuj\u0105cy mo\u017ce r\u00f3wnie\u017c skorzysta\u0107 z unijnej platformy internetowego rozstrzygania spor\u00f3w konsumenckich: <a rel=\"noreferrer noopener\" href=\"http:\/\/ec.europa.eu\/consumers\/odr\/\" target=\"_blank\">http:\/\/ec.europa.eu\/consumers\/odr\/<\/a>    <\/li>\n<\/ul>\n","protected":false},"excerpt":{"rendered":"<p>W\u0142a\u015bcicielem sklepu internetowego Stikily.ee (dalej: Sklep Internetowy) jest O\u00dc RA Meedia (kod rejestrowy 11980192) z siedzib\u0105 w Oru, gmina Kose, Harjumaa Obowi\u0105zywanie umowy sprzeda\u017cy, informacje o towarach i cenach Sk\u0142adanie zam\u00f3wienia Uwaga! P\u0142ac\u0105c przez link bankowy, koniecznie kliknij na stronie banku przycisk \u201ePowr\u00f3t do sprzedawcy\u201d. Kod rabatowy i kupony Dostawa Prawo do odst\u0105pienia od umowy [&hellip;]<\/p>\n","protected":false},"author":1,"featured_media":0,"parent":0,"menu_order":0,"comment_status":"closed","ping_status":"closed","template":"","meta":{"site-sidebar-layout":"default","site-content-layout":"default","ast-site-content-layout":"default","site-content-style":"default","site-sidebar-style":"default","ast-global-header-display":"","ast-banner-title-visibility":"","ast-main-header-display":"","ast-hfb-above-header-display":"","ast-hfb-below-header-display":"","ast-hfb-mobile-header-display":"","site-post-title":"","ast-breadcrumbs-content":"","ast-featured-img":"","footer-sml-layout":"","ast-disable-related-posts":"","theme-transparent-header-meta":"default","adv-header-id-meta":"","stick-header-meta":"default","header-above-stick-meta":"","header-main-stick-meta":"","header-below-stick-meta":"","astra-migrate-meta-layouts":"default","ast-page-background-enabled":"default","ast-page-background-meta":{"desktop":{"background-color":"","background-image":"","background-repeat":"repeat","background-position":"center center","background-size":"auto","background-attachment":"scroll","background-type":"","background-media":"","overlay-type":"","overlay-color":"","overlay-opacity":"","overlay-gradient":""},"tablet":{"background-color":"","background-image":"","background-repeat":"repeat","background-position":"center center","background-size":"auto","background-attachment":"scroll","background-type":"","background-media":"","overlay-type":"","overlay-color":"","overlay-opacity":"","overlay-gradient":""},"mobile":{"background-color":"","background-image":"","background-repeat":"repeat","background-position":"center center","background-size":"auto","background-attachment":"scroll","background-type":"","background-media":"","overlay-type":"","overlay-color":"","overlay-opacity":"","overlay-gradient":""}},"ast-content-background-meta":{"desktop":{"background-color":"var(--ast-global-color-5)","background-image":"","background-repeat":"repeat","background-position":"center center","background-size":"auto","background-attachment":"scroll","background-type":"","background-media":"","overlay-type":"","overlay-color":"","overlay-opacity":"","overlay-gradient":""},"tablet":{"background-color":"var(--ast-global-color-5)","background-image":"","background-repeat":"repeat","background-position":"center center","background-size":"auto","background-attachment":"scroll","background-type":"","background-media":"","overlay-type":"","overlay-color":"","overlay-opacity":"","overlay-gradient":""},"mobile":{"background-color":"var(--ast-global-color-5)","background-image":"","background-repeat":"repeat","background-position":"center center","background-size":"auto","background-attachment":"scroll","background-type":"","background-media":"","overlay-type":"","overlay-color":"","overlay-opacity":"","overlay-gradient":""}},"footnotes":""},"class_list":["post-35213","page","type-page","status-publish","hentry"],"jetpack_sharing_enabled":true,"_links":{"self":[{"href":"https:\/\/stikily.ee\/pl\/wp-json\/wp\/v2\/pages\/35213","targetHints":{"allow":["GET"]}}],"collection":[{"href":"https:\/\/stikily.ee\/pl\/wp-json\/wp\/v2\/pages"}],"about":[{"href":"https:\/\/stikily.ee\/pl\/wp-json\/wp\/v2\/types\/page"}],"author":[{"embeddable":true,"href":"https:\/\/stikily.ee\/pl\/wp-json\/wp\/v2\/users\/1"}],"replies":[{"embeddable":true,"href":"https:\/\/stikily.ee\/pl\/wp-json\/wp\/v2\/comments?post=35213"}],"version-history":[{"count":2,"href":"https:\/\/stikily.ee\/pl\/wp-json\/wp\/v2\/pages\/35213\/revisions"}],"predecessor-version":[{"id":36607,"href":"https:\/\/stikily.ee\/pl\/wp-json\/wp\/v2\/pages\/35213\/revisions\/36607"}],"wp:attachment":[{"href":"https:\/\/stikily.ee\/pl\/wp-json\/wp\/v2\/media?parent=35213"}],"curies":[{"name":"wp","href":"https:\/\/api.w.org\/{rel}","templated":true}]}}