{"id":46028,"date":"2025-08-28T18:36:07","date_gmt":"2025-08-28T15:36:07","guid":{"rendered":"https:\/\/stikily.ee\/toode\/diy-komplekts-soap-look\/"},"modified":"2026-03-24T13:09:03","modified_gmt":"2026-03-24T11:09:03","slug":"diy-komplekts-soap-look","status":"publish","type":"product","link":"https:\/\/stikily.ee\/lv\/toode\/diy-komplekts-soap-look\/","title":{"rendered":"DIY komplekts \u2013 \u201eSoap look\u201d"},"content":{"rendered":"","protected":false},"excerpt":{"rendered":"<p>Vai ar\u012b tu reiz\u0113m ilgojies p\u0113c nagiem, kas ir vienk\u0101r\u0161i t\u012bri, kopti un dabiski? DIY Soap look komplekt\u0101 ir iek\u013cauti 3 produkti, kas tev nepiecie\u0161ami, lai ieg\u016btu skaistus un reprezentablus nagus. <\/p>\n<p>Ide\u0101la atp\u016bta starp div\u0101m uzl\u012bm\u0113m ir Wild&amp;Mild Base Shield b\u0101zes laka, kas izl\u012bdzina naga virsmu un pie\u0161\u0137ir mier\u012bgu \u201csoap look\u201d efektu.<\/p>\n<p>K\u0101 to pan\u0101kt?<br \/>1. Nolako nagus 2 reizes ar Base Shield laku<br \/>2. P\u0101rkl\u0101j 1 reizi ar Extreme Shine virslaku<br \/>3. \u013bauj katram sl\u0101nim k\u0101rt\u012bgi no\u017e\u016bt<br \/>4. Neaizmirsti mitrin\u0101t kutikulas ar nagu e\u013c\u013cu!<\/p>\n<p>Rezult\u0101ts ir dabisks un t\u012brs manik\u012brs, kas izskat\u0101s \u0161iki pat bez kr\u0101sas.<\/p>\n<p>J\u0101, tas aiz\u0146em vair\u0101k laika nek\u0101 nagu lakas vai g\u0113la lakas uzl\u012bmes\u2026 Es \u0161o manik\u012bru uztaisu t\u0101pat vien darba dienas laik\u0101 pie datora \ud83e\udd2a<\/p>\n","protected":false},"featured_media":46029,"comment_status":"open","ping_status":"closed","template":"","meta":{"site-sidebar-layout":"default","site-content-layout":"","ast-site-content-layout":"default","site-content-style":"default","site-sidebar-style":"default","ast-global-header-display":"","ast-banner-title-visibility":"","ast-main-header-display":"","ast-hfb-above-header-display":"","ast-hfb-below-header-display":"","ast-hfb-mobile-header-display":"","site-post-title":"","ast-breadcrumbs-content":"","ast-featured-img":"","footer-sml-layout":"","ast-disable-related-posts":"","theme-transparent-header-meta":"default","adv-header-id-meta":"","stick-header-meta":"","header-above-stick-meta":"","header-main-stick-meta":"","header-below-stick-meta":"","astra-migrate-meta-layouts":"default","ast-page-background-enabled":"default","ast-page-background-meta":{"desktop":{"background-color":"","background-image":"","background-repeat":"repeat","background-position":"center center","background-size":"auto","background-attachment":"scroll","background-type":"","background-media":"","overlay-type":"","overlay-color":"","overlay-opacity":"","overlay-gradient":""},"tablet":{"background-color":"","background-image":"","background-repeat":"repeat","background-position":"center center","background-size":"auto","background-attachment":"scroll","background-type":"","background-media":"","overlay-type":"","overlay-color":"","overlay-opacity":"","overlay-gradient":""},"mobile":{"background-color":"","background-image":"","background-repeat":"repeat","background-position":"center center","background-size":"auto","background-attachment":"scroll","background-type":"","background-media":"","overlay-type":"","overlay-color":"","overlay-opacity":"","overlay-gradient":""}},"ast-content-background-meta":{"desktop":{"background-color":"var(--ast-global-color-5)","background-image":"","background-repeat":"repeat","background-position":"center center","background-size":"auto","background-attachment":"scroll","background-type":"","background-media":"","overlay-type":"","overlay-color":"","overlay-opacity":"","overlay-gradient":""},"tablet":{"background-color":"var(--ast-global-color-5)","background-image":"","background-repeat":"repeat","background-position":"center center","background-size":"auto","background-attachment":"scroll","background-type":"","background-media":"","overlay-type":"","overlay-color":"","overlay-opacity":"","overlay-gradient":""},"mobile":{"background-color":"var(--ast-global-color-5)","background-image":"","background-repeat":"repeat","background-position":"center center","background-size":"auto","background-attachment":"scroll","background-type":"","background-media":"","overlay-type":"","overlay-color":"","overlay-opacity":"","overlay-gradient":""}}},"product_brand":[],"product_cat":[901],"product_tag":[],"class_list":{"0":"post-46028","1":"product","2":"type-product","3":"status-publish","4":"has-post-thumbnail","6":"product_cat-komplekti","7":"desktop-align-center","8":"tablet-align-center","9":"mobile-align-center","10":"ast-product-gallery-layout-vertical","11":"ast-product-gallery-with-no-image","12":"ast-magnify-disabled","13":"ast-product-tabs-layout-distributed","15":"first","16":"instock","17":"sale","18":"taxable","19":"shipping-taxable","20":"purchasable","21":"product-type-composite"},"composite_virtual":false,"composite_layout":"paged-componentized","composite_add_to_cart_form_location":"default","composite_editable_in_cart":false,"composite_sold_individually_context":"product","composite_shop_price_calc":"min_max","composite_components":[{"id":"1756122474","title":"Wild&amp;Mild Base Shield b\u0101zes laka","description":"","query_type":"product_ids","query_ids":[34545],"default_option_id":34545,"thumbnail_id":"","thumbnail_src":"","quantity_min":1,"quantity_max":1,"priced_individually":false,"shipped_individually":false,"optional":false,"discount":15,"options_style":"dropdowns","pagination_style":"classic","display_prices":"hidden","show_sorting_options":false,"show_filtering_options":false,"attribute_filter_ids":[],"select_action":"view","product_title_visible":true,"product_descr_visible":false,"product_price_visible":true,"product_thumb_visible":true,"subtotal_visible_product":true,"subtotal_visible_cart":true,"subtotal_visible_orders":true},{"id":"1756122475","title":"Wild&amp;Mild Extreme Shine virslaka","description":"","query_type":"product_ids","query_ids":[34537],"default_option_id":34537,"thumbnail_id":"","thumbnail_src":"","quantity_min":1,"quantity_max":1,"priced_individually":false,"shipped_individually":false,"optional":false,"discount":15,"options_style":"dropdowns","pagination_style":"classic","display_prices":"relative","show_sorting_options":false,"show_filtering_options":false,"attribute_filter_ids":[],"select_action":"view","product_title_visible":true,"product_descr_visible":false,"product_price_visible":true,"product_thumb_visible":true,"subtotal_visible_product":true,"subtotal_visible_cart":true,"subtotal_visible_orders":true},{"id":"1756122531","title":"Wild&amp;Mild Nail Beauty Oil","description":"","query_type":"product_ids","query_ids":[34533],"default_option_id":34533,"thumbnail_id":"","thumbnail_src":"","quantity_min":1,"quantity_max":1,"priced_individually":false,"shipped_individually":false,"optional":false,"discount":15,"options_style":"dropdowns","pagination_style":"classic","display_prices":"relative","show_sorting_options":false,"show_filtering_options":false,"attribute_filter_ids":[],"select_action":"view","product_title_visible":true,"product_descr_visible":false,"product_price_visible":true,"product_thumb_visible":true,"subtotal_visible_product":true,"subtotal_visible_cart":true,"subtotal_visible_orders":true}],"composite_scenarios":[],"jetpack_sharing_enabled":true,"_links":{"self":[{"href":"https:\/\/stikily.ee\/lv\/wp-json\/wp\/v2\/product\/46028","targetHints":{"allow":["GET"]}}],"collection":[{"href":"https:\/\/stikily.ee\/lv\/wp-json\/wp\/v2\/product"}],"about":[{"href":"https:\/\/stikily.ee\/lv\/wp-json\/wp\/v2\/types\/product"}],"replies":[{"embeddable":true,"href":"https:\/\/stikily.ee\/lv\/wp-json\/wp\/v2\/comments?post=46028"}],"wp:featuredmedia":[{"embeddable":true,"href":"https:\/\/stikily.ee\/lv\/wp-json\/wp\/v2\/media\/46029"}],"wp:attachment":[{"href":"https:\/\/stikily.ee\/lv\/wp-json\/wp\/v2\/media?parent=46028"}],"wp:term":[{"taxonomy":"product_brand","embeddable":true,"href":"https:\/\/stikily.ee\/lv\/wp-json\/wp\/v2\/product_brand?post=46028"},{"taxonomy":"product_cat","embeddable":true,"href":"https:\/\/stikily.ee\/lv\/wp-json\/wp\/v2\/product_cat?post=46028"},{"taxonomy":"product_tag","embeddable":true,"href":"https:\/\/stikily.ee\/lv\/wp-json\/wp\/v2\/product_tag?post=46028"}],"curies":[{"name":"wp","href":"https:\/\/api.w.org\/{rel}","templated":true}]}}