{"id":35057,"date":"2025-06-16T16:13:42","date_gmt":"2025-06-16T13:13:42","guid":{"rendered":""},"modified":"2026-03-24T13:10:03","modified_gmt":"2026-03-24T11:10:03","slug":"purple","status":"publish","type":"product","link":"https:\/\/stikily.ee\/lv\/toode\/purple\/","title":{"rendered":"Violets"},"content":{"rendered":"","protected":false},"excerpt":{"rendered":"<p>Nagu lakas uzl\u012bmes ir \u0113rta alternat\u012bva nagu lakai! Uzl\u012bmes ir izgatavotas no parastas nagu lakas un ir viegli uzl\u012bm\u0113jamas uz nagiem. Uzkl\u0101\u0161ana ir pavisam vienk\u0101r\u0161a \u2013 tev vajadz\u0113s tikai nagu v\u012bl\u012bti un nedaudz koncentr\u0113\u0161an\u0101s! <\/p>\n","protected":false},"featured_media":46265,"comment_status":"open","ping_status":"closed","template":"","meta":{"site-sidebar-layout":"default","site-content-layout":"","ast-site-content-layout":"default","site-content-style":"default","site-sidebar-style":"default","ast-global-header-display":"","ast-banner-title-visibility":"","ast-main-header-display":"","ast-hfb-above-header-display":"","ast-hfb-below-header-display":"","ast-hfb-mobile-header-display":"","site-post-title":"","ast-breadcrumbs-content":"","ast-featured-img":"","footer-sml-layout":"","ast-disable-related-posts":"","theme-transparent-header-meta":"default","adv-header-id-meta":"","stick-header-meta":"","header-above-stick-meta":"","header-main-stick-meta":"","header-below-stick-meta":"","astra-migrate-meta-layouts":"default","ast-page-background-enabled":"default","ast-page-background-meta":{"desktop":{"background-color":"","background-image":"","background-repeat":"repeat","background-position":"center center","background-size":"auto","background-attachment":"scroll","background-type":"","background-media":"","overlay-type":"","overlay-color":"","overlay-opacity":"","overlay-gradient":""},"tablet":{"background-color":"","background-image":"","background-repeat":"repeat","background-position":"center center","background-size":"auto","background-attachment":"scroll","background-type":"","background-media":"","overlay-type":"","overlay-color":"","overlay-opacity":"","overlay-gradient":""},"mobile":{"background-color":"","background-image":"","background-repeat":"repeat","background-position":"center center","background-size":"auto","background-attachment":"scroll","background-type":"","background-media":"","overlay-type":"","overlay-color":"","overlay-opacity":"","overlay-gradient":""}},"ast-content-background-meta":{"desktop":{"background-color":"var(--ast-global-color-5)","background-image":"","background-repeat":"repeat","background-position":"center center","background-size":"auto","background-attachment":"scroll","background-type":"","background-media":"","overlay-type":"","overlay-color":"","overlay-opacity":"","overlay-gradient":""},"tablet":{"background-color":"var(--ast-global-color-5)","background-image":"","background-repeat":"repeat","background-position":"center center","background-size":"auto","background-attachment":"scroll","background-type":"","background-media":"","overlay-type":"","overlay-color":"","overlay-opacity":"","overlay-gradient":""},"mobile":{"background-color":"var(--ast-global-color-5)","background-image":"","background-repeat":"repeat","background-position":"center center","background-size":"auto","background-attachment":"scroll","background-type":"","background-media":"","overlay-type":"","overlay-color":"","overlay-opacity":"","overlay-gradient":""}}},"product_brand":[],"product_cat":[781,750,727,684,800],"product_tag":[],"class_list":{"0":"post-35057","1":"product","2":"type-product","3":"status-publish","4":"has-post-thumbnail","6":"product_cat-ombre","7":"product_cat-jaunumi-","8":"product_cat-mirdzumi","9":"product_cat-nagu-lakas-uzlimes-2","10":"product_cat-vasara","11":"desktop-align-center","12":"tablet-align-center","13":"mobile-align-center","14":"ast-product-gallery-layout-vertical","15":"ast-magnify-disabled","16":"ast-product-tabs-layout-distributed","18":"first","19":"instock","20":"taxable","21":"shipping-taxable","22":"purchasable","23":"product-type-simple"},"composite_virtual":false,"composite_layout":"","composite_add_to_cart_form_location":"","composite_editable_in_cart":false,"composite_sold_individually_context":"","composite_shop_price_calc":"","composite_components":[],"composite_scenarios":[],"jetpack_sharing_enabled":true,"_links":{"self":[{"href":"https:\/\/stikily.ee\/lv\/wp-json\/wp\/v2\/product\/35057","targetHints":{"allow":["GET"]}}],"collection":[{"href":"https:\/\/stikily.ee\/lv\/wp-json\/wp\/v2\/product"}],"about":[{"href":"https:\/\/stikily.ee\/lv\/wp-json\/wp\/v2\/types\/product"}],"replies":[{"embeddable":true,"href":"https:\/\/stikily.ee\/lv\/wp-json\/wp\/v2\/comments?post=35057"}],"wp:featuredmedia":[{"embeddable":true,"href":"https:\/\/stikily.ee\/lv\/wp-json\/wp\/v2\/media\/46265"}],"wp:attachment":[{"href":"https:\/\/stikily.ee\/lv\/wp-json\/wp\/v2\/media?parent=35057"}],"wp:term":[{"taxonomy":"product_brand","embeddable":true,"href":"https:\/\/stikily.ee\/lv\/wp-json\/wp\/v2\/product_brand?post=35057"},{"taxonomy":"product_cat","embeddable":true,"href":"https:\/\/stikily.ee\/lv\/wp-json\/wp\/v2\/product_cat?post=35057"},{"taxonomy":"product_tag","embeddable":true,"href":"https:\/\/stikily.ee\/lv\/wp-json\/wp\/v2\/product_tag?post=35057"}],"curies":[{"name":"wp","href":"https:\/\/api.w.org\/{rel}","templated":true}]}}