{"id":34961,"date":"2024-08-26T14:37:32","date_gmt":"2024-08-26T11:37:32","guid":{"rendered":""},"modified":"2026-03-24T13:07:04","modified_gmt":"2026-03-24T11:07:04","slug":"bite-blocker-kuunte-narimisvastase-hooldusega-pliiats-wildmild-5ml","status":"publish","type":"product","link":"https:\/\/stikily.ee\/lv\/toode\/bite-blocker-kuunte-narimisvastase-hooldusega-pliiats-wildmild-5ml\/","title":{"rendered":"Bite Blocker \u2013 z\u012bmulis pret nagu grau\u0161anu Wild&amp;Mild 5 ml"},"content":{"rendered":"<p>LIETO\u0160ANAS PAM\u0100C\u012aBA:<\/p>\n<p>Pagriez z\u012bmuli pa labi, lai izspiestu produktu.<br \/>\nUzkl\u0101j produktu uz t\u012briem nagiem, uzkl\u0101jot vienu vai divas k\u0101rtas katru dienu, l\u012bdz nagu grau\u0161ana beidzas.<br \/>\nVar izmantot ar\u012b k\u0101 virsk\u0101rtu. Uzkl\u0101j vienu k\u0101rtu virs savas kr\u0101sain\u0101s lakas katru dienu, l\u012bdz nagu grau\u0161ana beidzas.<br \/>\nLieto regul\u0101ri, lai sasniegtu lab\u0101kos rezult\u0101tus. <\/p>\n<p>KOP\u0160ANA: Uzglab\u0101 v\u0113s\u0101, saus\u0101 viet\u0101, sarg\u0101jot no saules gaismas.<\/p>\n","protected":false},"excerpt":{"rendered":"<p>Wild&amp;Mild \u201cBite Blocker\u201d \u2013 aizsardz\u012bba pret nagu grau\u0161anu!<\/p>\n<p>Iepaz\u012bstin\u0101m ar Wild&amp;Mild \u201cBite Blocker\u201d \u2013 izcils risin\u0101jums, kas pal\u012bdz\u0113s tev atbr\u012bvoties no nagu un kutikulu grau\u0161anas ieraduma. \u0160is inovat\u012bvais \u201cdivi vien\u0101\u201d kop\u0161anas l\u012bdzeklis ne tikai veicina nagu aug\u0161anu, bet ar\u012b attur no grau\u0161anas ar efekt\u012bvu, r\u016bgtu gar\u0161u, nodro\u0161inot, ka tavi nagi paliek veseli un stipri. <\/p>\n<p><strong>Galven\u0101s funkcijas:<\/strong><\/p>\n<ul>\n<li><strong>R\u016bgta gar\u0161a, kas attur:<\/strong> \u201cBite Blocker\u201d sast\u0101v\u0101 ir denatonija benzo\u0101ts, kas ir paz\u012bstams ar savu dro\u0161o, bet intens\u012bvi r\u016bgto gar\u0161u, kas efekt\u012bvi nov\u0113r\u0161 nagu un kutikulu grau\u0161anu.<\/li>\n<li><strong>Antiseptiska aizsardz\u012bba<\/strong>: pievienotais bezmar\u017eas \u0137iploku ekstrakts nodro\u0161ina antiseptiskas \u012bpa\u0161\u012bbas, aizsarg\u0101jot nagus bez nepat\u012bkama arom\u0101ta.<\/li>\n<li><strong>Barojo\u0161s un atjaunojo\u0161s<\/strong>: bag\u0101tin\u0101ts ar E vitam\u012bnu un kalcija pantoten\u0101tu, \u0161is kop\u0161anas l\u012bdzeklis nomierina un mitrina nagus, atjaunojot to elast\u012bbu un saglab\u0101jot tos veselus un stiprus.<\/li>\n<li><strong>Uzlabota nagu kop\u0161ana<\/strong>: sast\u0101vs bez nitrocelulozes uzlabo nagu iztur\u012bbu un \u017e\u016b\u0161anas \u0101trumu, nodro\u0161inot vienm\u0113r\u012bgu un efekt\u012bvu uzkl\u0101\u0161anu katru reizi.<\/li>\n<li><strong>Caursp\u012bd\u012bgs sast\u0101vs<\/strong>: caursp\u012bd\u012bgais sast\u0101vs uz \u0161\u0137\u012bdin\u0101t\u0101ja b\u0101zes \u013cauj to izmantot daudzveid\u012bgi \u2013 gan uz t\u012briem nagiem, gan k\u0101 virsk\u0101rtu tavai m\u012b\u013c\u0101kajai kr\u0101sainajai lakai.<\/li>\n<li><strong>\u0112tiska skaistumkop\u0161ana<\/strong>: t\u0101pat k\u0101 visi m\u016bsu produkti, ar\u012b \u201cBite Blocker\u201d ir veg\u0101nisks un nav test\u0113ts uz dz\u012bvniekiem, atspogu\u013cojot m\u016bsu ap\u0146em\u0161anos iev\u0113rot \u0113tisku un atbild\u012bgu skaistumkop\u0161anas praksi.<\/li>\n<\/ul>\n<p>Ar Wild&amp;Mild \u201cBite Blocker\u201d tu vari dro\u0161i c\u012bn\u012bties ar nagu grau\u0161anas ieradumu, vienlaikus veicinot nagu aug\u0161anu un vesel\u012bbu. Pacel savu nagu kop\u0161anas rut\u012bnu jaun\u0101 l\u012bmen\u012b un baudi nagus, kas ir ne tikai skaisti, bet ar\u012b br\u012bvi no kait\u012bgiem ieradumiem. <\/p>\n<p>&nbsp;<\/p>\n","protected":false},"featured_media":45629,"comment_status":"open","ping_status":"closed","template":"","meta":{"site-sidebar-layout":"default","site-content-layout":"","ast-site-content-layout":"default","site-content-style":"default","site-sidebar-style":"default","ast-global-header-display":"","ast-banner-title-visibility":"","ast-main-header-display":"","ast-hfb-above-header-display":"","ast-hfb-below-header-display":"","ast-hfb-mobile-header-display":"","site-post-title":"","ast-breadcrumbs-content":"","ast-featured-img":"","footer-sml-layout":"","ast-disable-related-posts":"","theme-transparent-header-meta":"default","adv-header-id-meta":"","stick-header-meta":"","header-above-stick-meta":"","header-main-stick-meta":"","header-below-stick-meta":"","astra-migrate-meta-layouts":"default","ast-page-background-enabled":"default","ast-page-background-meta":{"desktop":{"background-color":"","background-image":"","background-repeat":"repeat","background-position":"center center","background-size":"auto","background-attachment":"scroll","background-type":"","background-media":"","overlay-type":"","overlay-color":"","overlay-opacity":"","overlay-gradient":""},"tablet":{"background-color":"","background-image":"","background-repeat":"repeat","background-position":"center center","background-size":"auto","background-attachment":"scroll","background-type":"","background-media":"","overlay-type":"","overlay-color":"","overlay-opacity":"","overlay-gradient":""},"mobile":{"background-color":"","background-image":"","background-repeat":"repeat","background-position":"center center","background-size":"auto","background-attachment":"scroll","background-type":"","background-media":"","overlay-type":"","overlay-color":"","overlay-opacity":"","overlay-gradient":""}},"ast-content-background-meta":{"desktop":{"background-color":"var(--ast-global-color-5)","background-image":"","background-repeat":"repeat","background-position":"center center","background-size":"auto","background-attachment":"scroll","background-type":"","background-media":"","overlay-type":"","overlay-color":"","overlay-opacity":"","overlay-gradient":""},"tablet":{"background-color":"var(--ast-global-color-5)","background-image":"","background-repeat":"repeat","background-position":"center center","background-size":"auto","background-attachment":"scroll","background-type":"","background-media":"","overlay-type":"","overlay-color":"","overlay-opacity":"","overlay-gradient":""},"mobile":{"background-color":"var(--ast-global-color-5)","background-image":"","background-repeat":"repeat","background-position":"center center","background-size":"auto","background-attachment":"scroll","background-type":"","background-media":"","overlay-type":"","overlay-color":"","overlay-opacity":"","overlay-gradient":""}}},"product_brand":[],"product_cat":[891],"product_tag":[],"class_list":{"0":"post-34961","1":"product","2":"type-product","3":"status-publish","4":"has-post-thumbnail","6":"product_cat-nagu-kopsana","7":"desktop-align-center","8":"tablet-align-center","9":"mobile-align-center","10":"ast-product-gallery-layout-vertical","11":"ast-magnify-disabled","12":"ast-product-tabs-layout-distributed","14":"first","15":"outofstock","16":"taxable","17":"shipping-taxable","18":"purchasable","19":"product-type-simple"},"composite_virtual":false,"composite_layout":"","composite_add_to_cart_form_location":"","composite_editable_in_cart":false,"composite_sold_individually_context":"","composite_shop_price_calc":"","composite_components":[],"composite_scenarios":[],"jetpack_sharing_enabled":true,"_links":{"self":[{"href":"https:\/\/stikily.ee\/lv\/wp-json\/wp\/v2\/product\/34961","targetHints":{"allow":["GET"]}}],"collection":[{"href":"https:\/\/stikily.ee\/lv\/wp-json\/wp\/v2\/product"}],"about":[{"href":"https:\/\/stikily.ee\/lv\/wp-json\/wp\/v2\/types\/product"}],"replies":[{"embeddable":true,"href":"https:\/\/stikily.ee\/lv\/wp-json\/wp\/v2\/comments?post=34961"}],"wp:featuredmedia":[{"embeddable":true,"href":"https:\/\/stikily.ee\/lv\/wp-json\/wp\/v2\/media\/45629"}],"wp:attachment":[{"href":"https:\/\/stikily.ee\/lv\/wp-json\/wp\/v2\/media?parent=34961"}],"wp:term":[{"taxonomy":"product_brand","embeddable":true,"href":"https:\/\/stikily.ee\/lv\/wp-json\/wp\/v2\/product_brand?post=34961"},{"taxonomy":"product_cat","embeddable":true,"href":"https:\/\/stikily.ee\/lv\/wp-json\/wp\/v2\/product_cat?post=34961"},{"taxonomy":"product_tag","embeddable":true,"href":"https:\/\/stikily.ee\/lv\/wp-json\/wp\/v2\/product_tag?post=34961"}],"curies":[{"name":"wp","href":"https:\/\/api.w.org\/{rel}","templated":true}]}}