{"id":34957,"date":"2024-08-26T14:31:02","date_gmt":"2024-08-26T11:31:02","guid":{"rendered":""},"modified":"2026-03-24T13:07:12","modified_gmt":"2026-03-24T11:07:12","slug":"probiotic-shield-kuune-mikrofloorat-kaitseva-hoolduse-pliiats-wildmild-5ml","status":"publish","type":"product","link":"https:\/\/stikily.ee\/lv\/toode\/probiotic-shield-kuune-mikrofloorat-kaitseva-hoolduse-pliiats-wildmild-5ml\/","title":{"rendered":"Probiotic Shield \u2013 nagu mikrofloru aizsarg\u0101jo\u0161s kop\u0161anas z\u012bmulis Wild&amp;Mild 5 ml"},"content":{"rendered":"","protected":false},"excerpt":{"rendered":"<p>Iepaz\u012bstin\u0101m ar Wild&amp;Mild \u201eProbiotic Shield\u201c \u2013 atsl\u0113gu nagu aizsardz\u012bbai un baro\u0161anai! \u0160is inovat\u012bvais nagu kop\u0161anas l\u012bdzeklis ir r\u016bp\u012bgi bag\u0101tin\u0101ts ar ferment\u0113t\u0101m probiotik\u0101m, nodro\u0161inot, ka tavi nagi sa\u0146em peln\u012bto kop\u0161anu un k\u013c\u016bst iztur\u012bg\u0101ki un stipr\u0101ki. <\/p>\n<p><strong>Galven\u0101s funkcijas:<\/strong><\/p>\n<ul>\n<li><strong>Probiotiku sp\u0113ks:<\/strong> \u201eProbiotic Shield\u201c ir bag\u0101tin\u0101ts ar sp\u0113c\u012bgu probiotiku kompleksu, tostarp kef\u012bra un sp\u0113c\u012bg\u0101m laktobaci\u013cu izcelsmes probiotik\u0101m, kas atbalsta un saglab\u0101 tavu nagu dabisko vesel\u012bbu.<\/li>\n<li><strong>Virsmas atjauno\u0161ana un mitrin\u0101\u0161ana:<\/strong> AHA (alfahidroksisk\u0101be) un divu PHA (polihidroksisk\u0101be) saturo\u0161ais eliks\u012brs ne tikai atjauno un stiprina tavus nagus, bet ar\u012b nodro\u0161ina dzi\u013cu mitrin\u0101\u0161anu, padarot nagus gludus, stiprus un labi pabarotus.<\/li>\n<li><strong>Mitruma saglab\u0101\u0161ana:<\/strong> Ar pantenolu un glicer\u012bnu bag\u0101tin\u0101tais \u201eProbiotic Shield\u201c iesl\u0113dz mitrumu, uzturot tavus nagus mitrin\u0101tus un veselus katr\u0101 lieto\u0161anas reiz\u0113.<\/li>\n<li><strong>Unik\u0101la tekst\u016bra un arom\u0101ts:<\/strong> Izbaudi gai\u0161i paste\u013coran\u017eo \u016bdens g\u0113la tekst\u016bru, kas sniedz vizu\u0101li paman\u0101mu izskatu, kop\u0101 ar maigu apriko\u017eu arom\u0101tu, kas iepriecin\u0101s tavas ma\u0146as.<\/li>\n<li><strong>\u0112tiska skaistumkop\u0161ana:<\/strong> M\u0113s lepojamies ar savu veg\u0101nisko un dz\u012bvniekiem draudz\u012bgo sast\u0101vu, kas atspogu\u013co m\u016bsu ap\u0146em\u0161anos pied\u0101v\u0101t \u0113tisku skaistumkop\u0161anu, kas saskan ar tav\u0101m v\u0113rt\u012bb\u0101m.<\/li>\n<\/ul>\n<p>Ar Wild&amp;Mild \u201eProbiotic Shield\u201c tu k\u013c\u016bsti par da\u013cu no revolucion\u0101ras nagu kop\u0161anas rut\u012bnas, kas stiprina un baro tavus nagus, atkl\u0101jot to dabisko sp\u0113ku un skaistumu. Pacel savu nagu kop\u0161anu jaun\u0101 l\u012bmen\u012b un izbaudi nagus, kas ir aizsarg\u0101ti, veseli un iztur\u012bgi katr\u0101 lieto\u0161anas reiz\u0113. <\/p>\n","protected":false},"featured_media":45649,"comment_status":"open","ping_status":"closed","template":"","meta":{"site-sidebar-layout":"default","site-content-layout":"","ast-site-content-layout":"default","site-content-style":"default","site-sidebar-style":"default","ast-global-header-display":"","ast-banner-title-visibility":"","ast-main-header-display":"","ast-hfb-above-header-display":"","ast-hfb-below-header-display":"","ast-hfb-mobile-header-display":"","site-post-title":"","ast-breadcrumbs-content":"","ast-featured-img":"","footer-sml-layout":"","ast-disable-related-posts":"","theme-transparent-header-meta":"default","adv-header-id-meta":"","stick-header-meta":"","header-above-stick-meta":"","header-main-stick-meta":"","header-below-stick-meta":"","astra-migrate-meta-layouts":"default","ast-page-background-enabled":"default","ast-page-background-meta":{"desktop":{"background-color":"","background-image":"","background-repeat":"repeat","background-position":"center center","background-size":"auto","background-attachment":"scroll","background-type":"","background-media":"","overlay-type":"","overlay-color":"","overlay-opacity":"","overlay-gradient":""},"tablet":{"background-color":"","background-image":"","background-repeat":"repeat","background-position":"center center","background-size":"auto","background-attachment":"scroll","background-type":"","background-media":"","overlay-type":"","overlay-color":"","overlay-opacity":"","overlay-gradient":""},"mobile":{"background-color":"","background-image":"","background-repeat":"repeat","background-position":"center center","background-size":"auto","background-attachment":"scroll","background-type":"","background-media":"","overlay-type":"","overlay-color":"","overlay-opacity":"","overlay-gradient":""}},"ast-content-background-meta":{"desktop":{"background-color":"var(--ast-global-color-5)","background-image":"","background-repeat":"repeat","background-position":"center center","background-size":"auto","background-attachment":"scroll","background-type":"","background-media":"","overlay-type":"","overlay-color":"","overlay-opacity":"","overlay-gradient":""},"tablet":{"background-color":"var(--ast-global-color-5)","background-image":"","background-repeat":"repeat","background-position":"center center","background-size":"auto","background-attachment":"scroll","background-type":"","background-media":"","overlay-type":"","overlay-color":"","overlay-opacity":"","overlay-gradient":""},"mobile":{"background-color":"var(--ast-global-color-5)","background-image":"","background-repeat":"repeat","background-position":"center center","background-size":"auto","background-attachment":"scroll","background-type":"","background-media":"","overlay-type":"","overlay-color":"","overlay-opacity":"","overlay-gradient":""}}},"product_brand":[],"product_cat":[891],"product_tag":[],"class_list":{"0":"post-34957","1":"product","2":"type-product","3":"status-publish","4":"has-post-thumbnail","6":"product_cat-nagu-kopsana","7":"desktop-align-center","8":"tablet-align-center","9":"mobile-align-center","10":"ast-product-gallery-layout-vertical","11":"ast-magnify-disabled","12":"ast-product-tabs-layout-distributed","14":"first","15":"instock","16":"taxable","17":"shipping-taxable","18":"purchasable","19":"product-type-simple"},"composite_virtual":false,"composite_layout":"","composite_add_to_cart_form_location":"","composite_editable_in_cart":false,"composite_sold_individually_context":"","composite_shop_price_calc":"","composite_components":[],"composite_scenarios":[],"jetpack_sharing_enabled":true,"_links":{"self":[{"href":"https:\/\/stikily.ee\/lv\/wp-json\/wp\/v2\/product\/34957","targetHints":{"allow":["GET"]}}],"collection":[{"href":"https:\/\/stikily.ee\/lv\/wp-json\/wp\/v2\/product"}],"about":[{"href":"https:\/\/stikily.ee\/lv\/wp-json\/wp\/v2\/types\/product"}],"replies":[{"embeddable":true,"href":"https:\/\/stikily.ee\/lv\/wp-json\/wp\/v2\/comments?post=34957"}],"wp:featuredmedia":[{"embeddable":true,"href":"https:\/\/stikily.ee\/lv\/wp-json\/wp\/v2\/media\/45649"}],"wp:attachment":[{"href":"https:\/\/stikily.ee\/lv\/wp-json\/wp\/v2\/media?parent=34957"}],"wp:term":[{"taxonomy":"product_brand","embeddable":true,"href":"https:\/\/stikily.ee\/lv\/wp-json\/wp\/v2\/product_brand?post=34957"},{"taxonomy":"product_cat","embeddable":true,"href":"https:\/\/stikily.ee\/lv\/wp-json\/wp\/v2\/product_cat?post=34957"},{"taxonomy":"product_tag","embeddable":true,"href":"https:\/\/stikily.ee\/lv\/wp-json\/wp\/v2\/product_tag?post=34957"}],"curies":[{"name":"wp","href":"https:\/\/api.w.org\/{rel}","templated":true}]}}