{"id":34949,"date":"2024-08-26T14:18:07","date_gmt":"2024-08-26T11:18:07","guid":{"rendered":""},"modified":"2026-03-24T13:07:12","modified_gmt":"2026-03-24T11:07:12","slug":"nail-growth-spa-kuunekasvu-kiirendav-pliiats-wildmild-5ml","status":"publish","type":"product","link":"https:\/\/stikily.ee\/lv\/toode\/nail-growth-spa-kuunekasvu-kiirendav-pliiats-wildmild-5ml\/","title":{"rendered":"Nail Growth Spa \u2013 nagu aug\u0161anu veicino\u0161s z\u012bmulis Wild&amp;Mild 5 ml"},"content":{"rendered":"<p><strong>LIETO\u0160ANAS INSTRUKCIJA:<\/strong><\/p>\n<ol>\n<li>Pagriez z\u012bmuli pa labi, lai atbr\u012bvotu produktu.<\/li>\n<li>Uzkl\u0101j produktu ar oti\u0146u tie\u0161i uz t\u012briem nagiem un zem nagu galiem.<\/li>\n<li>Maigi iemas\u0113, lai nodro\u0161in\u0101tu lab\u0101ku uzs\u016bk\u0161anos. Ja nepiecie\u0161ams, atk\u0101rto. <\/li>\n<li>Lieto regul\u0101ri, lai sasniegtu lab\u0101kos rezult\u0101tus.<\/li>\n<\/ol>\n<p><strong>KOP\u0160ANA:<\/strong> Uzglab\u0101 v\u0113s\u0101, saus\u0101 viet\u0101, prom no saules gaismas.<\/p>\n<p><strong>TILPUMS:<\/strong> 5 ml<\/p>\n<p><strong>BR\u012aDIN\u0100JUMS:<\/strong> Izvairies no nagu lakas uzkl\u0101\u0161anas t\u016bl\u012bt p\u0113c lieto\u0161anas. Pirms nagu lakas uzkl\u0101\u0161anas p\u0101rliecinies, ka rokas ir t\u012bras. Uzglab\u0101 b\u0113rniem nepieejam\u0101 viet\u0101.  <\/p>\n","protected":false},"excerpt":{"rendered":"<p>Wild&amp;Mild \u201eNail Growth Spa\u201c \u2013 nosl\u0113pums stipr\u0101kiem un vesel\u012bg\u0101kiem nagiem!<\/p>\n<p>Iepaz\u012bstin\u0101m ar Wild&amp;Mild \u201eNail Growth Spa\u201c \u2013 serumu, kas rad\u012bts \u012bsu un v\u0101ju nagu kop\u0161anai un stiprin\u0101\u0161anai. \u0160is inovat\u012bvais sast\u0101vs bez parab\u0113niem, kas veidots no dab\u012bg\u0101m sast\u0101vda\u013c\u0101m, veicina nagu aug\u0161anu un atdz\u012bvina tos, nodro\u0161inot taviem nagiem vislab\u0101ko kop\u0161anu. <\/p>\n<p><strong>Galven\u0101s funkcijas:<\/strong><\/p>\n<ul>\n<li><strong>Nagu stiprin\u0101\u0161ana:<\/strong> \u201eNail Growth Spa\u201c serums ir \u012bpa\u0161i izstr\u0101d\u0101ts v\u0101ju nagu stiprin\u0101\u0161anai, pal\u012bdzot tiem laika gait\u0101 k\u013c\u016bt stipr\u0101kiem un vesel\u012bg\u0101kiem.<\/li>\n<li><strong>\u0100tri uzs\u016bco\u0161a \u017eeleja:<\/strong> Uz \u016bdens b\u0101zes veidota un \u0101tri uzs\u016bco\u0161a \u017eeleja \u0101tri kopj nagus, padarot tos labi pabarotus bez taukain\u0101m paliek\u0101m.<\/li>\n<li><strong>Mitrino\u0161as mikrokapsul\u0113tas akt\u012bv\u0101s vielas:<\/strong> Ar mikrokapsul\u0113t\u0101m akt\u012bvaj\u0101m viel\u0101m bag\u0101tin\u0101tais serums izdala mitrino\u0161us vitam\u012bnus, kas dzi\u013ci mitrina nagus un kutikulas, nodro\u0161inot b\u016btiskas uzturvielas optim\u0101lai nagu vesel\u012bbai.<\/li>\n<li><strong>Antioksidantu aizsardz\u012bba:<\/strong> Ar uzturviel\u0101m bag\u0101tais sast\u0101vs nodro\u0161ina ar\u012b antioksidantu aizsardz\u012bbu, saglab\u0101jot tavus nagus un kutikulas m\u012bkstas, gludas un pasarg\u0101tas no vides stresoriem.<\/li>\n<li><strong>Maigs arom\u0101ts:<\/strong> Maigais ziedu arom\u0101ts padara tavu nagu kop\u0161anas rut\u012bnu par pat\u012bkamu pieredzi, pievienojot baud\u0101mu niansi katrai lieto\u0161anas reizei.<\/li>\n<li><strong>\u0112tiska skaistumkop\u0161ana:<\/strong> Uztic\u012bgs m\u016bsu v\u0113rt\u012bb\u0101m, \u201eNail Growth Spa\u201c ir veg\u0101nisks un br\u012bvs no cietsird\u012bbas, pied\u0101v\u0101jot efekt\u012bvu un \u0113tisku skaistumkop\u0161anas risin\u0101jumu.<\/li>\n<\/ul>\n<p>Wild&amp;Mild \u201eNail Growth Spa\u201c aicina tevi piedal\u012bties transform\u0113jo\u0161\u0101 nagu kop\u0161anas rut\u012bn\u0101, kas stiprina un kopj tavus nagus, atkl\u0101jot to dabisko skaistumu un iztur\u012bbu. Pacel savu nagu kop\u0161anu jaun\u0101 l\u012bmen\u012b un baudi nagus, kas ir ne tikai stipr\u0101ki, bet ar\u012b vesel\u012bg\u0101ki un mirdzo\u0161\u0101ki. <\/p>\n","protected":false},"featured_media":45648,"comment_status":"open","ping_status":"closed","template":"","meta":{"site-sidebar-layout":"default","site-content-layout":"","ast-site-content-layout":"default","site-content-style":"default","site-sidebar-style":"default","ast-global-header-display":"","ast-banner-title-visibility":"","ast-main-header-display":"","ast-hfb-above-header-display":"","ast-hfb-below-header-display":"","ast-hfb-mobile-header-display":"","site-post-title":"","ast-breadcrumbs-content":"","ast-featured-img":"","footer-sml-layout":"","ast-disable-related-posts":"","theme-transparent-header-meta":"default","adv-header-id-meta":"","stick-header-meta":"","header-above-stick-meta":"","header-main-stick-meta":"","header-below-stick-meta":"","astra-migrate-meta-layouts":"default","ast-page-background-enabled":"default","ast-page-background-meta":{"desktop":{"background-color":"","background-image":"","background-repeat":"repeat","background-position":"center center","background-size":"auto","background-attachment":"scroll","background-type":"","background-media":"","overlay-type":"","overlay-color":"","overlay-opacity":"","overlay-gradient":""},"tablet":{"background-color":"","background-image":"","background-repeat":"repeat","background-position":"center center","background-size":"auto","background-attachment":"scroll","background-type":"","background-media":"","overlay-type":"","overlay-color":"","overlay-opacity":"","overlay-gradient":""},"mobile":{"background-color":"","background-image":"","background-repeat":"repeat","background-position":"center center","background-size":"auto","background-attachment":"scroll","background-type":"","background-media":"","overlay-type":"","overlay-color":"","overlay-opacity":"","overlay-gradient":""}},"ast-content-background-meta":{"desktop":{"background-color":"var(--ast-global-color-5)","background-image":"","background-repeat":"repeat","background-position":"center center","background-size":"auto","background-attachment":"scroll","background-type":"","background-media":"","overlay-type":"","overlay-color":"","overlay-opacity":"","overlay-gradient":""},"tablet":{"background-color":"var(--ast-global-color-5)","background-image":"","background-repeat":"repeat","background-position":"center center","background-size":"auto","background-attachment":"scroll","background-type":"","background-media":"","overlay-type":"","overlay-color":"","overlay-opacity":"","overlay-gradient":""},"mobile":{"background-color":"var(--ast-global-color-5)","background-image":"","background-repeat":"repeat","background-position":"center center","background-size":"auto","background-attachment":"scroll","background-type":"","background-media":"","overlay-type":"","overlay-color":"","overlay-opacity":"","overlay-gradient":""}}},"product_brand":[],"product_cat":[891],"product_tag":[],"class_list":{"0":"post-34949","1":"product","2":"type-product","3":"status-publish","4":"has-post-thumbnail","6":"product_cat-nagu-kopsana","7":"desktop-align-center","8":"tablet-align-center","9":"mobile-align-center","10":"ast-product-gallery-layout-vertical","11":"ast-magnify-disabled","12":"ast-product-tabs-layout-distributed","14":"first","15":"instock","16":"taxable","17":"shipping-taxable","18":"purchasable","19":"product-type-simple"},"composite_virtual":false,"composite_layout":"","composite_add_to_cart_form_location":"","composite_editable_in_cart":false,"composite_sold_individually_context":"","composite_shop_price_calc":"","composite_components":[],"composite_scenarios":[],"jetpack_sharing_enabled":true,"_links":{"self":[{"href":"https:\/\/stikily.ee\/lv\/wp-json\/wp\/v2\/product\/34949","targetHints":{"allow":["GET"]}}],"collection":[{"href":"https:\/\/stikily.ee\/lv\/wp-json\/wp\/v2\/product"}],"about":[{"href":"https:\/\/stikily.ee\/lv\/wp-json\/wp\/v2\/types\/product"}],"replies":[{"embeddable":true,"href":"https:\/\/stikily.ee\/lv\/wp-json\/wp\/v2\/comments?post=34949"}],"wp:featuredmedia":[{"embeddable":true,"href":"https:\/\/stikily.ee\/lv\/wp-json\/wp\/v2\/media\/45648"}],"wp:attachment":[{"href":"https:\/\/stikily.ee\/lv\/wp-json\/wp\/v2\/media?parent=34949"}],"wp:term":[{"taxonomy":"product_brand","embeddable":true,"href":"https:\/\/stikily.ee\/lv\/wp-json\/wp\/v2\/product_brand?post=34949"},{"taxonomy":"product_cat","embeddable":true,"href":"https:\/\/stikily.ee\/lv\/wp-json\/wp\/v2\/product_cat?post=34949"},{"taxonomy":"product_tag","embeddable":true,"href":"https:\/\/stikily.ee\/lv\/wp-json\/wp\/v2\/product_tag?post=34949"}],"curies":[{"name":"wp","href":"https:\/\/api.w.org\/{rel}","templated":true}]}}