{"id":34941,"date":"2024-08-26T14:02:31","date_gmt":"2024-08-26T11:02:31","guid":{"rendered":""},"modified":"2026-03-24T13:07:20","modified_gmt":"2026-03-24T11:07:20","slug":"perfecto-kuunelaki-korrektuurpliiats-wildmild-5ml","status":"publish","type":"product","link":"https:\/\/stikily.ee\/lv\/toode\/perfecto-kuunelaki-korrektuurpliiats-wildmild-5ml\/","title":{"rendered":"Perfecto nagu lakas korektors-z\u012bmulis Wild&amp;Mild 5 ml"},"content":{"rendered":"","protected":false},"excerpt":{"rendered":"<p>Iepaz\u012bstin\u0101m ar Wild&amp;Mild \u201ePerfecto\u201d \u2013 izcilu r\u012bku nevainojamai nagu lakas kori\u0123\u0113\u0161anai ar precizit\u0101ti un vieglumu. \u0160is inovat\u012bvais z\u012bmu\u013ca dizains padara nagu lakas k\u013c\u016bdu labo\u0161anu par vienk\u0101r\u0161u un pat\u012bkamu procesu, nodro\u0161inot, ka tavi nagi vienm\u0113r izskat\u0101s lieliski. <\/p>\n<p>Galven\u0101s funkcijas:<\/p>\n<ul>\n<li>Prec\u012bza kori\u0123\u0113\u0161ana: M\u016bsu \u201ePerfecto\u201d z\u012bmulis \u013cauj labot nagu lakas k\u013c\u016bdas ar nepieredz\u0113tu precizit\u0101ti, katru reizi garant\u0113jot nevainojamu rezult\u0101tu.<\/li>\n<li>Saudz\u012bgs sast\u0101vs: Sast\u0101vs bez acetona ir saudz\u012bgs pret nagiem, nov\u0113r\u0161ot boj\u0101jumus un vienlaikus efekt\u012bvi izlabojot jebkuras k\u013c\u016bdas.<\/li>\n<li>Notur\u012bgs rezult\u0101ts: Izbaudi ilgsto\u0161u, pret izsm\u0113r\u0113\u0161anos notur\u012bgu kori\u0123\u0113\u0161anu ar \u201ePerfecto\u201d, padarot to par uzticamu biedru vis\u0101s tav\u0101s nagu kop\u0161anas gait\u0101s.<\/li>\n<li>Maigs arom\u0101ts: Z\u012bmulis ir bag\u0101tin\u0101ts ar maigu maijpu\u0137\u012b\u0161u smar\u017eu, kas ne tikai lieliski pilda savu funkciju, bet ar\u012b lieto\u0161anas laik\u0101 sniedz pat\u012bkamu arom\u0101tu.<\/li>\n<li>\u0112tiska skaistumkop\u0161ana: T\u0101pat k\u0101 visi m\u016bsu produkti, ar\u012b \u201ePerfecto\u201d ir veg\u0101nisks un nav test\u0113ts uz dz\u012bvniekiem, atbilstot m\u016bsu ap\u0146\u0113m\u012bbai iev\u0113rot \u0113tisku un atbild\u012bgu skaistumkop\u0161anas praksi.<\/li>\n<\/ul>\n<p>Ar Wild&amp;Mild \u201ePerfecto\u201d tu vari baud\u012bt bezr\u016bp\u012bgu nagu kop\u0161anas rut\u012bnu, kas nodro\u0161ina piln\u012bbu katr\u0101 lieto\u0161anas reiz\u0113.<\/p>\n","protected":false},"featured_media":45693,"comment_status":"open","ping_status":"closed","template":"","meta":{"site-sidebar-layout":"default","site-content-layout":"","ast-site-content-layout":"default","site-content-style":"default","site-sidebar-style":"default","ast-global-header-display":"","ast-banner-title-visibility":"","ast-main-header-display":"","ast-hfb-above-header-display":"","ast-hfb-below-header-display":"","ast-hfb-mobile-header-display":"","site-post-title":"","ast-breadcrumbs-content":"","ast-featured-img":"","footer-sml-layout":"","ast-disable-related-posts":"","theme-transparent-header-meta":"default","adv-header-id-meta":"","stick-header-meta":"","header-above-stick-meta":"","header-main-stick-meta":"","header-below-stick-meta":"","astra-migrate-meta-layouts":"default","ast-page-background-enabled":"default","ast-page-background-meta":{"desktop":{"background-color":"","background-image":"","background-repeat":"repeat","background-position":"center center","background-size":"auto","background-attachment":"scroll","background-type":"","background-media":"","overlay-type":"","overlay-color":"","overlay-opacity":"","overlay-gradient":""},"tablet":{"background-color":"","background-image":"","background-repeat":"repeat","background-position":"center center","background-size":"auto","background-attachment":"scroll","background-type":"","background-media":"","overlay-type":"","overlay-color":"","overlay-opacity":"","overlay-gradient":""},"mobile":{"background-color":"","background-image":"","background-repeat":"repeat","background-position":"center center","background-size":"auto","background-attachment":"scroll","background-type":"","background-media":"","overlay-type":"","overlay-color":"","overlay-opacity":"","overlay-gradient":""}},"ast-content-background-meta":{"desktop":{"background-color":"var(--ast-global-color-5)","background-image":"","background-repeat":"repeat","background-position":"center center","background-size":"auto","background-attachment":"scroll","background-type":"","background-media":"","overlay-type":"","overlay-color":"","overlay-opacity":"","overlay-gradient":""},"tablet":{"background-color":"var(--ast-global-color-5)","background-image":"","background-repeat":"repeat","background-position":"center center","background-size":"auto","background-attachment":"scroll","background-type":"","background-media":"","overlay-type":"","overlay-color":"","overlay-opacity":"","overlay-gradient":""},"mobile":{"background-color":"var(--ast-global-color-5)","background-image":"","background-repeat":"repeat","background-position":"center center","background-size":"auto","background-attachment":"scroll","background-type":"","background-media":"","overlay-type":"","overlay-color":"","overlay-opacity":"","overlay-gradient":""}}},"product_brand":[],"product_cat":[891],"product_tag":[],"class_list":{"0":"post-34941","1":"product","2":"type-product","3":"status-publish","4":"has-post-thumbnail","6":"product_cat-nagu-kopsana","7":"desktop-align-center","8":"tablet-align-center","9":"mobile-align-center","10":"ast-product-gallery-layout-vertical","11":"ast-magnify-disabled","12":"ast-product-tabs-layout-distributed","14":"first","15":"outofstock","16":"taxable","17":"shipping-taxable","18":"purchasable","19":"product-type-simple"},"composite_virtual":false,"composite_layout":"","composite_add_to_cart_form_location":"","composite_editable_in_cart":false,"composite_sold_individually_context":"","composite_shop_price_calc":"","composite_components":[],"composite_scenarios":[],"jetpack_sharing_enabled":true,"_links":{"self":[{"href":"https:\/\/stikily.ee\/lv\/wp-json\/wp\/v2\/product\/34941","targetHints":{"allow":["GET"]}}],"collection":[{"href":"https:\/\/stikily.ee\/lv\/wp-json\/wp\/v2\/product"}],"about":[{"href":"https:\/\/stikily.ee\/lv\/wp-json\/wp\/v2\/types\/product"}],"replies":[{"embeddable":true,"href":"https:\/\/stikily.ee\/lv\/wp-json\/wp\/v2\/comments?post=34941"}],"wp:featuredmedia":[{"embeddable":true,"href":"https:\/\/stikily.ee\/lv\/wp-json\/wp\/v2\/media\/45693"}],"wp:attachment":[{"href":"https:\/\/stikily.ee\/lv\/wp-json\/wp\/v2\/media?parent=34941"}],"wp:term":[{"taxonomy":"product_brand","embeddable":true,"href":"https:\/\/stikily.ee\/lv\/wp-json\/wp\/v2\/product_brand?post=34941"},{"taxonomy":"product_cat","embeddable":true,"href":"https:\/\/stikily.ee\/lv\/wp-json\/wp\/v2\/product_cat?post=34941"},{"taxonomy":"product_tag","embeddable":true,"href":"https:\/\/stikily.ee\/lv\/wp-json\/wp\/v2\/product_tag?post=34941"}],"curies":[{"name":"wp","href":"https:\/\/api.w.org\/{rel}","templated":true}]}}