{"id":34545,"date":"2023-09-23T11:57:41","date_gmt":"2023-09-23T08:57:41","guid":{"rendered":""},"modified":"2026-03-24T11:10:59","modified_gmt":"2026-03-24T09:10:59","slug":"base-shield-kuunepinda-uhtlustav-aluslakk-wm-12ml","status":"publish","type":"product","link":"https:\/\/stikily.ee\/lv\/toode\/base-shield-kuunepinda-uhtlustav-aluslakk-wm-12ml\/","title":{"rendered":"Base Shield \u2014 nagu virsmu izl\u012bdzino\u0161a b\u0101zes laka W&amp;M 12 ml"},"content":{"rendered":"","protected":false},"excerpt":{"rendered":"<p>Aizpilda nagu rievas un nosl\u0113pj nel\u012bdzenumus, pal\u012bdzot nagu lakai notur\u0113ties ilg\u0101k. Sast\u0101vs ar ro\u017eu un v\u012bnogu cilmes \u0161\u016bn\u0101m, k\u0101 ar\u012b E un C vitam\u012bnu pal\u012bdz nov\u0113rst nagu priek\u0161laic\u012bgu noveco\u0161anos. <\/p>\n","protected":false},"featured_media":43688,"comment_status":"open","ping_status":"closed","template":"","meta":{"site-sidebar-layout":"default","site-content-layout":"","ast-site-content-layout":"default","site-content-style":"default","site-sidebar-style":"default","ast-global-header-display":"","ast-banner-title-visibility":"","ast-main-header-display":"","ast-hfb-above-header-display":"","ast-hfb-below-header-display":"","ast-hfb-mobile-header-display":"","site-post-title":"","ast-breadcrumbs-content":"","ast-featured-img":"","footer-sml-layout":"","ast-disable-related-posts":"","theme-transparent-header-meta":"default","adv-header-id-meta":"","stick-header-meta":"","header-above-stick-meta":"","header-main-stick-meta":"","header-below-stick-meta":"","astra-migrate-meta-layouts":"default","ast-page-background-enabled":"default","ast-page-background-meta":{"desktop":{"background-color":"","background-image":"","background-repeat":"repeat","background-position":"center center","background-size":"auto","background-attachment":"scroll","background-type":"","background-media":"","overlay-type":"","overlay-color":"","overlay-opacity":"","overlay-gradient":""},"tablet":{"background-color":"","background-image":"","background-repeat":"repeat","background-position":"center center","background-size":"auto","background-attachment":"scroll","background-type":"","background-media":"","overlay-type":"","overlay-color":"","overlay-opacity":"","overlay-gradient":""},"mobile":{"background-color":"","background-image":"","background-repeat":"repeat","background-position":"center center","background-size":"auto","background-attachment":"scroll","background-type":"","background-media":"","overlay-type":"","overlay-color":"","overlay-opacity":"","overlay-gradient":""}},"ast-content-background-meta":{"desktop":{"background-color":"var(--ast-global-color-5)","background-image":"","background-repeat":"repeat","background-position":"center center","background-size":"auto","background-attachment":"scroll","background-type":"","background-media":"","overlay-type":"","overlay-color":"","overlay-opacity":"","overlay-gradient":""},"tablet":{"background-color":"var(--ast-global-color-5)","background-image":"","background-repeat":"repeat","background-position":"center center","background-size":"auto","background-attachment":"scroll","background-type":"","background-media":"","overlay-type":"","overlay-color":"","overlay-opacity":"","overlay-gradient":""},"mobile":{"background-color":"var(--ast-global-color-5)","background-image":"","background-repeat":"repeat","background-position":"center center","background-size":"auto","background-attachment":"scroll","background-type":"","background-media":"","overlay-type":"","overlay-color":"","overlay-opacity":"","overlay-gradient":""}}},"product_brand":[],"product_cat":[891],"product_tag":[],"class_list":{"0":"post-34545","1":"product","2":"type-product","3":"status-publish","4":"has-post-thumbnail","6":"product_cat-nagu-kopsana","7":"desktop-align-center","8":"tablet-align-center","9":"mobile-align-center","10":"ast-product-gallery-layout-vertical","11":"ast-product-gallery-with-no-image","12":"ast-magnify-disabled","13":"ast-product-tabs-layout-distributed","15":"first","16":"instock","17":"taxable","18":"shipping-taxable","19":"purchasable","20":"product-type-simple"},"composite_virtual":false,"composite_layout":"","composite_add_to_cart_form_location":"","composite_editable_in_cart":false,"composite_sold_individually_context":"","composite_shop_price_calc":"","composite_components":[],"composite_scenarios":[],"jetpack_sharing_enabled":true,"_links":{"self":[{"href":"https:\/\/stikily.ee\/lv\/wp-json\/wp\/v2\/product\/34545","targetHints":{"allow":["GET"]}}],"collection":[{"href":"https:\/\/stikily.ee\/lv\/wp-json\/wp\/v2\/product"}],"about":[{"href":"https:\/\/stikily.ee\/lv\/wp-json\/wp\/v2\/types\/product"}],"replies":[{"embeddable":true,"href":"https:\/\/stikily.ee\/lv\/wp-json\/wp\/v2\/comments?post=34545"}],"wp:featuredmedia":[{"embeddable":true,"href":"https:\/\/stikily.ee\/lv\/wp-json\/wp\/v2\/media\/43688"}],"wp:attachment":[{"href":"https:\/\/stikily.ee\/lv\/wp-json\/wp\/v2\/media?parent=34545"}],"wp:term":[{"taxonomy":"product_brand","embeddable":true,"href":"https:\/\/stikily.ee\/lv\/wp-json\/wp\/v2\/product_brand?post=34545"},{"taxonomy":"product_cat","embeddable":true,"href":"https:\/\/stikily.ee\/lv\/wp-json\/wp\/v2\/product_cat?post=34545"},{"taxonomy":"product_tag","embeddable":true,"href":"https:\/\/stikily.ee\/lv\/wp-json\/wp\/v2\/product_tag?post=34545"}],"curies":[{"name":"wp","href":"https:\/\/api.w.org\/{rel}","templated":true}]}}