{"id":34365,"date":"2023-06-20T15:12:02","date_gmt":"2023-06-20T12:12:02","guid":{"rendered":""},"modified":"2026-03-24T11:16:56","modified_gmt":"2026-03-24T09:16:56","slug":"theo","status":"publish","type":"product","link":"https:\/\/stikily.ee\/lv\/toode\/theo\/","title":{"rendered":"Theo"},"content":{"rendered":"","protected":false},"excerpt":{"rendered":"<p><strong>G\u0113llakas uzl\u012bmes k\u0101ju nagiem \u2013 revol\u016bcija nagu kop\u0161an\u0101!<\/strong><\/p>\n<p>G\u0113llakas uzl\u012bmes ir izgatavotas no g\u0113la lakas sast\u0101vda\u013c\u0101m, nevis plastmasas. T\u0101s ir dro\u0161as Taviem nagiem! Gatavais dizains tiek uzl\u012bm\u0113ts uz naga un nofiks\u0113ts ar UV lampu. G\u0113llakas uzl\u012bmes nodro\u0161ina lielisku rezult\u0101tu visu n\u0113s\u0101\u0161anas laiku, jo dizaina kr\u0101sa laika gait\u0101 neizbal\u0113.   <\/p>\n<p><strong>Iepakojum\u0101 ir 32 uzl\u012bmes, ar ko pietiek vismaz 2\u20133 pedik\u012bra reiz\u0113m<\/strong><\/p>\n","protected":false},"featured_media":45230,"comment_status":"open","ping_status":"closed","template":"","meta":{"site-sidebar-layout":"default","site-content-layout":"default","ast-site-content-layout":"default","site-content-style":"default","site-sidebar-style":"default","ast-global-header-display":"","ast-banner-title-visibility":"","ast-main-header-display":"","ast-hfb-above-header-display":"","ast-hfb-below-header-display":"","ast-hfb-mobile-header-display":"","site-post-title":"","ast-breadcrumbs-content":"","ast-featured-img":"","footer-sml-layout":"","ast-disable-related-posts":"","theme-transparent-header-meta":"default","adv-header-id-meta":"","stick-header-meta":"","header-above-stick-meta":"","header-main-stick-meta":"","header-below-stick-meta":"","astra-migrate-meta-layouts":"default","ast-page-background-enabled":"default","ast-page-background-meta":{"desktop":{"background-color":"","background-image":"","background-repeat":"repeat","background-position":"center center","background-size":"auto","background-attachment":"scroll","background-type":"","background-media":"","overlay-type":"","overlay-color":"","overlay-opacity":"","overlay-gradient":""},"tablet":{"background-color":"","background-image":"","background-repeat":"repeat","background-position":"center center","background-size":"auto","background-attachment":"scroll","background-type":"","background-media":"","overlay-type":"","overlay-color":"","overlay-opacity":"","overlay-gradient":""},"mobile":{"background-color":"","background-image":"","background-repeat":"repeat","background-position":"center center","background-size":"auto","background-attachment":"scroll","background-type":"","background-media":"","overlay-type":"","overlay-color":"","overlay-opacity":"","overlay-gradient":""}},"ast-content-background-meta":{"desktop":{"background-color":"var(--ast-global-color-5)","background-image":"","background-repeat":"repeat","background-position":"center center","background-size":"auto","background-attachment":"scroll","background-type":"","background-media":"","overlay-type":"","overlay-color":"","overlay-opacity":"","overlay-gradient":""},"tablet":{"background-color":"var(--ast-global-color-5)","background-image":"","background-repeat":"repeat","background-position":"center center","background-size":"auto","background-attachment":"scroll","background-type":"","background-media":"","overlay-type":"","overlay-color":"","overlay-opacity":"","overlay-gradient":""},"mobile":{"background-color":"var(--ast-global-color-5)","background-image":"","background-repeat":"repeat","background-position":"center center","background-size":"auto","background-attachment":"scroll","background-type":"","background-media":"","overlay-type":"","overlay-color":"","overlay-opacity":"","overlay-gradient":""}}},"product_brand":[],"product_cat":[904],"product_tag":[],"class_list":{"0":"post-34365","1":"product","2":"type-product","3":"status-publish","4":"has-post-thumbnail","6":"product_cat-gela-lakas-uzlimes-kaju-nagiem","7":"desktop-align-center","8":"tablet-align-center","9":"mobile-align-center","10":"ast-product-gallery-layout-vertical","11":"ast-magnify-disabled","12":"ast-product-tabs-layout-distributed","14":"first","15":"instock","16":"taxable","17":"shipping-taxable","18":"purchasable","19":"product-type-simple"},"composite_virtual":false,"composite_layout":"","composite_add_to_cart_form_location":"","composite_editable_in_cart":false,"composite_sold_individually_context":"","composite_shop_price_calc":"","composite_components":[],"composite_scenarios":[],"jetpack_sharing_enabled":true,"_links":{"self":[{"href":"https:\/\/stikily.ee\/lv\/wp-json\/wp\/v2\/product\/34365","targetHints":{"allow":["GET"]}}],"collection":[{"href":"https:\/\/stikily.ee\/lv\/wp-json\/wp\/v2\/product"}],"about":[{"href":"https:\/\/stikily.ee\/lv\/wp-json\/wp\/v2\/types\/product"}],"replies":[{"embeddable":true,"href":"https:\/\/stikily.ee\/lv\/wp-json\/wp\/v2\/comments?post=34365"}],"wp:featuredmedia":[{"embeddable":true,"href":"https:\/\/stikily.ee\/lv\/wp-json\/wp\/v2\/media\/45230"}],"wp:attachment":[{"href":"https:\/\/stikily.ee\/lv\/wp-json\/wp\/v2\/media?parent=34365"}],"wp:term":[{"taxonomy":"product_brand","embeddable":true,"href":"https:\/\/stikily.ee\/lv\/wp-json\/wp\/v2\/product_brand?post=34365"},{"taxonomy":"product_cat","embeddable":true,"href":"https:\/\/stikily.ee\/lv\/wp-json\/wp\/v2\/product_cat?post=34365"},{"taxonomy":"product_tag","embeddable":true,"href":"https:\/\/stikily.ee\/lv\/wp-json\/wp\/v2\/product_tag?post=34365"}],"curies":[{"name":"wp","href":"https:\/\/api.w.org\/{rel}","templated":true}]}}