{"id":34141,"date":"2023-01-30T09:01:51","date_gmt":"2023-01-30T07:01:51","guid":{"rendered":""},"modified":"2026-03-24T11:05:31","modified_gmt":"2026-03-24T09:05:31","slug":"clochee-organic-taastav-katekreem-100-ml","status":"publish","type":"product","link":"https:\/\/stikily.ee\/lv\/toode\/clochee-organic-taastav-katekreem-100-ml\/","title":{"rendered":"Clochee Organic atjaunojo\u0161s roku kr\u0113ms, 100 ml"},"content":{"rendered":"","protected":false},"excerpt":{"rendered":"<p><strong>Mitrino\u0161s, atjaunojo\u0161s, antibakteri\u0101ls<\/strong><\/p>\n<p>Kr\u0113ms izl\u012bdzina un veido uz \u0101das virsmas maigu aizsargsl\u0101ni, lai pasarg\u0101tu no iz\u017e\u016b\u0161anas un \u0101r\u0113jo faktoru negat\u012bv\u0101s ietekmes. Atjaunojo\u0161\u0101 roku kr\u0113ma labv\u0113l\u012bg\u0101 iedarb\u012bba balst\u0101s uz za\u013c\u0101s t\u0113jas un salvijas dab\u012bgajiem ekstraktiem. Za\u013c\u0101s t\u0113jas ekstrakts satur daudz miecvielu, alkalo\u012bdu, B, K, C, P vitam\u012bnu un miner\u0101ls\u0101\u013cu. Ekstrakts atjauno, atjaunina, mazina iekaisumus, pal\u012bdz saglab\u0101t \u0101das elast\u012bbu, aizkav\u0113 noveco\u0161an\u0101s procesus, aizsarg\u0101 pret kait\u012bgiem \u0101r\u0113jiem faktoriem un saules starojumu. Salvijas avoti ir organisk\u0101s sk\u0101bes, karot\u012bns un sve\u0137u savienojumi, k\u0101 ar\u012b vitam\u012bni (A, C, B) un miner\u0101lvielas (kalcijs, magnijs, k\u0101lijs, n\u0101trijs, cinks, dzelzs). Dab\u012bgais salvijas ekstrakts tiek nov\u0113rt\u0113ts t\u0101 sp\u0113c\u012bgo pretiekaisuma, antibakteri\u0101lo un aps\u0101rtumu mazino\u0161o \u012bpa\u0161\u012bbu d\u0113\u013c. Atjaunojo\u0161\u0101 roku kr\u0113ma viegl\u0101 formula pal\u012bdz tam \u0101tri ies\u016bkties, lai tu var\u0113tu atgriezties pie ikdienas gait\u0101m t\u016bl\u012bt p\u0113c t\u0101 lieto\u0161anas. Praktisk\u0101 iepakojuma d\u0113\u013c to ir \u0113rti vienm\u0113r pa\u0146emt l\u012bdzi.       <\/p>\n<p>Iepakojums: 100 ml, p\u0101rstr\u0101d\u0101jama plastmasa<br \/>\n#VEGANFRIENDLY #CRUELTYFREE<\/p>\n<p>97% respondentu apstiprina, ka kr\u0113ms mitrina \u0101du un aizsarg\u0101 pret iz\u017e\u016b\u0161anu<br \/>\n97% respondentu paman\u012bja kr\u0113ma barojo\u0161o iedarb\u012bbu<br \/>\n97% respondentu p\u0113c kr\u0113ma lieto\u0161anas rokas nebija lip\u012bgas<\/p>\n<p>* Sertific\u0113ts sast\u0101vs,<br \/>\n** Dabiskas izcelsmes izejvielas,<br \/>\n*** Apstiprin\u0101ts k\u0101 dab\u012bg\u0101 kosm\u0113tika<\/p>\n","protected":false},"featured_media":42336,"comment_status":"open","ping_status":"closed","template":"","meta":{"site-sidebar-layout":"default","site-content-layout":"default","ast-site-content-layout":"default","site-content-style":"default","site-sidebar-style":"default","ast-global-header-display":"","ast-banner-title-visibility":"","ast-main-header-display":"","ast-hfb-above-header-display":"","ast-hfb-below-header-display":"","ast-hfb-mobile-header-display":"","site-post-title":"","ast-breadcrumbs-content":"","ast-featured-img":"","footer-sml-layout":"","ast-disable-related-posts":"","theme-transparent-header-meta":"default","adv-header-id-meta":"","stick-header-meta":"default","header-above-stick-meta":"","header-main-stick-meta":"","header-below-stick-meta":"","astra-migrate-meta-layouts":"default","ast-page-background-enabled":"default","ast-page-background-meta":{"desktop":{"background-color":"","background-image":"","background-repeat":"repeat","background-position":"center center","background-size":"auto","background-attachment":"scroll","background-type":"","background-media":"","overlay-type":"","overlay-color":"","overlay-opacity":"","overlay-gradient":""},"tablet":{"background-color":"","background-image":"","background-repeat":"repeat","background-position":"center center","background-size":"auto","background-attachment":"scroll","background-type":"","background-media":"","overlay-type":"","overlay-color":"","overlay-opacity":"","overlay-gradient":""},"mobile":{"background-color":"","background-image":"","background-repeat":"repeat","background-position":"center center","background-size":"auto","background-attachment":"scroll","background-type":"","background-media":"","overlay-type":"","overlay-color":"","overlay-opacity":"","overlay-gradient":""}},"ast-content-background-meta":{"desktop":{"background-color":"var(--ast-global-color-5)","background-image":"","background-repeat":"repeat","background-position":"center center","background-size":"auto","background-attachment":"scroll","background-type":"","background-media":"","overlay-type":"","overlay-color":"","overlay-opacity":"","overlay-gradient":""},"tablet":{"background-color":"var(--ast-global-color-5)","background-image":"","background-repeat":"repeat","background-position":"center center","background-size":"auto","background-attachment":"scroll","background-type":"","background-media":"","overlay-type":"","overlay-color":"","overlay-opacity":"","overlay-gradient":""},"mobile":{"background-color":"var(--ast-global-color-5)","background-image":"","background-repeat":"repeat","background-position":"center center","background-size":"auto","background-attachment":"scroll","background-type":"","background-media":"","overlay-type":"","overlay-color":"","overlay-opacity":"","overlay-gradient":""}}},"product_brand":[],"product_cat":[891],"product_tag":[],"class_list":{"0":"post-34141","1":"product","2":"type-product","3":"status-publish","4":"has-post-thumbnail","6":"product_cat-nagu-kopsana","7":"desktop-align-center","8":"tablet-align-center","9":"mobile-align-center","10":"ast-product-gallery-layout-vertical","11":"ast-magnify-disabled","12":"ast-product-tabs-layout-distributed","14":"first","15":"outofstock","16":"taxable","17":"shipping-taxable","18":"purchasable","19":"product-type-simple"},"composite_virtual":false,"composite_layout":"","composite_add_to_cart_form_location":"","composite_editable_in_cart":false,"composite_sold_individually_context":"","composite_shop_price_calc":"","composite_components":[],"composite_scenarios":[],"jetpack_sharing_enabled":true,"_links":{"self":[{"href":"https:\/\/stikily.ee\/lv\/wp-json\/wp\/v2\/product\/34141","targetHints":{"allow":["GET"]}}],"collection":[{"href":"https:\/\/stikily.ee\/lv\/wp-json\/wp\/v2\/product"}],"about":[{"href":"https:\/\/stikily.ee\/lv\/wp-json\/wp\/v2\/types\/product"}],"replies":[{"embeddable":true,"href":"https:\/\/stikily.ee\/lv\/wp-json\/wp\/v2\/comments?post=34141"}],"wp:featuredmedia":[{"embeddable":true,"href":"https:\/\/stikily.ee\/lv\/wp-json\/wp\/v2\/media\/42336"}],"wp:attachment":[{"href":"https:\/\/stikily.ee\/lv\/wp-json\/wp\/v2\/media?parent=34141"}],"wp:term":[{"taxonomy":"product_brand","embeddable":true,"href":"https:\/\/stikily.ee\/lv\/wp-json\/wp\/v2\/product_brand?post=34141"},{"taxonomy":"product_cat","embeddable":true,"href":"https:\/\/stikily.ee\/lv\/wp-json\/wp\/v2\/product_cat?post=34141"},{"taxonomy":"product_tag","embeddable":true,"href":"https:\/\/stikily.ee\/lv\/wp-json\/wp\/v2\/product_tag?post=34141"}],"curies":[{"name":"wp","href":"https:\/\/api.w.org\/{rel}","templated":true}]}}