{"id":33993,"date":"2022-11-24T10:10:12","date_gmt":"2022-11-24T08:10:12","guid":{"rendered":""},"modified":"2026-03-24T11:08:48","modified_gmt":"2026-03-24T09:08:48","slug":"kuunelakikleebiste-stardikas","status":"publish","type":"product","link":"https:\/\/stikily.ee\/lv\/toode\/kuunelakikleebiste-stardikas\/","title":{"rendered":"Nagu lakas uzl\u012bmju starta komplekts"},"content":{"rendered":"","protected":false},"excerpt":{"rendered":"<p>Stikily nagu lakas uzl\u012bmju starta komplekts ir lielisks risin\u0101jums gan ies\u0101c\u0113j\u0101m, gan pieredz\u0113ju\u0161\u0101m faniem. Liel\u0101k\u0101 starta komplekta priek\u0161roc\u012bba \u2013 visi produkti ir par <strong>25% l\u0113t\u0101ki<\/strong>. <\/p>\n<p>Starta komplekt\u0101 ietilpst tr\u012bs nagu lakas uzl\u012bmju komplekti, viena virsk\u0101rta, nagu v\u012ble, un tas viss ir skaisti iesai\u0146ots Stikily caursp\u012bd\u012bg\u0101 kosm\u0113tikas somi\u0146\u0101. Taj\u0101 b\u016bs \u0113rti uzglab\u0101t uzl\u012bmes ar\u012b turpm\u0101k, jo, pateicoties iztur\u012bgajam, caursp\u012bd\u012bgajam PVC materi\u0101lam, \u0101tri atrad\u012bsi vajadz\u012bg\u0101s uzl\u012bmes. <\/p>\n<p>Nagu lakas uzl\u012bmju starta komplekt\u0101 ir tr\u012bs nagu lakas uzl\u012bmju komplekti. Izv\u0113lies tos, kurus v\u0113lies! Katra uzl\u012bme ir no citas produktu kategorijas, ko m\u016bsu klienti iecien\u012bju\u0161i visvair\u0101k. Vari izv\u0113l\u0113ties uzl\u012bmes no vienkr\u0101saino kl\u0101sta \u2013 klasiski sarkans vai efekt\u012bgs roz\u0101, ar tiem nevar k\u013c\u016bd\u012bties. Vienu komplektu vari izv\u0113l\u0113ties fran\u010du manik\u012bra stil\u0101. To parasti m\u0101jas apst\u0101k\u013cos ir tik gr\u016bti pan\u0101kt, bet ar uzl\u012bm\u0113m tas ir pavisam vienk\u0101r\u0161i. P\u0113d\u0113jais ir sp\u012bdumu komplekts, jo to iztur\u012bba tevi p\u0101rsteigs.      <\/p>\n","protected":false},"featured_media":43138,"comment_status":"open","ping_status":"closed","template":"","meta":{"site-sidebar-layout":"default","site-content-layout":"default","ast-site-content-layout":"default","site-content-style":"default","site-sidebar-style":"default","ast-global-header-display":"","ast-banner-title-visibility":"","ast-main-header-display":"","ast-hfb-above-header-display":"","ast-hfb-below-header-display":"","ast-hfb-mobile-header-display":"","site-post-title":"","ast-breadcrumbs-content":"","ast-featured-img":"","footer-sml-layout":"","ast-disable-related-posts":"","theme-transparent-header-meta":"default","adv-header-id-meta":"","stick-header-meta":"default","header-above-stick-meta":"","header-main-stick-meta":"","header-below-stick-meta":"","astra-migrate-meta-layouts":"default","ast-page-background-enabled":"default","ast-page-background-meta":{"desktop":{"background-color":"","background-image":"","background-repeat":"repeat","background-position":"center center","background-size":"auto","background-attachment":"scroll","background-type":"","background-media":"","overlay-type":"","overlay-color":"","overlay-opacity":"","overlay-gradient":""},"tablet":{"background-color":"","background-image":"","background-repeat":"repeat","background-position":"center center","background-size":"auto","background-attachment":"scroll","background-type":"","background-media":"","overlay-type":"","overlay-color":"","overlay-opacity":"","overlay-gradient":""},"mobile":{"background-color":"","background-image":"","background-repeat":"repeat","background-position":"center center","background-size":"auto","background-attachment":"scroll","background-type":"","background-media":"","overlay-type":"","overlay-color":"","overlay-opacity":"","overlay-gradient":""}},"ast-content-background-meta":{"desktop":{"background-color":"var(--ast-global-color-5)","background-image":"","background-repeat":"repeat","background-position":"center center","background-size":"auto","background-attachment":"scroll","background-type":"","background-media":"","overlay-type":"","overlay-color":"","overlay-opacity":"","overlay-gradient":""},"tablet":{"background-color":"var(--ast-global-color-5)","background-image":"","background-repeat":"repeat","background-position":"center center","background-size":"auto","background-attachment":"scroll","background-type":"","background-media":"","overlay-type":"","overlay-color":"","overlay-opacity":"","overlay-gradient":""},"mobile":{"background-color":"var(--ast-global-color-5)","background-image":"","background-repeat":"repeat","background-position":"center center","background-size":"auto","background-attachment":"scroll","background-type":"","background-media":"","overlay-type":"","overlay-color":"","overlay-opacity":"","overlay-gradient":""}}},"product_brand":[],"product_cat":[901],"product_tag":[],"class_list":{"0":"post-33993","1":"product","2":"type-product","3":"status-publish","4":"has-post-thumbnail","6":"product_cat-komplekti","7":"desktop-align-center","8":"tablet-align-center","9":"mobile-align-center","10":"ast-product-gallery-layout-vertical","11":"ast-product-gallery-with-no-image","12":"ast-magnify-disabled","13":"ast-product-tabs-layout-distributed","15":"first","16":"instock","17":"sale","18":"taxable","19":"shipping-taxable","20":"purchasable","21":"product-type-composite"},"composite_virtual":false,"composite_layout":"paged-componentized","composite_add_to_cart_form_location":"default","composite_editable_in_cart":false,"composite_sold_individually_context":"product","composite_shop_price_calc":"min_max","composite_components":[{"id":"1693825522","title":"Vienkr\u0101sains","description":"","query_type":"category_ids","query_ids":[728],"default_option_id":"","thumbnail_id":"","thumbnail_src":"","quantity_min":1,"quantity_max":1,"priced_individually":false,"shipped_individually":false,"optional":false,"discount":25,"options_style":"thumbnails","pagination_style":"load-more","display_prices":"absolute","show_sorting_options":false,"show_filtering_options":false,"attribute_filter_ids":[],"select_action":"transition","product_title_visible":true,"product_descr_visible":false,"product_price_visible":false,"product_thumb_visible":true,"subtotal_visible_product":true,"subtotal_visible_cart":true,"subtotal_visible_orders":true},{"id":"1693825523","title":"Fran\u010du manik\u012brs","description":"","query_type":"category_ids","query_ids":[764],"default_option_id":"","thumbnail_id":"","thumbnail_src":"","quantity_min":1,"quantity_max":1,"priced_individually":false,"shipped_individually":false,"optional":false,"discount":25,"options_style":"thumbnails","pagination_style":"load-more","display_prices":"absolute","show_sorting_options":false,"show_filtering_options":false,"attribute_filter_ids":[],"select_action":"transition","product_title_visible":true,"product_descr_visible":false,"product_price_visible":false,"product_thumb_visible":true,"subtotal_visible_product":true,"subtotal_visible_cart":true,"subtotal_visible_orders":true},{"id":"1693825524","title":"Mirdzums","description":"","query_type":"category_ids","query_ids":[727],"default_option_id":"","thumbnail_id":"","thumbnail_src":"","quantity_min":1,"quantity_max":1,"priced_individually":false,"shipped_individually":false,"optional":false,"discount":25,"options_style":"thumbnails","pagination_style":"load-more","display_prices":"absolute","show_sorting_options":false,"show_filtering_options":false,"attribute_filter_ids":[],"select_action":"transition","product_title_visible":true,"product_descr_visible":false,"product_price_visible":false,"product_thumb_visible":true,"subtotal_visible_product":true,"subtotal_visible_cart":true,"subtotal_visible_orders":true},{"id":"1693825525","title":"Stikily kosm\u0113tikas somi\u0146a","description":"","query_type":"product_ids","query_ids":[33989],"default_option_id":33989,"thumbnail_id":"","thumbnail_src":"","quantity_min":1,"quantity_max":1,"priced_individually":false,"shipped_individually":false,"optional":false,"discount":25,"options_style":"dropdowns","pagination_style":"classic","display_prices":"absolute","show_sorting_options":false,"show_filtering_options":false,"attribute_filter_ids":[],"select_action":"transition","product_title_visible":true,"product_descr_visible":true,"product_price_visible":false,"product_thumb_visible":true,"subtotal_visible_product":true,"subtotal_visible_cart":true,"subtotal_visible_orders":true},{"id":"1693827006","title":"Caursp\u012bd\u012bga virsk\u0101rta","description":"","query_type":"product_ids","query_ids":[33881,33973,34537],"default_option_id":34537,"thumbnail_id":"","thumbnail_src":"","quantity_min":1,"quantity_max":1,"priced_individually":false,"shipped_individually":false,"optional":false,"discount":25,"options_style":"thumbnails","pagination_style":"classic","display_prices":"absolute","show_sorting_options":false,"show_filtering_options":false,"attribute_filter_ids":[],"select_action":"transition","product_title_visible":true,"product_descr_visible":true,"product_price_visible":false,"product_thumb_visible":true,"subtotal_visible_product":true,"subtotal_visible_cart":true,"subtotal_visible_orders":true}],"composite_scenarios":[],"jetpack_sharing_enabled":true,"_links":{"self":[{"href":"https:\/\/stikily.ee\/lv\/wp-json\/wp\/v2\/product\/33993","targetHints":{"allow":["GET"]}}],"collection":[{"href":"https:\/\/stikily.ee\/lv\/wp-json\/wp\/v2\/product"}],"about":[{"href":"https:\/\/stikily.ee\/lv\/wp-json\/wp\/v2\/types\/product"}],"replies":[{"embeddable":true,"href":"https:\/\/stikily.ee\/lv\/wp-json\/wp\/v2\/comments?post=33993"}],"wp:featuredmedia":[{"embeddable":true,"href":"https:\/\/stikily.ee\/lv\/wp-json\/wp\/v2\/media\/43138"}],"wp:attachment":[{"href":"https:\/\/stikily.ee\/lv\/wp-json\/wp\/v2\/media?parent=33993"}],"wp:term":[{"taxonomy":"product_brand","embeddable":true,"href":"https:\/\/stikily.ee\/lv\/wp-json\/wp\/v2\/product_brand?post=33993"},{"taxonomy":"product_cat","embeddable":true,"href":"https:\/\/stikily.ee\/lv\/wp-json\/wp\/v2\/product_cat?post=33993"},{"taxonomy":"product_tag","embeddable":true,"href":"https:\/\/stikily.ee\/lv\/wp-json\/wp\/v2\/product_tag?post=33993"}],"curies":[{"name":"wp","href":"https:\/\/api.w.org\/{rel}","templated":true}]}}