{"id":33969,"date":"2022-11-03T17:13:27","date_gmt":"2022-11-03T15:13:27","guid":{"rendered":""},"modified":"2026-03-24T10:59:45","modified_gmt":"2026-03-24T08:59:45","slug":"uv-lamp","status":"publish","type":"product","link":"https:\/\/stikily.ee\/lv\/toode\/uv-lamp\/","title":{"rendered":"UV lampa g\u0113la lakas uzl\u012bm\u0113m"},"content":{"rendered":"<p>K\u0101ds ir \u0113rt\u0101kais un \u0101tr\u0101kais veids g\u0113la lakas uzl\u012bmju uzkl\u0101\u0161anai? T\u0101 ir Stikily UV lampa! \u0160\u012b kvalitat\u012bv\u0101 lampa ir rad\u012bta \u012bpa\u0161i \u0101trai un efekt\u012bvai g\u0113la lakas uzl\u012bmju nostiprin\u0101\u0161anai, nodro\u0161inot perfektu rezult\u0101tu katru reizi.  <\/p>\n<p>Lieto\u0161ana ir pavisam vienk\u0101r\u0161a: uzliec uzl\u012bmes uz nagiem, iesl\u0113dz lampu un \u013cauj tai autom\u0101tiski darboties 60 sekundes. Tie\u0161i tik daudz laika nepiecie\u0161ams, lai g\u0113la lakas uzl\u012bmes k\u0101rt\u012bgi nofiks\u0113tos. Pateicoties \u0161ai viedajai laika kontroles funkcijai, nav j\u0101uztraucas par p\u0101r\u0101k ilgu vai nepietiekamu \u017e\u0101v\u0113\u0161anas laiku.  <\/p>\n<p>Pateicoties UV lampas kompaktajam dizainam, to ir \u013coti \u0113rti pa\u0146emt l\u012bdzi. Neatkar\u012bgi no t\u0101, vai lampa j\u0101izmanto m\u0101j\u0101s, ce\u013cojum\u0101 vai vienk\u0101r\u0161i \u0101trai manik\u012bra veik\u0161anai biroj\u0101, \u0161\u012b lampa vienm\u0113r b\u016bs tev gatava. Lampa ir apr\u012bkota ar USB vadu, ko var \u0113rti pievienot gan sienas kontaktligzdai, gan automa\u0161\u012bn\u0101, gan datoram, nodro\u0161inot elast\u012bbu jebkur\u0101 situ\u0101cij\u0101.  <\/p>\n<p>Izbaudi profesion\u0101la l\u012bme\u0146a manik\u012bru \u0113rti sav\u0101s m\u0101j\u0101s. G\u0113la lakas uzl\u012bmes ir ide\u0101ls risin\u0101jums ikvienam, kur\u0161 v\u0113las ietaup\u012bt laiku un naudu par salona apmekl\u0113jumiem, ta\u010du nepiek\u0101pties salona cien\u012bga rezult\u0101ta zi\u0146\u0101. <\/p>\n","protected":false},"excerpt":{"rendered":"<p><a href=\"https:\/\/stikily-ee.vserver.zonevs.eu\/tootekategooria\/geellakikleebised\/\" target=\"_blank\" rel=\"noopener\">G\u0113la lakas uzl\u012bmju<\/a> uzkl\u0101\u0161anai ir nepiecie\u0161ama UV lampa.<\/p>\n<p>UV lampa autom\u0101tiski darbojas 60 sekundes, kas ir g\u0113la lakas uzl\u012bm\u0113m nepiecie\u0161amais laiks. Iepakojum\u0101 ir iek\u013cauts USB vads, ko vari pievienot kontaktligzdai, automa\u0161\u012bn\u0101 vai datoram. <\/p>\n<p>&nbsp;<\/p>\n","protected":false},"featured_media":41168,"comment_status":"open","ping_status":"closed","template":"","meta":{"site-sidebar-layout":"default","site-content-layout":"default","ast-site-content-layout":"default","site-content-style":"default","site-sidebar-style":"default","ast-global-header-display":"","ast-banner-title-visibility":"","ast-main-header-display":"","ast-hfb-above-header-display":"","ast-hfb-below-header-display":"","ast-hfb-mobile-header-display":"","site-post-title":"","ast-breadcrumbs-content":"","ast-featured-img":"","footer-sml-layout":"","ast-disable-related-posts":"","theme-transparent-header-meta":"default","adv-header-id-meta":"","stick-header-meta":"default","header-above-stick-meta":"","header-main-stick-meta":"","header-below-stick-meta":"","astra-migrate-meta-layouts":"default","ast-page-background-enabled":"default","ast-page-background-meta":{"desktop":{"background-color":"","background-image":"","background-repeat":"repeat","background-position":"center center","background-size":"auto","background-attachment":"scroll","background-type":"","background-media":"","overlay-type":"","overlay-color":"","overlay-opacity":"","overlay-gradient":""},"tablet":{"background-color":"","background-image":"","background-repeat":"repeat","background-position":"center center","background-size":"auto","background-attachment":"scroll","background-type":"","background-media":"","overlay-type":"","overlay-color":"","overlay-opacity":"","overlay-gradient":""},"mobile":{"background-color":"","background-image":"","background-repeat":"repeat","background-position":"center center","background-size":"auto","background-attachment":"scroll","background-type":"","background-media":"","overlay-type":"","overlay-color":"","overlay-opacity":"","overlay-gradient":""}},"ast-content-background-meta":{"desktop":{"background-color":"var(--ast-global-color-5)","background-image":"","background-repeat":"repeat","background-position":"center center","background-size":"auto","background-attachment":"scroll","background-type":"","background-media":"","overlay-type":"","overlay-color":"","overlay-opacity":"","overlay-gradient":""},"tablet":{"background-color":"var(--ast-global-color-5)","background-image":"","background-repeat":"repeat","background-position":"center center","background-size":"auto","background-attachment":"scroll","background-type":"","background-media":"","overlay-type":"","overlay-color":"","overlay-opacity":"","overlay-gradient":""},"mobile":{"background-color":"var(--ast-global-color-5)","background-image":"","background-repeat":"repeat","background-position":"center center","background-size":"auto","background-attachment":"scroll","background-type":"","background-media":"","overlay-type":"","overlay-color":"","overlay-opacity":"","overlay-gradient":""}}},"product_brand":[],"product_cat":[891],"product_tag":[],"class_list":{"0":"post-33969","1":"product","2":"type-product","3":"status-publish","4":"has-post-thumbnail","6":"product_cat-nagu-kopsana","7":"desktop-align-center","8":"tablet-align-center","9":"mobile-align-center","10":"ast-product-gallery-layout-vertical","11":"ast-magnify-disabled","12":"ast-product-tabs-layout-distributed","14":"first","15":"instock","16":"taxable","17":"shipping-taxable","18":"purchasable","19":"product-type-simple"},"composite_virtual":false,"composite_layout":"","composite_add_to_cart_form_location":"","composite_editable_in_cart":false,"composite_sold_individually_context":"","composite_shop_price_calc":"","composite_components":[],"composite_scenarios":[],"jetpack_sharing_enabled":true,"_links":{"self":[{"href":"https:\/\/stikily.ee\/lv\/wp-json\/wp\/v2\/product\/33969","targetHints":{"allow":["GET"]}}],"collection":[{"href":"https:\/\/stikily.ee\/lv\/wp-json\/wp\/v2\/product"}],"about":[{"href":"https:\/\/stikily.ee\/lv\/wp-json\/wp\/v2\/types\/product"}],"replies":[{"embeddable":true,"href":"https:\/\/stikily.ee\/lv\/wp-json\/wp\/v2\/comments?post=33969"}],"wp:featuredmedia":[{"embeddable":true,"href":"https:\/\/stikily.ee\/lv\/wp-json\/wp\/v2\/media\/41168"}],"wp:attachment":[{"href":"https:\/\/stikily.ee\/lv\/wp-json\/wp\/v2\/media?parent=33969"}],"wp:term":[{"taxonomy":"product_brand","embeddable":true,"href":"https:\/\/stikily.ee\/lv\/wp-json\/wp\/v2\/product_brand?post=33969"},{"taxonomy":"product_cat","embeddable":true,"href":"https:\/\/stikily.ee\/lv\/wp-json\/wp\/v2\/product_cat?post=33969"},{"taxonomy":"product_tag","embeddable":true,"href":"https:\/\/stikily.ee\/lv\/wp-json\/wp\/v2\/product_tag?post=33969"}],"curies":[{"name":"wp","href":"https:\/\/api.w.org\/{rel}","templated":true}]}}