{"id":33785,"date":"2022-07-13T14:41:09","date_gmt":"2022-07-13T11:41:09","guid":{"rendered":""},"modified":"2026-03-24T11:04:06","modified_gmt":"2026-03-24T09:04:06","slug":"toomas","status":"publish","type":"product","link":"https:\/\/stikily.ee\/lv\/toode\/toomas\/","title":{"rendered":"Toomas"},"content":{"rendered":"<p>Stikily nagu lakas uzl\u012bmes ir \u0113rta alternat\u012bva nagu lakai! Uzl\u012bmes ir izgatavotas no parastas nagu lakas un ir viegli uzl\u012bm\u0113jamas uz nagiem. <\/p>\n<p>Uzkl\u0101\u0161ana ir pavisam vienk\u0101r\u0161a, nepiecie\u0161ama tikai nagu v\u012ble un nedaudz koncentr\u0113\u0161an\u0101s!<\/p>\n<ul>\n<li>Not\u012bri no nagiem taukus un net\u012brumus. Ir svar\u012bgi, lai naga virsma b\u016btu t\u012bra \u2013 t\u0101 l\u012bme zem uzl\u012bmes lab\u0101k pielips pie naga. Uzman\u012bgi atb\u012bdi kutikulas, lai var\u0113tu novietot uzl\u012bmes p\u0113c iesp\u0113jas tuv\u0101k t\u0101m.  <\/li>\n<li>Lai uzliktu uzl\u012bmi uz naga, vispirms piem\u0113ri piem\u0113rota izm\u0113ra nagu lakas uzl\u012bmi. Ja \u0161aubies starp diviem izm\u0113riem, vienm\u0113r izv\u0113lies maz\u0101ko. Ir svar\u012bgi, lai uzl\u012bme pieliptu tikai pie naga, nevis pie kutikul\u0101m. Ja nepiecie\u0161ams, piel\u012bdzini uzl\u012bmi ar \u0161\u0137\u0113r\u0113m.   <\/li>\n<li>No\u0146em no uzl\u012bmes aizsargpl\u0113vi<\/li>\n<li>No\u0146em uzl\u012bmi no pamatnes<\/li>\n<li>Novieto uzl\u012bmi uz naga un stingri piespied, lai nosegtu visu naga virsmu. Piespie\u017eot uzl\u012bmi vis\u0101 naga garum\u0101, p\u0101rliecinies, ka t\u0101 ir pareizi pielipusi. <\/li>\n<li>Ar \u0161\u0137\u0113r\u0113m nogriez lieko uzl\u012bmes da\u013cu p\u0113c iesp\u0113jas tuv\u0101k nagam. Nov\u012bl\u0113 atliku\u0161o uzl\u012bmi ar gar\u0101m kust\u012bb\u0101m vien\u0101 virzien\u0101. Ja v\u0113lies, nolako nagus ar caursp\u012bd\u012bgu virsk\u0101rtu, lai padar\u012btu Stikily nagu lakas uzl\u012bmi v\u0113l iztur\u012bg\u0101ku.<\/li>\n<\/ul>\n<p><strong>Izvairies no saskares ar \u016bdeni 2 stundas p\u0113c uzkl\u0101\u0161anas. Roku mazg\u0101\u0161ana ir OK, bet trauku mazg\u0101\u0161ana var pagaid\u012bt \ud83d\ude09 Tas pats attiecas uz karstumu \u2013 piem\u0113ram, izvairies no matu \u017e\u0101v\u0113\u0161anas ar f\u0113nu aptuveni 2 stundas p\u0113c uzkl\u0101\u0161anas.  <\/strong><\/p>\n<p>Nagu lakas uzl\u012bmes no\u0146em\u0161ana ar nagu e\u013c\u013cu:<\/p>\n<ul>\n<li>Uzkl\u0101j nedaudz e\u013c\u013cas uz naga pamatnes un \u013cauj tai iedarboties. Tad ar koka irbul\u012bti s\u0101c b\u012bd\u012bt uzl\u012bmi nost \u2013 e\u013c\u013ca iz\u0161\u0137\u012bdin\u0101s l\u012bmi, un taj\u0101 pa\u0161\u0101 laik\u0101 ar koka irbul\u012bti var\u0113si \u0113rti no\u0146emt uzl\u012bmi. <\/li>\n<li>Ja v\u0113lies, pam\u0113rc\u0113 uzl\u012bmes aptuveni 10 min\u016btes silt\u0101 \u016bden\u012b. T\u0101d\u0113j\u0101di l\u012bme k\u013c\u016bs m\u012bkst\u0101ka un to b\u016bs v\u0113l viegl\u0101k no\u0146emt. <\/li>\n<li><strong>NB! Nek\u0101d\u0101 gad\u012bjum\u0101 neno\u0146em nagu lakas uzl\u012bmi, vienk\u0101r\u0161i nopl\u0113\u0161ot to no naga \u2013 tas var saboj\u0101t naga virsmu. <\/strong><\/li>\n<\/ul>\n<h3>Padomi!<\/h3>\n<ul>\n<li>\u012as\u0101kiem nagiem nagu lakas uzl\u012bmi var p\u0101rgriezt uz pus\u0113m \u2013 t\u0101d\u0101 veid\u0101 uzl\u012bmes var\u0113si izmantot divas reizes.<\/li>\n<li>Uzman\u012bgi atb\u012bdi kutikulas, lai var\u0113tu novietot uzl\u012bmes p\u0113c iesp\u0113jas tuv\u0101k naga pamatnei.<\/li>\n<li>Nepiecie\u0161am\u012bbas gad\u012bjum\u0101 nagu lakas uzl\u012bmes vari piel\u0101got ar \u0161\u0137\u0113r\u0113m, lai t\u0101s perfekti atbilstu tavam nagam.<\/li>\n<li>S\u0101c uzl\u012bmju uzkl\u0101\u0161anu no maz\u0101 pirksti\u0146a un virzies uz \u012bk\u0161\u0137a pusi.<\/li>\n<\/ul>\n<p>&nbsp;<\/p>\n<h3>Sast\u0101vda\u013cas<\/h3>\n<ul class=\"elementor-icon-list-items\">\n<li class=\"elementor-icon-list-item\"><span class=\"elementor-icon-list-text\">58,3 % poliakrilsk\u0101be<\/span><\/li>\n<li class=\"elementor-icon-list-item\"><i class=\"fas fa-heart\" aria-hidden=\"true\"><\/i><span class=\"elementor-icon-list-text\">31,0 % poliuret\u0101ns<\/span><\/li>\n<li class=\"elementor-icon-list-item\"><i class=\"fas fa-heart\" aria-hidden=\"true\"><\/i><span class=\"elementor-icon-list-text\">7,8 % celulozes acet\u0101ta butir\u0101ts <\/span><\/li>\n<li class=\"elementor-icon-list-item\"><i class=\"fas fa-heart\" aria-hidden=\"true\"><\/i><span class=\"elementor-icon-list-text\">1,8 % adip\u012bnsk\u0101be<\/span><\/li>\n<li class=\"elementor-icon-list-item\"><i class=\"fas fa-heart\" aria-hidden=\"true\"><\/i><span class=\"elementor-icon-list-text\">0,3 % trietilcitr\u0101ts<\/span><\/li>\n<li class=\"elementor-icon-list-item\"><i class=\"fas fa-heart\" aria-hidden=\"true\"><\/i><span class=\"elementor-icon-list-text\">0,5 % butilacet\u0101ts<\/span><\/li>\n<li class=\"elementor-icon-list-item\"><i class=\"fas fa-heart\" aria-hidden=\"true\"><\/i><span class=\"elementor-icon-list-text\">0,3 % etilacet\u0101ts <\/span><\/li>\n<\/ul>\n<p>&nbsp;<\/p>\n<h3>Iepakojum\u0101 ir:<\/h3>\n<p>Iepakojum\u0101 ietilpst viens nagu lakas uzl\u012bmju komplekts. Komplekt\u0101 ir 16 da\u017e\u0101du izm\u0113ru uzl\u012bmes.<br \/>\n<a href=\"https:\/\/stikily.ee\/?attachment_id=741\"><img fetchpriority=\"high\" decoding=\"async\" class=\"alignnone wp-image-741 size-full\" src=\"https:\/\/stikily.ee\/wp-content\/uploads\/2021\/04\/moodud.jpg\" alt=\"\" width=\"500\" height=\"500\" srcset=\"https:\/\/stikily.ee\/wp-content\/uploads\/2021\/04\/moodud.jpg 500w, https:\/\/stikily.ee\/wp-content\/uploads\/2021\/04\/moodud-300x300.jpg 300w, https:\/\/stikily.ee\/wp-content\/uploads\/2021\/04\/moodud-150x150.jpg 150w, https:\/\/stikily.ee\/wp-content\/uploads\/2021\/04\/moodud-100x100.jpg 100w\" sizes=\"(max-width: 500px) 100vw, 500px\" \/><\/a><\/p>\n","protected":false},"excerpt":{"rendered":"<div class=\"elementor-element elementor-element-99bbb7f elementor-widget elementor-widget-text-editor\" data-id=\"99bbb7f\" data-element_type=\"widget\" data-widget_type=\"text-editor.default\">\n<div class=\"elementor-widget-container\">\n<p>Nagu lakas uzl\u012bmes ir \u0113rta alternat\u012bva nagu lakai!<\/p>\n<p>Uzl\u012bmes ir izgatavotas no parastas nagu lakas un ir viegli uzl\u012bm\u0113jamas uz nagiem. Uzkl\u0101\u0161ana ir pavisam vienk\u0101r\u0161a \u2013 tev vajadz\u0113s tikai nagu v\u012bl\u012bti un nedaudz koncentr\u0113\u0161an\u0101s! <\/p>\n<\/div>\n<\/div>\n<div class=\"elementor-element elementor-element-f318fc3 elementor-icon-list--layout-traditional elementor-list-item-link-full_width elementor-widget elementor-widget-icon-list\" data-id=\"f318fc3\" data-element_type=\"widget\" data-widget_type=\"icon-list.default\">\n<div class=\"elementor-widget-container\">\n<ul class=\"elementor-icon-list-items\">\n<li class=\"elementor-icon-list-item\"><i class=\"fas fa-heart\" aria-hidden=\"true\"><\/i><span class=\"elementor-icon-list-text\">Viegli uzkl\u0101t un no\u0146emt. Uzkl\u0101\u0161anai nepiecie\u0161ama tikai nagu v\u012ble <\/span><\/li>\n<li class=\"elementor-icon-list-item\"><i class=\"fas fa-heart\" aria-hidden=\"true\"><\/i><span class=\"elementor-icon-list-text\">Notur\u012bba l\u012bdz 14 dien\u0101m<\/span><\/li>\n<li class=\"elementor-icon-list-item\"><i class=\"fas fa-heart\" aria-hidden=\"true\"><\/i><span class=\"elementor-icon-list-text\">Nagu lakas uzl\u012bmes no\u0146em\u0161ana ir tikpat vienk\u0101r\u0161a k\u0101 nagu lakas no\u0146em\u0161ana<\/span><i class=\"fas fa-heart\" aria-hidden=\"true\"><\/i><\/li>\n<\/ul>\n<\/div>\n<\/div>\n","protected":false},"featured_media":42012,"comment_status":"open","ping_status":"closed","template":"","meta":{"site-sidebar-layout":"default","site-content-layout":"default","ast-site-content-layout":"default","site-content-style":"default","site-sidebar-style":"default","ast-global-header-display":"","ast-banner-title-visibility":"","ast-main-header-display":"","ast-hfb-above-header-display":"","ast-hfb-below-header-display":"","ast-hfb-mobile-header-display":"","site-post-title":"","ast-breadcrumbs-content":"","ast-featured-img":"","footer-sml-layout":"","ast-disable-related-posts":"","theme-transparent-header-meta":"default","adv-header-id-meta":"","stick-header-meta":"default","header-above-stick-meta":"","header-main-stick-meta":"","header-below-stick-meta":"","astra-migrate-meta-layouts":"default","ast-page-background-enabled":"default","ast-page-background-meta":{"desktop":{"background-color":"","background-image":"","background-repeat":"repeat","background-position":"center center","background-size":"auto","background-attachment":"scroll","background-type":"","background-media":"","overlay-type":"","overlay-color":"","overlay-opacity":"","overlay-gradient":""},"tablet":{"background-color":"","background-image":"","background-repeat":"repeat","background-position":"center center","background-size":"auto","background-attachment":"scroll","background-type":"","background-media":"","overlay-type":"","overlay-color":"","overlay-opacity":"","overlay-gradient":""},"mobile":{"background-color":"","background-image":"","background-repeat":"repeat","background-position":"center center","background-size":"auto","background-attachment":"scroll","background-type":"","background-media":"","overlay-type":"","overlay-color":"","overlay-opacity":"","overlay-gradient":""}},"ast-content-background-meta":{"desktop":{"background-color":"var(--ast-global-color-5)","background-image":"","background-repeat":"repeat","background-position":"center center","background-size":"auto","background-attachment":"scroll","background-type":"","background-media":"","overlay-type":"","overlay-color":"","overlay-opacity":"","overlay-gradient":""},"tablet":{"background-color":"var(--ast-global-color-5)","background-image":"","background-repeat":"repeat","background-position":"center center","background-size":"auto","background-attachment":"scroll","background-type":"","background-media":"","overlay-type":"","overlay-color":"","overlay-opacity":"","overlay-gradient":""},"mobile":{"background-color":"var(--ast-global-color-5)","background-image":"","background-repeat":"repeat","background-position":"center center","background-size":"auto","background-attachment":"scroll","background-type":"","background-media":"","overlay-type":"","overlay-color":"","overlay-opacity":"","overlay-gradient":""}}},"product_brand":[],"product_cat":[835,836,850],"product_tag":[],"class_list":{"0":"post-33785","1":"product","2":"type-product","3":"status-publish","4":"has-post-thumbnail","6":"product_cat-pedikirs-2","7":"product_cat-mirdzums","8":"product_cat-vienkrasains","9":"desktop-align-center","10":"tablet-align-center","11":"mobile-align-center","12":"ast-product-gallery-layout-vertical","13":"ast-magnify-disabled","14":"ast-product-tabs-layout-distributed","16":"first","17":"instock","18":"taxable","19":"shipping-taxable","20":"purchasable","21":"product-type-simple"},"composite_virtual":false,"composite_layout":"","composite_add_to_cart_form_location":"","composite_editable_in_cart":false,"composite_sold_individually_context":"","composite_shop_price_calc":"","composite_components":[],"composite_scenarios":[],"jetpack_sharing_enabled":true,"_links":{"self":[{"href":"https:\/\/stikily.ee\/lv\/wp-json\/wp\/v2\/product\/33785","targetHints":{"allow":["GET"]}}],"collection":[{"href":"https:\/\/stikily.ee\/lv\/wp-json\/wp\/v2\/product"}],"about":[{"href":"https:\/\/stikily.ee\/lv\/wp-json\/wp\/v2\/types\/product"}],"replies":[{"embeddable":true,"href":"https:\/\/stikily.ee\/lv\/wp-json\/wp\/v2\/comments?post=33785"}],"wp:featuredmedia":[{"embeddable":true,"href":"https:\/\/stikily.ee\/lv\/wp-json\/wp\/v2\/media\/42012"}],"wp:attachment":[{"href":"https:\/\/stikily.ee\/lv\/wp-json\/wp\/v2\/media?parent=33785"}],"wp:term":[{"taxonomy":"product_brand","embeddable":true,"href":"https:\/\/stikily.ee\/lv\/wp-json\/wp\/v2\/product_brand?post=33785"},{"taxonomy":"product_cat","embeddable":true,"href":"https:\/\/stikily.ee\/lv\/wp-json\/wp\/v2\/product_cat?post=33785"},{"taxonomy":"product_tag","embeddable":true,"href":"https:\/\/stikily.ee\/lv\/wp-json\/wp\/v2\/product_tag?post=33785"}],"curies":[{"name":"wp","href":"https:\/\/api.w.org\/{rel}","templated":true}]}}