{"id":35212,"date":"2026-03-23T16:03:24","date_gmt":"2026-03-23T16:03:24","guid":{"rendered":""},"modified":"2026-03-24T10:24:33","modified_gmt":"2026-03-24T08:24:33","slug":"noteikumi-un-nosacijumi","status":"publish","type":"page","link":"https:\/\/stikily.ee\/lv\/noteikumi-un-nosacijumi\/","title":{"rendered":"P\u0101rdo\u0161anas noteikumi"},"content":{"rendered":"\n<p>Interneta veikala Stikily.ee (turpm\u0101k \u2013 Interneta veikals) \u012bpa\u0161nieks ir O\u00dc RA Meedia (re\u0123istr\u0101cijas numurs 11980192), juridisk\u0101 adrese Oru, Kose pagasts, Harju apri\u0146\u0137is.<\/p>\n\n<p><strong>Pirkuma l\u012bguma sp\u0113k\u0101 esam\u012bba, inform\u0101cija par prec\u0113m un cen\u0101m<\/strong><\/p>\n\n<ul class=\"wp-block-list\">\n<li>P\u0101rdo\u0161anas noteikumi ir sp\u0113k\u0101, ieg\u0101d\u0101joties preces Interneta veikal\u0101.<\/li>\n\n\n\n<li>Interneta veikal\u0101 p\u0101rdodamo produktu cenas ir nor\u0101d\u012btas pie produktiem; visas e-veikal\u0101 nor\u0101d\u012bt\u0101s cenas ir eiro.<\/li>\n\n\n\n<li>Cenai netiek pieskait\u012bta maksa par pre\u010du pieg\u0101di, ja iepirkumu groza v\u0113rt\u012bba p\u0101rsniedz 35 \u20ac. Ja iepirkumu grozs ir maz\u0101ks par 35 \u20ac, tiek pieskait\u012bta pasta izdevumu maksa atkar\u012bb\u0101 no pakalpojumu sniedz\u0113ja. <\/li>\n\n\n\n<li>Pre\u010du pieg\u0101des maksa ir atkar\u012bga no pirc\u0113ja atra\u0161an\u0101s vietas un pieg\u0101des veida. <strong>Vid\u0113ji produktus izs\u016bt\u0101m 1\u20132 darba dienu laik\u0101.<\/strong><\/li>\n\n\n\n<li>Pieg\u0101des maksa pirc\u0113jam tiek uzr\u0101d\u012bta pas\u016bt\u012bjuma noform\u0113\u0161anas laik\u0101.<\/li>\n\n\n\n<li>Inform\u0101cija par preci ir sniegta Interneta veikal\u0101 tie\u0161i pie attiec\u012bg\u0101s preces.<\/li>\n<\/ul>\n\n<p><strong>Pas\u016bt\u012bjuma noform\u0113\u0161ana<\/strong><\/p>\n\n<ul class=\"wp-block-list\">\n<li>Lai pas\u016bt\u012btu preci, v\u0113lamie produkti j\u0101pievieno iepirkumu grozam. Pas\u016bt\u012bjuma noform\u0113\u0161anai j\u0101aizpilda nepiecie\u0161amie datu lauki un j\u0101izv\u0113las piem\u0113rot\u0101kais produktu pieg\u0101des veids. P\u0113c tam ekr\u0101n\u0101 tiks par\u0101d\u012bta maks\u0101jam\u0101 summa, ko var dro\u0161i apmaks\u0101t, izmantojot \u0161\u0101dus maks\u0101jumu veidus:  <\/li>\n\n\n\n<li>Igaunijas banku saites: Swedbank, SEB, Luminor, LHV, Coop Pank, Pocopay<\/li>\n<\/ul>\n\n<p>NB! Veicot apmaksu ar bankas saiti, bankas lap\u0101 noteikti nospied pogu \u201cAtpaka\u013c pie tirgot\u0101ja\u201d. <\/p>\n\n<ul class=\"wp-block-list\">\n<li>Ja pas\u016bt\u012bto preci nav iesp\u0113jams pieg\u0101d\u0101t t\u0101s izbeig\u0161an\u0101s d\u0113\u013c vai cita iemesla d\u0113\u013c, pirc\u0113js par to tiek inform\u0113ts p\u0113c iesp\u0113jas \u0101tr\u0101k un samaks\u0101t\u0101 nauda (tostarp preces pieg\u0101des izdevumi) tiek atmaks\u0101ta nekav\u0113joties, bet ne v\u0113l\u0101k k\u0101 5 darba dienu laik\u0101 p\u0113c pazi\u0146ojuma nos\u016bt\u012b\u0161anas.<\/li>\n<\/ul>\n\n<p><strong>Atlaides kodi un kuponi<\/strong><\/p>\n\n<ul class=\"wp-block-list\">\n<li>Stikily.ee lehel on v\u00f5imalus&nbsp;tellimuse vormistamisel kasutada sooduskoodi. Sooduskood annab soodustuse kindla ostukorvi summa, protsentuaalse ostukorvi summa, kui ka kindla toote summale ja\/v\u00f5i soodustuste tarnele\n<ul class=\"wp-block-list\">\n<li>Atlaides kodu var izmantot, ievadot eso\u0161o kodu tam paredz\u0113taj\u0101 lauk\u0101 lap\u0101 \u201cIepirkumu grozs\u201d vai \u201cKase\u201d.<\/li>\n\n\n\n<li>P\u0113c veiksm\u012bgas atlaides koda piem\u0113ro\u0161anas m\u0101jaslap\u0101 par\u0101d\u0101s pazi\u0146ojums \u201cKupona kods veiksm\u012bgi piem\u0113rots\u201d, un klients var redz\u0113t atlaidi pas\u016bt\u012bjuma kopsavilkum\u0101.<\/li>\n\n\n\n<li>Atlaides kodam var tikt piem\u0113roti lieto\u0161anas ierobe\u017eojumi (datuma ierobe\u017eojums, minim\u0101l\u0101 pirkuma summa, atlaide attiecas uz konkr\u0113tu produktu vai produktu grupu).<\/li>\n\n\n\n<li>Kop\u0101 ar atlaides kodu var tikt piem\u0113rota ar\u012b\/tikai bezmaksas pieg\u0101de.<\/li>\n\n\n\n<li>Atlaides kodus parasti var sa\u0146emt da\u017e\u0101du atlai\u017eu kampa\u0146u laik\u0101, k\u0101 pateic\u012bbu par pierakst\u012b\u0161anos jaunumiem, k\u0101 pateic\u012bbu par atsauksmes uzrakst\u012b\u0161anu u.c.<\/li>\n\n\n\n<li>Atlaides koda der\u012bguma termi\u0146\u0161 un citi nosac\u012bjumi ir nor\u0101d\u012bti konkr\u0113t\u0101s kampa\u0146as lap\u0101.<\/li>\n<\/ul>\n<\/li>\n\n\n\n<li>L\u012bgums st\u0101jas sp\u0113k\u0101 no br\u012b\u017ea, kad maks\u0101jam\u0101 summa ir sa\u0146emta Interneta veikala nor\u0113\u0137inu kont\u0101.<\/li>\n\n\n\n<li>Ja pas\u016bt\u012bto preci nav iesp\u0113jams pieg\u0101d\u0101t t\u0101s izbeig\u0161an\u0101s d\u0113\u013c vai cita iemesla d\u0113\u013c, pirc\u0113js par to tiek inform\u0113ts p\u0113c iesp\u0113jas \u0101tr\u0101k un samaks\u0101t\u0101 nauda (tostarp preces pieg\u0101des izdevumi) tiek atmaks\u0101ta nekav\u0113joties, bet ne v\u0113l\u0101k k\u0101 14 dienu laik\u0101 p\u0113c pazi\u0146ojuma nos\u016bt\u012b\u0161anas.<\/li>\n<\/ul>\n\n<p><strong>Pieg\u0101de<\/strong><\/p>\n\n<ul class=\"wp-block-list\">\n<li>Preces tiek s\u016bt\u012btas uz \u0161\u0101d\u0101m valst\u012bm: Igaunija, Somija, Latvija un Lietuva.<\/li>\n\n\n\n<li>Preces klientam tiek nos\u016bt\u012btas, izmantojot DPD un Itella Smartpost pakom\u0101tus. Nor\u0113\u0137inu lap\u0101 klients nor\u0101da, uz kuru pakom\u0101tu produktus v\u0113las sa\u0146emt. <\/li>\n\n\n\n<li>Preces pieg\u0101des izdevumus sedz pirc\u0113js, un attiec\u012bg\u0101 inform\u0101cija par cenu ir nor\u0101d\u012bta pie pieg\u0101des veida.<\/li>\n\n\n\n<li>S\u016bt\u012bjumi pirc\u0113ja nor\u0101d\u012btaj\u0101 galam\u0113r\u0137\u012b parasti non\u0101k 3\u201314 darba dienu laik\u0101.<\/li>\n\n\n\n<li>Iz\u0146\u0113muma gad\u012bjumos ir ties\u012bbas preci pieg\u0101d\u0101t l\u012bdz 45 kalend\u0101raj\u0101m dien\u0101m.<\/li>\n\n\n\n<li>S\u016bt\u012bjuma pak\u0101 atsevi\u0161\u0137i netiek pievienots p\u0101rdo\u0161anas r\u0113\u0137ins. Gad\u012bjum\u0101, ja klients v\u0113las sa\u0146emt p\u0101rdo\u0161anas r\u0113\u0137inu atsevi\u0161\u0137i uz pap\u012bra, par to j\u0101pazi\u0146o, p\u0113c pas\u016bt\u012bjuma veik\u0161anas rakstot uz adresi kiri@stikily.ee. <\/li>\n<\/ul>\n\n<p><strong>Atteikuma ties\u012bbas<\/strong><\/p>\n\n<ul class=\"wp-block-list\">\n<li>P\u0113c pas\u016bt\u012bjuma sa\u0146em\u0161anas pirc\u0113jam ir ties\u012bbas 30 dienu laik\u0101 atk\u0101pties no e-veikal\u0101 nosl\u0113gt\u0101 l\u012bguma.<\/li>\n\n\n\n<li>Atteikuma ties\u012bbas nav piem\u0113rojamas, ja pirc\u0113js ir juridiska persona.<\/li>\n\n\n\n<li>Lai izmantotu 30 dienu atgrie\u0161anas ties\u012bbas, pas\u016bt\u012bto preci nedr\u012bkst izmantot cit\u0101di, k\u0101 vien tikt\u0101l, cik tas nepiecie\u0161ams, lai p\u0101rliecin\u0101tos par preces raksturu, \u012bpa\u0161\u012bb\u0101m un darb\u012bbu t\u0101d\u0101 veid\u0101, k\u0101 tas b\u016btu at\u013cauts preces test\u0113\u0161anai fizisk\u0101 veikal\u0101.<\/li>\n\n\n\n<li>Lai atgrieztu preci, j\u0101iesniedz <strong><a href=\"https:\/\/stikily.ee\/wp-content\/uploads\/2022\/09\/Stikily.ee-taganemise-avaldus.pdf\" target=\"_blank\" rel=\"noreferrer noopener nofollow\">atteikuma iesniegums<\/a><\/strong> par preces ieg\u0101di un j\u0101nos\u016bta tas uz e-pasta adresi kiri@stikily.ee ne v\u0113l\u0101k k\u0101 14 dienu laik\u0101 p\u0113c preces sa\u0146em\u0161anas.<\/li>\n\n\n\n<li>Preces atgrie\u0161anas izdevumus sedz pirc\u0113js, iz\u0146emot gad\u012bjumus, kad atgrie\u0161anas iemesls ir saist\u012bts ar to, ka atgrie\u017eam\u0101 prece neatbilst pas\u016bt\u012btajai (piem\u0113ram, nepareiza vai boj\u0101ta prece).<\/li>\n\n\n\n<li>Pirc\u0113jam prece j\u0101atgrie\u017e 14 dienu laik\u0101 p\u0113c iesnieguma iesnieg\u0161anas vai j\u0101iesniedz pier\u0101d\u012bjums, ka vi\u0146\u0161 min\u0113taj\u0101 laikposm\u0101 ir nodevis preci p\u0101rvad\u0101t\u0101jam.<\/li>\n\n\n\n<li>Interneta veikals p\u0113c atgriezt\u0101s preces sa\u0146em\u0161anas nekav\u0113joties, bet ne v\u0113l\u0101k k\u0101 14 dienu laik\u0101 no atteikuma iesnieguma sa\u0146em\u0161anas br\u012b\u017ea, atmaks\u0101 pirc\u0113jam visus saska\u0146\u0101 ar l\u012bgumu no pirc\u0113ja sa\u0146emtos maks\u0101jumus.<\/li>\n\n\n\n<li>Interneta veikals var atteikties veikt atmaksu l\u012bdz br\u012bdim, kad ir sa\u0146\u0113mis atpaka\u013c l\u012bguma priek\u0161metu vai l\u012bdz br\u012bdim, kad pirc\u0113js ir iesniedzis pier\u0101d\u012bjumus par preces nos\u016bt\u012b\u0161anu atpaka\u013c, atkar\u012bb\u0101 no t\u0101, kas notiek agr\u0101k.<\/li>\n\n\n\n<li>Ja pirc\u0113js ir skaidri izv\u0113l\u0113jies pieg\u0101des veidu, kas nav Interneta veikala pied\u0101v\u0101tais l\u0113t\u0101kais parastais pieg\u0101des veids, Interneta veikalam nav pien\u0101kuma atmaks\u0101t pat\u0113r\u0113t\u0101jam izmaksas, kas p\u0101rsniedz parast\u0101 pieg\u0101des veida izmaksas.<\/li>\n\n\n\n<li>Interneta veikalam ir ties\u012bbas atk\u0101pties no p\u0101rdo\u0161anas dar\u012bjuma un piepras\u012bt pirc\u0113jam atgriezt preci, ja preces cena interneta veikal\u0101 k\u013c\u016bdas d\u0113\u013c ir nor\u0101d\u012bta b\u016btiski zem\u0101ka par preces tirgus cenu.<\/li>\n<\/ul>\n\n<p><strong>Pretenziju iesnieg\u0161anas ties\u012bbas<\/strong><\/p>\n\n<ul class=\"has-normal-font-size wp-block-list\">\n<li>Interneta veikals ir atbild\u012bgs par pirc\u0113jam p\u0101rdot\u0101s preces neatbilst\u012bbu l\u012bguma noteikumiem vai tr\u016bkumiem, kas past\u0101v\u0113ja jau preces nodo\u0161anas br\u012bd\u012b un kas atkl\u0101jas divu gadu laik\u0101 no preces nodo\u0161anas pirc\u0113jam. \u0160\u012b perioda pirmaj\u0101 gad\u0101 p\u0113c preces nodo\u0161anas pirc\u0113jam tiek pie\u0146emts, ka tr\u016bkums past\u0101v\u0113ja jau preces nodo\u0161anas laik\u0101. Attiec\u012bg\u0101 pie\u0146\u0113muma atsp\u0113ko\u0161ana ir Interneta veikala pien\u0101kums.  <\/li>\n\n\n\n<li>Pirc\u0113jam ir ties\u012bbas tr\u016bkumu atkl\u0101\u0161anas gad\u012bjum\u0101 ne v\u0113l\u0101k k\u0101 divu m\u0113ne\u0161u laik\u0101 v\u0113rsties interneta veikal\u0101, nos\u016btot e-pastu uz adresi kiri@stikily.ee.<\/li>\n\n\n\n<li>Interneta veikals neatbild par tr\u016bkumiem, kas radu\u0161ies p\u0113c preces nodo\u0161anas pirc\u0113jam.<\/li>\n\n\n\n<li>Ja Interneta veikal\u0101 ieg\u0101d\u0101tajai precei ir tr\u016bkumi, par kuriem Interneta veikals ir atbild\u012bgs, Interneta veikals salabo vai aizst\u0101j preci ar tr\u016bkumiem. Ja preci nav iesp\u0113jams salabot vai aizst\u0101t, Interneta veikals atmaks\u0101 pirc\u0113jam visus ar pirkuma l\u012bgumu saist\u012btos maks\u0101jumus. <\/li>\n\n\n\n<li>Interneta veikals uz pat\u0113r\u0113t\u0101ja iesniegto s\u016bdz\u012bbu atbild rakstveid\u0101 vai rakstveida reproduc\u0113\u0161anu pie\u013caujam\u0101 form\u0101 15 dienu laik\u0101.<\/li>\n<\/ul>\n\n<p><strong>Tie\u0161ais m\u0101rketings un personas datu apstr\u0101de<\/strong><\/p>\n\n<ul class=\"wp-block-list\">\n<li>Interneta veikals izmanto pirc\u0113ja ievad\u012btos personas datus (tostarp v\u0101rdu, t\u0101lru\u0146a numuru, adresi, e-pasta adresi, bankas rekviz\u012btus) tikai pas\u016bt\u012bjuma apstr\u0101dei un preces nos\u016bt\u012b\u0161anai pirc\u0113jam.<\/li>\n\n\n\n<li>Interneta veikals nodod personas datus transporta pakalpojumu sniedz\u0113jiem uz\u0146\u0113mumiem, lai pieg\u0101d\u0101tu preci.<\/li>\n\n\n\n<li>Interneta veikals s\u016bta pirc\u0113jam jaunumus un pied\u0101v\u0101jumus uz pirc\u0113ja e-pasta adresi tikai tad, ja pirc\u0113js ir izteicis \u0161\u0101du v\u0113lmi, ievadot m\u0101jaslap\u0101 savu e-pasta adresi un nor\u0101dot, ka v\u0113las sa\u0146emt tie\u0161\u0101 pasta pazi\u0146ojumus.<\/li>\n\n\n\n<li>Pirc\u0113jam jebkur\u0101 laik\u0101 ir iesp\u0113jams atteikties no e-past\u0101 s\u016bt\u012btajiem pied\u0101v\u0101jumiem un jaunumiem, pazi\u0146ojot mums par to pa e-pastu vai sekojot nor\u0101d\u0113m pied\u0101v\u0101jumu saturo\u0161aj\u0101 e-past\u0101.<\/li>\n<\/ul>\n\n<p><strong>Str\u012bdu risin\u0101\u0161ana<\/strong><\/p>\n\n<ul class=\"wp-block-list\">\n<li>Ja pirc\u0113jam ir pretenzijas pret Interneta veikalu, t\u0101s j\u0101s\u016bta uz e-pasta adresi kiri@stikily.ee vai j\u0101zvana pa t\u0101lruni: <a href=\"tel:+37255677423\">+37255677423<\/a>.<\/li>\n\n\n\n<li>Ja pirc\u0113js un Interneta veikals nesp\u0113j atrisin\u0101t str\u012bdu vieno\u0161an\u0101s ce\u013c\u0101, pirc\u0113jam ir iesp\u0113ja v\u0113rsties Pat\u0113r\u0113t\u0101ju str\u012bdu risin\u0101\u0161anas komisij\u0101. Ar procesa noteikumiem var iepaz\u012bties un iesniegumu iesniegt \u0161eit: <a rel=\"noreferrer noopener\" href=\"https:\/\/www.komisjon.ee\/\" target=\"_blank\">https:\/\/www.komisjon.ee\/<\/a>. Pat\u0113r\u0113t\u0101ju str\u012bdu risin\u0101\u0161anas komisijas kompetenc\u0113 ir risin\u0101t str\u012bdus, kas izriet no l\u012bguma, kur\u0161 nosl\u0113gts starp pirc\u0113ju un Interneta veikalu. Pirc\u0113ja s\u016bdz\u012bbas izskat\u012b\u0161ana komisij\u0101 ir bez maksas. Pirc\u0113js var v\u0113rsties ar\u012b Eiropas Savien\u012bbas pat\u0113r\u0113t\u0101ju str\u012bdu risin\u0101\u0161anas platform\u0101: <a rel=\"noreferrer noopener\" href=\"http:\/\/ec.europa.eu\/consumers\/odr\/\" target=\"_blank\">http:\/\/ec.europa.eu\/consumers\/odr\/<\/a>.    <\/li>\n<\/ul>\n","protected":false},"excerpt":{"rendered":"<p>Interneta veikala Stikily.ee (turpm\u0101k \u2013 Interneta veikals) \u012bpa\u0161nieks ir O\u00dc RA Meedia (re\u0123istr\u0101cijas numurs 11980192), juridisk\u0101 adrese Oru, Kose pagasts, Harju apri\u0146\u0137is. Pirkuma l\u012bguma sp\u0113k\u0101 esam\u012bba, inform\u0101cija par prec\u0113m un cen\u0101m Pas\u016bt\u012bjuma noform\u0113\u0161ana NB! Veicot apmaksu ar bankas saiti, bankas lap\u0101 noteikti nospied pogu \u201cAtpaka\u013c pie tirgot\u0101ja\u201d. Atlaides kodi un kuponi Pieg\u0101de Atteikuma ties\u012bbas Pretenziju [&hellip;]<\/p>\n","protected":false},"author":1,"featured_media":0,"parent":0,"menu_order":0,"comment_status":"closed","ping_status":"closed","template":"","meta":{"site-sidebar-layout":"default","site-content-layout":"default","ast-site-content-layout":"default","site-content-style":"default","site-sidebar-style":"default","ast-global-header-display":"","ast-banner-title-visibility":"","ast-main-header-display":"","ast-hfb-above-header-display":"","ast-hfb-below-header-display":"","ast-hfb-mobile-header-display":"","site-post-title":"","ast-breadcrumbs-content":"","ast-featured-img":"","footer-sml-layout":"","ast-disable-related-posts":"","theme-transparent-header-meta":"default","adv-header-id-meta":"","stick-header-meta":"default","header-above-stick-meta":"","header-main-stick-meta":"","header-below-stick-meta":"","astra-migrate-meta-layouts":"default","ast-page-background-enabled":"default","ast-page-background-meta":{"desktop":{"background-color":"","background-image":"","background-repeat":"repeat","background-position":"center center","background-size":"auto","background-attachment":"scroll","background-type":"","background-media":"","overlay-type":"","overlay-color":"","overlay-opacity":"","overlay-gradient":""},"tablet":{"background-color":"","background-image":"","background-repeat":"repeat","background-position":"center center","background-size":"auto","background-attachment":"scroll","background-type":"","background-media":"","overlay-type":"","overlay-color":"","overlay-opacity":"","overlay-gradient":""},"mobile":{"background-color":"","background-image":"","background-repeat":"repeat","background-position":"center center","background-size":"auto","background-attachment":"scroll","background-type":"","background-media":"","overlay-type":"","overlay-color":"","overlay-opacity":"","overlay-gradient":""}},"ast-content-background-meta":{"desktop":{"background-color":"var(--ast-global-color-5)","background-image":"","background-repeat":"repeat","background-position":"center center","background-size":"auto","background-attachment":"scroll","background-type":"","background-media":"","overlay-type":"","overlay-color":"","overlay-opacity":"","overlay-gradient":""},"tablet":{"background-color":"var(--ast-global-color-5)","background-image":"","background-repeat":"repeat","background-position":"center center","background-size":"auto","background-attachment":"scroll","background-type":"","background-media":"","overlay-type":"","overlay-color":"","overlay-opacity":"","overlay-gradient":""},"mobile":{"background-color":"var(--ast-global-color-5)","background-image":"","background-repeat":"repeat","background-position":"center center","background-size":"auto","background-attachment":"scroll","background-type":"","background-media":"","overlay-type":"","overlay-color":"","overlay-opacity":"","overlay-gradient":""}},"footnotes":""},"class_list":["post-35212","page","type-page","status-publish","hentry"],"jetpack_sharing_enabled":true,"_links":{"self":[{"href":"https:\/\/stikily.ee\/lv\/wp-json\/wp\/v2\/pages\/35212","targetHints":{"allow":["GET"]}}],"collection":[{"href":"https:\/\/stikily.ee\/lv\/wp-json\/wp\/v2\/pages"}],"about":[{"href":"https:\/\/stikily.ee\/lv\/wp-json\/wp\/v2\/types\/page"}],"author":[{"embeddable":true,"href":"https:\/\/stikily.ee\/lv\/wp-json\/wp\/v2\/users\/1"}],"replies":[{"embeddable":true,"href":"https:\/\/stikily.ee\/lv\/wp-json\/wp\/v2\/comments?post=35212"}],"version-history":[{"count":2,"href":"https:\/\/stikily.ee\/lv\/wp-json\/wp\/v2\/pages\/35212\/revisions"}],"predecessor-version":[{"id":36605,"href":"https:\/\/stikily.ee\/lv\/wp-json\/wp\/v2\/pages\/35212\/revisions\/36605"}],"wp:attachment":[{"href":"https:\/\/stikily.ee\/lv\/wp-json\/wp\/v2\/media?parent=35212"}],"curies":[{"name":"wp","href":"https:\/\/api.w.org\/{rel}","templated":true}]}}