{"id":46031,"date":"2025-08-28T18:36:07","date_gmt":"2025-08-28T15:36:07","guid":{"rendered":"https:\/\/stikily.ee\/toode\/diy-rinkinys-soap-look\/"},"modified":"2026-03-24T13:09:04","modified_gmt":"2026-03-24T11:09:04","slug":"diy-rinkinys-soap-look","status":"publish","type":"product","link":"https:\/\/stikily.ee\/lt\/toode\/diy-rinkinys-soap-look\/","title":{"rendered":"DIY rinkinys \u2013 \u201eSoap look\u201c"},"content":{"rendered":"","protected":false},"excerpt":{"rendered":"<p>Ar J\u016bs taip pat kartais pasiilgstate nag\u0173, kurie b\u016bt\u0173 tiesiog \u0161var\u016bs, reprezentatyv\u016bs ir nat\u016bral\u016bs? \u201eDIY Soap look\u201c rinkin\u012f sudaro 3 produktai, kuri\u0173 Jums reikia, kad d\u017eiaugtum\u0117t\u0117s gra\u017eiais ir reprezentatyviais nagais. <\/p>\n<p>Ideali stotel\u0117 tarp dviej\u0173 lipduk\u0173 \u2013 \u201eWild&amp;Mild Base Shield\u201c nag\u0173 lako pagrindas, kuris i\u0161lygina nago pavir\u0161i\u0173 ir suteikia ram\u0173 \u201esoap look\u201c efekt\u0105.<\/p>\n<p>Kaip tai pasiekti?<br \/>1. Lakuokite nagus 2 sluoksniais \u201eBase Shield\u201c lako<br \/>2. Padenkite 1 sluoksniu \u201eExtreme Shine\u201c vir\u0161utinio sluoksnio<br \/>3. Leiskite kiekvienam sluoksniui gerai i\u0161d\u017ei\u016bti<br \/>4. Nepamir\u0161kite sudr\u0117kinti odeli\u0173 nag\u0173 aliejumi!<\/p>\n<p>Rezultatas \u2013 nat\u016bralus ir \u0161varus maniki\u016bras, kuris atrodo stilingai net ir be spalvos.<\/p>\n<p>Taip, tai u\u017etrunka ilgiau nei naudojant nag\u0173 lako ar gelinio lako lipdukus&#8230; \u0160\u012f maniki\u016br\u0105 pasidarau tiesiog darbo metu s\u0117d\u0117dama prie kompiuterio \ud83e\udd2a<\/p>\n","protected":false},"featured_media":46033,"comment_status":"open","ping_status":"closed","template":"","meta":{"site-sidebar-layout":"default","site-content-layout":"","ast-site-content-layout":"default","site-content-style":"default","site-sidebar-style":"default","ast-global-header-display":"","ast-banner-title-visibility":"","ast-main-header-display":"","ast-hfb-above-header-display":"","ast-hfb-below-header-display":"","ast-hfb-mobile-header-display":"","site-post-title":"","ast-breadcrumbs-content":"","ast-featured-img":"","footer-sml-layout":"","ast-disable-related-posts":"","theme-transparent-header-meta":"default","adv-header-id-meta":"","stick-header-meta":"","header-above-stick-meta":"","header-main-stick-meta":"","header-below-stick-meta":"","astra-migrate-meta-layouts":"default","ast-page-background-enabled":"default","ast-page-background-meta":{"desktop":{"background-color":"","background-image":"","background-repeat":"repeat","background-position":"center center","background-size":"auto","background-attachment":"scroll","background-type":"","background-media":"","overlay-type":"","overlay-color":"","overlay-opacity":"","overlay-gradient":""},"tablet":{"background-color":"","background-image":"","background-repeat":"repeat","background-position":"center center","background-size":"auto","background-attachment":"scroll","background-type":"","background-media":"","overlay-type":"","overlay-color":"","overlay-opacity":"","overlay-gradient":""},"mobile":{"background-color":"","background-image":"","background-repeat":"repeat","background-position":"center center","background-size":"auto","background-attachment":"scroll","background-type":"","background-media":"","overlay-type":"","overlay-color":"","overlay-opacity":"","overlay-gradient":""}},"ast-content-background-meta":{"desktop":{"background-color":"var(--ast-global-color-5)","background-image":"","background-repeat":"repeat","background-position":"center center","background-size":"auto","background-attachment":"scroll","background-type":"","background-media":"","overlay-type":"","overlay-color":"","overlay-opacity":"","overlay-gradient":""},"tablet":{"background-color":"var(--ast-global-color-5)","background-image":"","background-repeat":"repeat","background-position":"center center","background-size":"auto","background-attachment":"scroll","background-type":"","background-media":"","overlay-type":"","overlay-color":"","overlay-opacity":"","overlay-gradient":""},"mobile":{"background-color":"var(--ast-global-color-5)","background-image":"","background-repeat":"repeat","background-position":"center center","background-size":"auto","background-attachment":"scroll","background-type":"","background-media":"","overlay-type":"","overlay-color":"","overlay-opacity":"","overlay-gradient":""}}},"product_brand":[],"product_cat":[902],"product_tag":[],"class_list":{"0":"post-46031","1":"product","2":"type-product","3":"status-publish","4":"has-post-thumbnail","6":"product_cat-rinkiniai","7":"desktop-align-center","8":"tablet-align-center","9":"mobile-align-center","10":"ast-product-gallery-layout-vertical","11":"ast-product-gallery-with-no-image","12":"ast-magnify-disabled","13":"ast-product-tabs-layout-distributed","15":"first","16":"instock","17":"sale","18":"taxable","19":"shipping-taxable","20":"purchasable","21":"product-type-composite"},"composite_virtual":false,"composite_layout":"paged-componentized","composite_add_to_cart_form_location":"default","composite_editable_in_cart":false,"composite_sold_individually_context":"product","composite_shop_price_calc":"min_max","composite_components":[{"id":"1756122474","title":"\u201eWild&amp;Mild Base Shield\u201c nag\u0173 lako pagrindas","description":"","query_type":"product_ids","query_ids":[34544],"default_option_id":34544,"thumbnail_id":"","thumbnail_src":"","quantity_min":1,"quantity_max":1,"priced_individually":false,"shipped_individually":false,"optional":false,"discount":15,"options_style":"dropdowns","pagination_style":"classic","display_prices":"hidden","show_sorting_options":false,"show_filtering_options":false,"attribute_filter_ids":[],"select_action":"view","product_title_visible":true,"product_descr_visible":false,"product_price_visible":true,"product_thumb_visible":true,"subtotal_visible_product":true,"subtotal_visible_cart":true,"subtotal_visible_orders":true},{"id":"1756122475","title":"\u201eWild&amp;Mild Extreme Shine\u201c vir\u0161utinis nag\u0173 lako sluoksnis","description":"","query_type":"product_ids","query_ids":[34536],"default_option_id":34536,"thumbnail_id":"","thumbnail_src":"","quantity_min":1,"quantity_max":1,"priced_individually":false,"shipped_individually":false,"optional":false,"discount":15,"options_style":"dropdowns","pagination_style":"classic","display_prices":"relative","show_sorting_options":false,"show_filtering_options":false,"attribute_filter_ids":[],"select_action":"view","product_title_visible":true,"product_descr_visible":false,"product_price_visible":true,"product_thumb_visible":true,"subtotal_visible_product":true,"subtotal_visible_cart":true,"subtotal_visible_orders":true},{"id":"1756122531","title":"\u201eWild&amp;Mild Nail Beauty Oil\u201c nag\u0173 aliejus","description":"","query_type":"product_ids","query_ids":[34532],"default_option_id":34532,"thumbnail_id":"","thumbnail_src":"","quantity_min":1,"quantity_max":1,"priced_individually":false,"shipped_individually":false,"optional":false,"discount":15,"options_style":"dropdowns","pagination_style":"classic","display_prices":"relative","show_sorting_options":false,"show_filtering_options":false,"attribute_filter_ids":[],"select_action":"view","product_title_visible":true,"product_descr_visible":false,"product_price_visible":true,"product_thumb_visible":true,"subtotal_visible_product":true,"subtotal_visible_cart":true,"subtotal_visible_orders":true}],"composite_scenarios":[],"jetpack_sharing_enabled":true,"_links":{"self":[{"href":"https:\/\/stikily.ee\/lt\/wp-json\/wp\/v2\/product\/46031","targetHints":{"allow":["GET"]}}],"collection":[{"href":"https:\/\/stikily.ee\/lt\/wp-json\/wp\/v2\/product"}],"about":[{"href":"https:\/\/stikily.ee\/lt\/wp-json\/wp\/v2\/types\/product"}],"replies":[{"embeddable":true,"href":"https:\/\/stikily.ee\/lt\/wp-json\/wp\/v2\/comments?post=46031"}],"wp:featuredmedia":[{"embeddable":true,"href":"https:\/\/stikily.ee\/lt\/wp-json\/wp\/v2\/media\/46033"}],"wp:attachment":[{"href":"https:\/\/stikily.ee\/lt\/wp-json\/wp\/v2\/media?parent=46031"}],"wp:term":[{"taxonomy":"product_brand","embeddable":true,"href":"https:\/\/stikily.ee\/lt\/wp-json\/wp\/v2\/product_brand?post=46031"},{"taxonomy":"product_cat","embeddable":true,"href":"https:\/\/stikily.ee\/lt\/wp-json\/wp\/v2\/product_cat?post=46031"},{"taxonomy":"product_tag","embeddable":true,"href":"https:\/\/stikily.ee\/lt\/wp-json\/wp\/v2\/product_tag?post=46031"}],"curies":[{"name":"wp","href":"https:\/\/api.w.org\/{rel}","templated":true}]}}