{"id":34960,"date":"2024-08-26T14:37:32","date_gmt":"2024-08-26T11:37:32","guid":{"rendered":""},"modified":"2026-03-24T13:07:05","modified_gmt":"2026-03-24T11:07:05","slug":"bite-blocker-kuunte-narimisvastase-hooldusega-pliiats-wildmild-5ml","status":"publish","type":"product","link":"https:\/\/stikily.ee\/lt\/toode\/bite-blocker-kuunte-narimisvastase-hooldusega-pliiats-wildmild-5ml\/","title":{"rendered":"\u201eBite Blocker\u201c \u2013 pie\u0161tukas nuo nag\u0173 kramtymo \u201eWild&amp;Mild\u201c, 5 ml"},"content":{"rendered":"<p>NAUDOJIMO INSTRUKCIJA:<\/p>\n<p>Pasukite pie\u0161tuk\u0105 \u012f de\u0161in\u0119, kad i\u0161spaustum\u0117te priemon\u0119.<br \/>\nTepkite priemon\u0119 ant \u0161vari\u0173 nag\u0173, po vien\u0105 ar du sluoksnius kasdien, kol nustosite kramtyti nagus.<br \/>\nGalima naudoti ir kaip vir\u0161utin\u012f sluoksn\u012f. Tepkite vien\u0105 sluoksn\u012f ant spalvoto lako kasdien, kol nustosite kramtyti nagus.<br \/>\nNor\u0117dami pasiekti geriausi\u0173 rezultat\u0173, naudokite reguliariai. <\/p>\n<p>PRIE\u017dI\u016aRA: laikykite v\u0117sioje, sausoje vietoje, atokiau nuo saul\u0117s spinduli\u0173.<\/p>\n","protected":false},"excerpt":{"rendered":"<p>\u201eWild&amp;Mild\u201c \u201eBite Blocker\u201c \u2013 apsauga nuo nag\u0173 kramtymo!<\/p>\n<p>Pristatome \u201eWild&amp;Mild\u201c \u201eBite Blocker\u201c \u2013 puik\u0173 sprendim\u0105, pad\u0117siant\u012f atsikratyti nag\u0173 ir odeli\u0173 kramtymo \u012fpro\u010dio. \u0160i inovatyvi \u201edu viename\u201c prie\u017ei\u016bros priemon\u0117 ne tik skatina nag\u0173 augim\u0105, bet ir atbaido nuo kramtymo d\u0117l intensyvaus kartaus skonio, u\u017etikrindama, kad J\u016bs\u0173 nagai i\u0161likt\u0173 sveiki ir stipr\u016bs. <\/p>\n<p><strong>Pagrindin\u0117s savyb\u0117s:<\/strong><\/p>\n<ul>\n<li><strong>Atbaidantis kartus skonis:<\/strong> \u201eBite Blocker\u201c sud\u0117tyje yra denatonio benzoato, \u017einomo d\u0117l savo saugaus, bet intensyviai kartaus skonio, kuris veiksmingai atbaido nuo nag\u0173 ir odeli\u0173 kramtymo.<\/li>\n<li><strong>Antiseptin\u0117 apsauga<\/strong>: sud\u0117tyje esantis bekvapis \u010desnak\u0173 ekstraktas pasi\u017eymi antiseptin\u0117mis savyb\u0117mis ir saugo nagus be jokio nemalonaus kvapo.<\/li>\n<li><strong>Maitina ir atkuria<\/strong>: praturtinta vitaminu E ir kalcio pantotenatu, \u0161i priemon\u0117 ramina bei dr\u0117kina nagus, atkuria j\u0173 elastingum\u0105 ir i\u0161laiko juos sveikus bei stiprius.<\/li>\n<li><strong>Pa\u017eangi nag\u0173 prie\u017ei\u016bra<\/strong>: sud\u0117tis be nitroceliulioz\u0117s padidina nag\u0173 stiprum\u0105 ir pagreitina d\u017ei\u016bvim\u0105, u\u017etikrindama tolyg\u0173 ir efektyv\u0173 padengim\u0105 kiekvien\u0105 kart\u0105.<\/li>\n<li><strong>Skaidri formul\u0117<\/strong>: tirpikli\u0173 pagrindu sukurta skaidri formul\u0117 leid\u017eia priemon\u0119 naudoti \u012fvairiapusi\u0161kai \u2013 tiek ant \u0161vari\u0173 nag\u0173, tiek kaip vir\u0161utin\u012f sluoksn\u012f ant J\u016bs\u0173 m\u0117gstamo spalvoto lako.<\/li>\n<li><strong>Eti\u0161kas gro\u017eis<\/strong>: kaip ir visi m\u016bs\u0173 produktai, \u201eBite Blocker\u201c yra vegani\u0161kas ir nebandytas su gyv\u016bnais, o tai atspindi m\u016bs\u0173 \u012fsipareigojim\u0105 eti\u0161kai ir atsakingai gro\u017eio puosel\u0117jimo praktikai.<\/li>\n<\/ul>\n<p>Naudodami \u201eWild&amp;Mild\u201c \u201eBite Blocker\u201c, galite u\u017etikrintai kovoti su nag\u0173 kramtymo \u012fpro\u010diu, kartu skatindami nag\u0173 augim\u0105 ir sveikat\u0105. Pakyl\u0117kite savo nag\u0173 prie\u017ei\u016bros rutin\u0105 \u012f nauj\u0105 lyg\u012f ir d\u017eiaukit\u0117s nagais, kurie yra ne tik gra\u017e\u016bs, bet ir sveiki. <\/p>\n<p>&nbsp;<\/p>\n","protected":false},"featured_media":45631,"comment_status":"open","ping_status":"closed","template":"","meta":{"site-sidebar-layout":"default","site-content-layout":"","ast-site-content-layout":"default","site-content-style":"default","site-sidebar-style":"default","ast-global-header-display":"","ast-banner-title-visibility":"","ast-main-header-display":"","ast-hfb-above-header-display":"","ast-hfb-below-header-display":"","ast-hfb-mobile-header-display":"","site-post-title":"","ast-breadcrumbs-content":"","ast-featured-img":"","footer-sml-layout":"","ast-disable-related-posts":"","theme-transparent-header-meta":"default","adv-header-id-meta":"","stick-header-meta":"","header-above-stick-meta":"","header-main-stick-meta":"","header-below-stick-meta":"","astra-migrate-meta-layouts":"default","ast-page-background-enabled":"default","ast-page-background-meta":{"desktop":{"background-color":"","background-image":"","background-repeat":"repeat","background-position":"center center","background-size":"auto","background-attachment":"scroll","background-type":"","background-media":"","overlay-type":"","overlay-color":"","overlay-opacity":"","overlay-gradient":""},"tablet":{"background-color":"","background-image":"","background-repeat":"repeat","background-position":"center center","background-size":"auto","background-attachment":"scroll","background-type":"","background-media":"","overlay-type":"","overlay-color":"","overlay-opacity":"","overlay-gradient":""},"mobile":{"background-color":"","background-image":"","background-repeat":"repeat","background-position":"center center","background-size":"auto","background-attachment":"scroll","background-type":"","background-media":"","overlay-type":"","overlay-color":"","overlay-opacity":"","overlay-gradient":""}},"ast-content-background-meta":{"desktop":{"background-color":"var(--ast-global-color-5)","background-image":"","background-repeat":"repeat","background-position":"center center","background-size":"auto","background-attachment":"scroll","background-type":"","background-media":"","overlay-type":"","overlay-color":"","overlay-opacity":"","overlay-gradient":""},"tablet":{"background-color":"var(--ast-global-color-5)","background-image":"","background-repeat":"repeat","background-position":"center center","background-size":"auto","background-attachment":"scroll","background-type":"","background-media":"","overlay-type":"","overlay-color":"","overlay-opacity":"","overlay-gradient":""},"mobile":{"background-color":"var(--ast-global-color-5)","background-image":"","background-repeat":"repeat","background-position":"center center","background-size":"auto","background-attachment":"scroll","background-type":"","background-media":"","overlay-type":"","overlay-color":"","overlay-opacity":"","overlay-gradient":""}}},"product_brand":[],"product_cat":[892],"product_tag":[],"class_list":{"0":"post-34960","1":"product","2":"type-product","3":"status-publish","4":"has-post-thumbnail","6":"product_cat-nagu-prieziura","7":"desktop-align-center","8":"tablet-align-center","9":"mobile-align-center","10":"ast-product-gallery-layout-vertical","11":"ast-magnify-disabled","12":"ast-product-tabs-layout-distributed","14":"first","15":"outofstock","16":"taxable","17":"shipping-taxable","18":"purchasable","19":"product-type-simple"},"composite_virtual":false,"composite_layout":"","composite_add_to_cart_form_location":"","composite_editable_in_cart":false,"composite_sold_individually_context":"","composite_shop_price_calc":"","composite_components":[],"composite_scenarios":[],"jetpack_sharing_enabled":true,"_links":{"self":[{"href":"https:\/\/stikily.ee\/lt\/wp-json\/wp\/v2\/product\/34960","targetHints":{"allow":["GET"]}}],"collection":[{"href":"https:\/\/stikily.ee\/lt\/wp-json\/wp\/v2\/product"}],"about":[{"href":"https:\/\/stikily.ee\/lt\/wp-json\/wp\/v2\/types\/product"}],"replies":[{"embeddable":true,"href":"https:\/\/stikily.ee\/lt\/wp-json\/wp\/v2\/comments?post=34960"}],"wp:featuredmedia":[{"embeddable":true,"href":"https:\/\/stikily.ee\/lt\/wp-json\/wp\/v2\/media\/45631"}],"wp:attachment":[{"href":"https:\/\/stikily.ee\/lt\/wp-json\/wp\/v2\/media?parent=34960"}],"wp:term":[{"taxonomy":"product_brand","embeddable":true,"href":"https:\/\/stikily.ee\/lt\/wp-json\/wp\/v2\/product_brand?post=34960"},{"taxonomy":"product_cat","embeddable":true,"href":"https:\/\/stikily.ee\/lt\/wp-json\/wp\/v2\/product_cat?post=34960"},{"taxonomy":"product_tag","embeddable":true,"href":"https:\/\/stikily.ee\/lt\/wp-json\/wp\/v2\/product_tag?post=34960"}],"curies":[{"name":"wp","href":"https:\/\/api.w.org\/{rel}","templated":true}]}}