{"id":34956,"date":"2024-08-26T14:31:02","date_gmt":"2024-08-26T11:31:02","guid":{"rendered":""},"modified":"2026-03-24T13:07:13","modified_gmt":"2026-03-24T11:07:13","slug":"probiotic-shield-kuune-mikrofloorat-kaitseva-hoolduse-pliiats-wildmild-5ml","status":"publish","type":"product","link":"https:\/\/stikily.ee\/lt\/toode\/probiotic-shield-kuune-mikrofloorat-kaitseva-hoolduse-pliiats-wildmild-5ml\/","title":{"rendered":"\u201eProbiotic Shield\u201c \u2013 nag\u0173 mikroflor\u0105 saugantis prie\u017ei\u016bros pie\u0161tukas \u201eWild&amp;Mild\u201c, 5 ml"},"content":{"rendered":"","protected":false},"excerpt":{"rendered":"<p>Pristatome \u201eWild&amp;Mild\u201c \u201eProbiotic Shield\u201c \u2013 rakt\u0105 \u012f J\u016bs\u0173 nag\u0173 apsaug\u0105 ir maitinim\u0105! \u0160i inovatyvi nag\u0173 prie\u017ei\u016bros priemon\u0117 yra kruop\u0161\u010diai praturtinta fermentuotais probiotikais, u\u017etikrinan\u010diais, kad J\u016bs\u0173 nagai gaut\u0173 nusipelnyt\u0105 prie\u017ei\u016br\u0105 bei tapt\u0173 atsparesni ir stipresni. <\/p>\n<p><strong>Pagrindin\u0117s savyb\u0117s:<\/strong><\/p>\n<ul>\n<li><strong>Probiotik\u0173 galia:<\/strong> \u201eProbiotic Shield\u201c yra praturtintas galingu probiotik\u0173 kompleksu, \u012fskaitant kefyr\u0105 ir stiprius i\u0161 laktobakterij\u0173 i\u0161gautus probiotikus, kurie palaiko ir i\u0161saugo nat\u016brali\u0105 J\u016bs\u0173 nag\u0173 sveikat\u0105.<\/li>\n<li><strong>Pavir\u0161iaus atnaujinimas ir dr\u0117kinimas:<\/strong> eliksyras su AHA (alfa-hidroksir\u016bg\u0161timi) ir dviem PHA (polihidroksir\u016bg\u0161timis) ne tik atnaujina bei stiprina J\u016bs\u0173 nagus, bet ir suteikia gil\u0173 dr\u0117kinim\u0105, tod\u0117l nagai tampa lyg\u016bs, stipr\u016bs ir gerai pamaitinti.<\/li>\n<li><strong>Dr\u0117gm\u0117s i\u0161laikymas:<\/strong> pantenoliu ir glicerinu praturtintas \u201eProbiotic Shield\u201c u\u017erakina dr\u0117gm\u0119, tod\u0117l po kiekvieno naudojimo J\u016bs\u0173 nagai i\u0161lieka dr\u0117kinami ir sveiki.<\/li>\n<li><strong>Unikali tekst\u016bra ir kvapas:<\/strong> m\u0117gaukit\u0117s \u0161viesiai oran\u017ein\u0117s pastelin\u0117s spalvos vandeninio gelio tekst\u016bra, kuri atrodo itin patraukliai, ir \u0161velniu abrikos\u0173 aromatu, d\u017eiuginan\u010diu J\u016bs\u0173 poj\u016b\u010dius.<\/li>\n<li><strong>Eti\u0161kas gro\u017eis:<\/strong> did\u017eiuojam\u0117s savo vegani\u0161ka ir su gyv\u016bnais nebandyta sud\u0117timi, kuri atspindi m\u016bs\u0173 \u012fsipareigojim\u0105 teikti eti\u0161k\u0105 gro\u017eio prie\u017ei\u016br\u0105, atitinkan\u010di\u0105 J\u016bs\u0173 vertybes.<\/li>\n<\/ul>\n<p>Su \u201eWild&amp;Mild\u201c \u201eProbiotic Shield\u201c atrasite revoliucin\u0119 nag\u0173 prie\u017ei\u016bros rutin\u0105, kuri sustiprins ir pamaitins J\u016bs\u0173 nagus, atskleisdama nat\u016brali\u0105 j\u0173 stipryb\u0119 bei gro\u017e\u012f. Pakelkite savo nag\u0173 prie\u017ei\u016br\u0105 \u012f nauj\u0105 lyg\u012f ir m\u0117gaukit\u0117s apsaugotais, sveikais bei atspariais nagais po kiekvieno naudojimo. <\/p>\n","protected":false},"featured_media":45651,"comment_status":"open","ping_status":"closed","template":"","meta":{"site-sidebar-layout":"default","site-content-layout":"","ast-site-content-layout":"default","site-content-style":"default","site-sidebar-style":"default","ast-global-header-display":"","ast-banner-title-visibility":"","ast-main-header-display":"","ast-hfb-above-header-display":"","ast-hfb-below-header-display":"","ast-hfb-mobile-header-display":"","site-post-title":"","ast-breadcrumbs-content":"","ast-featured-img":"","footer-sml-layout":"","ast-disable-related-posts":"","theme-transparent-header-meta":"default","adv-header-id-meta":"","stick-header-meta":"","header-above-stick-meta":"","header-main-stick-meta":"","header-below-stick-meta":"","astra-migrate-meta-layouts":"default","ast-page-background-enabled":"default","ast-page-background-meta":{"desktop":{"background-color":"","background-image":"","background-repeat":"repeat","background-position":"center center","background-size":"auto","background-attachment":"scroll","background-type":"","background-media":"","overlay-type":"","overlay-color":"","overlay-opacity":"","overlay-gradient":""},"tablet":{"background-color":"","background-image":"","background-repeat":"repeat","background-position":"center center","background-size":"auto","background-attachment":"scroll","background-type":"","background-media":"","overlay-type":"","overlay-color":"","overlay-opacity":"","overlay-gradient":""},"mobile":{"background-color":"","background-image":"","background-repeat":"repeat","background-position":"center center","background-size":"auto","background-attachment":"scroll","background-type":"","background-media":"","overlay-type":"","overlay-color":"","overlay-opacity":"","overlay-gradient":""}},"ast-content-background-meta":{"desktop":{"background-color":"var(--ast-global-color-5)","background-image":"","background-repeat":"repeat","background-position":"center center","background-size":"auto","background-attachment":"scroll","background-type":"","background-media":"","overlay-type":"","overlay-color":"","overlay-opacity":"","overlay-gradient":""},"tablet":{"background-color":"var(--ast-global-color-5)","background-image":"","background-repeat":"repeat","background-position":"center center","background-size":"auto","background-attachment":"scroll","background-type":"","background-media":"","overlay-type":"","overlay-color":"","overlay-opacity":"","overlay-gradient":""},"mobile":{"background-color":"var(--ast-global-color-5)","background-image":"","background-repeat":"repeat","background-position":"center center","background-size":"auto","background-attachment":"scroll","background-type":"","background-media":"","overlay-type":"","overlay-color":"","overlay-opacity":"","overlay-gradient":""}}},"product_brand":[],"product_cat":[892],"product_tag":[],"class_list":{"0":"post-34956","1":"product","2":"type-product","3":"status-publish","4":"has-post-thumbnail","6":"product_cat-nagu-prieziura","7":"desktop-align-center","8":"tablet-align-center","9":"mobile-align-center","10":"ast-product-gallery-layout-vertical","11":"ast-magnify-disabled","12":"ast-product-tabs-layout-distributed","14":"first","15":"instock","16":"taxable","17":"shipping-taxable","18":"purchasable","19":"product-type-simple"},"composite_virtual":false,"composite_layout":"","composite_add_to_cart_form_location":"","composite_editable_in_cart":false,"composite_sold_individually_context":"","composite_shop_price_calc":"","composite_components":[],"composite_scenarios":[],"jetpack_sharing_enabled":true,"_links":{"self":[{"href":"https:\/\/stikily.ee\/lt\/wp-json\/wp\/v2\/product\/34956","targetHints":{"allow":["GET"]}}],"collection":[{"href":"https:\/\/stikily.ee\/lt\/wp-json\/wp\/v2\/product"}],"about":[{"href":"https:\/\/stikily.ee\/lt\/wp-json\/wp\/v2\/types\/product"}],"replies":[{"embeddable":true,"href":"https:\/\/stikily.ee\/lt\/wp-json\/wp\/v2\/comments?post=34956"}],"wp:featuredmedia":[{"embeddable":true,"href":"https:\/\/stikily.ee\/lt\/wp-json\/wp\/v2\/media\/45651"}],"wp:attachment":[{"href":"https:\/\/stikily.ee\/lt\/wp-json\/wp\/v2\/media?parent=34956"}],"wp:term":[{"taxonomy":"product_brand","embeddable":true,"href":"https:\/\/stikily.ee\/lt\/wp-json\/wp\/v2\/product_brand?post=34956"},{"taxonomy":"product_cat","embeddable":true,"href":"https:\/\/stikily.ee\/lt\/wp-json\/wp\/v2\/product_cat?post=34956"},{"taxonomy":"product_tag","embeddable":true,"href":"https:\/\/stikily.ee\/lt\/wp-json\/wp\/v2\/product_tag?post=34956"}],"curies":[{"name":"wp","href":"https:\/\/api.w.org\/{rel}","templated":true}]}}