{"id":34948,"date":"2024-08-26T14:18:07","date_gmt":"2024-08-26T11:18:07","guid":{"rendered":""},"modified":"2026-03-24T13:07:13","modified_gmt":"2026-03-24T11:07:13","slug":"nail-growth-spa-nagu-augimo-spa-kuunekasvu-kiirendav-pliiats-wildmild-5ml","status":"publish","type":"product","link":"https:\/\/stikily.ee\/lt\/toode\/nail-growth-spa-nagu-augimo-spa-kuunekasvu-kiirendav-pliiats-wildmild-5ml\/","title":{"rendered":"Nail Growth Spa \u2013 nag\u0173 augim\u0105 skatinantis pie\u0161tukas Wild&amp;Mild 5 ml"},"content":{"rendered":"<p><strong>NAUDOJIMO INSTRUKCIJA:<\/strong><\/p>\n<ol>\n<li>Pasukite pie\u0161tuk\u0105 \u012f de\u0161in\u0119, kad i\u0161spaustum\u0117te priemon\u0119.<\/li>\n<li>Tepkite priemon\u0119 \u0161epet\u0117liu tiesiai ant \u0161vari\u0173 nag\u0173 ir po nagais.<\/li>\n<li>\u0160velniai \u012ftrinkite, kad geriau \u012fsigert\u0173. Jei reikia, pakartokite. <\/li>\n<li>Naudokite reguliariai, kad pasiektum\u0117te geriausi\u0173 rezultat\u0173.<\/li>\n<\/ol>\n<p><strong>PRIE\u017dI\u016aRA:<\/strong> Laikykite v\u0117sioje, sausoje vietoje, atokiau nuo tiesiogini\u0173 saul\u0117s spinduli\u0173.<\/p>\n<p><strong>KIEKIS:<\/strong> 5 ml<\/p>\n<p><strong>\u012eSP\u0116JIMAS:<\/strong> Venkite lakuoti nagus i\u0161kart po naudojimo. Prie\u0161 lakuodami nagus \u012fsitikinkite, kad rankos yra \u0161varios. Laikykite vaikams nepasiekiamoje vietoje.  <\/p>\n","protected":false},"excerpt":{"rendered":"<p>Wild&amp;Mild \u201eNail Growth Spa\u201c \u2013 stipresni\u0173 ir sveikesni\u0173 nag\u0173 paslaptis!<\/p>\n<p>Pristatome Wild&amp;Mild \u201eNail Growth Spa\u201c \u2013 serum\u0105, sukurt\u0105 trump\u0173 ir silpn\u0173 nag\u0173 prie\u017ei\u016brai bei stiprinimui. \u0160is inovatyvus, be paraben\u0173 ir i\u0161 nat\u016brali\u0173 ingredient\u0173 pagamintas derinys skatina nag\u0173 augim\u0105 ir juos atgaivina, u\u017etikrindamas geriausi\u0105 j\u016bs\u0173 nag\u0173 prie\u017ei\u016br\u0105. <\/p>\n<p><strong>Pagrindin\u0117s savyb\u0117s:<\/strong><\/p>\n<ul>\n<li><strong>Nag\u0173 stiprinimas:<\/strong> \u201eNail Growth Spa\u201c serumas specialiai sukurtas silpniems nagams stiprinti, padedant jiems laikui b\u0117gant tapti tvirtesniems ir sveikesniems.<\/li>\n<li><strong>Greitai \u012fsigeriantis gelis:<\/strong> Vandens pagrindo ir greitai \u012fsigeriantis gelis greitai puosel\u0117ja nagus, juos pamaitina ir nepalieka riebumo poj\u016b\u010dio.<\/li>\n<li><strong>Dr\u0117kinamosios mikrokapsuliuotos veikliosios med\u017eiagos:<\/strong> Mikrokapsuliuotomis veikliosiomis med\u017eiagomis praturtintas serumas i\u0161skiria dr\u0117kinamuosius vitaminus, kurie giliai dr\u0117kina nagus ir odeles, suteikdami svarbi\u0173 maistini\u0173 med\u017eiag\u0173 optimaliai nag\u0173 sveikatai.<\/li>\n<li><strong>Antioksidacin\u0117 apsauga:<\/strong> Maisting\u0173j\u0173 med\u017eiag\u0173 turtinga formul\u0117 taip pat suteikia antioksidacin\u0119 apsaug\u0105, i\u0161laikydama j\u016bs\u0173 nagus ir odeles mink\u0161tas, lygias ir apsaugotas nuo aplinkos stresori\u0173.<\/li>\n<li><strong>\u0160velnus aromatas:<\/strong> \u0160velnus g\u0117li\u0173 kvapas paver\u010dia j\u016bs\u0173 nag\u0173 prie\u017ei\u016bros rutin\u0105 malonia patirtimi, suteikdamas kiekvienam naudojimui malon\u0173 akcent\u0105.<\/li>\n<li><strong>Eti\u0161kas gro\u017eis:<\/strong> I\u0161tikimas m\u016bs\u0173 vertyb\u0117ms, \u201eNail Growth Spa\u201c yra vegani\u0161kas ir netestuotas su gyv\u016bnais, si\u016blantis veiksming\u0105 ir eti\u0161k\u0105 gro\u017eio sprendim\u0105.<\/li>\n<\/ul>\n<p>Wild&amp;Mild \u201eNail Growth Spa\u201c kvie\u010dia jus i\u0161bandyti transformuojan\u010di\u0105 nag\u0173 prie\u017ei\u016bros rutin\u0105, kuri stiprina ir puosel\u0117ja j\u016bs\u0173 nagus, atskleisdama j\u0173 nat\u016bral\u0173 gro\u017e\u012f ir atsparum\u0105. Pakelkite savo nag\u0173 prie\u017ei\u016br\u0105 \u012f nauj\u0105 lyg\u012f ir m\u0117gaukit\u0117s nagais, kurie yra ne tik stipresni, bet ir sveikesni bei spindintys. <\/p>\n","protected":false},"featured_media":45650,"comment_status":"open","ping_status":"closed","template":"","meta":{"site-sidebar-layout":"default","site-content-layout":"","ast-site-content-layout":"default","site-content-style":"default","site-sidebar-style":"default","ast-global-header-display":"","ast-banner-title-visibility":"","ast-main-header-display":"","ast-hfb-above-header-display":"","ast-hfb-below-header-display":"","ast-hfb-mobile-header-display":"","site-post-title":"","ast-breadcrumbs-content":"","ast-featured-img":"","footer-sml-layout":"","ast-disable-related-posts":"","theme-transparent-header-meta":"default","adv-header-id-meta":"","stick-header-meta":"","header-above-stick-meta":"","header-main-stick-meta":"","header-below-stick-meta":"","astra-migrate-meta-layouts":"default","ast-page-background-enabled":"default","ast-page-background-meta":{"desktop":{"background-color":"","background-image":"","background-repeat":"repeat","background-position":"center center","background-size":"auto","background-attachment":"scroll","background-type":"","background-media":"","overlay-type":"","overlay-color":"","overlay-opacity":"","overlay-gradient":""},"tablet":{"background-color":"","background-image":"","background-repeat":"repeat","background-position":"center center","background-size":"auto","background-attachment":"scroll","background-type":"","background-media":"","overlay-type":"","overlay-color":"","overlay-opacity":"","overlay-gradient":""},"mobile":{"background-color":"","background-image":"","background-repeat":"repeat","background-position":"center center","background-size":"auto","background-attachment":"scroll","background-type":"","background-media":"","overlay-type":"","overlay-color":"","overlay-opacity":"","overlay-gradient":""}},"ast-content-background-meta":{"desktop":{"background-color":"var(--ast-global-color-5)","background-image":"","background-repeat":"repeat","background-position":"center center","background-size":"auto","background-attachment":"scroll","background-type":"","background-media":"","overlay-type":"","overlay-color":"","overlay-opacity":"","overlay-gradient":""},"tablet":{"background-color":"var(--ast-global-color-5)","background-image":"","background-repeat":"repeat","background-position":"center center","background-size":"auto","background-attachment":"scroll","background-type":"","background-media":"","overlay-type":"","overlay-color":"","overlay-opacity":"","overlay-gradient":""},"mobile":{"background-color":"var(--ast-global-color-5)","background-image":"","background-repeat":"repeat","background-position":"center center","background-size":"auto","background-attachment":"scroll","background-type":"","background-media":"","overlay-type":"","overlay-color":"","overlay-opacity":"","overlay-gradient":""}}},"product_brand":[],"product_cat":[892],"product_tag":[],"class_list":{"0":"post-34948","1":"product","2":"type-product","3":"status-publish","4":"has-post-thumbnail","6":"product_cat-nagu-prieziura","7":"desktop-align-center","8":"tablet-align-center","9":"mobile-align-center","10":"ast-product-gallery-layout-vertical","11":"ast-magnify-disabled","12":"ast-product-tabs-layout-distributed","14":"first","15":"instock","16":"taxable","17":"shipping-taxable","18":"purchasable","19":"product-type-simple"},"composite_virtual":false,"composite_layout":"","composite_add_to_cart_form_location":"","composite_editable_in_cart":false,"composite_sold_individually_context":"","composite_shop_price_calc":"","composite_components":[],"composite_scenarios":[],"jetpack_sharing_enabled":true,"_links":{"self":[{"href":"https:\/\/stikily.ee\/lt\/wp-json\/wp\/v2\/product\/34948","targetHints":{"allow":["GET"]}}],"collection":[{"href":"https:\/\/stikily.ee\/lt\/wp-json\/wp\/v2\/product"}],"about":[{"href":"https:\/\/stikily.ee\/lt\/wp-json\/wp\/v2\/types\/product"}],"replies":[{"embeddable":true,"href":"https:\/\/stikily.ee\/lt\/wp-json\/wp\/v2\/comments?post=34948"}],"wp:featuredmedia":[{"embeddable":true,"href":"https:\/\/stikily.ee\/lt\/wp-json\/wp\/v2\/media\/45650"}],"wp:attachment":[{"href":"https:\/\/stikily.ee\/lt\/wp-json\/wp\/v2\/media?parent=34948"}],"wp:term":[{"taxonomy":"product_brand","embeddable":true,"href":"https:\/\/stikily.ee\/lt\/wp-json\/wp\/v2\/product_brand?post=34948"},{"taxonomy":"product_cat","embeddable":true,"href":"https:\/\/stikily.ee\/lt\/wp-json\/wp\/v2\/product_cat?post=34948"},{"taxonomy":"product_tag","embeddable":true,"href":"https:\/\/stikily.ee\/lt\/wp-json\/wp\/v2\/product_tag?post=34948"}],"curies":[{"name":"wp","href":"https:\/\/api.w.org\/{rel}","templated":true}]}}