{"id":34940,"date":"2024-08-26T14:02:31","date_gmt":"2024-08-26T11:02:31","guid":{"rendered":""},"modified":"2026-03-24T13:07:21","modified_gmt":"2026-03-24T11:07:21","slug":"perfecto-kuunelaki-korrektuurpliiats-wildmild-5ml","status":"publish","type":"product","link":"https:\/\/stikily.ee\/lt\/toode\/perfecto-kuunelaki-korrektuurpliiats-wildmild-5ml\/","title":{"rendered":"\u201ePerfecto\u201c nag\u0173 lako korekcinis pie\u0161tukas \u201eWild&amp;Mild\u201c, 5 ml"},"content":{"rendered":"","protected":false},"excerpt":{"rendered":"<p>Pristatome \u201eWild&amp;Mild\u201c \u201ePerfecto\u201c \u2013 geriausi\u0105 \u012frank\u012f, skirt\u0105 tiksliai ir lengvai koreguoti nag\u0173 lak\u0105. \u0160is naujovi\u0161ko dizaino pie\u0161tukas nag\u0173 lako klaid\u0173 \u0161alinim\u0105 paver\u010dia skland\u017eia ir malonia patirtimi, u\u017etikrinan\u010dia, kad J\u016bs\u0173 nagai visada atrodyt\u0173 nepriekai\u0161tingai. <\/p>\n<p>Pagrindin\u0117s savyb\u0117s:<\/p>\n<ul>\n<li>Tikslus koregavimas: m\u016bs\u0173 \u201ePerfecto\u201c pie\u0161tukas leid\u017eia pa\u0161alinti nag\u0173 lako klaidas nereg\u0117tu tikslumu, kaskart u\u017etikrindamas nepriekai\u0161ting\u0105 rezultat\u0105.<\/li>\n<li>\u0160velni sud\u0117tis: sud\u0117tyje n\u0117ra acetono, tod\u0117l ji tausoja nagus, neleid\u017eia jiems pa\u017eeisti ir kartu veiksmingai i\u0161taiso visas klaidas.<\/li>\n<li>Ilgalaikis rezultatas: m\u0117gaukit\u0117s ilgalaikiu, tepimuisi atspariu koregavimu su \u201ePerfecto\u201c \u2013 tai patikimas palydovas visiems J\u016bs\u0173 nag\u0173 prie\u017ei\u016bros poreikiams.<\/li>\n<li>\u0160velnus aromatas: pie\u0161tukas praturtintas \u0161velniu pakalnu\u010di\u0173 kvapu, kuris ne tik puikiai veikia, bet ir naudojimo metu skleid\u017eia malon\u0173 aromat\u0105.<\/li>\n<li>Eti\u0161kas gro\u017eis: kaip ir visi m\u016bs\u0173 produktai, \u201ePerfecto\u201c yra vegani\u0161kas ir nebandytas su gyv\u016bnais, o tai atitinka m\u016bs\u0173 \u012fsipareigojim\u0105 laikytis eti\u0161kos ir atsakingos gro\u017eio praktikos.<\/li>\n<\/ul>\n<p>Su \u201eWild&amp;Mild\u201c \u201ePerfecto\u201c galite m\u0117gautis ner\u016bpestinga nag\u0173 prie\u017ei\u016bros rutina, u\u017etikrinan\u010dia tobulum\u0105 kiekvien\u0105 kart\u0105 naudojant.<\/p>\n","protected":false},"featured_media":45695,"comment_status":"open","ping_status":"closed","template":"","meta":{"site-sidebar-layout":"default","site-content-layout":"","ast-site-content-layout":"default","site-content-style":"default","site-sidebar-style":"default","ast-global-header-display":"","ast-banner-title-visibility":"","ast-main-header-display":"","ast-hfb-above-header-display":"","ast-hfb-below-header-display":"","ast-hfb-mobile-header-display":"","site-post-title":"","ast-breadcrumbs-content":"","ast-featured-img":"","footer-sml-layout":"","ast-disable-related-posts":"","theme-transparent-header-meta":"default","adv-header-id-meta":"","stick-header-meta":"","header-above-stick-meta":"","header-main-stick-meta":"","header-below-stick-meta":"","astra-migrate-meta-layouts":"default","ast-page-background-enabled":"default","ast-page-background-meta":{"desktop":{"background-color":"","background-image":"","background-repeat":"repeat","background-position":"center center","background-size":"auto","background-attachment":"scroll","background-type":"","background-media":"","overlay-type":"","overlay-color":"","overlay-opacity":"","overlay-gradient":""},"tablet":{"background-color":"","background-image":"","background-repeat":"repeat","background-position":"center center","background-size":"auto","background-attachment":"scroll","background-type":"","background-media":"","overlay-type":"","overlay-color":"","overlay-opacity":"","overlay-gradient":""},"mobile":{"background-color":"","background-image":"","background-repeat":"repeat","background-position":"center center","background-size":"auto","background-attachment":"scroll","background-type":"","background-media":"","overlay-type":"","overlay-color":"","overlay-opacity":"","overlay-gradient":""}},"ast-content-background-meta":{"desktop":{"background-color":"var(--ast-global-color-5)","background-image":"","background-repeat":"repeat","background-position":"center center","background-size":"auto","background-attachment":"scroll","background-type":"","background-media":"","overlay-type":"","overlay-color":"","overlay-opacity":"","overlay-gradient":""},"tablet":{"background-color":"var(--ast-global-color-5)","background-image":"","background-repeat":"repeat","background-position":"center center","background-size":"auto","background-attachment":"scroll","background-type":"","background-media":"","overlay-type":"","overlay-color":"","overlay-opacity":"","overlay-gradient":""},"mobile":{"background-color":"var(--ast-global-color-5)","background-image":"","background-repeat":"repeat","background-position":"center center","background-size":"auto","background-attachment":"scroll","background-type":"","background-media":"","overlay-type":"","overlay-color":"","overlay-opacity":"","overlay-gradient":""}}},"product_brand":[],"product_cat":[892],"product_tag":[],"class_list":{"0":"post-34940","1":"product","2":"type-product","3":"status-publish","4":"has-post-thumbnail","6":"product_cat-nagu-prieziura","7":"desktop-align-center","8":"tablet-align-center","9":"mobile-align-center","10":"ast-product-gallery-layout-vertical","11":"ast-magnify-disabled","12":"ast-product-tabs-layout-distributed","14":"first","15":"outofstock","16":"taxable","17":"shipping-taxable","18":"purchasable","19":"product-type-simple"},"composite_virtual":false,"composite_layout":"","composite_add_to_cart_form_location":"","composite_editable_in_cart":false,"composite_sold_individually_context":"","composite_shop_price_calc":"","composite_components":[],"composite_scenarios":[],"jetpack_sharing_enabled":true,"_links":{"self":[{"href":"https:\/\/stikily.ee\/lt\/wp-json\/wp\/v2\/product\/34940","targetHints":{"allow":["GET"]}}],"collection":[{"href":"https:\/\/stikily.ee\/lt\/wp-json\/wp\/v2\/product"}],"about":[{"href":"https:\/\/stikily.ee\/lt\/wp-json\/wp\/v2\/types\/product"}],"replies":[{"embeddable":true,"href":"https:\/\/stikily.ee\/lt\/wp-json\/wp\/v2\/comments?post=34940"}],"wp:featuredmedia":[{"embeddable":true,"href":"https:\/\/stikily.ee\/lt\/wp-json\/wp\/v2\/media\/45695"}],"wp:attachment":[{"href":"https:\/\/stikily.ee\/lt\/wp-json\/wp\/v2\/media?parent=34940"}],"wp:term":[{"taxonomy":"product_brand","embeddable":true,"href":"https:\/\/stikily.ee\/lt\/wp-json\/wp\/v2\/product_brand?post=34940"},{"taxonomy":"product_cat","embeddable":true,"href":"https:\/\/stikily.ee\/lt\/wp-json\/wp\/v2\/product_cat?post=34940"},{"taxonomy":"product_tag","embeddable":true,"href":"https:\/\/stikily.ee\/lt\/wp-json\/wp\/v2\/product_tag?post=34940"}],"curies":[{"name":"wp","href":"https:\/\/api.w.org\/{rel}","templated":true}]}}