{"id":34140,"date":"2023-01-30T09:01:51","date_gmt":"2023-01-30T07:01:51","guid":{"rendered":""},"modified":"2026-03-24T11:05:31","modified_gmt":"2026-03-24T09:05:31","slug":"clochee-organic-taastav-katekreem-100-ml","status":"publish","type":"product","link":"https:\/\/stikily.ee\/lt\/toode\/clochee-organic-taastav-katekreem-100-ml\/","title":{"rendered":"\u201eClochee Organic\u201c atstatomasis rank\u0173 kremas, 100 ml"},"content":{"rendered":"","protected":false},"excerpt":{"rendered":"<p><strong>Dr\u0117kinantis, atstatantis, antibakterinis<\/strong><\/p>\n<p>Kremas lygina ir sukuria \u0161veln\u0173 apsaugin\u012f sluoksn\u012f ant odos pavir\u0161iaus, saugant\u012f nuo i\u0161saus\u0117jimo ir neigiamo i\u0161or\u0117s veiksni\u0173 poveikio. Teigiamas atstatomojo rank\u0173 kremo poveikis pasirei\u0161kia d\u0117l nat\u016brali\u0173 \u017ealiosios arbatos ir \u0161alavij\u0173 ekstrakt\u0173. \u017daliosios arbatos ekstrakte gausu raugini\u0173 med\u017eiag\u0173, alkaloid\u0173, B, K, C, P grup\u0117s vitamin\u0173 bei mineralini\u0173 drusk\u0173. Ekstraktas atstato, atnaujina, slopina u\u017edegimus, padeda i\u0161laikyti odos elastingum\u0105, l\u0117tina sen\u0117jimo procesus, saugo nuo kenksming\u0173 i\u0161or\u0117s veiksni\u0173 ir saul\u0117s spinduliuot\u0117s. \u0160alavijas yra organini\u0173 r\u016bg\u0161\u010di\u0173, karotino ir derv\u0173 jungini\u0173, taip pat vitamin\u0173 (A, C, B) bei mineral\u0173 (kalcio, magnio, kalio, natrio, cinko, gele\u017eies) \u0161altinis. Nat\u016bralus \u0161alavij\u0173 ekstraktas vertinamas d\u0117l stipri\u0173 prie\u0161u\u017edegimini\u0173, antibakterini\u0173 ir paraudim\u0105 ma\u017einan\u010di\u0173 savybi\u0173. Lengva atstatomojo rank\u0173 kremo tekst\u016bra greitai susigeria, tod\u0117l i\u0161kart po naudojimo galite gr\u012f\u017eti prie kasdien\u0117s veiklos. D\u0117l prakti\u0161kos pakuot\u0117s j\u012f visada patogu pasiimti su savimi.       <\/p>\n<p>Pakuot\u0117: 100 ml, perdirbamas plastikas<br \/>\n#VEGANFRIENDLY #CRUELTYFREE<\/p>\n<p>97 % respondent\u0173 patvirtino, kad kremas dr\u0117kina od\u0105 ir saugo nuo i\u0161saus\u0117jimo<br \/>\n97 % respondent\u0173 pasteb\u0117jo maitinam\u0105j\u012f kremo poveik\u012f<br \/>\n97 % respondent\u0173 teig\u0117, kad panaudojus krem\u0105 rankos neliko lipnios<\/p>\n<p>* Sertifikuota sud\u0117tis,<br \/>\n** Nat\u016bralios kilm\u0117s \u017ealiavos,<br \/>\n*** Patvirtinta kaip nat\u016brali kosmetika<\/p>\n","protected":false},"featured_media":42338,"comment_status":"open","ping_status":"closed","template":"","meta":{"site-sidebar-layout":"default","site-content-layout":"default","ast-site-content-layout":"default","site-content-style":"default","site-sidebar-style":"default","ast-global-header-display":"","ast-banner-title-visibility":"","ast-main-header-display":"","ast-hfb-above-header-display":"","ast-hfb-below-header-display":"","ast-hfb-mobile-header-display":"","site-post-title":"","ast-breadcrumbs-content":"","ast-featured-img":"","footer-sml-layout":"","ast-disable-related-posts":"","theme-transparent-header-meta":"default","adv-header-id-meta":"","stick-header-meta":"default","header-above-stick-meta":"","header-main-stick-meta":"","header-below-stick-meta":"","astra-migrate-meta-layouts":"default","ast-page-background-enabled":"default","ast-page-background-meta":{"desktop":{"background-color":"","background-image":"","background-repeat":"repeat","background-position":"center center","background-size":"auto","background-attachment":"scroll","background-type":"","background-media":"","overlay-type":"","overlay-color":"","overlay-opacity":"","overlay-gradient":""},"tablet":{"background-color":"","background-image":"","background-repeat":"repeat","background-position":"center center","background-size":"auto","background-attachment":"scroll","background-type":"","background-media":"","overlay-type":"","overlay-color":"","overlay-opacity":"","overlay-gradient":""},"mobile":{"background-color":"","background-image":"","background-repeat":"repeat","background-position":"center center","background-size":"auto","background-attachment":"scroll","background-type":"","background-media":"","overlay-type":"","overlay-color":"","overlay-opacity":"","overlay-gradient":""}},"ast-content-background-meta":{"desktop":{"background-color":"var(--ast-global-color-5)","background-image":"","background-repeat":"repeat","background-position":"center center","background-size":"auto","background-attachment":"scroll","background-type":"","background-media":"","overlay-type":"","overlay-color":"","overlay-opacity":"","overlay-gradient":""},"tablet":{"background-color":"var(--ast-global-color-5)","background-image":"","background-repeat":"repeat","background-position":"center center","background-size":"auto","background-attachment":"scroll","background-type":"","background-media":"","overlay-type":"","overlay-color":"","overlay-opacity":"","overlay-gradient":""},"mobile":{"background-color":"var(--ast-global-color-5)","background-image":"","background-repeat":"repeat","background-position":"center center","background-size":"auto","background-attachment":"scroll","background-type":"","background-media":"","overlay-type":"","overlay-color":"","overlay-opacity":"","overlay-gradient":""}}},"product_brand":[],"product_cat":[892],"product_tag":[],"class_list":{"0":"post-34140","1":"product","2":"type-product","3":"status-publish","4":"has-post-thumbnail","6":"product_cat-nagu-prieziura","7":"desktop-align-center","8":"tablet-align-center","9":"mobile-align-center","10":"ast-product-gallery-layout-vertical","11":"ast-magnify-disabled","12":"ast-product-tabs-layout-distributed","14":"first","15":"outofstock","16":"taxable","17":"shipping-taxable","18":"purchasable","19":"product-type-simple"},"composite_virtual":false,"composite_layout":"","composite_add_to_cart_form_location":"","composite_editable_in_cart":false,"composite_sold_individually_context":"","composite_shop_price_calc":"","composite_components":[],"composite_scenarios":[],"jetpack_sharing_enabled":true,"_links":{"self":[{"href":"https:\/\/stikily.ee\/lt\/wp-json\/wp\/v2\/product\/34140","targetHints":{"allow":["GET"]}}],"collection":[{"href":"https:\/\/stikily.ee\/lt\/wp-json\/wp\/v2\/product"}],"about":[{"href":"https:\/\/stikily.ee\/lt\/wp-json\/wp\/v2\/types\/product"}],"replies":[{"embeddable":true,"href":"https:\/\/stikily.ee\/lt\/wp-json\/wp\/v2\/comments?post=34140"}],"wp:featuredmedia":[{"embeddable":true,"href":"https:\/\/stikily.ee\/lt\/wp-json\/wp\/v2\/media\/42338"}],"wp:attachment":[{"href":"https:\/\/stikily.ee\/lt\/wp-json\/wp\/v2\/media?parent=34140"}],"wp:term":[{"taxonomy":"product_brand","embeddable":true,"href":"https:\/\/stikily.ee\/lt\/wp-json\/wp\/v2\/product_brand?post=34140"},{"taxonomy":"product_cat","embeddable":true,"href":"https:\/\/stikily.ee\/lt\/wp-json\/wp\/v2\/product_cat?post=34140"},{"taxonomy":"product_tag","embeddable":true,"href":"https:\/\/stikily.ee\/lt\/wp-json\/wp\/v2\/product_tag?post=34140"}],"curies":[{"name":"wp","href":"https:\/\/api.w.org\/{rel}","templated":true}]}}