{"id":33988,"date":"2022-11-24T09:46:11","date_gmt":"2022-11-24T07:46:11","guid":{"rendered":""},"modified":"2026-03-24T11:08:49","modified_gmt":"2026-03-24T09:08:49","slug":"stikily-kosmeetikakott","status":"publish","type":"product","link":"https:\/\/stikily.ee\/lt\/toode\/stikily-kosmeetikakott\/","title":{"rendered":"\u201eStikily\u201c kosmetin\u0117"},"content":{"rendered":"","protected":false},"excerpt":{"rendered":"<p>\u201eStikily\u201c kosmetin\u0117 idealiai tinka J\u016bs\u0173 nag\u0173 lako lipdukams laikyti. Skaidrios kosmetin\u0117s matmenys yra 18 x 5,5 x 12 cm \u2013 pakankamai didel\u0117, kad tilpt\u0173 viskas, ko reikia, ir pakankamai ma\u017ea, kad neu\u017eimt\u0173 per daug vietos. <\/p>\n<p>Ji pagaminta i\u0161 PVC, tod\u0117l yra patvari bei atspari vandeniui ir aliejui tiek i\u0161 vidaus, tiek i\u0161 i\u0161or\u0117s.<br \/>\nNors \u0161i skaidri kosmetin\u0117 puikiai tinka J\u016bs\u0173 lipdukams laikyti, ji turi daug prakti\u0161k\u0173 panaudojimo b\u016bd\u0173. Did\u017eiausias privalumas, pavyzd\u017eiui, rankinio baga\u017eo patikra oro uoste. <\/p>\n","protected":false},"featured_media":43142,"comment_status":"open","ping_status":"closed","template":"","meta":{"site-sidebar-layout":"default","site-content-layout":"default","ast-site-content-layout":"default","site-content-style":"default","site-sidebar-style":"default","ast-global-header-display":"","ast-banner-title-visibility":"","ast-main-header-display":"","ast-hfb-above-header-display":"","ast-hfb-below-header-display":"","ast-hfb-mobile-header-display":"","site-post-title":"","ast-breadcrumbs-content":"","ast-featured-img":"","footer-sml-layout":"","ast-disable-related-posts":"","theme-transparent-header-meta":"default","adv-header-id-meta":"","stick-header-meta":"default","header-above-stick-meta":"","header-main-stick-meta":"","header-below-stick-meta":"","astra-migrate-meta-layouts":"default","ast-page-background-enabled":"default","ast-page-background-meta":{"desktop":{"background-color":"","background-image":"","background-repeat":"repeat","background-position":"center center","background-size":"auto","background-attachment":"scroll","background-type":"","background-media":"","overlay-type":"","overlay-color":"","overlay-opacity":"","overlay-gradient":""},"tablet":{"background-color":"","background-image":"","background-repeat":"repeat","background-position":"center center","background-size":"auto","background-attachment":"scroll","background-type":"","background-media":"","overlay-type":"","overlay-color":"","overlay-opacity":"","overlay-gradient":""},"mobile":{"background-color":"","background-image":"","background-repeat":"repeat","background-position":"center center","background-size":"auto","background-attachment":"scroll","background-type":"","background-media":"","overlay-type":"","overlay-color":"","overlay-opacity":"","overlay-gradient":""}},"ast-content-background-meta":{"desktop":{"background-color":"var(--ast-global-color-5)","background-image":"","background-repeat":"repeat","background-position":"center center","background-size":"auto","background-attachment":"scroll","background-type":"","background-media":"","overlay-type":"","overlay-color":"","overlay-opacity":"","overlay-gradient":""},"tablet":{"background-color":"var(--ast-global-color-5)","background-image":"","background-repeat":"repeat","background-position":"center center","background-size":"auto","background-attachment":"scroll","background-type":"","background-media":"","overlay-type":"","overlay-color":"","overlay-opacity":"","overlay-gradient":""},"mobile":{"background-color":"var(--ast-global-color-5)","background-image":"","background-repeat":"repeat","background-position":"center center","background-size":"auto","background-attachment":"scroll","background-type":"","background-media":"","overlay-type":"","overlay-color":"","overlay-opacity":"","overlay-gradient":""}}},"product_brand":[],"product_cat":[892],"product_tag":[],"class_list":{"0":"post-33988","1":"product","2":"type-product","3":"status-publish","4":"has-post-thumbnail","6":"product_cat-nagu-prieziura","7":"desktop-align-center","8":"tablet-align-center","9":"mobile-align-center","10":"ast-product-gallery-layout-vertical","11":"ast-magnify-disabled","12":"ast-product-tabs-layout-distributed","14":"first","15":"instock","16":"taxable","17":"shipping-taxable","18":"purchasable","19":"product-type-simple"},"composite_virtual":false,"composite_layout":"","composite_add_to_cart_form_location":"","composite_editable_in_cart":false,"composite_sold_individually_context":"","composite_shop_price_calc":"","composite_components":[],"composite_scenarios":[],"jetpack_sharing_enabled":true,"_links":{"self":[{"href":"https:\/\/stikily.ee\/lt\/wp-json\/wp\/v2\/product\/33988","targetHints":{"allow":["GET"]}}],"collection":[{"href":"https:\/\/stikily.ee\/lt\/wp-json\/wp\/v2\/product"}],"about":[{"href":"https:\/\/stikily.ee\/lt\/wp-json\/wp\/v2\/types\/product"}],"replies":[{"embeddable":true,"href":"https:\/\/stikily.ee\/lt\/wp-json\/wp\/v2\/comments?post=33988"}],"wp:featuredmedia":[{"embeddable":true,"href":"https:\/\/stikily.ee\/lt\/wp-json\/wp\/v2\/media\/43142"}],"wp:attachment":[{"href":"https:\/\/stikily.ee\/lt\/wp-json\/wp\/v2\/media?parent=33988"}],"wp:term":[{"taxonomy":"product_brand","embeddable":true,"href":"https:\/\/stikily.ee\/lt\/wp-json\/wp\/v2\/product_brand?post=33988"},{"taxonomy":"product_cat","embeddable":true,"href":"https:\/\/stikily.ee\/lt\/wp-json\/wp\/v2\/product_cat?post=33988"},{"taxonomy":"product_tag","embeddable":true,"href":"https:\/\/stikily.ee\/lt\/wp-json\/wp\/v2\/product_tag?post=33988"}],"curies":[{"name":"wp","href":"https:\/\/api.w.org\/{rel}","templated":true}]}}