{"id":33980,"date":"2022-11-21T13:12:34","date_gmt":"2022-11-21T11:12:34","guid":{"rendered":""},"modified":"2026-03-24T10:59:28","modified_gmt":"2026-03-24T08:59:28","slug":"wibo-lovely-sayhello-hard-nails-nagu-kietiklis-10-ml","status":"publish","type":"product","link":"https:\/\/stikily.ee\/lt\/toode\/wibo-lovely-sayhello-hard-nails-nagu-kietiklis-10-ml\/","title":{"rendered":"Wibo Lovely SayHello Hard Nails nag\u0173 kietiklis, 10 ml"},"content":{"rendered":"","protected":false},"excerpt":{"rendered":"<p>Balsamas trapiems ir l\u016b\u017ein\u0117ti linkusiems nagams. Produktas tinka alergi\u0161kiems \u017emon\u0117ms. D\u0117l specialios sud\u0117ties jis kietina nagus, gerina bendr\u0105 j\u0173 b\u016bkl\u0119, apsaugo nuo nag\u0173 sluoksniavimosi ir l\u016b\u017ein\u0117jimo.  <\/p>\n<p>Naudojimas: tepkite nagus ma\u017edaug du kartus per savait\u0119, kol pasieksite norim\u0105 efekt\u0105. Prie\u0161 lakuodami kit\u0105 sluoksn\u012f, nuvalykite ankstesn\u012fj\u012f. Taip pat tinka naudoti kaip nag\u0173 lako pagrind\u0105.  <\/p>\n<p>&nbsp;<\/p>\n","protected":false},"featured_media":41137,"comment_status":"open","ping_status":"closed","template":"","meta":{"site-sidebar-layout":"default","site-content-layout":"default","ast-site-content-layout":"default","site-content-style":"default","site-sidebar-style":"default","ast-global-header-display":"","ast-banner-title-visibility":"","ast-main-header-display":"","ast-hfb-above-header-display":"","ast-hfb-below-header-display":"","ast-hfb-mobile-header-display":"","site-post-title":"","ast-breadcrumbs-content":"","ast-featured-img":"","footer-sml-layout":"","ast-disable-related-posts":"","theme-transparent-header-meta":"default","adv-header-id-meta":"","stick-header-meta":"default","header-above-stick-meta":"","header-main-stick-meta":"","header-below-stick-meta":"","astra-migrate-meta-layouts":"default","ast-page-background-enabled":"default","ast-page-background-meta":{"desktop":{"background-color":"","background-image":"","background-repeat":"repeat","background-position":"center center","background-size":"auto","background-attachment":"scroll","background-type":"","background-media":"","overlay-type":"","overlay-color":"","overlay-opacity":"","overlay-gradient":""},"tablet":{"background-color":"","background-image":"","background-repeat":"repeat","background-position":"center center","background-size":"auto","background-attachment":"scroll","background-type":"","background-media":"","overlay-type":"","overlay-color":"","overlay-opacity":"","overlay-gradient":""},"mobile":{"background-color":"","background-image":"","background-repeat":"repeat","background-position":"center center","background-size":"auto","background-attachment":"scroll","background-type":"","background-media":"","overlay-type":"","overlay-color":"","overlay-opacity":"","overlay-gradient":""}},"ast-content-background-meta":{"desktop":{"background-color":"var(--ast-global-color-5)","background-image":"","background-repeat":"repeat","background-position":"center center","background-size":"auto","background-attachment":"scroll","background-type":"","background-media":"","overlay-type":"","overlay-color":"","overlay-opacity":"","overlay-gradient":""},"tablet":{"background-color":"var(--ast-global-color-5)","background-image":"","background-repeat":"repeat","background-position":"center center","background-size":"auto","background-attachment":"scroll","background-type":"","background-media":"","overlay-type":"","overlay-color":"","overlay-opacity":"","overlay-gradient":""},"mobile":{"background-color":"var(--ast-global-color-5)","background-image":"","background-repeat":"repeat","background-position":"center center","background-size":"auto","background-attachment":"scroll","background-type":"","background-media":"","overlay-type":"","overlay-color":"","overlay-opacity":"","overlay-gradient":""}}},"product_brand":[],"product_cat":[892],"product_tag":[],"class_list":{"0":"post-33980","1":"product","2":"type-product","3":"status-publish","4":"has-post-thumbnail","6":"product_cat-nagu-prieziura","7":"desktop-align-center","8":"tablet-align-center","9":"mobile-align-center","10":"ast-product-gallery-layout-vertical","11":"ast-magnify-disabled","12":"ast-product-tabs-layout-distributed","14":"first","15":"outofstock","16":"taxable","17":"shipping-taxable","18":"purchasable","19":"product-type-simple"},"composite_virtual":false,"composite_layout":"","composite_add_to_cart_form_location":"","composite_editable_in_cart":false,"composite_sold_individually_context":"","composite_shop_price_calc":"","composite_components":[],"composite_scenarios":[],"jetpack_sharing_enabled":true,"_links":{"self":[{"href":"https:\/\/stikily.ee\/lt\/wp-json\/wp\/v2\/product\/33980","targetHints":{"allow":["GET"]}}],"collection":[{"href":"https:\/\/stikily.ee\/lt\/wp-json\/wp\/v2\/product"}],"about":[{"href":"https:\/\/stikily.ee\/lt\/wp-json\/wp\/v2\/types\/product"}],"replies":[{"embeddable":true,"href":"https:\/\/stikily.ee\/lt\/wp-json\/wp\/v2\/comments?post=33980"}],"wp:featuredmedia":[{"embeddable":true,"href":"https:\/\/stikily.ee\/lt\/wp-json\/wp\/v2\/media\/41137"}],"wp:attachment":[{"href":"https:\/\/stikily.ee\/lt\/wp-json\/wp\/v2\/media?parent=33980"}],"wp:term":[{"taxonomy":"product_brand","embeddable":true,"href":"https:\/\/stikily.ee\/lt\/wp-json\/wp\/v2\/product_brand?post=33980"},{"taxonomy":"product_cat","embeddable":true,"href":"https:\/\/stikily.ee\/lt\/wp-json\/wp\/v2\/product_cat?post=33980"},{"taxonomy":"product_tag","embeddable":true,"href":"https:\/\/stikily.ee\/lt\/wp-json\/wp\/v2\/product_tag?post=33980"}],"curies":[{"name":"wp","href":"https:\/\/api.w.org\/{rel}","templated":true}]}}