{"id":33968,"date":"2022-11-03T17:13:27","date_gmt":"2022-11-03T15:13:27","guid":{"rendered":""},"modified":"2026-03-24T10:59:46","modified_gmt":"2026-03-24T08:59:46","slug":"uv-lamp","status":"publish","type":"product","link":"https:\/\/stikily.ee\/lt\/toode\/uv-lamp\/","title":{"rendered":"UV lempa gelinio lako lipdukams"},"content":{"rendered":"<p>Koks yra patogiausias ir grei\u010diausias b\u016bdas klijuoti gelinio lako lipdukus? Tai \u201eStikily\u201c UV lempa! \u0160i kokybi\u0161ka lempa sukurta specialiai greitam ir efektyviam gelinio lako lipduk\u0173 fiksavimui, u\u017etikrinant nepriekai\u0161ting\u0105 rezultat\u0105 kiekvien\u0105 kart\u0105.  <\/p>\n<p>Naudojimas yra itin paprastas: u\u017eklijuokite lipdukus ant nag\u0173, \u012fjunkite lemp\u0105 ir leiskite jai automati\u0161kai veikti 60 sekund\u017ei\u0173. B\u016btent tiek laiko reikia, kad gelinio lako lipdukai tinkamai sustingt\u0173. D\u0117l \u0161ios i\u0161manios laikma\u010dio funkcijos nereik\u0117s r\u016bpintis per ilgu ar nepakankamu d\u017eiovinimo laiku.  <\/p>\n<p>D\u0117l kompakti\u0161ko UV lempos dizaino j\u0105 itin lengva ne\u0161iotis su savimi. Nesvarbu, ar Jums reikia lemp\u0105 naudoti namuose, kelion\u0117je, ar tiesiog greitam maniki\u016brui biure, \u0161i lempa visada bus paruo\u0161ta. Lempa turi USB laid\u0105, kur\u012f galima patogiai prijungti tiek prie sieninio lizdo, tiek automobilyje ar prie kompiuterio, u\u017etikrinant lankstum\u0105 bet kurioje situacijoje.  <\/p>\n<p>M\u0117gaukit\u0117s profesionalaus lygio maniki\u016bru patogiai savo namuose. Gelinio lako lipdukai yra idealus sprendimas visoms, kurios nori sutaupyti laiko ir pinig\u0173 salon\u0173 apsilankymams, ta\u010diau nenori nusileisti salono vertam rezultatui. <\/p>\n","protected":false},"excerpt":{"rendered":"<p>Norint u\u017eklijuoti <a href=\"https:\/\/stikily-ee.vserver.zonevs.eu\/tootekategooria\/geellakikleebised\/\" target=\"_blank\" rel=\"noopener\">gelinio lako lipdukus<\/a>, reikalinga UV lempa.<\/p>\n<p>UV lempa automati\u0161kai veikia 60 sekund\u017ei\u0173 \u2013 b\u016btent tiek laiko reikia gelinio lako lipdukams. Pakuot\u0117je yra USB laidas, kur\u012f galite prijungti prie elektros lizdo, automobilyje ar prie kompiuterio. <\/p>\n<p>&nbsp;<\/p>\n","protected":false},"featured_media":41170,"comment_status":"open","ping_status":"closed","template":"","meta":{"site-sidebar-layout":"default","site-content-layout":"default","ast-site-content-layout":"default","site-content-style":"default","site-sidebar-style":"default","ast-global-header-display":"","ast-banner-title-visibility":"","ast-main-header-display":"","ast-hfb-above-header-display":"","ast-hfb-below-header-display":"","ast-hfb-mobile-header-display":"","site-post-title":"","ast-breadcrumbs-content":"","ast-featured-img":"","footer-sml-layout":"","ast-disable-related-posts":"","theme-transparent-header-meta":"default","adv-header-id-meta":"","stick-header-meta":"default","header-above-stick-meta":"","header-main-stick-meta":"","header-below-stick-meta":"","astra-migrate-meta-layouts":"default","ast-page-background-enabled":"default","ast-page-background-meta":{"desktop":{"background-color":"","background-image":"","background-repeat":"repeat","background-position":"center center","background-size":"auto","background-attachment":"scroll","background-type":"","background-media":"","overlay-type":"","overlay-color":"","overlay-opacity":"","overlay-gradient":""},"tablet":{"background-color":"","background-image":"","background-repeat":"repeat","background-position":"center center","background-size":"auto","background-attachment":"scroll","background-type":"","background-media":"","overlay-type":"","overlay-color":"","overlay-opacity":"","overlay-gradient":""},"mobile":{"background-color":"","background-image":"","background-repeat":"repeat","background-position":"center center","background-size":"auto","background-attachment":"scroll","background-type":"","background-media":"","overlay-type":"","overlay-color":"","overlay-opacity":"","overlay-gradient":""}},"ast-content-background-meta":{"desktop":{"background-color":"var(--ast-global-color-5)","background-image":"","background-repeat":"repeat","background-position":"center center","background-size":"auto","background-attachment":"scroll","background-type":"","background-media":"","overlay-type":"","overlay-color":"","overlay-opacity":"","overlay-gradient":""},"tablet":{"background-color":"var(--ast-global-color-5)","background-image":"","background-repeat":"repeat","background-position":"center center","background-size":"auto","background-attachment":"scroll","background-type":"","background-media":"","overlay-type":"","overlay-color":"","overlay-opacity":"","overlay-gradient":""},"mobile":{"background-color":"var(--ast-global-color-5)","background-image":"","background-repeat":"repeat","background-position":"center center","background-size":"auto","background-attachment":"scroll","background-type":"","background-media":"","overlay-type":"","overlay-color":"","overlay-opacity":"","overlay-gradient":""}}},"product_brand":[],"product_cat":[892],"product_tag":[],"class_list":{"0":"post-33968","1":"product","2":"type-product","3":"status-publish","4":"has-post-thumbnail","6":"product_cat-nagu-prieziura","7":"desktop-align-center","8":"tablet-align-center","9":"mobile-align-center","10":"ast-product-gallery-layout-vertical","11":"ast-magnify-disabled","12":"ast-product-tabs-layout-distributed","14":"first","15":"instock","16":"taxable","17":"shipping-taxable","18":"purchasable","19":"product-type-simple"},"composite_virtual":false,"composite_layout":"","composite_add_to_cart_form_location":"","composite_editable_in_cart":false,"composite_sold_individually_context":"","composite_shop_price_calc":"","composite_components":[],"composite_scenarios":[],"jetpack_sharing_enabled":true,"_links":{"self":[{"href":"https:\/\/stikily.ee\/lt\/wp-json\/wp\/v2\/product\/33968","targetHints":{"allow":["GET"]}}],"collection":[{"href":"https:\/\/stikily.ee\/lt\/wp-json\/wp\/v2\/product"}],"about":[{"href":"https:\/\/stikily.ee\/lt\/wp-json\/wp\/v2\/types\/product"}],"replies":[{"embeddable":true,"href":"https:\/\/stikily.ee\/lt\/wp-json\/wp\/v2\/comments?post=33968"}],"wp:featuredmedia":[{"embeddable":true,"href":"https:\/\/stikily.ee\/lt\/wp-json\/wp\/v2\/media\/41170"}],"wp:attachment":[{"href":"https:\/\/stikily.ee\/lt\/wp-json\/wp\/v2\/media?parent=33968"}],"wp:term":[{"taxonomy":"product_brand","embeddable":true,"href":"https:\/\/stikily.ee\/lt\/wp-json\/wp\/v2\/product_brand?post=33968"},{"taxonomy":"product_cat","embeddable":true,"href":"https:\/\/stikily.ee\/lt\/wp-json\/wp\/v2\/product_cat?post=33968"},{"taxonomy":"product_tag","embeddable":true,"href":"https:\/\/stikily.ee\/lt\/wp-json\/wp\/v2\/product_tag?post=33968"}],"curies":[{"name":"wp","href":"https:\/\/api.w.org\/{rel}","templated":true}]}}