{"id":33732,"date":"2022-04-08T11:20:48","date_gmt":"2022-04-08T08:20:48","guid":{"rendered":""},"modified":"2026-03-24T10:56:08","modified_gmt":"2026-03-24T08:56:08","slug":"pinkki","status":"publish","type":"product","link":"https:\/\/stikily.ee\/lt\/toode\/pinkki\/","title":{"rendered":"Ro\u017ein\u0117"},"content":{"rendered":"<p>\u201eStikily\u201c nag\u0173 lako lipdukai \u2013 tai patogi alternatyva nag\u0173 lakui! Lipdukai pagaminti i\u0161 tikro nag\u0173 lako ir yra lengvai klijuojami ant nag\u0173. <\/p>\n<p>U\u017ed\u0117ti juos itin paprasta, tereikia nag\u0173 dild\u0117s ir \u0161iek tiek susikaupimo!<\/p>\n<ul>\n<li>Nuvalykite nuo nag\u0173 riebalus ir ne\u0161varumus. Svarbu, kad nago pavir\u0161ius b\u016bt\u0173 \u0161varus \u2013 taip po lipduku esantys klijai geriau prikibs prie nago. \u0160velniai atstumkite odeles, kad lipdukus gal\u0117tum\u0117te priklijuoti kuo ar\u010diau nago pagrindo.  <\/li>\n<li>Nor\u0117dami u\u017eklijuoti lipduk\u0105 ant nago, pirmiausia parinkite tinkamo dyd\u017eio nag\u0173 lako lipduk\u0105. Jei dvejojate tarp dviej\u0173 dyd\u017ei\u0173, visada rinkit\u0117s ma\u017eesn\u012f. Svarbu, kad lipdukas prilipt\u0173 tik prie nago, o ne prie odeli\u0173. Jei reikia, apkirpkite lipduk\u0105 \u017eirkl\u0117mis.   <\/li>\n<li>Nuimkite nuo lipduko apsaugin\u0119 pl\u0117vel\u0119<\/li>\n<li>Nuimkite lipduk\u0105 nuo pagrindo<\/li>\n<li>U\u017ed\u0117kite lipduk\u0105 ant nago ir stipriai paspauskite, kad padengtum\u0117te vis\u0105 nago pavir\u0161i\u0173. Spausdami lipduk\u0105 per vis\u0105 nago ilg\u012f \u012fsitikinkite, kad jis tinkamai prikibo. <\/li>\n<li>\u017dirkl\u0117mis nukirpkite lipduko pertekli\u0173 kuo ar\u010diau nago. Likus\u012f lipduko kra\u0161t\u0105 nudildykite ilgais judesiais viena kryptimi. Jei norite, nulakuokite nagus skaidriu vir\u0161utiniu sluoksniu, kad \u201eStikily\u201c nag\u0173 lako lipdukai b\u016bt\u0173 dar patvaresni.<\/li>\n<\/ul>\n<p><strong>Venkite s\u0105ly\u010dio su vandeniu 2 valandas po u\u017eklijavimo. Plauti rankas galima, ta\u010diau ind\u0173 plovimas tur\u0117t\u0173 palaukti \ud83d\ude09 Tas pats galioja ir kar\u0161\u010diui \u2013 pavyzd\u017eiui, venkite d\u017eiovinti plaukus d\u017eiovintuvu apie 2 valandas po proced\u016bros.  <\/strong><\/p>\n<p>Nag\u0173 lako lipduko nu\u0117mimas naudojant nag\u0173 aliej\u0173:<\/p>\n<ul>\n<li>U\u017etepkite \u0161iek tiek aliejaus ant nago \u0161aknies ir leiskite jam \u0161iek tiek susigerti. Tada mediniu pagaliuku prad\u0117kite stumti lipduk\u0105 \u2013 aliejus i\u0161tirpdo klijus, o mediniu pagaliuku patogiai nuimsite lipduk\u0105. <\/li>\n<li>Jei norite, pamerkite lipdukus apie 10 minu\u010di\u0173 \u012f \u0161ilt\u0105 vanden\u012f. Taip klijai sumink\u0161t\u0117s ir juos bus dar lengviau nuimti. <\/li>\n<li><strong>NB! Jokiu b\u016bdu nenuimkite nag\u0173 lako lipduko tiesiog j\u012f pl\u0117\u0161dami nuo nago \u2013 tai gali pa\u017eeisti nago pavir\u0161i\u0173. <\/strong><\/li>\n<\/ul>\n<h3>Patarimai!<\/h3>\n<ul>\n<li>Turint trumpesnius nagus, nag\u0173 lako lipduk\u0105 galima perkirpti pusiau \u2013 taip lipdukus gal\u0117site panaudoti du kartus.<\/li>\n<li>\u0160velniai atstumkite odeles, kad lipdukus gal\u0117tum\u0117te priklijuoti kuo ar\u010diau nago \u0161aknies.<\/li>\n<li>Jei reikia, nag\u0173 lako lipdukus galite pakoreguoti \u017eirkl\u0117mis, kad jie idealiai tikt\u0173 J\u016bs\u0173 nagams.<\/li>\n<li>Prad\u0117kite klijuoti lipdukus nuo ma\u017eojo pir\u0161to ir jud\u0117kite link nyk\u0161\u010dio.<\/li>\n<\/ul>\n<p>&nbsp;<\/p>\n<h3>Sud\u0117tis<\/h3>\n<ul class=\"elementor-icon-list-items\">\n<li class=\"elementor-icon-list-item\"><span class=\"elementor-icon-list-text\">58,3 % poliakrilo r\u016bg\u0161tis<\/span><\/li>\n<li class=\"elementor-icon-list-item\"><i class=\"fas fa-heart\" aria-hidden=\"true\"><\/i><span class=\"elementor-icon-list-text\">31,0 % poliuretanas<\/span><\/li>\n<li class=\"elementor-icon-list-item\"><i class=\"fas fa-heart\" aria-hidden=\"true\"><\/i><span class=\"elementor-icon-list-text\">7,8 % celiulioz\u0117s acetato butiratas <\/span><\/li>\n<li class=\"elementor-icon-list-item\"><i class=\"fas fa-heart\" aria-hidden=\"true\"><\/i><span class=\"elementor-icon-list-text\">1,8 % adipo r\u016bg\u0161tis<\/span><\/li>\n<li class=\"elementor-icon-list-item\"><i class=\"fas fa-heart\" aria-hidden=\"true\"><\/i><span class=\"elementor-icon-list-text\">0,3 % trietilo citratas<\/span><\/li>\n<li class=\"elementor-icon-list-item\"><i class=\"fas fa-heart\" aria-hidden=\"true\"><\/i><span class=\"elementor-icon-list-text\">0,5 % butilo acetatas<\/span><\/li>\n<li class=\"elementor-icon-list-item\"><i class=\"fas fa-heart\" aria-hidden=\"true\"><\/i><span class=\"elementor-icon-list-text\">0,3 % etilo acetatas <\/span><\/li>\n<\/ul>\n<p>&nbsp;<\/p>\n<h3>Pakuot\u0117je yra:<\/h3>\n<p>Pakuot\u0117je yra vienas nag\u0173 lako lipduk\u0173 rinkinys. Rinkin\u012f sudaro 16 skirting\u0173 dyd\u017ei\u0173 lipduk\u0173 <br \/><a href=\"https:\/\/stikily.ee\/?attachment_id=741\"><img fetchpriority=\"high\" decoding=\"async\" class=\"alignnone wp-image-741 size-full\" src=\"https:\/\/stikily.ee\/wp-content\/uploads\/2021\/04\/moodud.jpg\" alt=\"\" width=\"500\" height=\"500\" srcset=\"https:\/\/stikily.ee\/wp-content\/uploads\/2021\/04\/moodud.jpg 500w, https:\/\/stikily.ee\/wp-content\/uploads\/2021\/04\/moodud-300x300.jpg 300w, https:\/\/stikily.ee\/wp-content\/uploads\/2021\/04\/moodud-150x150.jpg 150w, https:\/\/stikily.ee\/wp-content\/uploads\/2021\/04\/moodud-100x100.jpg 100w\" sizes=\"(max-width: 500px) 100vw, 500px\" \/><\/a><\/p>\n","protected":false},"excerpt":{"rendered":"<p>Nag\u0173 lako lipdukai yra patogi alternatyva nag\u0173 lakui! <\/p>\n<p>Lipdukai pagaminti i\u0161 \u012fprasto nag\u0173 lako ir lengvai klijuojami ant nag\u0173. U\u017esid\u0117ti juos itin paprasta \u2013 tereikia nag\u0173 dild\u0117s ir \u0161iek tiek susikaupimo! <\/p>\n","protected":false},"featured_media":40507,"comment_status":"open","ping_status":"closed","template":"","meta":{"site-sidebar-layout":"default","site-content-layout":"default","ast-site-content-layout":"default","site-content-style":"default","site-sidebar-style":"default","ast-global-header-display":"","ast-banner-title-visibility":"","ast-main-header-display":"","ast-hfb-above-header-display":"","ast-hfb-below-header-display":"","ast-hfb-mobile-header-display":"","site-post-title":"","ast-breadcrumbs-content":"","ast-featured-img":"","footer-sml-layout":"","ast-disable-related-posts":"","theme-transparent-header-meta":"default","adv-header-id-meta":"","stick-header-meta":"default","header-above-stick-meta":"","header-main-stick-meta":"","header-below-stick-meta":"","astra-migrate-meta-layouts":"default","ast-page-background-enabled":"default","ast-page-background-meta":{"desktop":{"background-color":"","background-image":"","background-repeat":"repeat","background-position":"center center","background-size":"auto","background-attachment":"scroll","background-type":"","background-media":"","overlay-type":"","overlay-color":"","overlay-opacity":"","overlay-gradient":""},"tablet":{"background-color":"","background-image":"","background-repeat":"repeat","background-position":"center center","background-size":"auto","background-attachment":"scroll","background-type":"","background-media":"","overlay-type":"","overlay-color":"","overlay-opacity":"","overlay-gradient":""},"mobile":{"background-color":"","background-image":"","background-repeat":"repeat","background-position":"center center","background-size":"auto","background-attachment":"scroll","background-type":"","background-media":"","overlay-type":"","overlay-color":"","overlay-opacity":"","overlay-gradient":""}},"ast-content-background-meta":{"desktop":{"background-color":"var(--ast-global-color-5)","background-image":"","background-repeat":"repeat","background-position":"center center","background-size":"auto","background-attachment":"scroll","background-type":"","background-media":"","overlay-type":"","overlay-color":"","overlay-opacity":"","overlay-gradient":""},"tablet":{"background-color":"var(--ast-global-color-5)","background-image":"","background-repeat":"repeat","background-position":"center center","background-size":"auto","background-attachment":"scroll","background-type":"","background-media":"","overlay-type":"","overlay-color":"","overlay-opacity":"","overlay-gradient":""},"mobile":{"background-color":"var(--ast-global-color-5)","background-image":"","background-repeat":"repeat","background-position":"center center","background-size":"auto","background-attachment":"scroll","background-type":"","background-media":"","overlay-type":"","overlay-color":"","overlay-opacity":"","overlay-gradient":""}}},"product_brand":[],"product_cat":[694,734,730],"product_tag":[],"class_list":{"0":"post-33732","1":"product","2":"type-product","3":"status-publish","4":"has-post-thumbnail","6":"product_cat-nagu-lako-lipdukai-2","7":"product_cat-blizgantys","8":"product_cat-vienspalviai","9":"desktop-align-center","10":"tablet-align-center","11":"mobile-align-center","12":"ast-product-gallery-layout-vertical","13":"ast-magnify-disabled","14":"ast-product-tabs-layout-distributed","16":"first","17":"instock","18":"taxable","19":"shipping-taxable","20":"purchasable","21":"product-type-simple"},"composite_virtual":false,"composite_layout":"","composite_add_to_cart_form_location":"","composite_editable_in_cart":false,"composite_sold_individually_context":"","composite_shop_price_calc":"","composite_components":[],"composite_scenarios":[],"jetpack_sharing_enabled":true,"_links":{"self":[{"href":"https:\/\/stikily.ee\/lt\/wp-json\/wp\/v2\/product\/33732","targetHints":{"allow":["GET"]}}],"collection":[{"href":"https:\/\/stikily.ee\/lt\/wp-json\/wp\/v2\/product"}],"about":[{"href":"https:\/\/stikily.ee\/lt\/wp-json\/wp\/v2\/types\/product"}],"replies":[{"embeddable":true,"href":"https:\/\/stikily.ee\/lt\/wp-json\/wp\/v2\/comments?post=33732"}],"wp:featuredmedia":[{"embeddable":true,"href":"https:\/\/stikily.ee\/lt\/wp-json\/wp\/v2\/media\/40507"}],"wp:attachment":[{"href":"https:\/\/stikily.ee\/lt\/wp-json\/wp\/v2\/media?parent=33732"}],"wp:term":[{"taxonomy":"product_brand","embeddable":true,"href":"https:\/\/stikily.ee\/lt\/wp-json\/wp\/v2\/product_brand?post=33732"},{"taxonomy":"product_cat","embeddable":true,"href":"https:\/\/stikily.ee\/lt\/wp-json\/wp\/v2\/product_cat?post=33732"},{"taxonomy":"product_tag","embeddable":true,"href":"https:\/\/stikily.ee\/lt\/wp-json\/wp\/v2\/product_tag?post=33732"}],"curies":[{"name":"wp","href":"https:\/\/api.w.org\/{rel}","templated":true}]}}