{"id":35211,"date":"2026-03-23T16:03:24","date_gmt":"2026-03-23T16:03:24","guid":{"rendered":""},"modified":"2026-03-24T10:24:28","modified_gmt":"2026-03-24T08:24:28","slug":"terminai-ir-salygos","status":"publish","type":"page","link":"https:\/\/stikily.ee\/lt\/terminai-ir-salygos\/","title":{"rendered":"Pardavimo s\u0105lygos"},"content":{"rendered":"\n<p>Interneto svetain\u0117s Stikily.ee (toliau \u2013 Interneto parduotuv\u0117) savininkas yra O\u00dc RA Meedia (registracijos kodas 11980192), buvein\u0117s adresas Oru, Kos\u0117s savivaldyb\u0117, Harju apskritis<\/p>\n\n<p><strong>Pirkimo\u2013pardavimo sutarties galiojimas, informacija apie prekes ir kainas<\/strong><\/p>\n\n<ul class=\"wp-block-list\">\n<li>Pardavimo s\u0105lygos galioja perkant prekes Interneto parduotuv\u0117je.<\/li>\n\n\n\n<li>Interneto parduotuv\u0117je parduodam\u0173 preki\u0173 kainos nurodomos prie preki\u0173, visos kainos el. parduotuv\u0117je nurodytos eurais.<\/li>\n\n\n\n<li>Pristatymo mokestis netaikomas, jei pirkini\u0173 krep\u0161elio vert\u0117 vir\u0161ija 35 \u20ac. Jei krep\u0161elio vert\u0117 ma\u017eesn\u0117 nei 35 \u20ac, pridedamas pa\u0161to mokestis, priklausomai nuo paslaug\u0173 teik\u0117jo <\/li>\n\n\n\n<li>Preki\u0173 pristatymo mokestis priklauso nuo pirk\u0117jo buvimo vietos ir pristatymo b\u016bdo. <strong>Vidutini\u0161kai prekes i\u0161siun\u010diame per 1\u20132 darbo dienas.<\/strong><\/li>\n\n\n\n<li>Pristatymo mokestis pirk\u0117jui parodomas formuojant u\u017esakym\u0105.<\/li>\n\n\n\n<li>Informacija apie prek\u0119 pateikiama Interneto parduotuv\u0117je tiesiogiai prie prek\u0117s.<\/li>\n<\/ul>\n\n<p><strong>U\u017esakymo formavimas<\/strong><\/p>\n\n<ul class=\"wp-block-list\">\n<li>Nor\u0117dami u\u017esisakyti preki\u0173, prid\u0117kite pageidaujamas prekes \u012f krep\u0161el\u012f. Nor\u0117dami suformuoti u\u017esakym\u0105, u\u017epildykite reikiamus duomen\u0173 laukus ir pasirinkite tinkam\u0105 preki\u0173 pristatymo b\u016bd\u0105. Tuomet ekrane bus parodyta mok\u0117tina suma, kuri\u0105 galima saugiai sumok\u0117ti \u0161iais mok\u0117jimo b\u016bdais:  <\/li>\n\n\n\n<li>Estijos bank\u0173 nuorodos: Swedbank, SEB, Luminor, LHV, Coop Pank, Pocopay<\/li>\n<\/ul>\n\n<p>NB! Atsiskaitant per banko nuorod\u0105, banko puslapyje b\u016btinai paspauskite mygtuk\u0105 \u201eAtgal pas pardav\u0117j\u0105\u201c. <\/p>\n\n<ul class=\"wp-block-list\">\n<li>Jei u\u017esakyt\u0173 preki\u0173 ne\u012fmanoma pristatyti d\u0117l to, kad jos baig\u0117si, ar d\u0117l kit\u0173 prie\u017eas\u010di\u0173, pirk\u0117jas apie tai informuojamas kuo grei\u010diau, o sumok\u0117ti pinigai (\u012fskaitant preki\u0173 pristatymo i\u0161laidas) gr\u0105\u017einami nedelsiant, bet ne v\u0117liau kaip per 5 darbo dienas nuo prane\u0161imo i\u0161siuntimo.<\/li>\n<\/ul>\n\n<p><strong>Nuolaid\u0173 kodai ir kuponai<\/strong><\/p>\n\n<ul class=\"wp-block-list\">\n<li>Stikily.ee lehel on v\u00f5imalus&nbsp;tellimuse vormistamisel kasutada sooduskoodi. Sooduskood annab soodustuse kindla ostukorvi summa, protsentuaalse ostukorvi summa, kui ka kindla toote summale ja\/v\u00f5i soodustuste tarnele\n<ul class=\"wp-block-list\">\n<li>Nuolaidos kodu galima pasinaudoti \u012fra\u0161ius turim\u0105 kod\u0105 \u012f tam skirt\u0105 laukel\u012f \u201ekrep\u0161elio\u201c arba \u201eapmok\u0117jimo\u201c puslapyje<\/li>\n\n\n\n<li>S\u0117kmingai pritaikius nuolaidos kod\u0105, svetain\u0117je pasirodo prane\u0161imas \u201eKupono kodas s\u0117kmingai pritaikytas\u201c, o klientas u\u017esakymo suvestin\u0117je mato pritaikyt\u0105 nuolaid\u0105<\/li>\n\n\n\n<li>Nuolaidos kodui gali b\u016bti taikomi naudojimo apribojimai (galiojimo datos apribojimas, minimali pirkimo suma, nuolaida taikoma konkre\u010diai prekei ar preki\u0173 grupei)<\/li>\n\n\n\n<li>Su nuolaidos kodu papildomai arba tik gali b\u016bti taikomas nemokamas pristatymas<\/li>\n\n\n\n<li>Nuolaid\u0173 kodai paprastai suteikiami per \u012fvairias nuolaid\u0173 kampanijas, kaip pad\u0117ka u\u017esiprenumeravus naujienlai\u0161k\u012f, u\u017e palikt\u0105 atsiliepim\u0105 ir pan.<\/li>\n\n\n\n<li>Nuolaidos kodo galiojimas ir kitos s\u0105lygos nurodomos konkre\u010dios kampanijos puslapyje.<\/li>\n<\/ul>\n<\/li>\n\n\n\n<li>Sutartis \u012fsigalioja nuo tada, kai mok\u0117tina suma patenka \u012f Interneto parduotuv\u0117s atsiskaitom\u0105j\u0105 s\u0105skait\u0105.<\/li>\n\n\n\n<li>Jei u\u017esakyt\u0173 preki\u0173 ne\u012fmanoma pristatyti d\u0117l to, kad jos baig\u0117si, ar d\u0117l kit\u0173 prie\u017eas\u010di\u0173, pirk\u0117jas apie tai informuojamas kuo grei\u010diau, o sumok\u0117ti pinigai (\u012fskaitant preki\u0173 pristatymo i\u0161laidas) gr\u0105\u017einami nedelsiant, bet ne v\u0117liau kaip per 14 dien\u0173 nuo prane\u0161imo i\u0161siuntimo<\/li>\n<\/ul>\n\n<p><strong>Pristatymas<\/strong><\/p>\n\n<ul class=\"wp-block-list\">\n<li>Prek\u0117s siun\u010diamos \u012f \u0161ias \u0161alis: Estij\u0105, Suomij\u0105, Latvij\u0105 ir Lietuv\u0105<\/li>\n\n\n\n<li>Prek\u0117s klientui siun\u010diamos naudojantis DPD ir \u201eItella Smartpost\u201c pa\u0161tomatais. Apmok\u0117jimo puslapyje klientas nurodo, \u012f kur\u012f pa\u0161tomat\u0105 pageidauja gauti prekes. <\/li>\n\n\n\n<li>Preki\u0173 siuntimo i\u0161laidas apmoka pirk\u0117jas, atitinkama informacija apie kain\u0105 pateikiama prie pristatymo b\u016bdo.<\/li>\n\n\n\n<li>Siuntos pirk\u0117jo nurodyt\u0105 paskirties viet\u0105 paprastai pasiekia per 3\u201314 darbo dien\u0173.<\/li>\n\n\n\n<li>I\u0161imtiniais atvejais pasiliekama teis\u0117 prekes pristatyti per laikotarp\u012f iki 45 kalendorini\u0173 dien\u0173.<\/li>\n\n\n\n<li>Pardavimo s\u0105skaita fakt\u016bra \u012f siunt\u0105 atskirai nededama. Jei klientas pageidauja gauti s\u0105skait\u0105 fakt\u016br\u0105 popieriniu formatu, apie tai turi prane\u0161ti po u\u017esakymo pateikimo el. pa\u0161to adresu kiri@stikily.ee <\/li>\n<\/ul>\n\n<p><strong>Sutarties atsisakymo teis\u0117<\/strong><\/p>\n\n<ul class=\"wp-block-list\">\n<li>Gav\u0119s u\u017esakym\u0105, pirk\u0117jas turi teis\u0119 per 30 dien\u0173 atsisakyti el. parduotuv\u0117je sudarytos sutarties.<\/li>\n\n\n\n<li>Sutarties atsisakymo teis\u0117 netaikoma, jei pirk\u0117jas yra juridinis asmuo.<\/li>\n\n\n\n<li>Norint pasinaudoti 30 dien\u0173 gr\u0105\u017einimo teise, u\u017esakyta prek\u0117 negali b\u016bti naudojama jokiu kitu b\u016bdu, nei b\u016btina \u012fsitikinti prek\u0117s pob\u016bd\u017eiu, savyb\u0117mis ir veikimu, taip, kaip tai leid\u017eiama testuoti prek\u0119 fizin\u0117je parduotuv\u0117je.<\/li>\n\n\n\n<li>Norint gr\u0105\u017einti prek\u0119, reikia pateikti <strong><a href=\"https:\/\/stikily.ee\/wp-content\/uploads\/2022\/09\/Stikily.ee-taganemise-avaldus.pdf\" target=\"_blank\" rel=\"noreferrer noopener nofollow\">sutarties atsisakymo parei\u0161kim\u0105<\/a><\/strong> ir i\u0161si\u0173sti j\u012f el. pa\u0161to adresu kiri@stikily.ee ne v\u0117liau kaip per 14 dien\u0173 nuo prek\u0117s gavimo.<\/li>\n\n\n\n<li>Preki\u0173 gr\u0105\u017einimo i\u0161laidas apmoka pirk\u0117jas, i\u0161skyrus atvejus, kai gr\u0105\u017einimo prie\u017eastis yra ta, kad gr\u0105\u017einama prek\u0117 neatitinka u\u017esakytos (pvz., neteisinga arba brokuota prek\u0117).<\/li>\n\n\n\n<li>Pirk\u0117jas privalo gr\u0105\u017einti prek\u0119 per 14 dien\u0173 nuo parei\u0161kimo pateikimo arba pateikti \u012frodym\u0105, kad per min\u0117t\u0105 laikotarp\u012f perdav\u0117 prek\u0119 ve\u017e\u0117jui.<\/li>\n\n\n\n<li>Interneto parduotuv\u0117, gavusi gr\u0105\u017einam\u0105 prek\u0119, nedelsdama, bet ne v\u0117liau kaip per 14 dien\u0173 nuo prane\u0161imo apie sutarties atsisakym\u0105 gavimo, gr\u0105\u017eina pirk\u0117jui visas pagal sutart\u012f gautas \u012fmokas.<\/li>\n\n\n\n<li>Interneto parduotuv\u0117 gali atsisakyti atlikti gr\u0105\u017einim\u0105 tol, kol atgaus sutarties objektu esan\u010di\u0105 prek\u0119 arba kol pirk\u0117jas pateiks \u012frodym\u0173, kad prek\u0119 i\u0161siunt\u0117, priklausomai nuo to, kas \u012fvyksta anks\u010diau.<\/li>\n\n\n\n<li>Jei pirk\u0117jas ai\u0161kiai pasirinko kit\u0105 nei Interneto parduotuv\u0117s si\u016blomas pigiausias \u012fprastas prek\u0117s pristatymo b\u016bdas, Interneto parduotuv\u0117 neprivalo gr\u0105\u017einti vartotojui i\u0161laid\u0173, vir\u0161ijan\u010di\u0173 \u012fprasto pristatymo b\u016bdo i\u0161laidas.<\/li>\n\n\n\n<li>Interneto parduotuv\u0117 turi teis\u0119 atsisakyti pardavimo sandorio ir reikalauti pirk\u0117jo gr\u0105\u017einti prek\u0119, jei d\u0117l klaidos prek\u0117s kaina interneto parduotuv\u0117je buvo nurodyta gerokai ma\u017eesn\u0117 u\u017e prek\u0117s rinkos kain\u0105.<\/li>\n<\/ul>\n\n<p><strong>Teis\u0117 pateikti pretenzij\u0105<\/strong><\/p>\n\n<ul class=\"has-normal-font-size wp-block-list\">\n<li>Interneto parduotuv\u0117 atsako u\u017e pirk\u0117jui parduotos prek\u0117s neatitikim\u0105 sutarties s\u0105lygoms ar tr\u016bkumus, kurie egzistavo prek\u0117s perdavimo momentu ir kurie paai\u0161k\u0117ja per dvejus metus nuo prek\u0117s perdavimo pirk\u0117jui. Per pirmuosius metus nuo prek\u0117s perdavimo pirk\u0117jui daroma prielaida, kad tr\u016bkumas egzistavo jau prek\u0117s perdavimo metu. \u0160ios prielaidos paneigimas yra Interneto parduotuv\u0117s pareiga.  <\/li>\n\n\n\n<li>Atsiradus tr\u016bkumui, pirk\u0117jas turi teis\u0119 ne v\u0117liau kaip per du m\u0117nesius kreiptis \u012f interneto parduotuv\u0119, si\u0173sdamas el. lai\u0161k\u0105 adresu kiri@stikily.ee<\/li>\n\n\n\n<li>Interneto parduotuv\u0117 neatsako u\u017e tr\u016bkumus, atsiradusius po prek\u0117s perdavimo pirk\u0117jui.<\/li>\n\n\n\n<li>Jei Interneto parduotuv\u0117je pirkta prek\u0117 turi tr\u016bkum\u0173, u\u017e kuriuos atsako Interneto parduotuv\u0117, ji prek\u0119 pataiso arba pakei\u010dia. Jei prek\u0117s pataisyti ar pakeisti ne\u012fmanoma, Interneto parduotuv\u0117 gr\u0105\u017eina pirk\u0117jui visas su pirkimo\u2013pardavimo sutartimi susijusias \u012fmokas. <\/li>\n\n\n\n<li>Interneto parduotuv\u0117 \u012f vartotojo pateikt\u0105 skund\u0105 atsako ra\u0161tu arba ra\u0161ytinei atitinkan\u010dia forma per 15 dien\u0173.<\/li>\n<\/ul>\n\n<p><strong>Tiesiogin\u0117 rinkodara ir asmens duomen\u0173 tvarkymas<\/strong><\/p>\n\n<ul class=\"wp-block-list\">\n<li>Interneto parduotuv\u0117 pirk\u0117jo \u012fvestus asmens duomenis (\u012fskaitant vard\u0105, pavard\u0119, telefono numer\u012f, adres\u0105, el. pa\u0161to adres\u0105, banko rekvizitus) naudoja tik u\u017esakymui apdoroti ir prekei pirk\u0117jui i\u0161si\u0173sti.<\/li>\n\n\n\n<li>Interneto parduotuv\u0117 perduoda asmens duomenis transporto paslaugas teikian\u010dioms \u012fmon\u0117ms tam, kad prek\u0117 b\u016bt\u0173 pristatyta.<\/li>\n\n\n\n<li>Interneto parduotuv\u0117 siun\u010dia pirk\u0117jui naujienlai\u0161kius ir pasi\u016blymus pirk\u0117jo el. pa\u0161to adresu tik tuo atveju, jei pirk\u0117jas i\u0161rei\u0161k\u0117 tok\u012f pageidavim\u0105, svetain\u0117je \u012fvesdamas savo el. pa\u0161to adres\u0105 ir nurodydamas, kad nori gauti tiesiogin\u0117s rinkodaros prane\u0161imus.<\/li>\n\n\n\n<li>Pirk\u0117jas bet kuriuo metu gali atsisakyti el. pa\u0161tu siun\u010diam\u0173 pasi\u016blym\u0173 ir naujienlai\u0161ki\u0173, apie tai prane\u0161damas mums el. pa\u0161tu arba laikydamasis pasi\u016blym\u0173 el. lai\u0161ke pateikt\u0173 nurodym\u0173.<\/li>\n<\/ul>\n\n<p><strong>Gin\u010d\u0173 sprendimas<\/strong><\/p>\n\n<ul class=\"wp-block-list\">\n<li>Jei pirk\u0117jas turi pretenzij\u0173 d\u0117l Interneto parduotuv\u0117s, jas reikia si\u0173sti el. pa\u0161to adresu kiri@stikily.ee arba skambinti telefonu: <a href=\"tel:+37255677423\">+37255677423<\/a><\/li>\n\n\n\n<li>Jei pirk\u0117jui ir Interneto parduotuvei nepavyksta i\u0161spr\u0119sti gin\u010do susitarimu, pirk\u0117jas gali kreiptis \u012f Vartotoj\u0173 gin\u010d\u0173 komisij\u0105. Su proceso s\u0105lygomis susipa\u017einti ir pra\u0161ym\u0105 pateikti galima \u010dia: <a rel=\"noreferrer noopener\" href=\"https:\/\/www.komisjon.ee\/\" target=\"_blank\">https:\/\/www.komisjon.ee\/<\/a>. Vartotoj\u0173 gin\u010d\u0173 komisijos kompetencijai priklauso spr\u0119sti gin\u010dus, kylan\u010dius i\u0161 pirk\u0117jo ir Interneto parduotuv\u0117s sudarytos sutarties. Pirk\u0117jo skundo nagrin\u0117jimas komisijoje yra nemokamas. Pirk\u0117jas taip pat gali kreiptis \u012f Europos S\u0105jungos vartotoj\u0173 gin\u010d\u0173 sprendimo platform\u0105 <a rel=\"noreferrer noopener\" href=\"http:\/\/ec.europa.eu\/consumers\/odr\/\" target=\"_blank\">http:\/\/ec.europa.eu\/consumers\/odr\/<\/a>    <\/li>\n<\/ul>\n","protected":false},"excerpt":{"rendered":"<p>Interneto svetain\u0117s Stikily.ee (toliau \u2013 Interneto parduotuv\u0117) savininkas yra O\u00dc RA Meedia (registracijos kodas 11980192), buvein\u0117s adresas Oru, Kos\u0117s savivaldyb\u0117, Harju apskritis Pirkimo\u2013pardavimo sutarties galiojimas, informacija apie prekes ir kainas U\u017esakymo formavimas NB! Atsiskaitant per banko nuorod\u0105, banko puslapyje b\u016btinai paspauskite mygtuk\u0105 \u201eAtgal pas pardav\u0117j\u0105\u201c. Nuolaid\u0173 kodai ir kuponai Pristatymas Sutarties atsisakymo teis\u0117 Teis\u0117 pateikti [&hellip;]<\/p>\n","protected":false},"author":1,"featured_media":0,"parent":0,"menu_order":0,"comment_status":"closed","ping_status":"closed","template":"","meta":{"site-sidebar-layout":"default","site-content-layout":"default","ast-site-content-layout":"default","site-content-style":"default","site-sidebar-style":"default","ast-global-header-display":"","ast-banner-title-visibility":"","ast-main-header-display":"","ast-hfb-above-header-display":"","ast-hfb-below-header-display":"","ast-hfb-mobile-header-display":"","site-post-title":"","ast-breadcrumbs-content":"","ast-featured-img":"","footer-sml-layout":"","ast-disable-related-posts":"","theme-transparent-header-meta":"default","adv-header-id-meta":"","stick-header-meta":"default","header-above-stick-meta":"","header-main-stick-meta":"","header-below-stick-meta":"","astra-migrate-meta-layouts":"default","ast-page-background-enabled":"default","ast-page-background-meta":{"desktop":{"background-color":"","background-image":"","background-repeat":"repeat","background-position":"center center","background-size":"auto","background-attachment":"scroll","background-type":"","background-media":"","overlay-type":"","overlay-color":"","overlay-opacity":"","overlay-gradient":""},"tablet":{"background-color":"","background-image":"","background-repeat":"repeat","background-position":"center center","background-size":"auto","background-attachment":"scroll","background-type":"","background-media":"","overlay-type":"","overlay-color":"","overlay-opacity":"","overlay-gradient":""},"mobile":{"background-color":"","background-image":"","background-repeat":"repeat","background-position":"center center","background-size":"auto","background-attachment":"scroll","background-type":"","background-media":"","overlay-type":"","overlay-color":"","overlay-opacity":"","overlay-gradient":""}},"ast-content-background-meta":{"desktop":{"background-color":"var(--ast-global-color-5)","background-image":"","background-repeat":"repeat","background-position":"center center","background-size":"auto","background-attachment":"scroll","background-type":"","background-media":"","overlay-type":"","overlay-color":"","overlay-opacity":"","overlay-gradient":""},"tablet":{"background-color":"var(--ast-global-color-5)","background-image":"","background-repeat":"repeat","background-position":"center center","background-size":"auto","background-attachment":"scroll","background-type":"","background-media":"","overlay-type":"","overlay-color":"","overlay-opacity":"","overlay-gradient":""},"mobile":{"background-color":"var(--ast-global-color-5)","background-image":"","background-repeat":"repeat","background-position":"center center","background-size":"auto","background-attachment":"scroll","background-type":"","background-media":"","overlay-type":"","overlay-color":"","overlay-opacity":"","overlay-gradient":""}},"footnotes":""},"class_list":["post-35211","page","type-page","status-publish","hentry"],"jetpack_sharing_enabled":true,"_links":{"self":[{"href":"https:\/\/stikily.ee\/lt\/wp-json\/wp\/v2\/pages\/35211","targetHints":{"allow":["GET"]}}],"collection":[{"href":"https:\/\/stikily.ee\/lt\/wp-json\/wp\/v2\/pages"}],"about":[{"href":"https:\/\/stikily.ee\/lt\/wp-json\/wp\/v2\/types\/page"}],"author":[{"embeddable":true,"href":"https:\/\/stikily.ee\/lt\/wp-json\/wp\/v2\/users\/1"}],"replies":[{"embeddable":true,"href":"https:\/\/stikily.ee\/lt\/wp-json\/wp\/v2\/comments?post=35211"}],"version-history":[{"count":2,"href":"https:\/\/stikily.ee\/lt\/wp-json\/wp\/v2\/pages\/35211\/revisions"}],"predecessor-version":[{"id":36603,"href":"https:\/\/stikily.ee\/lt\/wp-json\/wp\/v2\/pages\/35211\/revisions\/36603"}],"wp:attachment":[{"href":"https:\/\/stikily.ee\/lt\/wp-json\/wp\/v2\/media?parent=35211"}],"curies":[{"name":"wp","href":"https:\/\/api.w.org\/{rel}","templated":true}]}}