{"id":36426,"date":"2025-08-28T18:36:07","date_gmt":"2025-08-28T15:36:07","guid":{"rendered":"https:\/\/stikily.ee\/toode\/diy-setti-soap-look\/"},"modified":"2026-03-23T17:21:21","modified_gmt":"2026-03-23T15:21:21","slug":"diy-setti-soap-look","status":"publish","type":"product","link":"https:\/\/stikily.ee\/fi\/tuote\/diy-setti-soap-look\/","title":{"rendered":"DIY-setti \u2013 \u201dSoap look\u201d"},"content":{"rendered":"","protected":false},"excerpt":{"rendered":"<p>Kaipaatko sin\u00e4kin v\u00e4lill\u00e4 kynsi\u00e4, jotka ovat yksinkertaisesti puhtaat, huolitellut ja luonnolliset? DIY Soap look -setti sis\u00e4lt\u00e4\u00e4kin 3 tuotetta, jotka tarvitset kauniiden ja huoliteltujen kynsien saavuttamiseen.<\/p>\n<p>T\u00e4ydellinen v\u00e4livaihe kahden tarran v\u00e4lill\u00e4 on Wild&amp;Mild Base Shield -aluslakka, joka tasoittaa kynnen pintaa ja antaa rauhallisen \u201dsoap lookin\u201d.<\/p>\n<p>Miten se tehd\u00e4\u00e4n?<br \/>1. Lakkaa kynnet 2x Base Shield -lakalla<br \/>2. Viimeistele 1x Extreme Shine -p\u00e4\u00e4llyslakalla<br \/>3. Anna jokaisen kerroksen kuivua rauhassa<br \/>4. Muista kosteuttaa kynsinauhasi kynsi\u00f6ljyll\u00e4!<\/p>\n<p>Tuloksena on luonnollinen ja puhdas manikyyri, joka n\u00e4ytt\u00e4\u00e4 tyylikk\u00e4\u00e4lt\u00e4 ilman v\u00e4ri\u00e4kin.<\/p>\n<p>Totta, aikaa kuluu enemm\u00e4n kuin kynsilakka- tai geelilakkatarroilla\u2026 Teen t\u00e4m\u00e4n manikyyrin ihan ohimennen ty\u00f6p\u00e4iv\u00e4n aikana tietokoneen \u00e4\u00e4ress\u00e4 \ud83e\udd2a<\/p>\n","protected":false},"featured_media":36424,"comment_status":"open","ping_status":"closed","template":"","meta":{"site-sidebar-layout":"default","site-content-layout":"","ast-site-content-layout":"default","site-content-style":"default","site-sidebar-style":"default","ast-global-header-display":"","ast-banner-title-visibility":"","ast-main-header-display":"","ast-hfb-above-header-display":"","ast-hfb-below-header-display":"","ast-hfb-mobile-header-display":"","site-post-title":"","ast-breadcrumbs-content":"","ast-featured-img":"","footer-sml-layout":"","ast-disable-related-posts":"","theme-transparent-header-meta":"default","adv-header-id-meta":"","stick-header-meta":"","header-above-stick-meta":"","header-main-stick-meta":"","header-below-stick-meta":"","astra-migrate-meta-layouts":"default","ast-page-background-enabled":"default","ast-page-background-meta":{"desktop":{"background-color":"","background-image":"","background-repeat":"repeat","background-position":"center center","background-size":"auto","background-attachment":"scroll","background-type":"","background-media":"","overlay-type":"","overlay-color":"","overlay-opacity":"","overlay-gradient":""},"tablet":{"background-color":"","background-image":"","background-repeat":"repeat","background-position":"center center","background-size":"auto","background-attachment":"scroll","background-type":"","background-media":"","overlay-type":"","overlay-color":"","overlay-opacity":"","overlay-gradient":""},"mobile":{"background-color":"","background-image":"","background-repeat":"repeat","background-position":"center center","background-size":"auto","background-attachment":"scroll","background-type":"","background-media":"","overlay-type":"","overlay-color":"","overlay-opacity":"","overlay-gradient":""}},"ast-content-background-meta":{"desktop":{"background-color":"var(--ast-global-color-5)","background-image":"","background-repeat":"repeat","background-position":"center center","background-size":"auto","background-attachment":"scroll","background-type":"","background-media":"","overlay-type":"","overlay-color":"","overlay-opacity":"","overlay-gradient":""},"tablet":{"background-color":"var(--ast-global-color-5)","background-image":"","background-repeat":"repeat","background-position":"center center","background-size":"auto","background-attachment":"scroll","background-type":"","background-media":"","overlay-type":"","overlay-color":"","overlay-opacity":"","overlay-gradient":""},"mobile":{"background-color":"var(--ast-global-color-5)","background-image":"","background-repeat":"repeat","background-position":"center center","background-size":"auto","background-attachment":"scroll","background-type":"","background-media":"","overlay-type":"","overlay-color":"","overlay-opacity":"","overlay-gradient":""}}},"product_brand":[],"product_cat":[546],"product_tag":[],"class_list":{"0":"post-36426","1":"product","2":"type-product","3":"status-publish","4":"has-post-thumbnail","6":"product_cat-sarjat","7":"desktop-align-center","8":"tablet-align-center","9":"mobile-align-center","10":"ast-product-gallery-layout-vertical","11":"ast-product-gallery-with-no-image","12":"ast-magnify-disabled","13":"ast-product-tabs-layout-distributed","15":"first","16":"instock","17":"sale","18":"taxable","19":"shipping-taxable","20":"purchasable","21":"product-type-composite"},"composite_virtual":false,"composite_layout":"paged-componentized","composite_add_to_cart_form_location":"default","composite_editable_in_cart":false,"composite_sold_individually_context":"product","composite_shop_price_calc":"min_max","composite_components":[{"id":"1756122474","title":"Wild&amp;Mild Base Shield -aluslakka","description":"","query_type":"product_ids","query_ids":[35468],"default_option_id":35468,"thumbnail_id":"","thumbnail_src":"","quantity_min":1,"quantity_max":1,"priced_individually":false,"shipped_individually":false,"optional":false,"discount":15,"options_style":"dropdowns","pagination_style":"classic","display_prices":"hidden","show_sorting_options":false,"show_filtering_options":false,"attribute_filter_ids":[],"select_action":"view","product_title_visible":true,"product_descr_visible":false,"product_price_visible":true,"product_thumb_visible":true,"subtotal_visible_product":true,"subtotal_visible_cart":true,"subtotal_visible_orders":true},{"id":"1756122475","title":"Wild&amp;Mild Extreme Shine -p\u00e4\u00e4llyslakka","description":"","query_type":"product_ids","query_ids":[35558],"default_option_id":35558,"thumbnail_id":"","thumbnail_src":"","quantity_min":1,"quantity_max":1,"priced_individually":false,"shipped_individually":false,"optional":false,"discount":15,"options_style":"dropdowns","pagination_style":"classic","display_prices":"relative","show_sorting_options":false,"show_filtering_options":false,"attribute_filter_ids":[],"select_action":"view","product_title_visible":true,"product_descr_visible":false,"product_price_visible":true,"product_thumb_visible":true,"subtotal_visible_product":true,"subtotal_visible_cart":true,"subtotal_visible_orders":true},{"id":"1756122531","title":"Wild&amp;Mild Nail Beauty Oil","description":"","query_type":"product_ids","query_ids":[35945],"default_option_id":35945,"thumbnail_id":"","thumbnail_src":"","quantity_min":1,"quantity_max":1,"priced_individually":false,"shipped_individually":false,"optional":false,"discount":15,"options_style":"dropdowns","pagination_style":"classic","display_prices":"relative","show_sorting_options":false,"show_filtering_options":false,"attribute_filter_ids":[],"select_action":"view","product_title_visible":true,"product_descr_visible":false,"product_price_visible":true,"product_thumb_visible":true,"subtotal_visible_product":true,"subtotal_visible_cart":true,"subtotal_visible_orders":true}],"composite_scenarios":[],"jetpack_sharing_enabled":true,"_links":{"self":[{"href":"https:\/\/stikily.ee\/fi\/wp-json\/wp\/v2\/product\/36426","targetHints":{"allow":["GET"]}}],"collection":[{"href":"https:\/\/stikily.ee\/fi\/wp-json\/wp\/v2\/product"}],"about":[{"href":"https:\/\/stikily.ee\/fi\/wp-json\/wp\/v2\/types\/product"}],"replies":[{"embeddable":true,"href":"https:\/\/stikily.ee\/fi\/wp-json\/wp\/v2\/comments?post=36426"}],"wp:featuredmedia":[{"embeddable":true,"href":"https:\/\/stikily.ee\/fi\/wp-json\/wp\/v2\/media\/36424"}],"wp:attachment":[{"href":"https:\/\/stikily.ee\/fi\/wp-json\/wp\/v2\/media?parent=36426"}],"wp:term":[{"taxonomy":"product_brand","embeddable":true,"href":"https:\/\/stikily.ee\/fi\/wp-json\/wp\/v2\/product_brand?post=36426"},{"taxonomy":"product_cat","embeddable":true,"href":"https:\/\/stikily.ee\/fi\/wp-json\/wp\/v2\/product_cat?post=36426"},{"taxonomy":"product_tag","embeddable":true,"href":"https:\/\/stikily.ee\/fi\/wp-json\/wp\/v2\/product_tag?post=36426"}],"curies":[{"name":"wp","href":"https:\/\/api.w.org\/{rel}","templated":true}]}}