{"id":35941,"date":"2022-11-21T13:20:06","date_gmt":"2022-11-21T11:20:06","guid":{"rendered":""},"modified":"2026-03-24T10:59:30","modified_gmt":"2026-03-24T08:59:30","slug":"wibo-lovely-gold-queen-nail-nutrition-10ml","status":"publish","type":"product","link":"https:\/\/stikily.ee\/fi\/tuote\/wibo-lovely-gold-queen-nail-nutrition-10ml\/","title":{"rendered":"Wibo Lovely Gold Queen Nail Nutrition, 10 ml"},"content":{"rendered":"","protected":false},"excerpt":{"rendered":"<p>Hoitoaine heikoille ja halkeileville kynsille. Sis\u00e4lt\u00e4\u00e4 kolloidista kultaa, heksanaalia ja keratiinin kaltaisia peptidej\u00e4.<\/p>\n<p>K\u00e4ytt\u00f6: k\u00e4yt\u00e4 aluslakkana tarrojen alla (1 kerros) tai sellaisenaan ilman lakkaa tai tarroja (2 kerrosta). Poista edellinen kerros ennen uuden levitt\u00e4mist\u00e4. <\/p>\n","protected":false},"featured_media":41139,"comment_status":"open","ping_status":"closed","template":"","meta":{"site-sidebar-layout":"default","site-content-layout":"default","ast-site-content-layout":"default","site-content-style":"default","site-sidebar-style":"default","ast-global-header-display":"","ast-banner-title-visibility":"","ast-main-header-display":"","ast-hfb-above-header-display":"","ast-hfb-below-header-display":"","ast-hfb-mobile-header-display":"","site-post-title":"","ast-breadcrumbs-content":"","ast-featured-img":"","footer-sml-layout":"","ast-disable-related-posts":"","theme-transparent-header-meta":"default","adv-header-id-meta":"","stick-header-meta":"default","header-above-stick-meta":"","header-main-stick-meta":"","header-below-stick-meta":"","astra-migrate-meta-layouts":"default","ast-page-background-enabled":"default","ast-page-background-meta":{"desktop":{"background-color":"","background-image":"","background-repeat":"repeat","background-position":"center center","background-size":"auto","background-attachment":"scroll","background-type":"","background-media":"","overlay-type":"","overlay-color":"","overlay-opacity":"","overlay-gradient":""},"tablet":{"background-color":"","background-image":"","background-repeat":"repeat","background-position":"center center","background-size":"auto","background-attachment":"scroll","background-type":"","background-media":"","overlay-type":"","overlay-color":"","overlay-opacity":"","overlay-gradient":""},"mobile":{"background-color":"","background-image":"","background-repeat":"repeat","background-position":"center center","background-size":"auto","background-attachment":"scroll","background-type":"","background-media":"","overlay-type":"","overlay-color":"","overlay-opacity":"","overlay-gradient":""}},"ast-content-background-meta":{"desktop":{"background-color":"var(--ast-global-color-5)","background-image":"","background-repeat":"repeat","background-position":"center center","background-size":"auto","background-attachment":"scroll","background-type":"","background-media":"","overlay-type":"","overlay-color":"","overlay-opacity":"","overlay-gradient":""},"tablet":{"background-color":"var(--ast-global-color-5)","background-image":"","background-repeat":"repeat","background-position":"center center","background-size":"auto","background-attachment":"scroll","background-type":"","background-media":"","overlay-type":"","overlay-color":"","overlay-opacity":"","overlay-gradient":""},"mobile":{"background-color":"var(--ast-global-color-5)","background-image":"","background-repeat":"repeat","background-position":"center center","background-size":"auto","background-attachment":"scroll","background-type":"","background-media":"","overlay-type":"","overlay-color":"","overlay-opacity":"","overlay-gradient":""}}},"product_brand":[],"product_cat":[893],"product_tag":[],"class_list":{"0":"post-35941","1":"product","2":"type-product","3":"status-publish","4":"has-post-thumbnail","6":"product_cat-kynsien-hoito","7":"desktop-align-center","8":"tablet-align-center","9":"mobile-align-center","10":"ast-product-gallery-layout-vertical","11":"ast-magnify-disabled","12":"ast-product-tabs-layout-distributed","14":"first","15":"instock","16":"taxable","17":"shipping-taxable","18":"purchasable","19":"product-type-simple"},"composite_virtual":false,"composite_layout":"","composite_add_to_cart_form_location":"","composite_editable_in_cart":false,"composite_sold_individually_context":"","composite_shop_price_calc":"","composite_components":[],"composite_scenarios":[],"jetpack_sharing_enabled":true,"_links":{"self":[{"href":"https:\/\/stikily.ee\/fi\/wp-json\/wp\/v2\/product\/35941","targetHints":{"allow":["GET"]}}],"collection":[{"href":"https:\/\/stikily.ee\/fi\/wp-json\/wp\/v2\/product"}],"about":[{"href":"https:\/\/stikily.ee\/fi\/wp-json\/wp\/v2\/types\/product"}],"replies":[{"embeddable":true,"href":"https:\/\/stikily.ee\/fi\/wp-json\/wp\/v2\/comments?post=35941"}],"wp:featuredmedia":[{"embeddable":true,"href":"https:\/\/stikily.ee\/fi\/wp-json\/wp\/v2\/media\/41139"}],"wp:attachment":[{"href":"https:\/\/stikily.ee\/fi\/wp-json\/wp\/v2\/media?parent=35941"}],"wp:term":[{"taxonomy":"product_brand","embeddable":true,"href":"https:\/\/stikily.ee\/fi\/wp-json\/wp\/v2\/product_brand?post=35941"},{"taxonomy":"product_cat","embeddable":true,"href":"https:\/\/stikily.ee\/fi\/wp-json\/wp\/v2\/product_cat?post=35941"},{"taxonomy":"product_tag","embeddable":true,"href":"https:\/\/stikily.ee\/fi\/wp-json\/wp\/v2\/product_tag?post=35941"}],"curies":[{"name":"wp","href":"https:\/\/api.w.org\/{rel}","templated":true}]}}