{"id":35930,"date":"2022-11-03T17:13:27","date_gmt":"2022-11-03T15:13:27","guid":{"rendered":""},"modified":"2026-03-24T10:59:47","modified_gmt":"2026-03-24T08:59:47","slug":"uv-lamp","status":"publish","type":"product","link":"https:\/\/stikily.ee\/fi\/tuote\/uv-lamp\/","title":{"rendered":"UV-lamppu geelilakkatarroille"},"content":{"rendered":"<p>Mik\u00e4 on mukavin ja nopein tapa kiinnitt\u00e4\u00e4 geelilakkatarrat? Se on Stikily UV-lamppu! T\u00e4m\u00e4 laadukas lamppu on suunniteltu erityisesti geelilakkatarrojen nopeaan ja tehokkaaseen kiinnitt\u00e4miseen, mik\u00e4 takaa t\u00e4ydellisen lopputuloksen joka kerta.  <\/p>\n<p>K\u00e4ytt\u00f6 on todella helppoa: aseta tarrat kynsille, kytke lamppu p\u00e4\u00e4lle ja anna sen toimia automaattisesti 60 sekuntia. Juuri sen verran aikaa tarvitaan, jotta geelilakkatarrat kiinnittyv\u00e4t kunnolla. T\u00e4m\u00e4n \u00e4lykk\u00e4\u00e4n ajastintoiminnon ansiosta sinun ei tarvitse huolehtia liian pitk\u00e4st\u00e4 tai lyhyest\u00e4 kuivumisajasta.  <\/p>\n<p>UV-lampun kompaktin muotoilun ansiosta se on todella helppo ottaa mukaan. Tarvitsitpa lamppua kotona, matkalla tai vain nopeaan manikyyriin toimistolla, se on aina valmiina sinua varten. Lamppu on varustettu USB-johdolla, jonka voi yhdist\u00e4\u00e4 k\u00e4tev\u00e4sti pistorasiaan, autoon tai tietokoneeseen, mik\u00e4 tarjoaa joustavuutta joka tilanteessa.  <\/p>\n<p>Nauti ammattitasoisesta manikyyrist\u00e4 mukavasti kotonasi. Geelilakkatarrat ovat t\u00e4ydellinen ratkaisu kaikille, jotka haluavat s\u00e4\u00e4st\u00e4\u00e4 aikaa ja rahaa salonkik\u00e4ynneiss\u00e4 tinkim\u00e4tt\u00e4 kuitenkaan lopputuloksesta. <\/p>\n","protected":false},"excerpt":{"rendered":"<p><a href=\"https:\/\/stikily-ee.vserver.zonevs.eu\/tootekategooria\/geellakikleebised\/\" target=\"_blank\" rel=\"noopener\">Geelitarrojen<\/a> kiinnitt\u00e4miseen tarvitaan UV-lamppu.<\/p>\n<p>UV-lamppu toimii automaattisesti 60 sekuntia, mik\u00e4 on geelilakkatarrojen tarvitsema aika. Mukana tulee USB-kaapeli, jonka voit liitt\u00e4\u00e4 stepl-, auto- ja tietokoneeseen.<\/p>\n<p>&nbsp;<\/p>\n","protected":false},"featured_media":41172,"comment_status":"open","ping_status":"closed","template":"","meta":{"site-sidebar-layout":"default","site-content-layout":"default","ast-site-content-layout":"default","site-content-style":"default","site-sidebar-style":"default","ast-global-header-display":"","ast-banner-title-visibility":"","ast-main-header-display":"","ast-hfb-above-header-display":"","ast-hfb-below-header-display":"","ast-hfb-mobile-header-display":"","site-post-title":"","ast-breadcrumbs-content":"","ast-featured-img":"","footer-sml-layout":"","ast-disable-related-posts":"","theme-transparent-header-meta":"default","adv-header-id-meta":"","stick-header-meta":"default","header-above-stick-meta":"","header-main-stick-meta":"","header-below-stick-meta":"","astra-migrate-meta-layouts":"default","ast-page-background-enabled":"default","ast-page-background-meta":{"desktop":{"background-color":"","background-image":"","background-repeat":"repeat","background-position":"center center","background-size":"auto","background-attachment":"scroll","background-type":"","background-media":"","overlay-type":"","overlay-color":"","overlay-opacity":"","overlay-gradient":""},"tablet":{"background-color":"","background-image":"","background-repeat":"repeat","background-position":"center center","background-size":"auto","background-attachment":"scroll","background-type":"","background-media":"","overlay-type":"","overlay-color":"","overlay-opacity":"","overlay-gradient":""},"mobile":{"background-color":"","background-image":"","background-repeat":"repeat","background-position":"center center","background-size":"auto","background-attachment":"scroll","background-type":"","background-media":"","overlay-type":"","overlay-color":"","overlay-opacity":"","overlay-gradient":""}},"ast-content-background-meta":{"desktop":{"background-color":"var(--ast-global-color-5)","background-image":"","background-repeat":"repeat","background-position":"center center","background-size":"auto","background-attachment":"scroll","background-type":"","background-media":"","overlay-type":"","overlay-color":"","overlay-opacity":"","overlay-gradient":""},"tablet":{"background-color":"var(--ast-global-color-5)","background-image":"","background-repeat":"repeat","background-position":"center center","background-size":"auto","background-attachment":"scroll","background-type":"","background-media":"","overlay-type":"","overlay-color":"","overlay-opacity":"","overlay-gradient":""},"mobile":{"background-color":"var(--ast-global-color-5)","background-image":"","background-repeat":"repeat","background-position":"center center","background-size":"auto","background-attachment":"scroll","background-type":"","background-media":"","overlay-type":"","overlay-color":"","overlay-opacity":"","overlay-gradient":""}}},"product_brand":[],"product_cat":[893],"product_tag":[],"class_list":{"0":"post-35930","1":"product","2":"type-product","3":"status-publish","4":"has-post-thumbnail","6":"product_cat-kynsien-hoito","7":"desktop-align-center","8":"tablet-align-center","9":"mobile-align-center","10":"ast-product-gallery-layout-vertical","11":"ast-magnify-disabled","12":"ast-product-tabs-layout-distributed","14":"first","15":"instock","16":"taxable","17":"shipping-taxable","18":"purchasable","19":"product-type-simple"},"composite_virtual":false,"composite_layout":"","composite_add_to_cart_form_location":"","composite_editable_in_cart":false,"composite_sold_individually_context":"","composite_shop_price_calc":"","composite_components":[],"composite_scenarios":[],"jetpack_sharing_enabled":true,"_links":{"self":[{"href":"https:\/\/stikily.ee\/fi\/wp-json\/wp\/v2\/product\/35930","targetHints":{"allow":["GET"]}}],"collection":[{"href":"https:\/\/stikily.ee\/fi\/wp-json\/wp\/v2\/product"}],"about":[{"href":"https:\/\/stikily.ee\/fi\/wp-json\/wp\/v2\/types\/product"}],"replies":[{"embeddable":true,"href":"https:\/\/stikily.ee\/fi\/wp-json\/wp\/v2\/comments?post=35930"}],"wp:featuredmedia":[{"embeddable":true,"href":"https:\/\/stikily.ee\/fi\/wp-json\/wp\/v2\/media\/41172"}],"wp:attachment":[{"href":"https:\/\/stikily.ee\/fi\/wp-json\/wp\/v2\/media?parent=35930"}],"wp:term":[{"taxonomy":"product_brand","embeddable":true,"href":"https:\/\/stikily.ee\/fi\/wp-json\/wp\/v2\/product_brand?post=35930"},{"taxonomy":"product_cat","embeddable":true,"href":"https:\/\/stikily.ee\/fi\/wp-json\/wp\/v2\/product_cat?post=35930"},{"taxonomy":"product_tag","embeddable":true,"href":"https:\/\/stikily.ee\/fi\/wp-json\/wp\/v2\/product_tag?post=35930"}],"curies":[{"name":"wp","href":"https:\/\/api.w.org\/{rel}","templated":true}]}}