{"id":35831,"date":"2024-08-26T14:31:02","date_gmt":"2024-08-26T11:31:02","guid":{"rendered":""},"modified":"2026-03-24T13:07:10","modified_gmt":"2026-03-24T11:07:10","slug":"probiotic-shield-kuune-mikrofloorat-kaitseva-hoolduse-pliiats-wildmild-5ml","status":"publish","type":"product","link":"https:\/\/stikily.ee\/fi\/tuote\/probiotic-shield-kuune-mikrofloorat-kaitseva-hoolduse-pliiats-wildmild-5ml\/","title":{"rendered":"Probiotic Shield \u2013 Kynnen mikroflooraa suojaava hoitokyn\u00e4 Wild&amp;Mild 5 ml"},"content":{"rendered":"","protected":false},"excerpt":{"rendered":"<p>Esittelyss\u00e4 Wild&amp;Mild \u201dProbiotic Shield\u201d \u2013 avain kynsien suojaamiseen ja ravitsemiseen! T\u00e4m\u00e4 innovatiivinen kynsienhoitotuote on rikastettu fermentoiduilla probiooteilla, jotka varmistavat, ett\u00e4 kyntesi saavat ansaitsemaansa hoitoa ja niist\u00e4 tulee vastustuskykyisemm\u00e4t ja vahvemmat. <\/p>\n<p><strong>T\u00e4rkeimm\u00e4t ominaisuudet:<\/strong><\/p>\n<ul>\n<li><strong>Probioottien voima:<\/strong> \u201dProbiotic Shield\u201d on rikastettu tehokkaalla probioottikompleksilla, joka sis\u00e4lt\u00e4\u00e4 kefiiri\u00e4 ja vahvoja laktobasilleista johdettuja probiootteja, jotka tukevat ja yll\u00e4pit\u00e4v\u00e4t kynsiesi luonnollista terveytt\u00e4.<\/li>\n<li><strong>Pinnan uudistaminen ja kosteutus:<\/strong> AHA- (alfahydroksihappo) ja kahden PHA-happoa (polyhydroksihappo) sis\u00e4lt\u00e4v\u00e4 eliksiiri ei ainoastaan uudista ja vahvista kynsi\u00e4si, vaan tarjoaa my\u00f6s syv\u00e4kosteutusta j\u00e4tt\u00e4en kynnet sileiksi, vahvoiksi ja hyvin ravituiksi.<\/li>\n<li><strong>Kosteuden s\u00e4ilytt\u00e4minen:<\/strong> Panthenolilla ja glyseriinill\u00e4 rikastettu \u201dProbiotic Shield\u201d lukitsee kosteuden ja pit\u00e4\u00e4 kyntesi kosteutettuina ja tervein\u00e4 jokaisella k\u00e4ytt\u00f6kerralla.<\/li>\n<li><strong>Uniikki koostumus ja tuoksu:<\/strong> Nauti vaalean pastellioranssista vesigeelikoostumuksesta, joka on visuaalisesti n\u00e4ytt\u00e4v\u00e4, sek\u00e4 aisteja ilahduttavasta miedosta aprikoosin tuoksusta.<\/li>\n<li><strong>Eettist\u00e4 kauneutta:<\/strong> Olemme ylpeit\u00e4 vegaanisesta ja el\u00e4inkokeettomasta koostumuksestamme, joka heijastaa sitoutumistamme tarjota eettist\u00e4 kauneudenhoitoa arvojesi mukaisesti.<\/li>\n<\/ul>\n<p>Wild&amp;Mild \u201dProbiotic Shield\u201d -tuotteen avulla p\u00e4\u00e4set osaksi vallankumouksellista kynsienhoitorutiinia, joka vahvistaa ja ravitsee kynsi\u00e4si paljastaen niiden luonnollisen voiman ja kauneuden. Nosta kynsienhoitosi uudelle tasolle ja nauti kynsist\u00e4, jotka ovat suojatut, terveet ja kest\u00e4v\u00e4t jokaisella k\u00e4ytt\u00f6kerralla. <\/p>\n","protected":false},"featured_media":45638,"comment_status":"open","ping_status":"closed","template":"","meta":{"site-sidebar-layout":"default","site-content-layout":"","ast-site-content-layout":"default","site-content-style":"default","site-sidebar-style":"default","ast-global-header-display":"","ast-banner-title-visibility":"","ast-main-header-display":"","ast-hfb-above-header-display":"","ast-hfb-below-header-display":"","ast-hfb-mobile-header-display":"","site-post-title":"","ast-breadcrumbs-content":"","ast-featured-img":"","footer-sml-layout":"","ast-disable-related-posts":"","theme-transparent-header-meta":"default","adv-header-id-meta":"","stick-header-meta":"","header-above-stick-meta":"","header-main-stick-meta":"","header-below-stick-meta":"","astra-migrate-meta-layouts":"default","ast-page-background-enabled":"default","ast-page-background-meta":{"desktop":{"background-color":"","background-image":"","background-repeat":"repeat","background-position":"center center","background-size":"auto","background-attachment":"scroll","background-type":"","background-media":"","overlay-type":"","overlay-color":"","overlay-opacity":"","overlay-gradient":""},"tablet":{"background-color":"","background-image":"","background-repeat":"repeat","background-position":"center center","background-size":"auto","background-attachment":"scroll","background-type":"","background-media":"","overlay-type":"","overlay-color":"","overlay-opacity":"","overlay-gradient":""},"mobile":{"background-color":"","background-image":"","background-repeat":"repeat","background-position":"center center","background-size":"auto","background-attachment":"scroll","background-type":"","background-media":"","overlay-type":"","overlay-color":"","overlay-opacity":"","overlay-gradient":""}},"ast-content-background-meta":{"desktop":{"background-color":"var(--ast-global-color-5)","background-image":"","background-repeat":"repeat","background-position":"center center","background-size":"auto","background-attachment":"scroll","background-type":"","background-media":"","overlay-type":"","overlay-color":"","overlay-opacity":"","overlay-gradient":""},"tablet":{"background-color":"var(--ast-global-color-5)","background-image":"","background-repeat":"repeat","background-position":"center center","background-size":"auto","background-attachment":"scroll","background-type":"","background-media":"","overlay-type":"","overlay-color":"","overlay-opacity":"","overlay-gradient":""},"mobile":{"background-color":"var(--ast-global-color-5)","background-image":"","background-repeat":"repeat","background-position":"center center","background-size":"auto","background-attachment":"scroll","background-type":"","background-media":"","overlay-type":"","overlay-color":"","overlay-opacity":"","overlay-gradient":""}}},"product_brand":[],"product_cat":[893],"product_tag":[],"class_list":{"0":"post-35831","1":"product","2":"type-product","3":"status-publish","4":"has-post-thumbnail","6":"product_cat-kynsien-hoito","7":"desktop-align-center","8":"tablet-align-center","9":"mobile-align-center","10":"ast-product-gallery-layout-vertical","11":"ast-magnify-disabled","12":"ast-product-tabs-layout-distributed","14":"first","15":"instock","16":"taxable","17":"shipping-taxable","18":"purchasable","19":"product-type-simple"},"composite_virtual":false,"composite_layout":"","composite_add_to_cart_form_location":"","composite_editable_in_cart":false,"composite_sold_individually_context":"","composite_shop_price_calc":"","composite_components":[],"composite_scenarios":[],"jetpack_sharing_enabled":true,"_links":{"self":[{"href":"https:\/\/stikily.ee\/fi\/wp-json\/wp\/v2\/product\/35831","targetHints":{"allow":["GET"]}}],"collection":[{"href":"https:\/\/stikily.ee\/fi\/wp-json\/wp\/v2\/product"}],"about":[{"href":"https:\/\/stikily.ee\/fi\/wp-json\/wp\/v2\/types\/product"}],"replies":[{"embeddable":true,"href":"https:\/\/stikily.ee\/fi\/wp-json\/wp\/v2\/comments?post=35831"}],"wp:featuredmedia":[{"embeddable":true,"href":"https:\/\/stikily.ee\/fi\/wp-json\/wp\/v2\/media\/45638"}],"wp:attachment":[{"href":"https:\/\/stikily.ee\/fi\/wp-json\/wp\/v2\/media?parent=35831"}],"wp:term":[{"taxonomy":"product_brand","embeddable":true,"href":"https:\/\/stikily.ee\/fi\/wp-json\/wp\/v2\/product_brand?post=35831"},{"taxonomy":"product_cat","embeddable":true,"href":"https:\/\/stikily.ee\/fi\/wp-json\/wp\/v2\/product_cat?post=35831"},{"taxonomy":"product_tag","embeddable":true,"href":"https:\/\/stikily.ee\/fi\/wp-json\/wp\/v2\/product_tag?post=35831"}],"curies":[{"name":"wp","href":"https:\/\/api.w.org\/{rel}","templated":true}]}}