{"id":35818,"date":"2024-08-26T14:02:31","date_gmt":"2024-08-26T11:02:31","guid":{"rendered":""},"modified":"2026-03-24T13:07:18","modified_gmt":"2026-03-24T11:07:18","slug":"perfecto-kuunelaki-korrektuurpliiats-wildmild-5ml","status":"publish","type":"product","link":"https:\/\/stikily.ee\/fi\/tuote\/perfecto-kuunelaki-korrektuurpliiats-wildmild-5ml\/","title":{"rendered":"Perfecto-kynsilakan korjauskyn\u00e4 Wild&amp;Mild 5 ml"},"content":{"rendered":"","protected":false},"excerpt":{"rendered":"<p>Esittelyss\u00e4 Wild&amp;Mild \u201dPerfecto\u201d \u2013 paras ty\u00f6kalu t\u00e4ydelliseen kynsilakan korjailuun tarkasti ja vaivattomasti. T\u00e4m\u00e4 innovatiivinen kyn\u00e4muotoilu tekee kynsilakkavirheiden poistamisesta sujuvaa ja miellytt\u00e4v\u00e4\u00e4, varmistaen, ett\u00e4 kyntesi n\u00e4ytt\u00e4v\u00e4t aina parhailta. <\/p>\n<p>T\u00e4rkeimm\u00e4t ominaisuudet:<\/p>\n<ul>\n<li>Tarkka korjaus: \u201dPerfecto\u201d-kyn\u00e4mme mahdollistaa kynsilakkavirheiden poistamisen ennenn\u00e4kem\u00e4tt\u00f6m\u00e4n tarkasti, taaten virheett\u00f6m\u00e4n lopputuloksen joka kerta.<\/li>\n<li>Hell\u00e4varainen koostumus: Asetoniton koostumus on hell\u00e4varainen kynsille, ehk\u00e4isten vaurioita ja korjaten samalla tehokkaasti kaikki virheet.<\/li>\n<li>Kest\u00e4v\u00e4 lopputulos: Nauti pitk\u00e4kestoisesta ja sottaamattomasta korjailusta \u201dPerfecton\u201d avulla \u2013 se on luotettava kumppani kaikkiin kynsienhoitotarpeisiisi.<\/li>\n<li>Mieto tuoksu: Kyn\u00e4 on rikastettu kielon miedolla tuoksulla, joka ei ainoastaan toimi upeasti, vaan j\u00e4tt\u00e4\u00e4 my\u00f6s miellytt\u00e4v\u00e4n tuoksun k\u00e4yt\u00f6n aikana.<\/li>\n<li>Eettist\u00e4 kauneutta: Kuten kaikki tuotteemme, my\u00f6s \u201dPerfecto\u201d on vegaaninen ja el\u00e4inkokeeton, noudattaen sitoutumistamme eettisiin ja vastuullisiin kauneudenhoitotapoihin.<\/li>\n<\/ul>\n<p>Wild&amp;Mild \u201dPerfecton\u201d avulla voit nauttia huolettomasta kynsienhoitorutiinista, joka takaa t\u00e4ydellisyyden jokaisella levityskerralla.<\/p>\n","protected":false},"featured_media":45658,"comment_status":"open","ping_status":"closed","template":"","meta":{"site-sidebar-layout":"default","site-content-layout":"","ast-site-content-layout":"default","site-content-style":"default","site-sidebar-style":"default","ast-global-header-display":"","ast-banner-title-visibility":"","ast-main-header-display":"","ast-hfb-above-header-display":"","ast-hfb-below-header-display":"","ast-hfb-mobile-header-display":"","site-post-title":"","ast-breadcrumbs-content":"","ast-featured-img":"","footer-sml-layout":"","ast-disable-related-posts":"","theme-transparent-header-meta":"default","adv-header-id-meta":"","stick-header-meta":"","header-above-stick-meta":"","header-main-stick-meta":"","header-below-stick-meta":"","astra-migrate-meta-layouts":"default","ast-page-background-enabled":"default","ast-page-background-meta":{"desktop":{"background-color":"","background-image":"","background-repeat":"repeat","background-position":"center center","background-size":"auto","background-attachment":"scroll","background-type":"","background-media":"","overlay-type":"","overlay-color":"","overlay-opacity":"","overlay-gradient":""},"tablet":{"background-color":"","background-image":"","background-repeat":"repeat","background-position":"center center","background-size":"auto","background-attachment":"scroll","background-type":"","background-media":"","overlay-type":"","overlay-color":"","overlay-opacity":"","overlay-gradient":""},"mobile":{"background-color":"","background-image":"","background-repeat":"repeat","background-position":"center center","background-size":"auto","background-attachment":"scroll","background-type":"","background-media":"","overlay-type":"","overlay-color":"","overlay-opacity":"","overlay-gradient":""}},"ast-content-background-meta":{"desktop":{"background-color":"var(--ast-global-color-5)","background-image":"","background-repeat":"repeat","background-position":"center center","background-size":"auto","background-attachment":"scroll","background-type":"","background-media":"","overlay-type":"","overlay-color":"","overlay-opacity":"","overlay-gradient":""},"tablet":{"background-color":"var(--ast-global-color-5)","background-image":"","background-repeat":"repeat","background-position":"center center","background-size":"auto","background-attachment":"scroll","background-type":"","background-media":"","overlay-type":"","overlay-color":"","overlay-opacity":"","overlay-gradient":""},"mobile":{"background-color":"var(--ast-global-color-5)","background-image":"","background-repeat":"repeat","background-position":"center center","background-size":"auto","background-attachment":"scroll","background-type":"","background-media":"","overlay-type":"","overlay-color":"","overlay-opacity":"","overlay-gradient":""}}},"product_brand":[],"product_cat":[893],"product_tag":[],"class_list":{"0":"post-35818","1":"product","2":"type-product","3":"status-publish","4":"has-post-thumbnail","6":"product_cat-kynsien-hoito","7":"desktop-align-center","8":"tablet-align-center","9":"mobile-align-center","10":"ast-product-gallery-layout-vertical","11":"ast-magnify-disabled","12":"ast-product-tabs-layout-distributed","14":"first","15":"outofstock","16":"taxable","17":"shipping-taxable","18":"purchasable","19":"product-type-simple"},"composite_virtual":false,"composite_layout":"","composite_add_to_cart_form_location":"","composite_editable_in_cart":false,"composite_sold_individually_context":"","composite_shop_price_calc":"","composite_components":[],"composite_scenarios":[],"jetpack_sharing_enabled":true,"_links":{"self":[{"href":"https:\/\/stikily.ee\/fi\/wp-json\/wp\/v2\/product\/35818","targetHints":{"allow":["GET"]}}],"collection":[{"href":"https:\/\/stikily.ee\/fi\/wp-json\/wp\/v2\/product"}],"about":[{"href":"https:\/\/stikily.ee\/fi\/wp-json\/wp\/v2\/types\/product"}],"replies":[{"embeddable":true,"href":"https:\/\/stikily.ee\/fi\/wp-json\/wp\/v2\/comments?post=35818"}],"wp:featuredmedia":[{"embeddable":true,"href":"https:\/\/stikily.ee\/fi\/wp-json\/wp\/v2\/media\/45658"}],"wp:attachment":[{"href":"https:\/\/stikily.ee\/fi\/wp-json\/wp\/v2\/media?parent=35818"}],"wp:term":[{"taxonomy":"product_brand","embeddable":true,"href":"https:\/\/stikily.ee\/fi\/wp-json\/wp\/v2\/product_brand?post=35818"},{"taxonomy":"product_cat","embeddable":true,"href":"https:\/\/stikily.ee\/fi\/wp-json\/wp\/v2\/product_cat?post=35818"},{"taxonomy":"product_tag","embeddable":true,"href":"https:\/\/stikily.ee\/fi\/wp-json\/wp\/v2\/product_tag?post=35818"}],"curies":[{"name":"wp","href":"https:\/\/api.w.org\/{rel}","templated":true}]}}