{"id":35790,"date":"2024-08-26T14:18:07","date_gmt":"2024-08-26T11:18:07","guid":{"rendered":""},"modified":"2026-03-24T13:07:18","modified_gmt":"2026-03-24T11:07:18","slug":"nail-growth-spa-kuunekasvu-kiirendav-pliiats-wildmild-5ml","status":"publish","type":"product","link":"https:\/\/stikily.ee\/fi\/tuote\/nail-growth-spa-kuunekasvu-kiirendav-pliiats-wildmild-5ml\/","title":{"rendered":"Nail Growth Spa \u2013 Kynsien kasvua nopeuttava kyn\u00e4 Wild&amp;Mild 5 ml"},"content":{"rendered":"<p><strong>K\u00c4YTT\u00d6OHJEET:<\/strong><\/p>\n<ol>\n<li>Kierr\u00e4 kyn\u00e4\u00e4 oikealle vapauttaaksesi tuotetta.<\/li>\n<li>Levit\u00e4 tuotetta siveltimell\u00e4 suoraan puhtaille kynsille ja kynsien alle.<\/li>\n<li>Hiero hell\u00e4varaisesti parhaan imeytymisen varmistamiseksi. Toista tarvittaessa. <\/li>\n<li>K\u00e4yt\u00e4 s\u00e4\u00e4nn\u00f6llisesti parhaiden tulosten saavuttamiseksi.<\/li>\n<\/ol>\n<p><strong>S\u00c4ILYTYS:<\/strong> S\u00e4ilyt\u00e4 viile\u00e4ss\u00e4, kuivassa paikassa, suojassa auringonvalolta.<\/p>\n<p><strong>KOKO:<\/strong> 5 ml<\/p>\n<p><strong>VAROITUS:<\/strong> V\u00e4lt\u00e4 kynsilakan levitt\u00e4mist\u00e4 heti k\u00e4yt\u00f6n j\u00e4lkeen. Varmista, ett\u00e4 k\u00e4det ovat puhtaat ennen kynsilakan levitt\u00e4mist\u00e4. S\u00e4ilyt\u00e4 lasten ulottumattomissa.  <\/p>\n","protected":false},"excerpt":{"rendered":"<p>Wild&amp;Mild \u201dNail Growth Spa\u201d \u2013 salaisuus vahvempiin ja terveempiin kynsiin!<\/p>\n<p>Esittelyss\u00e4 Wild&amp;Mild \u201dNail Growth Spa\u201d \u2013 seerumi, joka on kehitetty lyhyiden ja heikkojen kynsien hoitoon ja vahvistamiseen. T\u00e4m\u00e4 innovatiivinen, parabeeniton ja luonnollisista ainesosista valmistettu koostumus edist\u00e4\u00e4 kynsien kasvua ja elvytt\u00e4\u00e4 niit\u00e4 varmistaen, ett\u00e4 kyntesi saavat parasta mahdollista hoitoa. <\/p>\n<p><strong>T\u00e4rkeimm\u00e4t ominaisuudet:<\/strong><\/p>\n<ul>\n<li><strong>Kynsien vahvistaminen:<\/strong> \u201dNail Growth Spa\u201d -seerumi on kehitetty erityisesti heikkojen kynsien vahvistamiseen, auttaen niit\u00e4 muuttumaan ajan my\u00f6t\u00e4 vahvemmiksi ja terveemmiksi.<\/li>\n<li><strong>Nopeasti imeytyv\u00e4 geeli:<\/strong> Vesipohjainen ja nopeasti imeytyv\u00e4 geeli hoitaa kynsi\u00e4 nopeasti j\u00e4tt\u00e4en ne ravituiksi ilman rasvaista tunnetta.<\/li>\n<li><strong>Kosteuttavat mikrokapseloidut aktiiviaineet:<\/strong> Mikrokapseloiduilla aktiiviaineilla rikastettu seerumi vapauttaa kosteuttavia vitamiineja, jotka syv\u00e4kosteuttavat kynsi\u00e4 ja kynsinauhoja tarjoten t\u00e4rkeit\u00e4 ravintoaineita kynsien optimaaliseen terveyteen.<\/li>\n<li><strong>Antioksidanttinen suoja:<\/strong> Ravinnerikas koostumus tarjoaa my\u00f6s antioksidanttista suojaa pit\u00e4en kyntesi ja kynsinauhasi pehmein\u00e4, silein\u00e4 ja suojattuina ymp\u00e4rist\u00f6n rasitustekij\u00f6ilt\u00e4.<\/li>\n<li><strong>Hienovarainen tuoksu:<\/strong> Kevyt kukkainen tuoksu tekee kynsienhoitorutiinistasi miellytt\u00e4v\u00e4n kokemuksen ja tuo jokaiseen k\u00e4ytt\u00f6kertaan nautinnollisen vivahteen.<\/li>\n<li><strong>Eettist\u00e4 kauneutta:<\/strong> Arvojemme mukaisesti \u201dNail Growth Spa\u201d on vegaaninen ja el\u00e4inkokeeton, tarjoten tehokkaan ja eettisen kauneudenhoitoratkaisun.<\/li>\n<\/ul>\n<p>Wild&amp;Mild \u201dNail Growth Spa\u201d kutsuu sinut osaksi mullistavaa kynsienhoitorutiinia, joka vahvistaa ja hoitaa kynsi\u00e4si paljastaen niiden luonnollisen kauneuden ja kest\u00e4vyyden. Nosta kynsienhoitosi uudelle tasolle ja nauti kynsist\u00e4, jotka ovat paitsi vahvemmat, my\u00f6s terveemm\u00e4t ja s\u00e4teilev\u00e4mm\u00e4t. <\/p>\n","protected":false},"featured_media":45652,"comment_status":"open","ping_status":"closed","template":"","meta":{"site-sidebar-layout":"default","site-content-layout":"","ast-site-content-layout":"default","site-content-style":"default","site-sidebar-style":"default","ast-global-header-display":"","ast-banner-title-visibility":"","ast-main-header-display":"","ast-hfb-above-header-display":"","ast-hfb-below-header-display":"","ast-hfb-mobile-header-display":"","site-post-title":"","ast-breadcrumbs-content":"","ast-featured-img":"","footer-sml-layout":"","ast-disable-related-posts":"","theme-transparent-header-meta":"default","adv-header-id-meta":"","stick-header-meta":"","header-above-stick-meta":"","header-main-stick-meta":"","header-below-stick-meta":"","astra-migrate-meta-layouts":"default","ast-page-background-enabled":"default","ast-page-background-meta":{"desktop":{"background-color":"","background-image":"","background-repeat":"repeat","background-position":"center center","background-size":"auto","background-attachment":"scroll","background-type":"","background-media":"","overlay-type":"","overlay-color":"","overlay-opacity":"","overlay-gradient":""},"tablet":{"background-color":"","background-image":"","background-repeat":"repeat","background-position":"center center","background-size":"auto","background-attachment":"scroll","background-type":"","background-media":"","overlay-type":"","overlay-color":"","overlay-opacity":"","overlay-gradient":""},"mobile":{"background-color":"","background-image":"","background-repeat":"repeat","background-position":"center center","background-size":"auto","background-attachment":"scroll","background-type":"","background-media":"","overlay-type":"","overlay-color":"","overlay-opacity":"","overlay-gradient":""}},"ast-content-background-meta":{"desktop":{"background-color":"var(--ast-global-color-5)","background-image":"","background-repeat":"repeat","background-position":"center center","background-size":"auto","background-attachment":"scroll","background-type":"","background-media":"","overlay-type":"","overlay-color":"","overlay-opacity":"","overlay-gradient":""},"tablet":{"background-color":"var(--ast-global-color-5)","background-image":"","background-repeat":"repeat","background-position":"center center","background-size":"auto","background-attachment":"scroll","background-type":"","background-media":"","overlay-type":"","overlay-color":"","overlay-opacity":"","overlay-gradient":""},"mobile":{"background-color":"var(--ast-global-color-5)","background-image":"","background-repeat":"repeat","background-position":"center center","background-size":"auto","background-attachment":"scroll","background-type":"","background-media":"","overlay-type":"","overlay-color":"","overlay-opacity":"","overlay-gradient":""}}},"product_brand":[],"product_cat":[893],"product_tag":[],"class_list":{"0":"post-35790","1":"product","2":"type-product","3":"status-publish","4":"has-post-thumbnail","6":"product_cat-kynsien-hoito","7":"desktop-align-center","8":"tablet-align-center","9":"mobile-align-center","10":"ast-product-gallery-layout-vertical","11":"ast-magnify-disabled","12":"ast-product-tabs-layout-distributed","14":"first","15":"instock","16":"taxable","17":"shipping-taxable","18":"purchasable","19":"product-type-simple"},"composite_virtual":false,"composite_layout":"","composite_add_to_cart_form_location":"","composite_editable_in_cart":false,"composite_sold_individually_context":"","composite_shop_price_calc":"","composite_components":[],"composite_scenarios":[],"jetpack_sharing_enabled":true,"_links":{"self":[{"href":"https:\/\/stikily.ee\/fi\/wp-json\/wp\/v2\/product\/35790","targetHints":{"allow":["GET"]}}],"collection":[{"href":"https:\/\/stikily.ee\/fi\/wp-json\/wp\/v2\/product"}],"about":[{"href":"https:\/\/stikily.ee\/fi\/wp-json\/wp\/v2\/types\/product"}],"replies":[{"embeddable":true,"href":"https:\/\/stikily.ee\/fi\/wp-json\/wp\/v2\/comments?post=35790"}],"wp:featuredmedia":[{"embeddable":true,"href":"https:\/\/stikily.ee\/fi\/wp-json\/wp\/v2\/media\/45652"}],"wp:attachment":[{"href":"https:\/\/stikily.ee\/fi\/wp-json\/wp\/v2\/media?parent=35790"}],"wp:term":[{"taxonomy":"product_brand","embeddable":true,"href":"https:\/\/stikily.ee\/fi\/wp-json\/wp\/v2\/product_brand?post=35790"},{"taxonomy":"product_cat","embeddable":true,"href":"https:\/\/stikily.ee\/fi\/wp-json\/wp\/v2\/product_cat?post=35790"},{"taxonomy":"product_tag","embeddable":true,"href":"https:\/\/stikily.ee\/fi\/wp-json\/wp\/v2\/product_tag?post=35790"}],"curies":[{"name":"wp","href":"https:\/\/api.w.org\/{rel}","templated":true}]}}