{"id":35582,"date":"2025-06-02T19:57:51","date_gmt":"2025-06-02T16:57:51","guid":{"rendered":""},"modified":"2026-03-24T13:10:17","modified_gmt":"2026-03-24T11:10:17","slug":"franky","status":"publish","type":"product","link":"https:\/\/stikily.ee\/fi\/tuote\/franky\/","title":{"rendered":"Franky"},"content":{"rendered":"","protected":false},"excerpt":{"rendered":"<p><strong>Geelilakkatarrat varpaille \u2013 vallankumous kynsienhoidossa!<\/strong><\/p>\n<p>Geelitarrat on valmistettu geelimassan ainesosista, ei muovista. Ne ovat turvallisia kynsillesi! Valmis malli liimataan kynnelle ja kovetetaan UV-lampulla. Geelilakkatarrat takaavat upean lopputuloksen koko k\u00e4ytt\u00f6ajaksi, sill\u00e4 v\u00e4ri ei haalistu.  <\/p>\n<p><strong>Pakkauksessa on 32 tarraa, jotka riitt\u00e4v\u00e4t v\u00e4hint\u00e4\u00e4n 2\u20133 pedikyyriin<\/strong><\/p>\n","protected":false},"featured_media":46341,"comment_status":"open","ping_status":"closed","template":"","meta":{"site-sidebar-layout":"default","site-content-layout":"default","ast-site-content-layout":"default","site-content-style":"default","site-sidebar-style":"default","ast-global-header-display":"","ast-banner-title-visibility":"","ast-main-header-display":"","ast-hfb-above-header-display":"","ast-hfb-below-header-display":"","ast-hfb-mobile-header-display":"","site-post-title":"","ast-breadcrumbs-content":"","ast-featured-img":"","footer-sml-layout":"","ast-disable-related-posts":"","theme-transparent-header-meta":"default","adv-header-id-meta":"","stick-header-meta":"","header-above-stick-meta":"","header-main-stick-meta":"","header-below-stick-meta":"","astra-migrate-meta-layouts":"default","ast-page-background-enabled":"default","ast-page-background-meta":{"desktop":{"background-color":"","background-image":"","background-repeat":"repeat","background-position":"center center","background-size":"auto","background-attachment":"scroll","background-type":"","background-media":"","overlay-type":"","overlay-color":"","overlay-opacity":"","overlay-gradient":""},"tablet":{"background-color":"","background-image":"","background-repeat":"repeat","background-position":"center center","background-size":"auto","background-attachment":"scroll","background-type":"","background-media":"","overlay-type":"","overlay-color":"","overlay-opacity":"","overlay-gradient":""},"mobile":{"background-color":"","background-image":"","background-repeat":"repeat","background-position":"center center","background-size":"auto","background-attachment":"scroll","background-type":"","background-media":"","overlay-type":"","overlay-color":"","overlay-opacity":"","overlay-gradient":""}},"ast-content-background-meta":{"desktop":{"background-color":"var(--ast-global-color-5)","background-image":"","background-repeat":"repeat","background-position":"center center","background-size":"auto","background-attachment":"scroll","background-type":"","background-media":"","overlay-type":"","overlay-color":"","overlay-opacity":"","overlay-gradient":""},"tablet":{"background-color":"var(--ast-global-color-5)","background-image":"","background-repeat":"repeat","background-position":"center center","background-size":"auto","background-attachment":"scroll","background-type":"","background-media":"","overlay-type":"","overlay-color":"","overlay-opacity":"","overlay-gradient":""},"mobile":{"background-color":"var(--ast-global-color-5)","background-image":"","background-repeat":"repeat","background-position":"center center","background-size":"auto","background-attachment":"scroll","background-type":"","background-media":"","overlay-type":"","overlay-color":"","overlay-opacity":"","overlay-gradient":""}}},"product_brand":[],"product_cat":[906],"product_tag":[],"class_list":{"0":"post-35582","1":"product","2":"type-product","3":"status-publish","4":"has-post-thumbnail","6":"product_cat-geelilakkatarrat-varpaille","7":"desktop-align-center","8":"tablet-align-center","9":"mobile-align-center","10":"ast-product-gallery-layout-vertical","11":"ast-magnify-disabled","12":"ast-product-tabs-layout-distributed","14":"first","15":"instock","16":"taxable","17":"shipping-taxable","18":"purchasable","19":"product-type-simple"},"composite_virtual":false,"composite_layout":"","composite_add_to_cart_form_location":"","composite_editable_in_cart":false,"composite_sold_individually_context":"","composite_shop_price_calc":"","composite_components":[],"composite_scenarios":[],"jetpack_sharing_enabled":true,"_links":{"self":[{"href":"https:\/\/stikily.ee\/fi\/wp-json\/wp\/v2\/product\/35582","targetHints":{"allow":["GET"]}}],"collection":[{"href":"https:\/\/stikily.ee\/fi\/wp-json\/wp\/v2\/product"}],"about":[{"href":"https:\/\/stikily.ee\/fi\/wp-json\/wp\/v2\/types\/product"}],"replies":[{"embeddable":true,"href":"https:\/\/stikily.ee\/fi\/wp-json\/wp\/v2\/comments?post=35582"}],"wp:featuredmedia":[{"embeddable":true,"href":"https:\/\/stikily.ee\/fi\/wp-json\/wp\/v2\/media\/46341"}],"wp:attachment":[{"href":"https:\/\/stikily.ee\/fi\/wp-json\/wp\/v2\/media?parent=35582"}],"wp:term":[{"taxonomy":"product_brand","embeddable":true,"href":"https:\/\/stikily.ee\/fi\/wp-json\/wp\/v2\/product_brand?post=35582"},{"taxonomy":"product_cat","embeddable":true,"href":"https:\/\/stikily.ee\/fi\/wp-json\/wp\/v2\/product_cat?post=35582"},{"taxonomy":"product_tag","embeddable":true,"href":"https:\/\/stikily.ee\/fi\/wp-json\/wp\/v2\/product_tag?post=35582"}],"curies":[{"name":"wp","href":"https:\/\/api.w.org\/{rel}","templated":true}]}}