{"id":35533,"date":"2022-03-01T12:09:38","date_gmt":"2022-03-01T10:09:38","guid":{"rendered":""},"modified":"2026-03-24T10:57:16","modified_gmt":"2026-03-24T08:57:16","slug":"elina","status":"publish","type":"product","link":"https:\/\/stikily.ee\/fi\/tuote\/elina\/","title":{"rendered":"Elina"},"content":{"rendered":"<p>Stikily Nail Polish Stickers on k\u00e4tev\u00e4 vaihtoehto kynsilakkalle! Tarrat on valmistettu tavallisesta kynsilakasta ja ne on helppo kiinnitt\u00e4\u00e4 kynsiin.<\/p>\n<p>Asennus on helppoa, tarvitset vain kynsiviilan ja v\u00e4h\u00e4n keskittymist\u00e4!<\/p>\n<ul>\n<li>Puhdista kynnet rasvasta ja liasta. On t\u00e4rke\u00e4\u00e4, ett\u00e4 kynnen pinta on puhdas \u2013 n\u00e4in tarran alla oleva liima kiinnittyy paremmin kynteen. Ty\u00f6nn\u00e4 kynsinauhoja varovasti taaksep\u00e4in, jotta tarrat voidaan sijoittaa mahdollisimman l\u00e4helle kynsinauhoja.<\/li>\n<li>Kiinnit\u00e4 tarra kynnelle mittaamalla ensin sopivan kokoinen kynsilakkatarra. Jos olet ep\u00e4varma n\u00e4ist\u00e4 kahdesta koosta, valitse aina pienempi. On t\u00e4rke\u00e4\u00e4, ett\u00e4 tarra kiinnitet\u00e4\u00e4n vain kynsiin, ei kynsinauhoihin. Leikkaa tarra halutessasi saksilla.   <\/li>\n<li>Poista suojakalvo tarrasta<\/li>\n<li>Poista tarra alustalta<\/li>\n<li>Aseta tarra kynnelle ja paina lujasti peitt\u00e4\u00e4ksesi koko kynnen pinnan. Paina tarraa koko kynnelle \u2013 varmista, ett\u00e4 tarra on kiinnitetty oikein kynteen.<\/li>\n<li>Leikkaa ylim\u00e4\u00e4r\u00e4inen tarra saksilla mahdollisimman l\u00e4helt\u00e4 kyntt\u00e4. Viilaa loput tarrasta pitkill\u00e4, samaan suuntaan vet\u00e4vill\u00e4. Valinnainen kynsilakka l\u00e4pin\u00e4kyv\u00e4ll\u00e4 pintamaalilla tekee Stikily-kynsilakkatarrasta viel\u00e4kin kest\u00e4v\u00e4mm\u00e4n.<\/li>\n<\/ul>\n<p><strong>V\u00e4lt\u00e4 kosketusta veden kanssa 2 tunnin ajan asennuksen j\u00e4lkeen. K\u00e4sinpesu on OK, astianpesua voidaan odottaa;) Sama l\u00e4mm\u00f6n kanssa \u2013 v\u00e4lt\u00e4 hiusten f\u00f6\u00f6nausta noin 2 tuntia asennuksen j\u00e4lkeen. <\/strong><\/p>\n<p>Kynsi\u00f6ljyll\u00e4 olevan kynsilakkatarran poistaminen:<\/p>\n<ul>\n<li>Laita hieman \u00f6ljy\u00e4 kynnen juurelle ja anna sen vaikuttaa hieman. Aloita sitten tarran rep\u00e4isy puutikulla \u2013 \u00f6ljy liuottaa liiman ja samalla ota tarra pois puutikulla. <\/li>\n<li>Jos haluat, liota tarroja l\u00e4mpim\u00e4ss\u00e4 vedess\u00e4 noin 10 minuuttia. T\u00e4m\u00e4 tekee liimasta pehme\u00e4mp\u00e4\u00e4 ja viel\u00e4 helpompia poistaa.<\/li>\n<li><strong>HUOM! Muista poistaa kynsilakka kynsist\u00e4 vet\u00e4m\u00e4ll\u00e4 se pois \u2013 t\u00e4m\u00e4 voi vahingoittaa kynnen pintaa.<\/strong><\/li>\n<\/ul>\n<h3>Vinkkej\u00e4!<\/h3>\n<ul>\n<li>Lyhyemmille kynsille kynsilakkatarran voi leikata kahtia \u2013 n\u00e4in voit k\u00e4ytt\u00e4\u00e4 tarroja kahdesti.<\/li>\n<li>Ty\u00f6nn\u00e4 kynsinauhoja varovasti taaksep\u00e4in, jotta tarrat voidaan sijoittaa mahdollisimman l\u00e4helle kynnen juurta.<\/li>\n<li>Tarvittaessa voit s\u00e4\u00e4t\u00e4\u00e4 kynsilakkatarroja saksilla niin, ett\u00e4 ne sopivat t\u00e4ydellisesti kynsiisi.<\/li>\n<li>Aloita tarrojen lis\u00e4\u00e4minen pikkusormellasi ja siirry peukaloasi kohti.<\/li>\n<\/ul>\n<p>&nbsp;<\/p>\n<h3>Ainesosat<\/h3>\n<ul class=\"elementor-icon-list-items\">\n<li class=\"elementor-icon-list-item\"><span class=\"elementor-icon-list-text\">58,3 % polyakryylihappoa<\/span><\/li>\n<li class=\"elementor-icon-list-item\"><i class=\"fas fa-heart\" aria-hidden=\"true\"><\/i><span class=\"elementor-icon-list-text\">31,0 % polyyyliretaania<\/span><\/li>\n<li class=\"elementor-icon-list-item\"><i class=\"fas fa-heart\" aria-hidden=\"true\"><\/i><span class=\"elementor-icon-list-text\">7,8 % selluloosa-asetaattibutyraattia <\/span><\/li>\n<li class=\"elementor-icon-list-item\"><i class=\"fas fa-heart\" aria-hidden=\"true\"><\/i><span class=\"elementor-icon-list-text\">1,8 % adipiinihappoa<\/span><\/li>\n<li class=\"elementor-icon-list-item\"><i class=\"fas fa-heart\" aria-hidden=\"true\"><\/i><span class=\"elementor-icon-list-text\">0,3 % trietyylisitraattia<\/span><\/li>\n<li class=\"elementor-icon-list-item\"><i class=\"fas fa-heart\" aria-hidden=\"true\"><\/i><span class=\"elementor-icon-list-text\">0,5 % butyyliasetaattia<\/span><\/li>\n<li class=\"elementor-icon-list-item\"><i class=\"fas fa-heart\" aria-hidden=\"true\"><\/i><span class=\"elementor-icon-list-text\">0,3 % etyyliasetaattia <\/span><\/li>\n<\/ul>\n<p>&nbsp;<\/p>\n<h3>Paketti sis\u00e4lt\u00e4\u00e4:<\/h3>\n<p>Pakkaus sis\u00e4lt\u00e4\u00e4 yhden sarjan kynsilakkatarroja. Sarja 16 erikokoista tarraa<br \/>\n<a href=\"https:\/\/stikily.ee\/?attachment_id=741\"><img fetchpriority=\"high\" decoding=\"async\" class=\"alignnone wp-image-741 size-full\" src=\"https:\/\/stikily.ee\/wp-content\/uploads\/2021\/04\/moodud.jpg\" alt=\"\" width=\"500\" height=\"500\" srcset=\"https:\/\/stikily.ee\/wp-content\/uploads\/2021\/04\/moodud.jpg 500w, https:\/\/stikily.ee\/wp-content\/uploads\/2021\/04\/moodud-300x300.jpg 300w, https:\/\/stikily.ee\/wp-content\/uploads\/2021\/04\/moodud-150x150.jpg 150w, https:\/\/stikily.ee\/wp-content\/uploads\/2021\/04\/moodud-100x100.jpg 100w\" sizes=\"(max-width: 500px) 100vw, 500px\" \/><\/a><\/p>\n","protected":false},"excerpt":{"rendered":"<p>Kynsilakkatarrat ovat k\u00e4tev\u00e4 vaihtoehto kynsilakkaille! <\/p>\n<p>Tarrat on valmistettu tavallisesta kynsilakasta ja ne on helppo kiinnitt\u00e4\u00e4 kynsiin. Asennus on helppoa, tarvitset vain kynsiviilan ja v\u00e4h\u00e4n keskittymist\u00e4! <\/p>\n","protected":false},"featured_media":40756,"comment_status":"open","ping_status":"closed","template":"","meta":{"site-sidebar-layout":"default","site-content-layout":"default","ast-site-content-layout":"default","site-content-style":"default","site-sidebar-style":"default","ast-global-header-display":"","ast-banner-title-visibility":"","ast-main-header-display":"","ast-hfb-above-header-display":"","ast-hfb-below-header-display":"","ast-hfb-mobile-header-display":"","site-post-title":"","ast-breadcrumbs-content":"","ast-featured-img":"","footer-sml-layout":"","ast-disable-related-posts":"","theme-transparent-header-meta":"","adv-header-id-meta":"","stick-header-meta":"","header-above-stick-meta":"","header-main-stick-meta":"","header-below-stick-meta":"","astra-migrate-meta-layouts":"default","ast-page-background-enabled":"default","ast-page-background-meta":{"desktop":{"background-color":"","background-image":"","background-repeat":"repeat","background-position":"center center","background-size":"auto","background-attachment":"scroll","background-type":"","background-media":"","overlay-type":"","overlay-color":"","overlay-opacity":"","overlay-gradient":""},"tablet":{"background-color":"","background-image":"","background-repeat":"repeat","background-position":"center center","background-size":"auto","background-attachment":"scroll","background-type":"","background-media":"","overlay-type":"","overlay-color":"","overlay-opacity":"","overlay-gradient":""},"mobile":{"background-color":"","background-image":"","background-repeat":"repeat","background-position":"center center","background-size":"auto","background-attachment":"scroll","background-type":"","background-media":"","overlay-type":"","overlay-color":"","overlay-opacity":"","overlay-gradient":""}},"ast-content-background-meta":{"desktop":{"background-color":"var(--ast-global-color-5)","background-image":"","background-repeat":"repeat","background-position":"center center","background-size":"auto","background-attachment":"scroll","background-type":"","background-media":"","overlay-type":"","overlay-color":"","overlay-opacity":"","overlay-gradient":""},"tablet":{"background-color":"var(--ast-global-color-5)","background-image":"","background-repeat":"repeat","background-position":"center center","background-size":"auto","background-attachment":"scroll","background-type":"","background-media":"","overlay-type":"","overlay-color":"","overlay-opacity":"","overlay-gradient":""},"mobile":{"background-color":"var(--ast-global-color-5)","background-image":"","background-repeat":"repeat","background-position":"center center","background-size":"auto","background-attachment":"scroll","background-type":"","background-media":"","overlay-type":"","overlay-color":"","overlay-opacity":"","overlay-gradient":""}}},"product_brand":[],"product_cat":[700,697,714],"product_tag":[],"class_list":{"0":"post-35533","1":"product","2":"type-product","3":"status-publish","4":"has-post-thumbnail","6":"product_cat-kynsilakkatarrat","7":"product_cat-kuviollinen","8":"product_cat-monivarinen","9":"desktop-align-center","10":"tablet-align-center","11":"mobile-align-center","12":"ast-product-gallery-layout-vertical","13":"ast-magnify-disabled","14":"ast-product-tabs-layout-distributed","16":"first","17":"instock","18":"taxable","19":"shipping-taxable","20":"purchasable","21":"product-type-simple"},"composite_virtual":false,"composite_layout":"","composite_add_to_cart_form_location":"","composite_editable_in_cart":false,"composite_sold_individually_context":"","composite_shop_price_calc":"","composite_components":[],"composite_scenarios":[],"jetpack_sharing_enabled":true,"_links":{"self":[{"href":"https:\/\/stikily.ee\/fi\/wp-json\/wp\/v2\/product\/35533","targetHints":{"allow":["GET"]}}],"collection":[{"href":"https:\/\/stikily.ee\/fi\/wp-json\/wp\/v2\/product"}],"about":[{"href":"https:\/\/stikily.ee\/fi\/wp-json\/wp\/v2\/types\/product"}],"replies":[{"embeddable":true,"href":"https:\/\/stikily.ee\/fi\/wp-json\/wp\/v2\/comments?post=35533"}],"wp:featuredmedia":[{"embeddable":true,"href":"https:\/\/stikily.ee\/fi\/wp-json\/wp\/v2\/media\/40756"}],"wp:attachment":[{"href":"https:\/\/stikily.ee\/fi\/wp-json\/wp\/v2\/media?parent=35533"}],"wp:term":[{"taxonomy":"product_brand","embeddable":true,"href":"https:\/\/stikily.ee\/fi\/wp-json\/wp\/v2\/product_brand?post=35533"},{"taxonomy":"product_cat","embeddable":true,"href":"https:\/\/stikily.ee\/fi\/wp-json\/wp\/v2\/product_cat?post=35533"},{"taxonomy":"product_tag","embeddable":true,"href":"https:\/\/stikily.ee\/fi\/wp-json\/wp\/v2\/product_tag?post=35533"}],"curies":[{"name":"wp","href":"https:\/\/api.w.org\/{rel}","templated":true}]}}