{"id":35502,"date":"2023-01-30T09:01:51","date_gmt":"2023-01-30T07:01:51","guid":{"rendered":""},"modified":"2026-03-24T11:05:29","modified_gmt":"2026-03-24T09:05:29","slug":"clochee-organic-taastav-katekreem-100-ml","status":"publish","type":"product","link":"https:\/\/stikily.ee\/fi\/tuote\/clochee-organic-taastav-katekreem-100-ml\/","title":{"rendered":"Clochee Organic uudistava k\u00e4sivoide, 100 ml"},"content":{"rendered":"","protected":false},"excerpt":{"rendered":"<p><strong>Kosteuttava, uudistava, antibakteerinen<\/strong><\/p>\n<p>Voide silottaa ja muodostaa iholle hell\u00e4varaisen suojakerroksen, joka ehk\u00e4isee kuivumista ja ulkoisten tekij\u00f6iden haittavaikutuksia. Uudistavan k\u00e4sivoiteen teho perustuu vihre\u00e4n teen ja salvian luonnonuutteisiin. Vihre\u00e4 tee -uute sis\u00e4lt\u00e4\u00e4 runsaasti tanniineja, alkaloideja, B-, K-, C- ja P-vitamiineja sek\u00e4 mineraalisuoloja. Uute uudistaa, rauhoittaa tulehduksia, yll\u00e4pit\u00e4\u00e4 ihon kimmoisuutta, hidastaa ik\u00e4\u00e4ntymisprosessia sek\u00e4 suojaa haitallisilta ulkoisilta tekij\u00f6ilt\u00e4 ja auringon s\u00e4teilylt\u00e4. Salvia sis\u00e4lt\u00e4\u00e4 orgaanisia happoja, karoteenia ja hartsiyhdisteit\u00e4 sek\u00e4 vitamiineja (A, C, B) ja mineraaleja (kalsium, magnesium, kalium, natrium, sinkki, rauta). Luonnollista salviauutetta arvostetaan sen vahvojen tulehdusta hillitsevien, antibakteeristen ja punoitusta v\u00e4hent\u00e4vien ominaisuuksien vuoksi. Kevyt koostumus imeytyy nopeasti, joten voit palata askareisiisi heti k\u00e4yt\u00f6n j\u00e4lkeen. K\u00e4tev\u00e4 pakkaus on helppo ottaa mukaan.       <\/p>\n<p>Pakkaus: 100 ml, kierr\u00e4tett\u00e4v\u00e4\u00e4 muovia<br \/>\n#VEGANFRIENDLY #CRUELTYFREE<\/p>\n<p>97 % vastaajista vahvistaa, ett\u00e4 voide kosteuttaa ihoa ja suojaa kuivumiselta<br \/>\n97 % vastaajista huomasi voiteen ravitsevan vaikutuksen<br \/>\n97 % vastaajista koki, etteiv\u00e4t k\u00e4det j\u00e4\u00e4neet tahmeiksi k\u00e4yt\u00f6n j\u00e4lkeen<\/p>\n<p>* Sertifioitu koostumus,<br \/>\n** Luonnollista alkuper\u00e4\u00e4 olevat raaka-aineet,<br \/>\n*** Hyv\u00e4ksytty luonnonkosmetiikaksi<\/p>\n","protected":false},"featured_media":42320,"comment_status":"open","ping_status":"closed","template":"","meta":{"site-sidebar-layout":"default","site-content-layout":"default","ast-site-content-layout":"default","site-content-style":"default","site-sidebar-style":"default","ast-global-header-display":"","ast-banner-title-visibility":"","ast-main-header-display":"","ast-hfb-above-header-display":"","ast-hfb-below-header-display":"","ast-hfb-mobile-header-display":"","site-post-title":"","ast-breadcrumbs-content":"","ast-featured-img":"","footer-sml-layout":"","ast-disable-related-posts":"","theme-transparent-header-meta":"default","adv-header-id-meta":"","stick-header-meta":"default","header-above-stick-meta":"","header-main-stick-meta":"","header-below-stick-meta":"","astra-migrate-meta-layouts":"default","ast-page-background-enabled":"default","ast-page-background-meta":{"desktop":{"background-color":"","background-image":"","background-repeat":"repeat","background-position":"center center","background-size":"auto","background-attachment":"scroll","background-type":"","background-media":"","overlay-type":"","overlay-color":"","overlay-opacity":"","overlay-gradient":""},"tablet":{"background-color":"","background-image":"","background-repeat":"repeat","background-position":"center center","background-size":"auto","background-attachment":"scroll","background-type":"","background-media":"","overlay-type":"","overlay-color":"","overlay-opacity":"","overlay-gradient":""},"mobile":{"background-color":"","background-image":"","background-repeat":"repeat","background-position":"center center","background-size":"auto","background-attachment":"scroll","background-type":"","background-media":"","overlay-type":"","overlay-color":"","overlay-opacity":"","overlay-gradient":""}},"ast-content-background-meta":{"desktop":{"background-color":"var(--ast-global-color-5)","background-image":"","background-repeat":"repeat","background-position":"center center","background-size":"auto","background-attachment":"scroll","background-type":"","background-media":"","overlay-type":"","overlay-color":"","overlay-opacity":"","overlay-gradient":""},"tablet":{"background-color":"var(--ast-global-color-5)","background-image":"","background-repeat":"repeat","background-position":"center center","background-size":"auto","background-attachment":"scroll","background-type":"","background-media":"","overlay-type":"","overlay-color":"","overlay-opacity":"","overlay-gradient":""},"mobile":{"background-color":"var(--ast-global-color-5)","background-image":"","background-repeat":"repeat","background-position":"center center","background-size":"auto","background-attachment":"scroll","background-type":"","background-media":"","overlay-type":"","overlay-color":"","overlay-opacity":"","overlay-gradient":""}}},"product_brand":[],"product_cat":[893],"product_tag":[],"class_list":{"0":"post-35502","1":"product","2":"type-product","3":"status-publish","4":"has-post-thumbnail","6":"product_cat-kynsien-hoito","7":"desktop-align-center","8":"tablet-align-center","9":"mobile-align-center","10":"ast-product-gallery-layout-vertical","11":"ast-magnify-disabled","12":"ast-product-tabs-layout-distributed","14":"first","15":"outofstock","16":"taxable","17":"shipping-taxable","18":"purchasable","19":"product-type-simple"},"composite_virtual":false,"composite_layout":"","composite_add_to_cart_form_location":"","composite_editable_in_cart":false,"composite_sold_individually_context":"","composite_shop_price_calc":"","composite_components":[],"composite_scenarios":[],"jetpack_sharing_enabled":true,"_links":{"self":[{"href":"https:\/\/stikily.ee\/fi\/wp-json\/wp\/v2\/product\/35502","targetHints":{"allow":["GET"]}}],"collection":[{"href":"https:\/\/stikily.ee\/fi\/wp-json\/wp\/v2\/product"}],"about":[{"href":"https:\/\/stikily.ee\/fi\/wp-json\/wp\/v2\/types\/product"}],"replies":[{"embeddable":true,"href":"https:\/\/stikily.ee\/fi\/wp-json\/wp\/v2\/comments?post=35502"}],"wp:featuredmedia":[{"embeddable":true,"href":"https:\/\/stikily.ee\/fi\/wp-json\/wp\/v2\/media\/42320"}],"wp:attachment":[{"href":"https:\/\/stikily.ee\/fi\/wp-json\/wp\/v2\/media?parent=35502"}],"wp:term":[{"taxonomy":"product_brand","embeddable":true,"href":"https:\/\/stikily.ee\/fi\/wp-json\/wp\/v2\/product_brand?post=35502"},{"taxonomy":"product_cat","embeddable":true,"href":"https:\/\/stikily.ee\/fi\/wp-json\/wp\/v2\/product_cat?post=35502"},{"taxonomy":"product_tag","embeddable":true,"href":"https:\/\/stikily.ee\/fi\/wp-json\/wp\/v2\/product_tag?post=35502"}],"curies":[{"name":"wp","href":"https:\/\/api.w.org\/{rel}","templated":true}]}}