{"id":35473,"date":"2024-08-26T14:37:32","date_gmt":"2024-08-26T11:37:32","guid":{"rendered":""},"modified":"2026-03-24T13:07:10","modified_gmt":"2026-03-24T11:07:10","slug":"bite-blocker-kuunte-narimisvastase-hooldusega-pliiats-wildmild-5ml","status":"publish","type":"product","link":"https:\/\/stikily.ee\/fi\/tuote\/bite-blocker-kuunte-narimisvastase-hooldusega-pliiats-wildmild-5ml\/","title":{"rendered":"Bite Blocker \u2013 Kynsien pureskelua est\u00e4v\u00e4 hoitokyn\u00e4 Wild&amp;Mild 5 ml"},"content":{"rendered":"<p>K\u00c4YTT\u00d6OHJE:<\/p>\n<p>Kierr\u00e4 kyn\u00e4\u00e4 oikealle vapauttaaksesi tuotetta.<br \/>\nLevit\u00e4 tuotetta puhtaille kynsille yksi tai kaksi kerrosta p\u00e4ivitt\u00e4in, kunnes kynsien pureskelu lakkaa.<br \/>\nVoidaan k\u00e4ytt\u00e4\u00e4 my\u00f6s p\u00e4\u00e4llyslakkana. Levit\u00e4 yksi kerros v\u00e4rilakan p\u00e4\u00e4lle p\u00e4ivitt\u00e4in, kunnes kynsien pureskelu lakkaa.<br \/>\nK\u00e4yt\u00e4 s\u00e4\u00e4nn\u00f6llisesti parhaiden tulosten saavuttamiseksi. <\/p>\n<p>S\u00c4ILYTYS: S\u00e4ilyt\u00e4 viile\u00e4ss\u00e4, kuivassa paikassa suojattuna auringonvalolta.<\/p>\n","protected":false},"excerpt":{"rendered":"<p>Wild&amp;Mild \u201dBite Blocker\u201d \u2013 suoja kynsien pureskelua vastaan!<\/p>\n<p>Esittelyss\u00e4 Wild&amp;Mild \u201dBite Blocker\u201d \u2013 t\u00e4ydellinen ratkaisu, joka auttaa sinua p\u00e4\u00e4sem\u00e4\u00e4n eroon kynsien ja kynsinauhojen pureskelusta. T\u00e4m\u00e4 innovatiivinen 2-in-1-hoitotuote ei ainoastaan edist\u00e4 kynsien kasvua, vaan my\u00f6s ehk\u00e4isee pureskelua tehokkaan karvaan maun avulla varmistaen, ett\u00e4 kyntesi pysyv\u00e4t tervein\u00e4 ja vahvoina. <\/p>\n<p><strong>T\u00e4rkeimm\u00e4t ominaisuudet:<\/strong><\/p>\n<ul>\n<li><strong>Karvas maku, joka pit\u00e4\u00e4 loitolla:<\/strong> \u201dBite Blocker\u201d sis\u00e4lt\u00e4\u00e4 denatoniumbentsoaattia, joka tunnetaan turvallisesta mutta eritt\u00e4in karvaasta maustaan, joka est\u00e4\u00e4 tehokkaasti kynsien ja kynsinauhojen pureskelun.<\/li>\n<li><strong>Antiseptinen suoja<\/strong>: Hajuton valkosipuliuute tuo tuotteeseen antiseptisia ominaisuuksia ja suojaa kynsi\u00e4 ilman ep\u00e4miellytt\u00e4v\u00e4\u00e4 hajua.<\/li>\n<li><strong>Ravitseva ja palauttava<\/strong>: E-vitamiinilla ja kalsiumpantotenaatilla rikastettu hoitoaine rauhoittaa ja kosteuttaa kynsi\u00e4 palauttaen niiden joustavuuden ja pit\u00e4en ne tervein\u00e4 ja vahvoina.<\/li>\n<li><strong>Edistyksellinen kynsienhoito<\/strong>: Nitroselluloosaton koostumus parantaa kynsien lujuutta ja kuivumisnopeutta tarjoten tasaisen ja tehokkaan levityksen joka kerta.<\/li>\n<li><strong>L\u00e4pin\u00e4kyv\u00e4 koostumus<\/strong>: Liuotinpohjainen l\u00e4pin\u00e4kyv\u00e4 koostumus mahdollistaa monipuolisen k\u00e4yt\u00f6n joko paljailla kynsill\u00e4 tai p\u00e4\u00e4llyslakkana suosikkiv\u00e4rilakkasi p\u00e4\u00e4ll\u00e4.<\/li>\n<li><strong>Eettist\u00e4 kauneutta<\/strong>: Kuten kaikki tuotteemme, my\u00f6s \u201dBite Blocker\u201d on vegaaninen ja el\u00e4inkokeeton, mik\u00e4 heijastaa sitoutumistamme eettisiin ja vastuullisiin kauneudenhoitotapoihin.<\/li>\n<\/ul>\n<p>Wild&amp;Mild \u201dBite Blockerin\u201d avulla voit p\u00e4\u00e4st\u00e4 eroon kynsien pureskelusta samalla kun edist\u00e4t kynsiesi kasvua ja terveytt\u00e4. Nosta kynsienhoitorutiinisi uudelle tasolle ja nauti kynsist\u00e4, jotka ovat paitsi kauniit, my\u00f6s vapaat haitallisista tavoista. <\/p>\n<p>&nbsp;<\/p>\n","protected":false},"featured_media":45633,"comment_status":"open","ping_status":"closed","template":"","meta":{"site-sidebar-layout":"default","site-content-layout":"","ast-site-content-layout":"default","site-content-style":"default","site-sidebar-style":"default","ast-global-header-display":"","ast-banner-title-visibility":"","ast-main-header-display":"","ast-hfb-above-header-display":"","ast-hfb-below-header-display":"","ast-hfb-mobile-header-display":"","site-post-title":"","ast-breadcrumbs-content":"","ast-featured-img":"","footer-sml-layout":"","ast-disable-related-posts":"","theme-transparent-header-meta":"default","adv-header-id-meta":"","stick-header-meta":"","header-above-stick-meta":"","header-main-stick-meta":"","header-below-stick-meta":"","astra-migrate-meta-layouts":"default","ast-page-background-enabled":"default","ast-page-background-meta":{"desktop":{"background-color":"","background-image":"","background-repeat":"repeat","background-position":"center center","background-size":"auto","background-attachment":"scroll","background-type":"","background-media":"","overlay-type":"","overlay-color":"","overlay-opacity":"","overlay-gradient":""},"tablet":{"background-color":"","background-image":"","background-repeat":"repeat","background-position":"center center","background-size":"auto","background-attachment":"scroll","background-type":"","background-media":"","overlay-type":"","overlay-color":"","overlay-opacity":"","overlay-gradient":""},"mobile":{"background-color":"","background-image":"","background-repeat":"repeat","background-position":"center center","background-size":"auto","background-attachment":"scroll","background-type":"","background-media":"","overlay-type":"","overlay-color":"","overlay-opacity":"","overlay-gradient":""}},"ast-content-background-meta":{"desktop":{"background-color":"var(--ast-global-color-5)","background-image":"","background-repeat":"repeat","background-position":"center center","background-size":"auto","background-attachment":"scroll","background-type":"","background-media":"","overlay-type":"","overlay-color":"","overlay-opacity":"","overlay-gradient":""},"tablet":{"background-color":"var(--ast-global-color-5)","background-image":"","background-repeat":"repeat","background-position":"center center","background-size":"auto","background-attachment":"scroll","background-type":"","background-media":"","overlay-type":"","overlay-color":"","overlay-opacity":"","overlay-gradient":""},"mobile":{"background-color":"var(--ast-global-color-5)","background-image":"","background-repeat":"repeat","background-position":"center center","background-size":"auto","background-attachment":"scroll","background-type":"","background-media":"","overlay-type":"","overlay-color":"","overlay-opacity":"","overlay-gradient":""}}},"product_brand":[],"product_cat":[893],"product_tag":[],"class_list":{"0":"post-35473","1":"product","2":"type-product","3":"status-publish","4":"has-post-thumbnail","6":"product_cat-kynsien-hoito","7":"desktop-align-center","8":"tablet-align-center","9":"mobile-align-center","10":"ast-product-gallery-layout-vertical","11":"ast-magnify-disabled","12":"ast-product-tabs-layout-distributed","14":"first","15":"outofstock","16":"taxable","17":"shipping-taxable","18":"purchasable","19":"product-type-simple"},"composite_virtual":false,"composite_layout":"","composite_add_to_cart_form_location":"","composite_editable_in_cart":false,"composite_sold_individually_context":"","composite_shop_price_calc":"","composite_components":[],"composite_scenarios":[],"jetpack_sharing_enabled":true,"_links":{"self":[{"href":"https:\/\/stikily.ee\/fi\/wp-json\/wp\/v2\/product\/35473","targetHints":{"allow":["GET"]}}],"collection":[{"href":"https:\/\/stikily.ee\/fi\/wp-json\/wp\/v2\/product"}],"about":[{"href":"https:\/\/stikily.ee\/fi\/wp-json\/wp\/v2\/types\/product"}],"replies":[{"embeddable":true,"href":"https:\/\/stikily.ee\/fi\/wp-json\/wp\/v2\/comments?post=35473"}],"wp:featuredmedia":[{"embeddable":true,"href":"https:\/\/stikily.ee\/fi\/wp-json\/wp\/v2\/media\/45633"}],"wp:attachment":[{"href":"https:\/\/stikily.ee\/fi\/wp-json\/wp\/v2\/media?parent=35473"}],"wp:term":[{"taxonomy":"product_brand","embeddable":true,"href":"https:\/\/stikily.ee\/fi\/wp-json\/wp\/v2\/product_brand?post=35473"},{"taxonomy":"product_cat","embeddable":true,"href":"https:\/\/stikily.ee\/fi\/wp-json\/wp\/v2\/product_cat?post=35473"},{"taxonomy":"product_tag","embeddable":true,"href":"https:\/\/stikily.ee\/fi\/wp-json\/wp\/v2\/product_tag?post=35473"}],"curies":[{"name":"wp","href":"https:\/\/api.w.org\/{rel}","templated":true}]}}