{"id":32721,"date":"2026-03-23T15:23:42","date_gmt":"2026-03-23T13:23:42","guid":{"rendered":"https:\/\/stikily.ee\/myyntiehdot-2\/"},"modified":"2026-03-23T15:23:42","modified_gmt":"2026-03-23T13:23:42","slug":"myyntiehdot-2","status":"publish","type":"page","link":"https:\/\/stikily.ee\/fi\/myyntiehdot-2\/","title":{"rendered":"Myyntiehdot"},"content":{"rendered":"\n<p>Stikily.ee-verkkokaupan (j\u00e4ljemp\u00e4n\u00e4 verkkokauppa) omistaja on O\u00dc RA Media (rekisteritunnus 11980192), joka sijaitsee Harjun l\u00e4\u00e4nin Koseen, Oruun kuntaan.<\/p>\n\n<p><strong>Myyntisopimuksen voimassaolo, tavara- ja hintatiedot<\/strong><\/p>\n\n<ul class=\"wp-block-list\">\n<li>Myyntiehdot koskevat tavaroiden ostamista Verkkokaupasta.<\/li>\n\n\n\n<li>Verkkokaupassa myyt\u00e4vien tuotteiden hinnat on ilmoitettu tuotteiden vieress\u00e4, kaikki verkkokaupassa ilmoitetut hinnat ovat euroissa.<\/li>\n\n\n\n<li>Hinta ei sis\u00e4ll\u00e4 toimitusmaksua, jos ostoskorin arvo on yli 35 \u20ac. Jos ostoskorin arvo on alle 35\u20ac, lis\u00e4t\u00e4\u00e4n postikulut palveluntarjoajasta riippuen. <\/li>\n\n\n\n<li>Toimitusmaksu riippuu ostajan sijainnista ja toimitustavasta. <strong>Toimitamme tuotteet keskim\u00e4\u00e4rin 1-2 arkip\u00e4iv\u00e4n sis\u00e4ll\u00e4.<\/strong><\/li>\n\n\n\n<li>Toimituskulut n\u00e4kyv\u00e4t ostajalle tilauksen yhteydess\u00e4.<\/li>\n\n\n\n<li>Tietoja tuotteista on Verkkokaupassa suoraan tuotteiden vieress\u00e4.<\/li>\n<\/ul>\n\n<p><strong>Tilauksen tekeminen<\/strong><\/p>\n\n<ul class=\"wp-block-list\">\n<li>Tavaran tilaamiseksi sinun tulee lis\u00e4t\u00e4 haluamasi tuotteet ostoskoriin. Voit tehd\u00e4 tilauksen t\u00e4ytt\u00e4m\u00e4ll\u00e4 vaaditut kent\u00e4t ja valitsemalla sopivan toimitustavan. T\u00e4m\u00e4n j\u00e4lkeen n\u00e4yt\u00f6lle tulee maksun suuruus, jonka voi maksaa turvallisesti seuraavilla maksutavoilla:<\/li>\n\n\n\n<li>Viron pankkilinkit: Swedbank, SEB, Luminor, LHV, Coop Pank, Pocopay<\/li>\n<\/ul>\n\n<p>HUOM! Kun maksat pankkilinkill\u00e4, muista painaa \"Takaisin kauppiaalle\" -painiketta pankin sivulla.<\/p>\n\n<ul class=\"wp-block-list\">\n<li>Jos tilattuja tavaroita ei voida toimittaa tavaran vanhentumisen tai muun syyn vuoksi, ostajalle ilmoitetaan asiasta mahdollisimman pian ja maksetut rahat (toimituskulut mukaan lukien) palautetaan v\u00e4litt\u00f6m\u00e4sti, kuitenkin viimeist\u00e4\u00e4n 5 ty\u00f6p\u00e4iv\u00e4n kuluessa ilmoituksesta.<\/li>\n<\/ul>\n\n<p><strong>Tarjouskoodi ja kupongit<\/strong><\/p>\n\n<ul class=\"wp-block-list\">\n<li>Stikily.ee lehel on v\u00f5imalus&nbsp;tellimuse vormistamisel kasutada sooduskoodi. Sooduskood annab soodustuse kindla ostukorvi summa, protsentuaalse ostukorvi summa, kui ka kindla toote summale ja\/v\u00f5i soodustuste tarnele\n<ul class=\"wp-block-list\">\n<li>Tarjouskoodia voidaan k\u00e4ytt\u00e4\u00e4 lis\u00e4\u00e4m\u00e4ll\u00e4 olemassa oleva koodi \"ostoskori\"- tai \"kassa\"-sivun ruutuun<\/li>\n\n\n\n<li>Alennuskoodin onnistuneen k\u00e4ytt\u00f6\u00f6noton j\u00e4lkeen verkkosivulle tulee viesti \u201dKuponkikoodi k\u00e4ytetty onnistuneesti\u201d ja asiakas n\u00e4kee alennuksen tilausyhteenvedosta.<\/li>\n\n\n\n<li>Alennuskoodiin voi kohdistua k\u00e4ytt\u00f6rajoitus (p\u00e4iv\u00e4m\u00e4\u00e4r\u00e4, v\u00e4himm\u00e4isostosumma, alennus koskee tietty\u00e4 tuotetta tai tuoteryhm\u00e4\u00e4)<\/li>\n\n\n\n<li>Alennuskoodia voi k\u00e4ytt\u00e4\u00e4 lis\u00e4ksi \/ vain ilmainen toimitus<\/li>\n\n\n\n<li>Tarjouskoodit ovat yleens\u00e4 saatavilla erilaisten kampanjoiden aikana, kiitos uutiskirjeen tilaamisesta, kiitos palautteen kirjoittamisesta ja niin edelleen.<\/li>\n\n\n\n<li>Tarjouskoodin ja muiden ehtojen voimassaolo on kuvattu tietyll\u00e4 kampanjasivulla.<\/li>\n<\/ul>\n<\/li>\n\n\n\n<li>Sopimus astuu voimaan, kun er\u00e4\u00e4ntynyt summa on saapunut Verkkokaupan k\u00e4ytt\u00f6tilille.<\/li>\n\n\n\n<li>Mik\u00e4li tilattua tavaraa ei voida toimittaa tavaran loppumisen vuoksi tai jostain muusta syyst\u00e4, siit\u00e4 on ilmoitettava ostajalle mahdollisimman pian ja palautettava maksetut rahat (sis. toimituskulut) v\u00e4litt\u00f6m\u00e4sti, kuitenkin viimeist\u00e4\u00e4n 14. p\u00e4iv\u00e4\u00e4 ilmoituksen l\u00e4hett\u00e4misest\u00e4.<\/li>\n<\/ul>\n\n<p><strong>Toimitus<\/strong><\/p>\n\n<ul class=\"wp-block-list\">\n<li>Tavaroita l\u00e4hetet\u00e4\u00e4n Viroon, Suomeen, Latviaan ja Liettuaan.<\/li>\n\n\n\n<li>Tavarat toimitetaan asiakkaalle DPD:n ja Itella Smartpostin pakettiautomaateilla. Asiakas p\u00e4\u00e4tt\u00e4\u00e4 kassalla, mihin koneeseen tuotteet toimitetaan.<\/li>\n\n\n\n<li>Toimituskulut maksaa ostaja ja vastaava hintatiedot n\u00e4kyv\u00e4t toimitustavan vieress\u00e4.<\/li>\n\n\n\n<li>L\u00e4hetykset saapuvat yleens\u00e4 ostajan ilmoittamaan m\u00e4\u00e4r\u00e4np\u00e4\u00e4h\u00e4n 3-14 arkip\u00e4iv\u00e4n sis\u00e4ll\u00e4.<\/li>\n\n\n\n<li>Poikkeustapauksissa oikeus toimittaa tavarat enint\u00e4\u00e4n 45 kalenterip\u00e4iv\u00e4n kuluessa.<\/li>\n\n\n\n<li>Myyntilasku ei sis\u00e4lly pakettipakkaukseen erikseen. Mik\u00e4li asiakas haluaa saada myyntilaskun erillisell\u00e4 paperilla, tulee siit\u00e4 ilmoittaa kirjallisesti kiri@stikily.ee tilauksen l\u00e4hett\u00e4misen j\u00e4lkeen.<\/li>\n<\/ul>\n\n<p><strong>Peruuttamisoikeus<\/strong><\/p>\n\n<ul class=\"wp-block-list\">\n<li>Tilauksen vastaanottamisen j\u00e4lkeen ostajalla on oikeus peruuttaa s\u00e4hk\u00f6inen sopimus 30 p\u00e4iv\u00e4n kuluessa.<\/li>\n\n\n\n<li>Peruuttamisoikeus ei koske, jos ostaja on oikeushenkil\u00f6.<\/li>\n\n\n\n<li>Jotta 30 p\u00e4iv\u00e4n palautusoikeutta voidaan k\u00e4ytt\u00e4\u00e4, tilattuja tavaroita ei saa k\u00e4ytt\u00e4\u00e4 muulla tavoin kuin tavaran luonteen, ominaisuuksien ja toiminnan selvitt\u00e4miseksi samalla tavalla kuin tavaran testaamiseksi fyysisess\u00e4 myym\u00e4l\u00e4ss\u00e4.<\/li>\n\n\n\n<li>Palauttaaksesi tavarat sinun on esitett\u00e4v\u00e4 seuraavat asiakirjat.<strong><a href=\"https:\/\/stikily.ee\/dev\/wp-content\/uploads\/2022\/09\/Stikily.ee-taganemise-avaldus.pdf\" target=\"_blank\" rel=\"noreferrer noopener nofollow\">peruuttamisilmoitus<\/a><\/strong>ja l\u00e4hetett\u00e4v\u00e4 se s\u00e4hk\u00f6postitse osoitteeseen kiri@stikily.ee 14 p\u00e4iv\u00e4n kuluessa tavaroiden vastaanottamisesta.<\/li>\n\n\n\n<li>Tavaran palautuskustannuksista vastaa ostaja, ellei palautuksen syyn\u00e4 ole se, ett\u00e4 palautettava tuote ei vastaa tilattua (esim. v\u00e4\u00e4r\u00e4 tai viallinen tuote).<\/li>\n\n\n\n<li>Ostajan on palautettava tavara 14 p\u00e4iv\u00e4n kuluessa hakemuksen j\u00e4tt\u00e4misest\u00e4 tai todistettava, ett\u00e4 h\u00e4n on luovuttanut tavarat rahdinkuljettajalle edell\u00e4 mainitun ajan kuluessa.<\/li>\n\n\n\n<li>Palautetun tavaran vastaanotettuaan verkkokauppa palauttaa ostajalle v\u00e4litt\u00f6m\u00e4sti, mutta viimeist\u00e4\u00e4n 14 p\u00e4iv\u00e4n kuluessa peruuttamisilmoituksen vastaanottamisesta, kaikki ostajalta sopimuksen perusteella saamat maksut.<\/li>\n\n\n\n<li>Verkkokauppa voi kielt\u00e4yty\u00e4 palautuksesta ennen kuin sopimuksen kohteena oleva tuote on palautettu tai ostaja on toimittanut todisteen tuotteen palautuksesta sen mukaan, kumpi on aikaisempi.<\/li>\n\n\n\n<li>Mik\u00e4li ostaja on nimenomaisesti valinnut verkkokaupan tarjoamasta edullisimmasta tavanomaisesta toimitustavasta poikkeavan toimitustavan, Verkkokaupan ei tarvitse korvata kuluttajalle tavanomaiseen toimitustapaan liittyv\u00e4n kulun ylitt\u00e4v\u00e4\u00e4 hintaa.<\/li>\n\n\n\n<li>Verkkokaupalla on oikeus vet\u00e4yty\u00e4 kaupasta ja vaatia ostajalta tavaran palautus, jos tavaran hinta verkkokaupassa on virheen vuoksi huomattavasti alhaisempi kuin tavaran markkinahinta.<\/li>\n<\/ul>\n\n<p><strong>Oikeus tehd\u00e4 valitus<\/strong><\/p>\n\n<ul class=\"has-normal-font-size wp-block-list\">\n<li>Verkkokauppa vastaa ostajalle myydyn tavaran virheest\u00e4 tai virheest\u00e4, joka oli olemassa jo tavaran luovutushetkell\u00e4 ja joka ilmenee kahden vuoden kuluessa tavaran luovuttamisesta ostajalle. Yhden vuoden kuluessa siit\u00e4, kun tavarat on toimitettu ostajalle, virheen oletetaan olleen olemassa toimitushetkell\u00e4. Verkkokaupan vastuulla on kumota kyseinen olettama.<\/li>\n\n\n\n<li>Jos virhe ilmenee, ostajalla on oikeus ottaa yhteytt\u00e4 verkkokauppaan viimeist\u00e4\u00e4n kahden kuukauden kuluessa l\u00e4hett\u00e4m\u00e4ll\u00e4 s\u00e4hk\u00f6postia osoitteeseen kiri@stikily.ee.<\/li>\n\n\n\n<li>Verkkokauppa ei vastaa virheist\u00e4, jotka ovat ilmenneet sen j\u00e4lkeen, kun tavara on toimitettu ostajalle.<\/li>\n\n\n\n<li>Mik\u00e4li Verkkokaupasta ostetuissa tuotteissa on virheit\u00e4, joista Verkkokauppa vastaa, Verkkokauppa korjaa tai vaihtaa viallisen tuotteen. Mik\u00e4li tavaraa ei voida korjata tai vaihtaa, Verkkokauppa palauttaa ostajalle kaikki kauppasopimukseen liittyv\u00e4t maksut.<\/li>\n\n\n\n<li>Verkkokaupan on vastattava kuluttajan valitukseen kirjallisesti tai kirjallisesti j\u00e4ljennett\u00e4v\u00e4ss\u00e4 muodossa 15 p\u00e4iv\u00e4n kuluessa.<\/li>\n<\/ul>\n\n<p><strong>Suoramarkkinointi ja henkil\u00f6tietojen k\u00e4sittely<\/strong><\/p>\n\n<ul class=\"wp-block-list\">\n<li>Verkkokauppa k\u00e4ytt\u00e4\u00e4 ostajan antamia henkil\u00f6tietoja (mm. nimi, puhelinnumero, osoite, s\u00e4hk\u00f6postiosoite, pankkitiedot) vain tilauksen k\u00e4sittelyyn ja tavaran l\u00e4hett\u00e4miseen ostajalle.<\/li>\n\n\n\n<li>Verkkokauppa v\u00e4litt\u00e4\u00e4 henkil\u00f6tietoja kuljetuspalvelua tarjoaville yrityksille tavaroiden toimittamista varten.<\/li>\n\n\n\n<li>Verkkokauppa l\u00e4hett\u00e4\u00e4 uutiskirjeit\u00e4 ja tarjouksia ostajan s\u00e4hk\u00f6postiosoitteeseen vain, jos ostaja on ilmoittanut halunsa sy\u00f6tt\u00e4m\u00e4ll\u00e4 s\u00e4hk\u00f6postiosoitteensa verkkosivuille ja ilmoittanut haluavansa vastaanottaa suoramainoksia.<\/li>\n\n\n\n<li>Ostaja voi milloin tahansa peruuttaa s\u00e4hk\u00f6postiin l\u00e4hetetyt tarjoukset ja uutiskirjeet ilmoittamalla siit\u00e4 meille s\u00e4hk\u00f6postitse tai noudattamalla tarjoukset sis\u00e4lt\u00e4v\u00e4n s\u00e4hk\u00f6postin ohjeita.<\/li>\n<\/ul>\n\n<p><strong>Argumenttien ratkaiseminen<\/strong><\/p>\n\n<ul class=\"wp-block-list\">\n<li>Jos ostajalla on verkkokauppaa koskevia valituksia, ne on l\u00e4hetett\u00e4v\u00e4 s\u00e4hk\u00f6postitse osoitteeseen kiri@stikily.ee tai puhelimitse numeroon <a href=\"tel:+37255677423\">+37255677423.<\/a><\/li>\n\n\n\n<li>Jos ostaja ja Verkkokauppa eiv\u00e4t pysty ratkaisemaan erimielisyytt\u00e4 sopimuksella, ostaja voi k\u00e4\u00e4nty\u00e4 kuluttajariitalautakunnan puoleen. Voit lukea menettelyn ehdot ja hakea hakemusta t\u00e4\u00e4lt\u00e4 <a rel=\"noreferrer noopener\" href=\"https:\/\/www.komisjon.ee\/\" target=\"_blank\">https:\/\/www.komisjon.ee\/<\/a>. Kuluttajariitalautakunta on toimivaltainen ratkaisemaan ostajan ja verkkokaupan v\u00e4lisest\u00e4 sopimuksesta aiheutuvat erimielisyydet. Ostajan valituksen k\u00e4sittely komissiossa on maksutonta. Ostaja voi k\u00e4\u00e4nty\u00e4 Euroopan unionin kuluttajariitojen ratkaisufoorumin puoleen <a rel=\"noreferrer noopener\" href=\"http:\/\/ec.europa.eu\/consumers\/odr\/\" target=\"_blank\">http:\/\/ec.europa.eu\/consumers\/odr\/<\/a><\/li>\n<\/ul>\n","protected":false},"excerpt":{"rendered":"<p>Stikily.ee-verkkokaupan (j\u00e4ljemp\u00e4n\u00e4 verkkokauppa) omistaja on O\u00dc RA Media (rekisteritunnus 11980192), joka sijaitsee Harjun l\u00e4\u00e4nin Koseen, Oruun kuntaan. Myyntisopimuksen voimassaolo, tavara- ja hintatiedot Tilauksen tekeminen HUOM! Kun maksat pankkilinkill\u00e4, muista painaa \"Takaisin kauppiaalle\" -painiketta pankin sivulla. Tarjouskoodi ja kupongit Toimitus Peruuttamisoikeus Oikeus tehd\u00e4 valitus Suoramarkkinointi ja henkil\u00f6tietojen k\u00e4sittely Argumenttien ratkaiseminen<\/p>\n","protected":false},"author":1,"featured_media":0,"parent":0,"menu_order":0,"comment_status":"closed","ping_status":"closed","template":"","meta":{"site-sidebar-layout":"default","site-content-layout":"default","ast-site-content-layout":"default","site-content-style":"default","site-sidebar-style":"default","ast-global-header-display":"","ast-banner-title-visibility":"","ast-main-header-display":"","ast-hfb-above-header-display":"","ast-hfb-below-header-display":"","ast-hfb-mobile-header-display":"","site-post-title":"","ast-breadcrumbs-content":"","ast-featured-img":"","footer-sml-layout":"","ast-disable-related-posts":"","theme-transparent-header-meta":"default","adv-header-id-meta":"","stick-header-meta":"default","header-above-stick-meta":"","header-main-stick-meta":"","header-below-stick-meta":"","astra-migrate-meta-layouts":"default","ast-page-background-enabled":"default","ast-page-background-meta":{"desktop":{"background-color":"","background-image":"","background-repeat":"repeat","background-position":"center center","background-size":"auto","background-attachment":"scroll","background-type":"","background-media":"","overlay-type":"","overlay-color":"","overlay-opacity":"","overlay-gradient":""},"tablet":{"background-color":"","background-image":"","background-repeat":"repeat","background-position":"center center","background-size":"auto","background-attachment":"scroll","background-type":"","background-media":"","overlay-type":"","overlay-color":"","overlay-opacity":"","overlay-gradient":""},"mobile":{"background-color":"","background-image":"","background-repeat":"repeat","background-position":"center center","background-size":"auto","background-attachment":"scroll","background-type":"","background-media":"","overlay-type":"","overlay-color":"","overlay-opacity":"","overlay-gradient":""}},"ast-content-background-meta":{"desktop":{"background-color":"var(--ast-global-color-5)","background-image":"","background-repeat":"repeat","background-position":"center center","background-size":"auto","background-attachment":"scroll","background-type":"","background-media":"","overlay-type":"","overlay-color":"","overlay-opacity":"","overlay-gradient":""},"tablet":{"background-color":"var(--ast-global-color-5)","background-image":"","background-repeat":"repeat","background-position":"center center","background-size":"auto","background-attachment":"scroll","background-type":"","background-media":"","overlay-type":"","overlay-color":"","overlay-opacity":"","overlay-gradient":""},"mobile":{"background-color":"var(--ast-global-color-5)","background-image":"","background-repeat":"repeat","background-position":"center center","background-size":"auto","background-attachment":"scroll","background-type":"","background-media":"","overlay-type":"","overlay-color":"","overlay-opacity":"","overlay-gradient":""}},"footnotes":""},"class_list":["post-32721","page","type-page","status-publish","hentry"],"jetpack_sharing_enabled":true,"_links":{"self":[{"href":"https:\/\/stikily.ee\/fi\/wp-json\/wp\/v2\/pages\/32721","targetHints":{"allow":["GET"]}}],"collection":[{"href":"https:\/\/stikily.ee\/fi\/wp-json\/wp\/v2\/pages"}],"about":[{"href":"https:\/\/stikily.ee\/fi\/wp-json\/wp\/v2\/types\/page"}],"author":[{"embeddable":true,"href":"https:\/\/stikily.ee\/fi\/wp-json\/wp\/v2\/users\/1"}],"replies":[{"embeddable":true,"href":"https:\/\/stikily.ee\/fi\/wp-json\/wp\/v2\/comments?post=32721"}],"version-history":[{"count":1,"href":"https:\/\/stikily.ee\/fi\/wp-json\/wp\/v2\/pages\/32721\/revisions"}],"predecessor-version":[{"id":32722,"href":"https:\/\/stikily.ee\/fi\/wp-json\/wp\/v2\/pages\/32721\/revisions\/32722"}],"wp:attachment":[{"href":"https:\/\/stikily.ee\/fi\/wp-json\/wp\/v2\/media?parent=32721"}],"curies":[{"name":"wp","href":"https:\/\/api.w.org\/{rel}","templated":true}]}}