{"id":157,"date":"2022-11-11T08:22:38","date_gmt":"2022-11-11T08:22:38","guid":{"rendered":"http:\/\/riin"},"modified":"2022-11-11T08:22:38","modified_gmt":"2022-11-11T08:22:38","slug":"tietosuojakaytanto","status":"publish","type":"page","link":"https:\/\/stikily.ee\/fi\/tietosuojakaytanto\/","title":{"rendered":"Tietosuojak\u00e4yt\u00e4nt\u00f6"},"content":{"rendered":"\n<p>Voimassa 01.08.2020 alkaen<\/p>\n\n<p>Tietosuojak\u00e4yt\u00e4nt\u00f6 s\u00e4\u00e4telee henkil\u00f6tietojen k\u00e4sittely\u00e4 ja ev\u00e4steiden k\u00e4ytt\u00f6\u00e4 RA Meedia O\u00dc:n (j\u00e4ljemp\u00e4n\u00e4 RA Meedia) verkkosivuilla heranails.ee (j\u00e4ljemp\u00e4n\u00e4 verkkosivusto).<\/p>\n\n<p>Lue tietosuojak\u00e4yt\u00e4nt\u00f6 huolellisesti ymm\u00e4rt\u00e4\u00e4ksesi, kuinka voimme k\u00e4sitell\u00e4 tietojasi.<\/p>\n\n<p>Suojelemme asiakkaiden ja k\u00e4ytt\u00e4jien yksityisyytt\u00e4 RA Meedia O\u00dc:n verkkosivuilla osoitteessa heranails.ee. T\u00e4m\u00e4 tietosuojak\u00e4yt\u00e4nt\u00f6 antaa yleiskatsauksen tietojen ker\u00e4\u00e4miseen ja k\u00e4ytt\u00f6\u00f6n liittyvist\u00e4 k\u00e4yt\u00e4nn\u00f6ist\u00e4mme. RA Meedia O\u00dc pid\u00e4tt\u00e4\u00e4 oikeuden muuttaa tietosuojaehtoja yksipuolisesti ja ilman ennakkoilmoitusta varmistaakseen, ett\u00e4 ne ovat lainmukaisia. Tietosuojak\u00e4yt\u00e4nt\u00f6 on aina saatavilla verkkosivustolla sen uusimmassa versiossa.<\/p>\n\n<h2 class=\"wp-block-heading\">M\u00e4\u00e4ritelm\u00e4t<\/h2>\n\n<p><strong>Henkil\u00f6tietojen k\u00e4sittely<\/strong> on mit\u00e4 tahansa toimintaa, joka suoritetaan verkkosivuston k\u00e4ytt\u00e4j\u00e4n (j\u00e4ljemp\u00e4n\u00e4 k\u00e4ytt\u00e4j\u00e4) henkil\u00f6tiedoilla \u2013 tietojen ker\u00e4\u00e4minen, k\u00e4sittely, tallentaminen, korjaaminen tai poistaminen.<\/p>\n\n<p><strong>K\u00e4ytt\u00e4ji\u00e4<\/strong> ovat kaikki henkil\u00f6t, jotka vierailevat verkkosivustolla, kuluttavat palveluita tai antavat tietoja heranails.ee:lle. Esimerkiksi artikkeleiden lukeminen, tuotteiden tilaaminen tai yhteydenotto s\u00e4hk\u00f6postitse ja yhteydenottolomakkeella.<\/p>\n\n<p><strong>Palvelut<\/strong> ovat kaikki ilmaisia ja maksullisia tuotteita ja palveluita, joita tarjotaan heranails.ee -sivustolla<\/p>\n\n<h2 class=\"wp-block-heading\">Henkil\u00f6tietojen k\u00e4sittely<\/h2>\n\n<p>K\u00e4ytt\u00e4m\u00e4ll\u00e4 verkkosivustoa hyv\u00e4ksyt tietojesi k\u00e4sittelyn n\u00e4iden tietosuojaehtojen mukaisesti.<\/p>\n\n<p>Heranails.ee ker\u00e4\u00e4 seuraavat k\u00e4ytt\u00e4jien henkil\u00f6tiedot verkkosivuston kautta seuraavilla tavoilla:<\/p>\n\n<ul class=\"wp-block-list\"><li>K\u00e4ytt\u00e4j\u00e4n s\u00e4hk\u00f6postiosoite \u2013 Kun k\u00e4ytt\u00e4j\u00e4 liittyy postituslistalle, tilaa tuotteen tai l\u00e4hett\u00e4\u00e4 s\u00e4hk\u00f6postin.<\/li><li>K\u00e4ytt\u00e4j\u00e4tunnus ja s\u00e4hk\u00f6postiosoite \u2013 kun k\u00e4ytt\u00e4j\u00e4 l\u00e4hett\u00e4\u00e4 yhteydenottolomakkeen;<\/li><li>Sivuston liikennetilastot \u2013 Google Analyticsin, Facebook Pixelin avulla.<\/li><li>IP-osoitetta ei yhdistet\u00e4 henkil\u00f6tietoihimme.<\/li><\/ul>\n\n<h2 class=\"wp-block-heading\">Henkil\u00f6tietojen k\u00e4ytt\u00f6<\/h2>\n\n<p>Heranails.ee k\u00e4ytt\u00e4\u00e4 henkil\u00f6tietoja:<\/p>\n\n<p>palvelun tarjoaminen k\u00e4ytt\u00e4j\u00e4lle, kuten sopimuksen tekeminen ja t\u00e4ytt\u00e4minen, yhteydenpito k\u00e4ytt\u00e4j\u00e4n kanssa, laskujen v\u00e4litt\u00e4minen;<\/p>\n\n<p>l\u00e4hett\u00e4\u00e4 ilmoituksia uusista artikkeleista, palveluista ja kampanjoista k\u00e4ytt\u00e4j\u00e4n s\u00e4hk\u00f6postiosoitteeseen, mutta vain k\u00e4ytt\u00e4j\u00e4n etuk\u00e4teen antamalla suostumuksella.<\/p>\n\n<p>RA Meedia O\u00dc k\u00e4ytt\u00e4\u00e4 verkkosivujen liikennetilastoja parantaakseen sivuston k\u00e4ytt\u00f6kokemusta ja markkinoidakseen sit\u00e4 tehokkaammin.<\/p>\n\n<p>K\u00e4ytt\u00e4j\u00e4ll\u00e4 on milloin tahansa oikeus kielt\u00e4yty\u00e4 henkil\u00f6tietojensa k\u00e4sittelyst\u00e4, ellei se ole tarpeen sopimuksesta johtuvan vaatimuksen t\u00e4ytt\u00e4miseksi, mukaan lukien palvelun tarjoaminen.<\/p>\n\n<h2 class=\"wp-block-heading\">Henkil\u00f6tietojen siirto kolmansille osapuolille<\/h2>\n\n<p>Kolmas osapuoli on henkil\u00f6tietoja k\u00e4sittelev\u00e4n RA Meedia O\u00dc:n sopimuskumppani, jonka tuote tai palvelu tarjoaa palveluita heranails.ee:n k\u00e4ytt\u00e4j\u00e4lle.<\/p>\n\n<p>RA Meedia O\u00dc k\u00e4ytt\u00e4\u00e4 kolmansia osapuolia p\u00e4ivitt\u00e4isiin toimiin, jotka tarjoavat:<\/p>\n\n<ul class=\"wp-block-list\"><li>s\u00e4hk\u00f6postin siirto- ja hallintaj\u00e4rjestelm\u00e4,<\/li><li>verkkosivuston is\u00e4nn\u00f6inti,<\/li><li>Verkkosivustojen k\u00e4ytt\u00f6tilastojen analysointi;<\/li><li>sosiaalisen median k\u00e4ytt\u00f6 ja sosiaalisen median tilastojen analysointi,<\/li><li>kirjanpito-ohjelmiston k\u00e4ytt\u00f6.<\/li><li>Yhteisty\u00f6kumppanille siin\u00e4 laajuudessa kuin se on tarpeen palvelun tarjoamiseksi k\u00e4ytt\u00e4j\u00e4lle.<\/li><\/ul>\n\n<p>Edell\u00e4 mainitun lis\u00e4ksi RA Meedia O\u00dc luovuttaa k\u00e4ytt\u00e4j\u00e4tietoja valtuutetuille valtion viranomaisille, lainvalvontaviranomaisille ja tuomioistuimelle. Lis\u00e4ksi voimme jakaa tietoja laittoman toiminnan tai petosep\u00e4ilyn tutkimiseksi, est\u00e4miseksi tai ryhtymiseksi toimenpiteisiin.<\/p>\n\n<p>Jos napsautat verkkosivustollamme linkki\u00e4, joka ohjaa k\u00e4ytt\u00e4j\u00e4n heranails.ee-sivustolta kolmannen osapuolen organisaation tai yrityksen verkkosivuille, vaikka sivustojen v\u00e4lill\u00e4 olisi linkki, heranails.ee ei voi hallita kolmatta osapuolta. verkkosivuilla eik\u00e4 ole vastuussa kolmannen osapuolen toiminnasta. Kun siirryt verkkosivustoltamme kolmannen osapuolen verkkosivustolle, sinun tulee lukea kyseisen sivun tietosuojak\u00e4yt\u00e4nt\u00f6 erikseen ennen tietojen jakamista.<\/p>\n\n<h2 class=\"wp-block-heading\">Henkil\u00f6tietojen s\u00e4ilytt\u00e4minen ja turvallisuus<\/h2>\n\n<p>RA Meedia O\u00dc s\u00e4ilytt\u00e4\u00e4 henkil\u00f6tietoja niin kauan kuin se on tarpeen tarkoituksen toteuttamiseksi tai lain nojalla<\/p>\n\n<p>RA Meedia O\u00dc toteuttaa kaikki kohtuulliset toimenpiteet k\u00e4siteltyjen henkil\u00f6tietojen suojaamiseksi. Vain valtuutetuilla henkil\u00f6ill\u00e4 on p\u00e4\u00e4sy henkil\u00f6tietojen muuttamiseen ja k\u00e4sittelyyn, ja kaikkien k\u00e4ytt\u00e4jien henkil\u00f6tietoja k\u00e4sitell\u00e4\u00e4n luottamuksellisina tietoina.<\/p>\n\n<h2 class=\"wp-block-heading\">K\u00e4ytt\u00e4j\u00e4n oikeudet<\/h2>\n\n<p>K\u00e4ytt\u00e4j\u00e4ll\u00e4 on oikeus milloin tahansa:<\/p>\n\n<ul class=\"wp-block-list\"><li>esit\u00e4 pyynt\u00f6 saada p\u00e4\u00e4sy tietoihisi;<\/li><li>vaatia henkil\u00f6tietojen korjaamista, t\u00e4ydent\u00e4mist\u00e4 tai poistamista laissa s\u00e4\u00e4detyin edellytyksin;<\/li><li>vaatia rajoituksia henkil\u00f6tietojen k\u00e4sittelylle;<\/li><li>vaatia henkil\u00f6tietojen siirtoa.<\/li><\/ul>\n\n<p>K\u00e4ytt\u00e4\u00e4kseen oikeuksiaan k\u00e4ytt\u00e4j\u00e4n tulee l\u00e4hett\u00e4\u00e4 s\u00e4hk\u00f6postia osoitteeseen kiri@heranails.ee. Jos k\u00e4ytt\u00e4j\u00e4 kuuluu RA Meedia O\u00dc:n yll\u00e4pit\u00e4m\u00e4lle postituslistalle, h\u00e4n voi poistaa itsens\u00e4 postituslistalta ja peruuttaa muita viestej\u00e4 s\u00e4hk\u00f6postin lopussa olevan linkin kautta.<\/p>\n\n<p>Ev\u00e4steiden k\u00e4yt\u00f6n rajoittamiseksi k\u00e4ytt\u00e4j\u00e4 voi tehd\u00e4 valintoja verkkoselaimen asetuksista.<\/p>\n\n<p>Jos k\u00e4ytt\u00e4j\u00e4 uskoo, ett\u00e4 h\u00e4nen oikeuksiaan on rikottu henkil\u00f6tietojen k\u00e4sittelyn aikana, h\u00e4nell\u00e4 on oikeus k\u00e4\u00e4nty\u00e4 Tietosuojatarkastuksen puoleen.<\/p>\n\n<h2 class=\"wp-block-heading\">Keksit<\/h2>\n\n<p>Heranails.ee -sivusto k\u00e4ytt\u00e4\u00e4 ev\u00e4steit\u00e4 paremman k\u00e4ytt\u00f6kokemuksen ja tehokkaamman markkinointitoiminnan varmistamiseksi sek\u00e4 k\u00e4ytt\u00f6tilastojen ker\u00e4\u00e4miseksi.<\/p>\n\n<p>K\u00e4ytt\u00e4m\u00e4ll\u00e4 heranails.ee -sivustoa k\u00e4ytt\u00e4j\u00e4 hyv\u00e4ksyy ev\u00e4steiden k\u00e4yt\u00f6n t\u00e4ss\u00e4 menettelyss\u00e4 kuvatulla tavalla.<\/p>\n\n<p>Ev\u00e4ste on pieni tekstitiedosto, jonka verkkoselain tallentaa automaattisesti k\u00e4ytt\u00e4j\u00e4n k\u00e4ytt\u00e4m\u00e4lle laitteelle. Eri palveluntarjoajat, kuten Google ja Facebook, voivat luoda ev\u00e4steit\u00e4. Ev\u00e4steet eiv\u00e4t ole haitallisia tietokoneellesi.<\/p>\n\n<p>Ev\u00e4steit\u00e4 on kahdenlaisia:<\/p>\n\n<p>Pysyv\u00e4t ev\u00e4steet, jotka pysyv\u00e4t pysyv\u00e4sti k\u00e4ytt\u00e4j\u00e4n tietokoneen ev\u00e4stetiedostossa. Niiden avulla voidaan esimerkiksi tunnistaa k\u00e4ytt\u00e4j\u00e4 sivustolla toistuvaksi vierailijaksi ja r\u00e4\u00e4t\u00e4l\u00f6id\u00e4 verkkosivujen sis\u00e4lt\u00f6 k\u00e4ytt\u00e4j\u00e4n tarpeiden mukaan tai ker\u00e4t\u00e4 tilastoja.<\/p>\n\n<p>Istuntoev\u00e4steet ovat v\u00e4liaikaisia ja katoavat, kun k\u00e4ytt\u00e4j\u00e4 poistuu verkkosivustolta tai sulkee selaimensa. Istuntoev\u00e4steit\u00e4 voidaan k\u00e4ytt\u00e4\u00e4 mahdollistamaan tiettyj\u00e4 verkkosivuston toimintoja, kuten palvelun tai tuotteen pyyt\u00e4mist\u00e4 jne.<\/p>\n\n<p>Ev\u00e4steit\u00e4 k\u00e4ytet\u00e4\u00e4n ker\u00e4\u00e4m\u00e4\u00e4n tietoa verkkosivuston k\u00e4yt\u00f6st\u00e4, jotta se olisi henkil\u00f6kohtaisempi ja k\u00e4ytt\u00e4j\u00e4yst\u00e4v\u00e4llisempi. Lis\u00e4ksi ev\u00e4steet auttavat ker\u00e4\u00e4m\u00e4\u00e4n k\u00e4ytt\u00e4j\u00e4tilastoja, joiden avulla voimme mitata ja parantaa sivuston suorituskyky\u00e4 sek\u00e4 tarjota perustietoja tehokkaan markkinointitoiminnan toteuttamiseksi.<\/p>\n\n<p>K\u00e4ytt\u00e4j\u00e4n katsotaan hyv\u00e4ksyneen ev\u00e4steet, jos ev\u00e4steet on otettu k\u00e4ytt\u00f6\u00f6n h\u00e4nen selaimensa asetuksissa. Verkkoselaimet sallivat usein ev\u00e4steiden tallentamisen laitteellesi oletuksena.<\/p>\n\n<p>K\u00e4ytt\u00e4j\u00e4ll\u00e4 on oikeus kielt\u00e4yty\u00e4 ev\u00e4steiden tallentamisesta tietokoneelle. Halutessaan k\u00e4ytt\u00e4j\u00e4n tulee muuttaa verkkoselaimen asetuksia.<\/p>\n\n<p>Ohjeet yleisimmin k\u00e4ytettyjen verkkoselaimien m\u00e4\u00e4ritt\u00e4miseen:<\/p>\n\n<p>Internet Explorer: http:\/\/support.microsoft.com\/kb\/278835<\/p>\n\n<p>Crome: https:\/\/support.google.com\/chrome\/answer\/95647?hl=fi<\/p>\n\n<p>Firefox: http:\/\/support.mozilla.org\/en-US\/kb\/Clear %20Recent% 20History<\/p>\n\n<p>Opera: http:\/\/www.opera.com\/browser\/tutorials\/security\/privacy<\/p>\n\n<p>Safari: https:\/\/support.apple.com\/guide\/safari\/manage-cookies-and-website-data-sfri11471\/mac<\/p>\n\n<p>Ev\u00e4steit\u00e4 est\u00e4ess\u00e4\u00e4n k\u00e4ytt\u00e4j\u00e4n tulee ottaa huomioon, ett\u00e4 kaikki verkkosivuston toiminnot sek\u00e4 toteuttamamme kampanjat eiv\u00e4t v\u00e4ltt\u00e4m\u00e4tt\u00e4 ole en\u00e4\u00e4 k\u00e4ytt\u00e4j\u00e4n k\u00e4ytett\u00e4viss\u00e4.<\/p>\n\n<p>K\u00e4ytt\u00f6tilastojen ker\u00e4\u00e4miseen heranails.ee k\u00e4ytt\u00e4\u00e4 Google Analytics -palvelua ker\u00e4\u00e4m\u00e4\u00e4n tietoja vierailluista alasivuista, vierailuajasta, k\u00e4yntien m\u00e4\u00e4r\u00e4st\u00e4, k\u00e4ytetyist\u00e4 laitteista, p\u00e4\u00e4sykanavista ja muista tilastoista.<\/p>\n\n<p>Google Analytics voi kuitenkin ker\u00e4t\u00e4 tietoja k\u00e4ytt\u00e4jien toiminnasta ilman ev\u00e4steiden k\u00e4ytt\u00f6\u00e4. Voit est\u00e4\u00e4 Google Analyticsia p\u00e4\u00e4sem\u00e4st\u00e4 tietoihisi asentamalla laitteellesi Google Analyticsin estosovelluksen: Google Analytics Opt-out Browser Extension.<\/p>\n\n<p>Alla olevista linkeist\u00e4 saat lis\u00e4tietoja Facebook-mainoksista ja Facebook Pixelist\u00e4.<\/p>\n\n<h2 class=\"wp-block-heading\">Muutokset tietosuojak\u00e4yt\u00e4nt\u00f6\u00f6n<\/h2>\n\n<p>RA Meedia O\u00dc pid\u00e4tt\u00e4\u00e4 oikeuden muuttaa tietosuojaehtoja yksipuolisesti ja ilman ennakkoilmoitusta varmistaakseen, ett\u00e4 ne ovat lainmukaisia. Tietosuojak\u00e4yt\u00e4nt\u00f6 on aina saatavilla verkkosivustolla sen uusimmassa versiossa.<\/p>\n\n<p>Jos sinulla on kysytt\u00e4v\u00e4\u00e4 tietosuojaselosteesta ja tietojenk\u00e4sittelyst\u00e4, ota meihin yhteytt\u00e4 osoitteeseen kiri@heranails.ee<\/p>\n\n<h2 class=\"wp-block-heading\">Tekij\u00e4noikeus<\/h2>\n\n<p>Ellei toisin mainita, t\u00e4m\u00e4n sivuston koko sis\u00e4lt\u00f6 on RA Meedia O\u00dc:n tekij\u00e4noikeuksia. T\u00e4m\u00e4 tarkoittaa, ett\u00e4 sis\u00e4ll\u00f6n k\u00e4ytt\u00f6 miss\u00e4 tahansa muodossa (jopa osittainen) on sallittua vain RA Meedia O\u00dc:n luvalla.<\/p>\n\n<p>Jokaiseen kopioon on liitett\u00e4v\u00e4 linkki t\u00e4lle verkkosivustolle.<\/p>\n\n<p>Olemme aina valmiita vastaamaan lis\u00e4kysymyksiin tietosuojaselosteesta ja tietojenk\u00e4sittelyst\u00e4, ja ota meihin yhteytt\u00e4 osoitteessa kiri@heranails.ee<\/p>\n","protected":false},"excerpt":{"rendered":"<p>Voimassa 01.08.2020 alkaen Tietosuojak\u00e4yt\u00e4nt\u00f6 s\u00e4\u00e4telee henkil\u00f6tietojen k\u00e4sittely\u00e4 ja ev\u00e4steiden k\u00e4ytt\u00f6\u00e4 RA Meedia O\u00dc:n (j\u00e4ljemp\u00e4n\u00e4 RA Meedia) verkkosivuilla heranails.ee (j\u00e4ljemp\u00e4n\u00e4 verkkosivusto). Lue tietosuojak\u00e4yt\u00e4nt\u00f6 huolellisesti ymm\u00e4rt\u00e4\u00e4ksesi, kuinka voimme k\u00e4sitell\u00e4 tietojasi. Suojelemme asiakkaiden ja k\u00e4ytt\u00e4jien yksityisyytt\u00e4 RA Meedia O\u00dc:n verkkosivuilla osoitteessa heranails.ee. T\u00e4m\u00e4 tietosuojak\u00e4yt\u00e4nt\u00f6 antaa yleiskatsauksen tietojen ker\u00e4\u00e4miseen ja k\u00e4ytt\u00f6\u00f6n liittyvist\u00e4 k\u00e4yt\u00e4nn\u00f6ist\u00e4mme. RA Meedia O\u00dc pid\u00e4tt\u00e4\u00e4 oikeuden muuttaa [&hellip;]<\/p>\n","protected":false},"author":1,"featured_media":0,"parent":0,"menu_order":0,"comment_status":"closed","ping_status":"open","template":"","meta":{"site-sidebar-layout":"default","site-content-layout":"default","ast-site-content-layout":"default","site-content-style":"default","site-sidebar-style":"default","ast-global-header-display":"","ast-banner-title-visibility":"","ast-main-header-display":"","ast-hfb-above-header-display":"","ast-hfb-below-header-display":"","ast-hfb-mobile-header-display":"","site-post-title":"","ast-breadcrumbs-content":"","ast-featured-img":"","footer-sml-layout":"","ast-disable-related-posts":"","theme-transparent-header-meta":"default","adv-header-id-meta":"","stick-header-meta":"default","header-above-stick-meta":"","header-main-stick-meta":"","header-below-stick-meta":"","astra-migrate-meta-layouts":"default","ast-page-background-enabled":"default","ast-page-background-meta":{"desktop":{"background-color":"","background-image":"","background-repeat":"repeat","background-position":"center center","background-size":"auto","background-attachment":"scroll","background-type":"","background-media":"","overlay-type":"","overlay-color":"","overlay-opacity":"","overlay-gradient":""},"tablet":{"background-color":"","background-image":"","background-repeat":"repeat","background-position":"center center","background-size":"auto","background-attachment":"scroll","background-type":"","background-media":"","overlay-type":"","overlay-color":"","overlay-opacity":"","overlay-gradient":""},"mobile":{"background-color":"","background-image":"","background-repeat":"repeat","background-position":"center center","background-size":"auto","background-attachment":"scroll","background-type":"","background-media":"","overlay-type":"","overlay-color":"","overlay-opacity":"","overlay-gradient":""}},"ast-content-background-meta":{"desktop":{"background-color":"var(--ast-global-color-5)","background-image":"","background-repeat":"repeat","background-position":"center center","background-size":"auto","background-attachment":"scroll","background-type":"","background-media":"","overlay-type":"","overlay-color":"","overlay-opacity":"","overlay-gradient":""},"tablet":{"background-color":"var(--ast-global-color-5)","background-image":"","background-repeat":"repeat","background-position":"center center","background-size":"auto","background-attachment":"scroll","background-type":"","background-media":"","overlay-type":"","overlay-color":"","overlay-opacity":"","overlay-gradient":""},"mobile":{"background-color":"var(--ast-global-color-5)","background-image":"","background-repeat":"repeat","background-position":"center center","background-size":"auto","background-attachment":"scroll","background-type":"","background-media":"","overlay-type":"","overlay-color":"","overlay-opacity":"","overlay-gradient":""}},"footnotes":""},"class_list":["post-157","page","type-page","status-publish","hentry"],"jetpack_sharing_enabled":true,"_links":{"self":[{"href":"https:\/\/stikily.ee\/fi\/wp-json\/wp\/v2\/pages\/157","targetHints":{"allow":["GET"]}}],"collection":[{"href":"https:\/\/stikily.ee\/fi\/wp-json\/wp\/v2\/pages"}],"about":[{"href":"https:\/\/stikily.ee\/fi\/wp-json\/wp\/v2\/types\/page"}],"author":[{"embeddable":true,"href":"https:\/\/stikily.ee\/fi\/wp-json\/wp\/v2\/users\/1"}],"replies":[{"embeddable":true,"href":"https:\/\/stikily.ee\/fi\/wp-json\/wp\/v2\/comments?post=157"}],"version-history":[{"count":0,"href":"https:\/\/stikily.ee\/fi\/wp-json\/wp\/v2\/pages\/157\/revisions"}],"wp:attachment":[{"href":"https:\/\/stikily.ee\/fi\/wp-json\/wp\/v2\/media?parent=157"}],"curies":[{"name":"wp","href":"https:\/\/api.w.org\/{rel}","templated":true}]}}